{"id":24814,"date":"2025-09-09T06:10:04","date_gmt":"2025-09-09T06:10:04","guid":{"rendered":"https:\/\/orotech.lt\/halogeninis-infraraudonuju-spinduliu-sildytuvas-varma-305-2\/"},"modified":"2025-09-10T06:00:41","modified_gmt":"2025-09-10T06:00:41","slug":"halogeninis-infraraudonuju-spinduliu-sildytuvas-varma-305-2","status":"publish","type":"product","link":"https:\/\/orotech.lt\/en\/halogeninis-infraraudonuju-spinduliu-sildytuvas-varma-305-2\/","title":{"rendered":"Halogen infrared heater VARMA 305"},"content":{"rendered":"<p style=\"text-align: justify;\">The VARMA V305 heater is a universal heater that can be used both indoors and outdoors for various tasks or leisure activities. The heat is felt as soon as you turn on the device, although the electricity consumption is low. These heaters are rain-resistant (IPX5), and their patented and exceptionally large reflector guarantees even and effective heating of the required area.<\/p>\n<p style=\"text-align: justify;\">Halogeninis infraraudon\u0173j\u0173 spinduli\u0173 \u0161ildytuvas VARMA V305 parduodamas su elektros kabeliu bei reguliuojamu laikikliu, skirtu \u0161ildytuv\u0105 tvirtinti prie sienos. Norint, kad \u0161ildymas b\u016bt\u0173 dar efektyvesnis, gamintojas rekomenduoja pritvirtinus prietais\u0105 prie sienos ar stovo, pakreipti j\u012f 45&deg; kampu \u017eemyn. \u0160is kompakti\u0161kas \u0161ildytuvas, galintis ap\u0161ildyti iki 25 kv. metr\u0173 ploto puikiai pasitarnaus terasose, verandose, parduotuv\u0117se, kavin\u0117se, gara\u017euose ir kt.<\/p>\n<p style=\"text-align: justify;\"><strong>ADVANTAGES:<\/strong><\/p>\n<ul>\n<li>\n\t\tProfessional IR heaters, the quality, efficiency and functionality of which have been appreciated by hundreds of industrial and private customers in Lithuania;<\/li>\n<li>\n\t\tIntegrated special halogen heating elements are maintenance-free and heat efficiently for more than 7,000 hours;<\/li>\n<li>\n\t\tThe heating element is replaceable, so you won&#039;t have to buy a new heater if the element stops heating;<\/li>\n<li>\n\t\tReflectors that effectively direct heat at the right angle are made of the highest quality materials;<\/li>\n<li>\n\t\tUsing heaters to heat individual zones can save up to 70% in heating energy and costs.&nbsp;<\/li>\n<\/ul>\n<p style=\"text-align: justify;\"><strong>Technical characteristics:<\/strong><\/p>\n<ul>\n<li>\n\t\tHousing: aluminum,<\/li>\n<li>\n\t\tColor: black;<\/li>\n<li>\n\t\tPower (kW): 3.0;<\/li>\n<li>\n\t\tProtection class: IPX5;<\/li>\n<li>\n\t\tAccessories included: 1.5 m. power cable, stainless steel protective grille, mounting bracket<\/li>\n<li>\n\t\ton the wall;<\/li>\n<li>\n\t\tHeated area (m2): 20-25;<\/li>\n<li>\n\t\tRecommended max. installation height (m): 2.5-2.80;<\/li>\n<li>\n\t\tDimensions (mm): 905 x120x100;<\/li>\n<li>\n\t\tWeight (kg): 2.7.<\/li>\n<\/ul>\n<p style=\"text-align: justify;\"><strong>Advantages:<\/strong><\/p>\n<ul>\n<li>\n\t\tThe heater heats up quickly;<\/li>\n<li>\n\t\tUniform, zoned heating: only where necessary;<\/li>\n<li>\n\t\tDoes not emit sounds and odors;<\/li>\n<li>\n\t\tHeat that does not create dust;<\/li>\n<li>\n\t\tZone heating results in lower energy consumption.<\/li>\n<\/ul>\n<p style=\"text-align: justify;\"><a class=\"catalogue\" href=\"\/en\/images\/Userfiles\/www.rubisolis.lt_halogeninis_infraraudonj_spinduli_sildytuvas_varma_304.pdf\/\" target=\"blank\">Download product manual<\/a><\/p>","protected":false},"excerpt":{"rendered":"<p>The VARMA V305 heater is a universal heater that can be used both indoors and outdoors for various tasks or when<\/p>","protected":false},"featured_media":24816,"comment_status":"closed","ping_status":"open","template":"","meta":[],"product_brand":[],"product_cat":[23],"product_tag":[535],"class_list":{"0":"post-24814","1":"product","2":"type-product","3":"status-publish","4":"has-post-thumbnail","6":"product_cat-be-kategorijos","7":"product_tag-naujiena","9":"first","10":"onbackorder","11":"taxable","12":"shipping-taxable","13":"product-type-variable"},"_links":{"self":[{"href":"https:\/\/orotech.lt\/en\/wp-json\/wp\/v2\/product\/24814","targetHints":{"allow":["GET"]}}],"collection":[{"href":"https:\/\/orotech.lt\/en\/wp-json\/wp\/v2\/product"}],"about":[{"href":"https:\/\/orotech.lt\/en\/wp-json\/wp\/v2\/types\/product"}],"replies":[{"embeddable":true,"href":"https:\/\/orotech.lt\/en\/wp-json\/wp\/v2\/comments?post=24814"}],"version-history":[{"count":1,"href":"https:\/\/orotech.lt\/en\/wp-json\/wp\/v2\/product\/24814\/revisions"}],"predecessor-version":[{"id":24815,"href":"https:\/\/orotech.lt\/en\/wp-json\/wp\/v2\/product\/24814\/revisions\/24815"}],"wp:featuredmedia":[{"embeddable":true,"href":"https:\/\/orotech.lt\/en\/wp-json\/wp\/v2\/media\/24816"}],"wp:attachment":[{"href":"https:\/\/orotech.lt\/en\/wp-json\/wp\/v2\/media?parent=24814"}],"wp:term":[{"taxonomy":"product_brand","embeddable":true,"href":"https:\/\/orotech.lt\/en\/wp-json\/wp\/v2\/product_brand?post=24814"},{"taxonomy":"product_cat","embeddable":true,"href":"https:\/\/orotech.lt\/en\/wp-json\/wp\/v2\/product_cat?post=24814"},{"taxonomy":"product_tag","embeddable":true,"href":"https:\/\/orotech.lt\/en\/wp-json\/wp\/v2\/product_tag?post=24814"}],"curies":[{"name":"wp","href":"https:\/\/api.w.org\/{rel}","templated":true}]}}