{"id":24865,"date":"2025-09-09T06:10:46","date_gmt":"2025-09-09T06:10:46","guid":{"rendered":"https:\/\/orotech.lt\/liqvit-vandens-valymo-priemone-2\/"},"modified":"2025-09-10T06:00:49","modified_gmt":"2025-09-10T06:00:49","slug":"liqvit-vandens-valymo-priemone-2","status":"publish","type":"product","link":"https:\/\/orotech.lt\/en\/liqvit-vandens-valymo-priemone-2\/","title":{"rendered":"LiQVit water purifier"},"content":{"rendered":"<p>&lt;p style=&quot;text-align: justify;&quot;&gt;&lt;em&gt;TROTEC &amp;bdquo;LiQVit&amp;ldquo; si\u016blo ilgalaik\u0119 apsaug\u0105 nuo mikrob\u0173, dumbli\u0173, pel\u0117si\u0173 ir bakterij\u0173 augimo.&lt;\/em&gt;&lt;\/p&gt;<br \/>\n&lt;p style=&quot;text-align: justify;&quot;&gt;Norint dr\u0117kinti patalpas, daugumai oro dr\u0117kintuv\u0173, valytuv\u0173 pakanka naudoti vanden\u012f i&amp;scaron; \u010diaupo, vietoje distiliuoto vandens. Ta\u010diau, norint i&amp;scaron;vengti mikrob\u0173, dumbli\u0173, pel\u0117si\u0173 ar bakterij\u0173 dauginimosi ir d\u0117l to atsirandan\u010dio nemalonaus kvapo susidarymo dr\u0117kintuvo ar valytuvo vandens talpoje, rekomenduojame papildomai naudoti tinkamas higienos priemones.&lt;\/p&gt;<br \/>\n&lt;p style=&quot;text-align: justify;&quot;&gt;Vandens valymo priemon\u0117 LiQVit yra itin efektyvi: vieno dangtelio (25 ml) pakanka 10 litr\u0173 vandens, kad u\u017etikrint\u0173 nepriekai&amp;scaron;ting\u0105 higien\u0105!&lt;\/p&gt;<br \/>\n&lt;p style=&quot;text-align: justify;&quot;&gt;&lt;strong&gt;&amp;bdquo;LiQVit&amp;ldquo; naudojimo privalumai:&lt;\/strong&gt;&lt;\/p&gt;<br \/>\n&lt;ul&gt;<br \/>\n&lt;li style=&quot;text-align: justify;&quot;&gt;U\u017etikrina higieni&amp;scaron;kai tobul\u0105 garinimo vanden\u012f dr\u0117kintuve;&lt;\/li&gt;<br \/>\n&lt;li style=&quot;text-align: justify;&quot;&gt;U\u017ekertamas kelias mikrob\u0173, pel\u0117si\u0173 ir bakterij\u0173 susidarymui;&lt;\/li&gt;<br \/>\n&lt;li style=&quot;text-align: justify;&quot;&gt;Kalki\u0173 nuos\u0117d\u0173 suma\u017einimas;&lt;\/li&gt;<br \/>\n&lt;li style=&quot;text-align: justify;&quot;&gt;Mineral\u0173 nuos\u0117d\u0173 suma\u017einimas.&lt;\/li&gt;<br \/>\n&lt;\/ul&gt;<\/p>","protected":false},"excerpt":{"rendered":"<p>&lt;p style=&quot;text-align: justify;&quot;&gt;&lt;em&gt;TROTEC &amp;bdquo;LiQVit&amp;ldquo; si\u016blo ilgalaik\u0119 apsaug\u0105 nuo mikrob\u0173, dumbli\u0173, pel\u0117si\u0173 ir bakterij\u0173 augimo.&lt;\/em&gt;&lt;\/p&gt; &lt;p style=&quot;text-align: justify;&quot;&gt;Norint dr\u0117kinti patalpas, daugumai<\/p>","protected":false},"featured_media":24867,"comment_status":"closed","ping_status":"open","template":"","meta":[],"product_brand":[],"product_cat":[23],"product_tag":[535],"class_list":{"0":"post-24865","1":"product","2":"type-product","3":"status-publish","4":"has-post-thumbnail","6":"product_cat-be-kategorijos","7":"product_tag-naujiena","9":"first","10":"onbackorder","11":"taxable","12":"shipping-taxable","13":"product-type-variable"},"_links":{"self":[{"href":"https:\/\/orotech.lt\/en\/wp-json\/wp\/v2\/product\/24865","targetHints":{"allow":["GET"]}}],"collection":[{"href":"https:\/\/orotech.lt\/en\/wp-json\/wp\/v2\/product"}],"about":[{"href":"https:\/\/orotech.lt\/en\/wp-json\/wp\/v2\/types\/product"}],"replies":[{"embeddable":true,"href":"https:\/\/orotech.lt\/en\/wp-json\/wp\/v2\/comments?post=24865"}],"version-history":[{"count":1,"href":"https:\/\/orotech.lt\/en\/wp-json\/wp\/v2\/product\/24865\/revisions"}],"predecessor-version":[{"id":24866,"href":"https:\/\/orotech.lt\/en\/wp-json\/wp\/v2\/product\/24865\/revisions\/24866"}],"wp:featuredmedia":[{"embeddable":true,"href":"https:\/\/orotech.lt\/en\/wp-json\/wp\/v2\/media\/24867"}],"wp:attachment":[{"href":"https:\/\/orotech.lt\/en\/wp-json\/wp\/v2\/media?parent=24865"}],"wp:term":[{"taxonomy":"product_brand","embeddable":true,"href":"https:\/\/orotech.lt\/en\/wp-json\/wp\/v2\/product_brand?post=24865"},{"taxonomy":"product_cat","embeddable":true,"href":"https:\/\/orotech.lt\/en\/wp-json\/wp\/v2\/product_cat?post=24865"},{"taxonomy":"product_tag","embeddable":true,"href":"https:\/\/orotech.lt\/en\/wp-json\/wp\/v2\/product_tag?post=24865"}],"curies":[{"name":"wp","href":"https:\/\/api.w.org\/{rel}","templated":true}]}}