{"id":24888,"date":"2025-09-09T06:15:02","date_gmt":"2025-09-09T06:15:02","guid":{"rendered":"https:\/\/orotech.lt\/hepa-filtras-ca-503b-ca-503t-2\/"},"modified":"2025-09-10T06:00:56","modified_gmt":"2025-09-10T06:00:56","slug":"hepa-filtras-ca-503b-ca-503t-2","status":"publish","type":"product","link":"https:\/\/orotech.lt\/en\/hepa-filtras-ca-503b-ca-503t-2\/","title":{"rendered":"HEPA filter CA-503B\/CA-503T"},"content":{"rendered":"<p style=\"text-align: justify;\"><strong>The combined filter consists of:<\/strong><\/p>\n<p style=\"text-align: justify;\"><strong>1. Primary filter<\/strong><\/p>\n<p style=\"text-align: justify;\">The pre-filter traps larger dust particles and other contaminants such as pet hair and dander.<\/p>\n<p style=\"text-align: justify;\"><strong>2. TRUE HEPA (H13) filter<\/strong><\/p>\n<p style=\"text-align: justify;\">TRUE HEPA (H13) filtras i\u0161valo 99,97% visos skendin\u010dios med\u017eiagos iki 0,3 mikrometro (0,3 &micro;m) nuo oro. HEPA filtras yra efektyviausias oro filtras \u0161alinant: (smulkias) dulkes, alergenus ir kitas kiet\u0105sias daleles.<\/p>\n<p style=\"text-align: justify;\"><strong>3. Activated carbon filter<\/strong><\/p>\n<p style=\"text-align: justify;\">Aktyvios anglies filtras i\u0161valo 99,97 % visos skendin\u010dios med\u017eiagos iki 0,3 mikrometro (0,3 &micro;m) nuo oro. HEPA filtras yra efektyviausias oro filtras \u0161alinant: (smulkias) dulkes, alergenus ir kitas kiet\u0105sias daleles.<\/p>\n<p style=\"text-align: justify;\"><strong>4. Tio2 photocatalytic filter<\/strong><\/p>\n<p style=\"text-align: justify;\">This filter can effectively reduce chemicals, bacteria and odors. The photocatalytic filter works in conjunction with the UV-C lamp to create a particularly powerful bacteria and virus killing effect.&nbsp;<\/p>","protected":false},"excerpt":{"rendered":"<p>The combination filter consists of: 1. Pre-filter The pre-filter traps larger dust particles and other contaminants such as pet hair.<\/p>","protected":false},"featured_media":24890,"comment_status":"closed","ping_status":"open","template":"","meta":[],"product_brand":[],"product_cat":[23],"product_tag":[535],"class_list":{"0":"post-24888","1":"product","2":"type-product","3":"status-publish","4":"has-post-thumbnail","6":"product_cat-be-kategorijos","7":"product_tag-naujiena","9":"first","10":"onbackorder","11":"taxable","12":"shipping-taxable","13":"product-type-variable"},"_links":{"self":[{"href":"https:\/\/orotech.lt\/en\/wp-json\/wp\/v2\/product\/24888","targetHints":{"allow":["GET"]}}],"collection":[{"href":"https:\/\/orotech.lt\/en\/wp-json\/wp\/v2\/product"}],"about":[{"href":"https:\/\/orotech.lt\/en\/wp-json\/wp\/v2\/types\/product"}],"replies":[{"embeddable":true,"href":"https:\/\/orotech.lt\/en\/wp-json\/wp\/v2\/comments?post=24888"}],"version-history":[{"count":1,"href":"https:\/\/orotech.lt\/en\/wp-json\/wp\/v2\/product\/24888\/revisions"}],"predecessor-version":[{"id":24889,"href":"https:\/\/orotech.lt\/en\/wp-json\/wp\/v2\/product\/24888\/revisions\/24889"}],"wp:featuredmedia":[{"embeddable":true,"href":"https:\/\/orotech.lt\/en\/wp-json\/wp\/v2\/media\/24890"}],"wp:attachment":[{"href":"https:\/\/orotech.lt\/en\/wp-json\/wp\/v2\/media?parent=24888"}],"wp:term":[{"taxonomy":"product_brand","embeddable":true,"href":"https:\/\/orotech.lt\/en\/wp-json\/wp\/v2\/product_brand?post=24888"},{"taxonomy":"product_cat","embeddable":true,"href":"https:\/\/orotech.lt\/en\/wp-json\/wp\/v2\/product_cat?post=24888"},{"taxonomy":"product_tag","embeddable":true,"href":"https:\/\/orotech.lt\/en\/wp-json\/wp\/v2\/product_tag?post=24888"}],"curies":[{"name":"wp","href":"https:\/\/api.w.org\/{rel}","templated":true}]}}