{"id":24899,"date":"2025-09-09T06:15:02","date_gmt":"2025-09-09T06:15:02","guid":{"rendered":"https:\/\/orotech.lt\/hepa-filtras-oro-valytuvui-trotec-airgoclean-11-e-2\/"},"modified":"2025-09-10T06:00:58","modified_gmt":"2025-09-10T06:00:58","slug":"hepa-filtras-oro-valytuvui-trotec-airgoclean-11-e-2","status":"publish","type":"product","link":"https:\/\/orotech.lt\/en\/hepa-filtras-oro-valytuvui-trotec-airgoclean-11-e-2\/","title":{"rendered":"HEPA filter for air purifier Trotec AirgoClean 11 E"},"content":{"rendered":"<p style=\"text-align: justify;\"><strong>Triple protection filter technology<\/strong><\/p>\n<p style=\"text-align: justify;\">Trij\u0173 skirting\u0173 filtr\u0173 technologij\u0173 derinys HEPA H13 filtre sunaikina iki 99.7% ore esan\u010di\u0173 kenk\u0117j\u0173, tokie kaip virusai, bakterijos, kietosios dalel\u0117s, \u017eiedadulk\u0117s, gyv\u016bn\u0173 plaukai, pel\u0117si\u0173 sporos ir t.t.&nbsp;\u0160is HEPA H13 filtras tinkamas <a href=\"https:\/\/www.rubisolis.lt\/oro-valytuvas-trotec-airgoclean-11-e-su-hepa-filtru\" target=\"_blank\" rel=\"nofollow noopener\">for the air purifier Trotec AirgoClean 11 E<\/a><\/p>\n<p style=\"text-align: justify;\"><strong>&quot;DACRON&reg;&quot; filtras<\/strong><\/p>\n<p style=\"text-align: justify;\">DACRON&reg; i\u0161 sintetinio pluo\u0161to pagaminti pirminiai filtrai yra ypa\u010d atspar\u016bs ply\u0161imui, ilgaam\u017eiai ir nepraleid\u017eiantys vandens. Sintetinio pluo\u0161to filtras jau dabar patikimai filtruoja lengvus ir vidutinio sunkumo kvapus, stambesnes nam\u0173 dulkes ir gyv\u016bn\u0173 plaukus i\u0161 patalpos oro.<\/p>\n<p style=\"text-align: justify;\"><strong>Carbon filter<\/strong><\/p>\n<p style=\"text-align: justify;\">An additional carbon filter made of carbon is ideal for all smokers. This activated carbon filter effectively neutralizes not only pollutants, but also odors from tobacco, pets, kitchen, smoke, as well as formaldehyde and solvents from the ambient air. Clean air - without unpleasant odors.<\/p>\n<p style=\"text-align: justify;\"><strong>HEPA filter<\/strong><\/p>\n<p style=\"text-align: justify;\">The HEPA filter removes viruses, bacteria, pollen, allergens, fine dust particles and mold spores down to 0.3 micrometers in size. Due to the high filtration efficiency of 99.97 %, filters of this class are used, for example, in hygiene-sensitive laboratory rooms and food production. The best conditions to turn your four walls into an oasis of well-being with clean, filtered, fresh indoor air.&nbsp;<\/p>","protected":false},"excerpt":{"rendered":"<p>Triple Protection Filter Technology A combination of three different filter technologies in the HEPA H13 filter kills up to 99.71% of airborne pests such as<\/p>","protected":false},"featured_media":24901,"comment_status":"closed","ping_status":"open","template":"","meta":[],"product_brand":[],"product_cat":[23],"product_tag":[535],"class_list":{"0":"post-24899","1":"product","2":"type-product","3":"status-publish","4":"has-post-thumbnail","6":"product_cat-be-kategorijos","7":"product_tag-naujiena","9":"first","10":"onbackorder","11":"taxable","12":"shipping-taxable","13":"product-type-variable"},"_links":{"self":[{"href":"https:\/\/orotech.lt\/en\/wp-json\/wp\/v2\/product\/24899","targetHints":{"allow":["GET"]}}],"collection":[{"href":"https:\/\/orotech.lt\/en\/wp-json\/wp\/v2\/product"}],"about":[{"href":"https:\/\/orotech.lt\/en\/wp-json\/wp\/v2\/types\/product"}],"replies":[{"embeddable":true,"href":"https:\/\/orotech.lt\/en\/wp-json\/wp\/v2\/comments?post=24899"}],"version-history":[{"count":1,"href":"https:\/\/orotech.lt\/en\/wp-json\/wp\/v2\/product\/24899\/revisions"}],"predecessor-version":[{"id":24900,"href":"https:\/\/orotech.lt\/en\/wp-json\/wp\/v2\/product\/24899\/revisions\/24900"}],"wp:featuredmedia":[{"embeddable":true,"href":"https:\/\/orotech.lt\/en\/wp-json\/wp\/v2\/media\/24901"}],"wp:attachment":[{"href":"https:\/\/orotech.lt\/en\/wp-json\/wp\/v2\/media?parent=24899"}],"wp:term":[{"taxonomy":"product_brand","embeddable":true,"href":"https:\/\/orotech.lt\/en\/wp-json\/wp\/v2\/product_brand?post=24899"},{"taxonomy":"product_cat","embeddable":true,"href":"https:\/\/orotech.lt\/en\/wp-json\/wp\/v2\/product_cat?post=24899"},{"taxonomy":"product_tag","embeddable":true,"href":"https:\/\/orotech.lt\/en\/wp-json\/wp\/v2\/product_tag?post=24899"}],"curies":[{"name":"wp","href":"https:\/\/api.w.org\/{rel}","templated":true}]}}