{"id":24909,"date":"2025-09-09T06:15:02","date_gmt":"2025-09-09T06:15:02","guid":{"rendered":"https:\/\/orotech.lt\/anglinis-filtras-mini-rekuperatoriui-bsk-zephyr-v2-6-t-2\/"},"modified":"2025-09-10T06:01:00","modified_gmt":"2025-09-10T06:01:00","slug":"anglinis-filtras-mini-rekuperatoriui-bsk-zephyr-v2-6-t-2","status":"publish","type":"product","link":"https:\/\/orotech.lt\/en\/anglinis-filtras-mini-rekuperatoriui-bsk-zephyr-v2-6-t-2\/","title":{"rendered":"Carbon filter for mini recuperator BSK Zephyr V2.6 T"},"content":{"rendered":"<p>&lt;p&gt;&amp;Scaron;is anglinis filtras yra skirtas BSK Zephyr V2.6 T&amp;nbsp;mini rekuperatoriaus \u012fsiurbiamo oro valymui, u\u017etikrinant, kad \u012f patalpas patekt\u0173 &amp;scaron;varus ir gaivus oras. Filtras efektyviai sulaiko ore esan\u010dius ter&amp;scaron;alus, sugeria nemalonius kvapus ir padeda palaikyti geresn\u012f patalp\u0173 mikroklimat\u0105.&amp;nbsp;&lt;\/p&gt;<br \/>\n&lt;p&gt;&lt;strong&gt;Technical specifications:&lt;\/strong&gt;&lt;\/p&gt;<br \/>\n&lt;ul&gt;<br \/>\n&lt;li&gt;Matmenys: skersmuo &amp;ndash; 15 cm, storis &amp;ndash; 1 cm;&lt;\/li&gt;<br \/>\n&lt;li&gt;Filtravimo med\u017eiaga: aktyviosios anglies sluoksnis;&lt;\/li&gt;<br \/>\n&lt;li&gt;Tinka mini rekuperatoriui Zephyr V2.6 T;&amp;nbsp;&lt;\/li&gt;<br \/>\n&lt;li&gt;Valo \u012fsiurbiam\u0105 or\u0105, ma\u017eindamas dulki\u0173, alergen\u0173 ir kvap\u0173 patekim\u0105 \u012f patalpas&lt;\/li&gt;<br \/>\n&lt;li&gt;Lengvai montuojamas ir kei\u010diamas.&lt;\/li&gt;<br \/>\n&lt;\/ul&gt;<\/p>","protected":false},"excerpt":{"rendered":"<p>&lt;p&gt;&amp;Scaron;is anglinis filtras yra skirtas BSK Zephyr V2.6 T&amp;nbsp;mini rekuperatoriaus \u012fsiurbiamo oro valymui, u\u017etikrinant, kad \u012f patalpas patekt\u0173 &amp;scaron;varus ir<\/p>","protected":false},"featured_media":24911,"comment_status":"closed","ping_status":"open","template":"","meta":[],"product_brand":[],"product_cat":[23],"product_tag":[535],"class_list":{"0":"post-24909","1":"product","2":"type-product","3":"status-publish","4":"has-post-thumbnail","6":"product_cat-be-kategorijos","7":"product_tag-naujiena","9":"first","10":"onbackorder","11":"taxable","12":"shipping-taxable","13":"product-type-variable"},"_links":{"self":[{"href":"https:\/\/orotech.lt\/en\/wp-json\/wp\/v2\/product\/24909","targetHints":{"allow":["GET"]}}],"collection":[{"href":"https:\/\/orotech.lt\/en\/wp-json\/wp\/v2\/product"}],"about":[{"href":"https:\/\/orotech.lt\/en\/wp-json\/wp\/v2\/types\/product"}],"replies":[{"embeddable":true,"href":"https:\/\/orotech.lt\/en\/wp-json\/wp\/v2\/comments?post=24909"}],"version-history":[{"count":1,"href":"https:\/\/orotech.lt\/en\/wp-json\/wp\/v2\/product\/24909\/revisions"}],"predecessor-version":[{"id":24910,"href":"https:\/\/orotech.lt\/en\/wp-json\/wp\/v2\/product\/24909\/revisions\/24910"}],"wp:featuredmedia":[{"embeddable":true,"href":"https:\/\/orotech.lt\/en\/wp-json\/wp\/v2\/media\/24911"}],"wp:attachment":[{"href":"https:\/\/orotech.lt\/en\/wp-json\/wp\/v2\/media?parent=24909"}],"wp:term":[{"taxonomy":"product_brand","embeddable":true,"href":"https:\/\/orotech.lt\/en\/wp-json\/wp\/v2\/product_brand?post=24909"},{"taxonomy":"product_cat","embeddable":true,"href":"https:\/\/orotech.lt\/en\/wp-json\/wp\/v2\/product_cat?post=24909"},{"taxonomy":"product_tag","embeddable":true,"href":"https:\/\/orotech.lt\/en\/wp-json\/wp\/v2\/product_tag?post=24909"}],"curies":[{"name":"wp","href":"https:\/\/api.w.org\/{rel}","templated":true}]}}