{"id":24913,"date":"2025-09-09T06:15:02","date_gmt":"2025-09-09T06:15:02","guid":{"rendered":"https:\/\/orotech.lt\/aliumininis-remas-frame-skirtas-plokstems-ecosun-u\/"},"modified":"2025-09-10T06:01:01","modified_gmt":"2025-09-10T06:01:01","slug":"aliumininis-remas-frame-skirtas-plokstems-ecosun-u","status":"publish","type":"product","link":"https:\/\/orotech.lt\/en\/aliumininis-remas-frame-skirtas-plokstems-ecosun-u\/","title":{"rendered":"Aliumininis r\u0117mas Frame skirtas plok\u0161t\u0117ms ECOSUN U"},"content":{"rendered":"<p>&lt;p&gt;&amp;nbsp;&lt;\/p&gt;<br \/>\n&lt;p&gt;Aliumininis r\u0117mas Frame skirtas \u012fleid\u017eiamoms plok&amp;scaron;t\u0117ms ECOSUN&amp;nbsp;U 300, bei ECOSUN U 600.&lt;\/p&gt;<\/p>","protected":false},"excerpt":{"rendered":"<p>&lt;p&gt;&amp;nbsp;&lt;\/p&gt; &lt;p&gt;Aliumininis r\u0117mas Frame skirtas \u012fleid\u017eiamoms plok&amp;scaron;t\u0117ms ECOSUN&amp;nbsp;U 300, bei ECOSUN U 600.&lt;\/p&gt;<\/p>","protected":false},"featured_media":24915,"comment_status":"closed","ping_status":"open","template":"","meta":[],"product_brand":[],"product_cat":[23],"product_tag":[535],"class_list":{"0":"post-24913","1":"product","2":"type-product","3":"status-publish","4":"has-post-thumbnail","6":"product_cat-be-kategorijos","7":"product_tag-naujiena","9":"first","10":"onbackorder","11":"taxable","12":"shipping-taxable","13":"product-type-variable"},"_links":{"self":[{"href":"https:\/\/orotech.lt\/en\/wp-json\/wp\/v2\/product\/24913","targetHints":{"allow":["GET"]}}],"collection":[{"href":"https:\/\/orotech.lt\/en\/wp-json\/wp\/v2\/product"}],"about":[{"href":"https:\/\/orotech.lt\/en\/wp-json\/wp\/v2\/types\/product"}],"replies":[{"embeddable":true,"href":"https:\/\/orotech.lt\/en\/wp-json\/wp\/v2\/comments?post=24913"}],"version-history":[{"count":1,"href":"https:\/\/orotech.lt\/en\/wp-json\/wp\/v2\/product\/24913\/revisions"}],"predecessor-version":[{"id":24914,"href":"https:\/\/orotech.lt\/en\/wp-json\/wp\/v2\/product\/24913\/revisions\/24914"}],"wp:featuredmedia":[{"embeddable":true,"href":"https:\/\/orotech.lt\/en\/wp-json\/wp\/v2\/media\/24915"}],"wp:attachment":[{"href":"https:\/\/orotech.lt\/en\/wp-json\/wp\/v2\/media?parent=24913"}],"wp:term":[{"taxonomy":"product_brand","embeddable":true,"href":"https:\/\/orotech.lt\/en\/wp-json\/wp\/v2\/product_brand?post=24913"},{"taxonomy":"product_cat","embeddable":true,"href":"https:\/\/orotech.lt\/en\/wp-json\/wp\/v2\/product_cat?post=24913"},{"taxonomy":"product_tag","embeddable":true,"href":"https:\/\/orotech.lt\/en\/wp-json\/wp\/v2\/product_tag?post=24913"}],"curies":[{"name":"wp","href":"https:\/\/api.w.org\/{rel}","templated":true}]}}