{"id":24917,"date":"2025-09-09T06:15:02","date_gmt":"2025-09-09T06:15:02","guid":{"rendered":"https:\/\/orotech.lt\/kistukinis-programuojamas-patalpos-termostatas-termoreguliatorius-ts10-16a\/"},"modified":"2025-09-10T06:01:01","modified_gmt":"2025-09-10T06:01:01","slug":"kistukinis-programuojamas-patalpos-termostatas-termoreguliatorius-ts10-16a","status":"publish","type":"product","link":"https:\/\/orotech.lt\/en\/kistukinis-programuojamas-patalpos-termostatas-termoreguliatorius-ts10-16a\/","title":{"rendered":"Ki\u0161tukinis programuojamas patalpos termostatas (termoreguliatorius) TS10, 16A"},"content":{"rendered":"<p>&lt;p style=&quot;text-align: justify;&quot;&gt;Ki&amp;scaron;tukinis &lt;strong&gt;programuojamas termostatas&lt;\/strong&gt; (termoreguliatorius) TS10, 16A &amp;ndash; tai skaitmeninis &lt;strong&gt;thermostat&lt;\/strong&gt;, jungiamas \u012f 220 V elektros lizd\u0105. &amp;Scaron;is t&lt;strong&gt;ermostatas &lt;\/strong&gt;skirtas valdyti elektriniams kilim\u0117liams, infraraudon\u0173j\u0173 spinduli\u0173 plok&amp;scaron;t\u0117ms ir kitiems elektriniams &amp;scaron;ildymo prietaisams. Ki&amp;scaron;tukinis patalpos &lt;strong&gt;programuojamas termostatas&lt;\/strong&gt; (termoreguliatorius) TS10 leid\u017eia sutaupyti net iki 30 % energijos s\u0105naud\u0173, taipogi galima keisti 2 pasirinktas temperat\u016bras 4 kartus per dien\u0105.&amp;nbsp;&lt;\/p&gt;<br \/>\n&lt;p style=&quot;text-align: justify;&quot;&gt;Ki&amp;scaron;tukinis &lt;strong&gt;programuojamas termostatas&lt;\/strong&gt; (termoreguliatorius) TS10 pasi\u017eymi:&lt;\/p&gt;<br \/>\n&lt;ul&gt;<br \/>\n&lt;li style=&quot;text-align: justify;&quot;&gt;&lt;span&gt;&lt;span&gt;Galimyb\u0117 kiekvienai dienai parinkti atskir\u0105 &amp;scaron;ildymo program\u0105.&lt;\/span&gt;&lt;\/span&gt;&lt;\/li&gt;<br \/>\n&lt;li style=&quot;text-align: justify;&quot;&gt;&lt;span&gt;&lt;span&gt;4 kartus 2 skirting\u0173 temperat\u016br\u0173 pasikeitimai per par\u0105.&lt;\/span&gt;&lt;\/span&gt;&lt;\/li&gt;<br \/>\n&lt;li style=&quot;text-align: justify;&quot;&gt;&lt;span&gt;&lt;span&gt;Informacija apie esam\u0105 temperat\u016br\u0105.&lt;\/span&gt;&lt;\/span&gt;&lt;\/li&gt;<br \/>\n&lt;li style=&quot;text-align: justify;&quot;&gt;&lt;span&gt;&lt;span&gt;Paprasta kontrol\u0117 ir programavimas.&lt;\/span&gt;&lt;\/span&gt;&lt;\/li&gt;<br \/>\n&lt;li style=&quot;text-align: justify;&quot;&gt;&lt;span&gt;&lt;span&gt;Trumpalaikio temperat\u016bros poky\u010dio galimyb\u0117.&lt;\/span&gt;&lt;\/span&gt;&lt;\/li&gt;<br \/>\n&lt;li style=&quot;text-align: justify;&quot;&gt;&lt;span&gt;&lt;span&gt;Prie&amp;scaron;u\u017e&amp;scaron;alimo funkcija.&lt;\/span&gt;&lt;\/span&gt;&lt;\/li&gt;<br \/>\n&lt;li style=&quot;text-align: justify;&quot;&gt;&lt;span&gt;&lt;span&gt;Automatinis vasaros\/\u017eiemos laiko pasikeitimas.&lt;\/span&gt;&lt;\/span&gt;&lt;\/li&gt;<br \/>\n&lt;li style=&quot;text-align: justify;&quot;&gt;&lt;span&gt;&lt;span&gt;Dingus el. matinimui informacija i&amp;scaron;saugoma iki 100 val.&lt;\/span&gt;&lt;\/span&gt;&lt;\/li&gt;<br \/>\n&lt;li style=&quot;text-align: justify;&quot;&gt;&lt;span&gt;&lt;span&gt;Temperat\u016bros reguliavimas kas 0,5 &amp;deg;C.&lt;\/span&gt;&lt;\/span&gt;&lt;\/li&gt;<br \/>\n&lt;\/ul&gt;<br \/>\n&lt;p style=&quot;text-align: justify;&quot;&gt;&lt;span&gt;&lt;span&gt;Pagaminta \u010cekijoje.&lt;\/span&gt;&lt;\/span&gt;&lt;\/p&gt;<br \/>\n&lt;p style=&quot;text-align: justify;&quot;&gt;&lt;a class=&quot;catalogue&quot; href=&quot;https:\/\/www.rubisolis.lt\/failai\/files\/produktu%20pdf\/TS10%20_1_LT.pdf&quot; target=&quot;blank&quot;&gt;Download product manual &lt;\/a&gt;&lt;\/p&gt;<\/p>","protected":false},"excerpt":{"rendered":"<p>&lt;p style=&quot;text-align: justify;&quot;&gt;Ki&amp;scaron;tukinis &lt;strong&gt;programuojamas termostatas&lt;\/strong&gt; (termoreguliatorius) TS10, 16A &amp;ndash; tai skaitmeninis &lt;strong&gt;thermostat&lt;\/strong&gt;, jungiamas \u012f 220 V elektros lizd\u0105. &amp;Scaron;is t&lt;strong&gt;ermostatas<\/p>","protected":false},"featured_media":24919,"comment_status":"closed","ping_status":"open","template":"","meta":[],"product_brand":[],"product_cat":[23],"product_tag":[535],"class_list":{"0":"post-24917","1":"product","2":"type-product","3":"status-publish","4":"has-post-thumbnail","6":"product_cat-be-kategorijos","7":"product_tag-naujiena","9":"first","10":"onbackorder","11":"taxable","12":"shipping-taxable","13":"product-type-variable"},"_links":{"self":[{"href":"https:\/\/orotech.lt\/en\/wp-json\/wp\/v2\/product\/24917","targetHints":{"allow":["GET"]}}],"collection":[{"href":"https:\/\/orotech.lt\/en\/wp-json\/wp\/v2\/product"}],"about":[{"href":"https:\/\/orotech.lt\/en\/wp-json\/wp\/v2\/types\/product"}],"replies":[{"embeddable":true,"href":"https:\/\/orotech.lt\/en\/wp-json\/wp\/v2\/comments?post=24917"}],"version-history":[{"count":1,"href":"https:\/\/orotech.lt\/en\/wp-json\/wp\/v2\/product\/24917\/revisions"}],"predecessor-version":[{"id":24918,"href":"https:\/\/orotech.lt\/en\/wp-json\/wp\/v2\/product\/24917\/revisions\/24918"}],"wp:featuredmedia":[{"embeddable":true,"href":"https:\/\/orotech.lt\/en\/wp-json\/wp\/v2\/media\/24919"}],"wp:attachment":[{"href":"https:\/\/orotech.lt\/en\/wp-json\/wp\/v2\/media?parent=24917"}],"wp:term":[{"taxonomy":"product_brand","embeddable":true,"href":"https:\/\/orotech.lt\/en\/wp-json\/wp\/v2\/product_brand?post=24917"},{"taxonomy":"product_cat","embeddable":true,"href":"https:\/\/orotech.lt\/en\/wp-json\/wp\/v2\/product_cat?post=24917"},{"taxonomy":"product_tag","embeddable":true,"href":"https:\/\/orotech.lt\/en\/wp-json\/wp\/v2\/product_tag?post=24917"}],"curies":[{"name":"wp","href":"https:\/\/api.w.org\/{rel}","templated":true}]}}