{"id":24922,"date":"2025-09-09T06:15:02","date_gmt":"2025-09-09T06:15:02","guid":{"rendered":"https:\/\/orotech.lt\/belaidis-programuojamas-termostatas-termoreguliatorius-feelspot-wth25-16rf-new\/"},"modified":"2025-09-10T06:01:02","modified_gmt":"2025-09-10T06:01:02","slug":"belaidis-programuojamas-termostatas-termoreguliatorius-feelspot-wth25-16rf-new","status":"publish","type":"product","link":"https:\/\/orotech.lt\/en\/belaidis-programuojamas-termostatas-termoreguliatorius-feelspot-wth25-16rf-new\/","title":{"rendered":"Belaidis programuojamas termostatas (termoreguliatorius) Feelspot WTH25.16RF NEW"},"content":{"rendered":"<p>&lt;p style=&quot;text-align: justify;&quot;&gt;Belaidis &lt;strong&gt;programuojamas termostatas&lt;\/strong&gt; &amp;ndash; termreguliatorius Feelspot WTH25.16RF NEW tinkamas naudoti su visais &amp;scaron;ildymo, v\u0117dinimo bei kondicionavimo \u012frenginiais. &lt;strong&gt;Programuojamas termostatas &lt;\/strong&gt;Feelspot WTH25.16RF NEW leid\u017eia valdyti 4 nepriklausomus temperat\u016bros nustatymus: dieninis, naktinis, nuo u\u017e&amp;scaron;alimo bei atostog\u0173 re\u017eimas. &lt;strong&gt;Thermostat&amp;nbsp;&lt;\/strong&gt;Feelspot WTH25.16RF NEW u\u017etikrins efektyv\u0173 veikim\u0105, o d\u0117l galimo programuojamo re\u017eimo leis suma\u017einti energijos s\u0105naudas. Ap&amp;scaron;vie\u010diamo LCD ekrano d\u0117ka galima steb\u0117t \u012frenginio darbo re\u017eim\u0105 net ir silpnai ap&amp;scaron;viestoje patalpoje &ndash; 3 ap&amp;scaron;vietimo spalvos pasirinkimui: m\u0117lyna, \u017ealia, raudona.&amp;nbsp;&lt;\/p&gt;<br \/>\n&lt;p style=&quot;text-align: justify;&quot;&gt;&lt;strong&gt;Technical information:&lt;\/strong&gt;&lt;\/p&gt;<br \/>\n&lt;ul&gt;<br \/>\n&lt;li style=&quot;text-align: justify;&quot;&gt;Darbin\u0117 aplinkos temperat\u016bra: 0 &amp;ndash; 45&amp;deg;C;&lt;\/li&gt;<br \/>\n&lt;li style=&quot;text-align: justify;&quot;&gt;Valdomos temperat\u016bros ribos: 5 &amp;ndash; 30&amp;deg;C;&lt;\/li&gt;<br \/>\n&lt;li style=&quot;text-align: justify;&quot;&gt;Tikslumas: &amp;plusmn;0,2&amp;deg;C \/ &amp;plusmn;0,4&amp;deg;C \/ PWM;&lt;\/li&gt;<br \/>\n&lt;li style=&quot;text-align: justify;&quot;&gt;Temperat\u016bros lygiai: 3 + atostog\u0173;&lt;\/li&gt;<br \/>\n&lt;li style=&quot;text-align: justify;&quot;&gt;Neu\u017e&amp;scaron;alimo temperat\u016bra: 4 &amp;ndash; 10&amp;deg;C;&lt;\/li&gt;<br \/>\n&lt;li style=&quot;text-align: justify;&quot;&gt;Darbo ciklas: savaitinis, programuojamas;&lt;\/li&gt;<br \/>\n&lt;li style=&quot;text-align: justify;&quot;&gt;Darbo re\u017eimo kontrol\u0117: LED diodai (imtuvas RF NEW) \/ LCD (reguliatorius);&lt;\/li&gt;<br \/>\n&lt;li style=&quot;text-align: justify;&quot;&gt;Maksimali leistina apkrova: pasiprie&amp;scaron;inimas 16 A, indukcinis \/ talpinis 10 A;&lt;\/li&gt;<br \/>\n&lt;li style=&quot;text-align: justify;&quot;&gt;Maitinimas WTH25.16 RF NEW 2x &amp;scaron;arminis akumuliatorius AA;&lt;\/li&gt;<br \/>\n&lt;li style=&quot;text-align: justify;&quot;&gt;Maitinimas RF NEW: 230V AC, 50Hz;&lt;\/li&gt;<br \/>\n&lt;li style=&quot;text-align: justify;&quot;&gt;Radijo da\u017eniai RF NEW: 868 MHz;&lt;\/li&gt;<br \/>\n&lt;li style=&quot;text-align: justify;&quot;&gt;Veikimo atstumas RF NEW: tipiniame pastate, esant standartinei sien\u0173 konstrukcijai &#8211; apie 30 metr\u0173, atviroje erdv\u0117je &#8211; iki 300 metr\u0173.&lt;\/li&gt;<br \/>\n&lt;\/ul&gt;<br \/>\n&lt;p style=&quot;text-align: justify;&quot;&gt;&lt;strong&gt;Termoreguliatoriaus funkcijos:&lt;\/strong&gt;&lt;\/p&gt;<br \/>\n&lt;ul&gt;<br \/>\n&lt;li style=&quot;text-align: justify;&quot;&gt;&lt;strong&gt;4 nepriklausomi temperat\u016bros nustatymai: &lt;\/strong&gt;dienin\u0117, naktin\u0117, nuo u\u017e&amp;scaron;alimo bei atostog\u0173;&lt;\/li&gt;<br \/>\n&lt;li style=&quot;text-align: justify;&quot;&gt;&lt;strong&gt;Veikimas su maksimalia apkrova iki 16A\/10A: &lt;\/strong&gt;imtuve Feelspot RF NEW sumontuota rel\u0117, galinti veikti su maksimalia leistina apkrova net iki 16A\/10A. Ma\u017eos kibirk&amp;scaron;ties technologija \u012ftampos perjungimo metu u\u017etikrina rel\u0117s kontakt\u0173 ilgaam\u017ei&amp;scaron;kum\u0105.&lt;\/li&gt;<br \/>\n&lt;li style=&quot;text-align: justify;&quot;&gt;&lt;strong&gt;Komunikacija tarp \u012frengini\u0173 apsaugota nuo trikd\u017ei\u0173: &lt;\/strong&gt;si\u0173stuvas ir imtuvas i&amp;scaron; komplekto Feelspot WTH25.16 RF NEW komunikuoja tarpusavyje radijo bang\u0173 da\u017enyje 868 Mhz. Labai trumpi koduoti transmisiniai paketai (apie 0,004 sek.) u\u017etikrina skland\u0173 \u012frengini\u0173 darb\u0105 be trikd\u017ei\u0173.&lt;\/li&gt;<br \/>\n&lt;li style=&quot;text-align: justify;&quot;&gt;&lt;strong&gt;Ap&amp;scaron;vie\u010diamas LCD ekranas: &lt;\/strong&gt;ap&amp;scaron;vie\u010diamo LCD ekrano d\u0117ka galima steb\u0117t \u012frenginio darbo re\u017eim\u0105 net ir silpnai ap&amp;scaron;viestoje patalpoje &ndash; 3 ap&amp;scaron;vietimo spalvos pasirinkimui: m\u0117lyna, \u017ealia, raudona.&lt;\/li&gt;<br \/>\n&lt;\/ul&gt;<br \/>\n&lt;p&gt;&lt;em&gt;&lt;strong&gt;Taikome 36 m\u0117n. garantij\u0105!&amp;nbsp;&amp;nbsp;&lt;\/strong&gt;&lt;\/em&gt;&lt;\/p&gt;<br \/>\n&lt;p&gt;&lt;a class=&quot;catalogue&quot; href=&quot;\/en\/images\/Userfiles\/www.rubisolis.lt_Belaidis_programuojamas_termostatas_termoreguliatorius_Feelspot_WTH25.16RF_NEW.pdf\/&quot; target=&quot;blank&quot;&gt;Download product manual&lt;\/a&gt;&lt;\/p&gt;<\/p>","protected":false},"excerpt":{"rendered":"<p>&lt;p style=&quot;text-align: justify;&quot;&gt;Belaidis &lt;strong&gt;programuojamas termostatas&lt;\/strong&gt; &amp;ndash; termreguliatorius Feelspot WTH25.16RF NEW tinkamas naudoti su visais &amp;scaron;ildymo, v\u0117dinimo bei kondicionavimo \u012frenginiais. &lt;strong&gt;Programuojamas<\/p>","protected":false},"featured_media":24924,"comment_status":"closed","ping_status":"open","template":"","meta":[],"product_brand":[],"product_cat":[23],"product_tag":[535],"class_list":{"0":"post-24922","1":"product","2":"type-product","3":"status-publish","4":"has-post-thumbnail","6":"product_cat-be-kategorijos","7":"product_tag-naujiena","9":"first","10":"onbackorder","11":"taxable","12":"shipping-taxable","13":"product-type-variable"},"_links":{"self":[{"href":"https:\/\/orotech.lt\/en\/wp-json\/wp\/v2\/product\/24922","targetHints":{"allow":["GET"]}}],"collection":[{"href":"https:\/\/orotech.lt\/en\/wp-json\/wp\/v2\/product"}],"about":[{"href":"https:\/\/orotech.lt\/en\/wp-json\/wp\/v2\/types\/product"}],"replies":[{"embeddable":true,"href":"https:\/\/orotech.lt\/en\/wp-json\/wp\/v2\/comments?post=24922"}],"version-history":[{"count":1,"href":"https:\/\/orotech.lt\/en\/wp-json\/wp\/v2\/product\/24922\/revisions"}],"predecessor-version":[{"id":24923,"href":"https:\/\/orotech.lt\/en\/wp-json\/wp\/v2\/product\/24922\/revisions\/24923"}],"wp:featuredmedia":[{"embeddable":true,"href":"https:\/\/orotech.lt\/en\/wp-json\/wp\/v2\/media\/24924"}],"wp:attachment":[{"href":"https:\/\/orotech.lt\/en\/wp-json\/wp\/v2\/media?parent=24922"}],"wp:term":[{"taxonomy":"product_brand","embeddable":true,"href":"https:\/\/orotech.lt\/en\/wp-json\/wp\/v2\/product_brand?post=24922"},{"taxonomy":"product_cat","embeddable":true,"href":"https:\/\/orotech.lt\/en\/wp-json\/wp\/v2\/product_cat?post=24922"},{"taxonomy":"product_tag","embeddable":true,"href":"https:\/\/orotech.lt\/en\/wp-json\/wp\/v2\/product_tag?post=24922"}],"curies":[{"name":"wp","href":"https:\/\/api.w.org\/{rel}","templated":true}]}}