{"id":24925,"date":"2025-09-09T06:20:04","date_gmt":"2025-09-09T06:20:04","guid":{"rendered":"https:\/\/orotech.lt\/elektroninis-programuojamas-termostatas-termoreguliatorius-feelspot-wth30-21-two\/"},"modified":"2025-09-10T06:01:03","modified_gmt":"2025-09-10T06:01:03","slug":"elektroninis-programuojamas-termostatas-termoreguliatorius-feelspot-wth30-21-two","status":"publish","type":"product","link":"https:\/\/orotech.lt\/en\/elektroninis-programuojamas-termostatas-termoreguliatorius-feelspot-wth30-21-two\/","title":{"rendered":"Elektroninis programuojamas termostatas (termoreguliatorius) Feelspot WTH30.21 TWO"},"content":{"rendered":"<p>&lt;p style=&quot;text-align: justify;&quot;&gt;Elektroninis &lt;strong&gt;programuojamas termostatas&lt;\/strong&gt; (termoreguliatorius) Feelspot WTH30.21 TWO&amp;nbsp;leis valdyti &amp;scaron;ildymo, v\u0117dinimo ir kondicionavimo \u012frenginius. &lt;strong&gt;Programuojamas termostatas&lt;\/strong&gt;&amp;nbsp;Feelspot WTH30.21 TWO&amp;nbsp;turi du jutiklius: grindin\u012f ir aplinkos temperat\u016bros. Taip pat, &amp;scaron;is termostatas leid\u017eia nustatyti vien\u0105 veikimo grafik\u0105 (darbo dienos, savaitgalis ir t.t.), kuriame pagal tikslias dienas ir valandas gal\u0117site nustatyti &amp;scaron;ildymo ar kitos \u012frangos veikim\u0105 ir norim\u0105 temperat\u016br\u0105. D\u0117l ap&amp;scaron;vie\u010diamo LCD ekrano galima steb\u0117ti \u012frenginio darbo re\u017eim\u0105 net ir silpnai ap&amp;scaron;viestoje patalpoje.&amp;nbsp;&lt;strong&gt;Programuojamas termostatas&lt;\/strong&gt;&amp;nbsp;Feelspot WTH30.21 TWO pasi\u017eymi ekonomi&amp;scaron;kumu, kadangi leid\u017eia nusistatyti tikslias &amp;scaron;ildymo ar kondicionavimo veikimo valandas, kas prisideda prie elektros energijos taupymo. &amp;nbsp;&lt;\/p&gt;<br \/>\n&lt;p style=&quot;text-align: justify;&quot;&gt;&lt;strong&gt;Technical information:&lt;\/strong&gt;&lt;\/p&gt;<br \/>\n&lt;ul&gt;<br \/>\n&lt;li style=&quot;text-align: justify;&quot;&gt;&lt;strong&gt;Protection class: IP20;&lt;\/strong&gt;&lt;\/li&gt;<br \/>\n&lt;li style=&quot;text-align: justify;&quot;&gt;Darbo temperat\u016bros diapazonas: 0 &amp;ndash; 45 &amp;deg;C;&lt;\/li&gt;<br \/>\n&lt;li style=&quot;text-align: justify;&quot;&gt;Temperat\u016bros matavimo diapazonas: 0 &amp;ndash; 35 &amp;deg;C;&lt;\/li&gt;<br \/>\n&lt;li style=&quot;text-align: justify;&quot;&gt;Temperat\u016bros valdymo diapazonas: 5 &amp;ndash; 30 &amp;deg;C;&lt;\/li&gt;<br \/>\n&lt;li style=&quot;text-align: justify;&quot;&gt;Histerez\u0117: &amp;plusmn;0,2 &amp;deg;C;&lt;\/li&gt;<br \/>\n&lt;li style=&quot;text-align: justify;&quot;&gt;Numatytieji temperat\u016bros nustatymai: dienin\u0117 21 &amp;deg;C \/ naktin\u0117 19 &amp;deg;C;&lt;\/li&gt;<br \/>\n&lt;li style=&quot;text-align: justify;&quot;&gt;Papildoma funkcija: apsauga nuo u\u017e&amp;scaron;alimo;&lt;\/li&gt;<br \/>\n&lt;li style=&quot;text-align: justify;&quot;&gt;Darbo ciklas: savaitinis;&lt;\/li&gt;<br \/>\n&lt;li style=&quot;text-align: justify;&quot;&gt;Darbo b\u016bsenos steb\u0117jimas: LCD;&lt;\/li&gt;<br \/>\n&lt;li style=&quot;text-align: justify;&quot;&gt;Rel\u0117s kontakt\u0173 maksimali leistina apkrova: ~ 16A 250 V AC;&lt;\/li&gt;<br \/>\n&lt;li style=&quot;text-align: justify;&quot;&gt;Matmenys: 90x90x30mm;&lt;\/li&gt;<br \/>\n&lt;li style=&quot;text-align: justify;&quot;&gt;Maitinimas: 2 x &amp;scaron;armin\u0117 baterija AAA 1.5 V.&lt;\/li&gt;<br \/>\n&lt;\/ul&gt;<br \/>\n&lt;p style=&quot;text-align: justify;&quot;&gt;&lt;strong&gt;Termoreguliatoriaus funkcijos:&lt;\/strong&gt;&lt;\/p&gt;<br \/>\n&lt;ul&gt;<br \/>\n&lt;li style=&quot;text-align: justify;&quot;&gt;3 nepriklausomai nustatomos temperat\u016bros: dienin\u0117, naktin\u0117 ir prie&amp;scaron; u\u017e&amp;scaron;alim\u0105;&lt;\/li&gt;<br \/>\n&lt;li style=&quot;text-align: justify;&quot;&gt;Turi 2 temperat\u016bros jutiklius: grindin\u012f ir aplinkos temperat\u016bros;&lt;\/li&gt;<br \/>\n&lt;li style=&quot;text-align: justify;&quot;&gt;9 nepriklausomos temperat\u016bros programos: \u012fskaitant 6 vartotojo programas;&lt;\/li&gt;<br \/>\n&lt;li style=&quot;text-align: justify;&quot;&gt;Ap&amp;scaron;vie\u010diamas LCD ekranas: ap&amp;scaron;vie\u010diamo ekrano d\u0117ka galima steb\u0117ti \u012frenginio darbo re\u017eim\u0105 net ir silpnai ap&amp;scaron;viestoje patalpoje.&lt;\/li&gt;<br \/>\n&lt;\/ul&gt;<br \/>\n&lt;p style=&quot;text-align: justify;&quot;&gt;&lt;em&gt;&lt;strong&gt;Taikome 36 m\u0117n. garantij\u0105!&amp;nbsp; &amp;nbsp; &amp;nbsp;&lt;\/strong&gt;&lt;\/em&gt;&lt;\/p&gt;<br \/>\n&lt;p style=&quot;text-align: justify;&quot;&gt;&lt;a class=&quot;catalogue&quot; href=&quot;\/en\/images\/Userfiles\/Feelspot_instrukcijos\/Feelspot-WTH30.21_TWO_naudojimo_instrukcija.pdf\/&quot; target=&quot;blank&quot;&gt;Download product manual&lt;\/a&gt;&lt;\/p&gt;<\/p>","protected":false},"excerpt":{"rendered":"<p>&lt;p style=&quot;text-align: justify;&quot;&gt;Elektroninis &lt;strong&gt;programuojamas termostatas&lt;\/strong&gt; (termoreguliatorius) Feelspot WTH30.21 TWO&amp;nbsp;leis valdyti &amp;scaron;ildymo, v\u0117dinimo ir kondicionavimo \u012frenginius. &lt;strong&gt;Programuojamas termostatas&lt;\/strong&gt;&amp;nbsp;Feelspot WTH30.21 TWO&amp;nbsp;turi du<\/p>","protected":false},"featured_media":24927,"comment_status":"closed","ping_status":"open","template":"","meta":[],"product_brand":[],"product_cat":[23],"product_tag":[535],"class_list":{"0":"post-24925","1":"product","2":"type-product","3":"status-publish","4":"has-post-thumbnail","6":"product_cat-be-kategorijos","7":"product_tag-naujiena","9":"first","10":"onbackorder","11":"taxable","12":"shipping-taxable","13":"product-type-variable"},"_links":{"self":[{"href":"https:\/\/orotech.lt\/en\/wp-json\/wp\/v2\/product\/24925","targetHints":{"allow":["GET"]}}],"collection":[{"href":"https:\/\/orotech.lt\/en\/wp-json\/wp\/v2\/product"}],"about":[{"href":"https:\/\/orotech.lt\/en\/wp-json\/wp\/v2\/types\/product"}],"replies":[{"embeddable":true,"href":"https:\/\/orotech.lt\/en\/wp-json\/wp\/v2\/comments?post=24925"}],"version-history":[{"count":1,"href":"https:\/\/orotech.lt\/en\/wp-json\/wp\/v2\/product\/24925\/revisions"}],"predecessor-version":[{"id":24926,"href":"https:\/\/orotech.lt\/en\/wp-json\/wp\/v2\/product\/24925\/revisions\/24926"}],"wp:featuredmedia":[{"embeddable":true,"href":"https:\/\/orotech.lt\/en\/wp-json\/wp\/v2\/media\/24927"}],"wp:attachment":[{"href":"https:\/\/orotech.lt\/en\/wp-json\/wp\/v2\/media?parent=24925"}],"wp:term":[{"taxonomy":"product_brand","embeddable":true,"href":"https:\/\/orotech.lt\/en\/wp-json\/wp\/v2\/product_brand?post=24925"},{"taxonomy":"product_cat","embeddable":true,"href":"https:\/\/orotech.lt\/en\/wp-json\/wp\/v2\/product_cat?post=24925"},{"taxonomy":"product_tag","embeddable":true,"href":"https:\/\/orotech.lt\/en\/wp-json\/wp\/v2\/product_tag?post=24925"}],"curies":[{"name":"wp","href":"https:\/\/api.w.org\/{rel}","templated":true}]}}