{"id":24928,"date":"2025-09-09T06:20:04","date_gmt":"2025-09-09T06:20:04","guid":{"rendered":"https:\/\/orotech.lt\/elektroninis-programuojamas-termostatas-termoreguliatorius-feelspot-wth51-36-new\/"},"modified":"2025-09-10T06:01:04","modified_gmt":"2025-09-10T06:01:04","slug":"elektroninis-programuojamas-termostatas-termoreguliatorius-feelspot-wth51-36-new","status":"publish","type":"product","link":"https:\/\/orotech.lt\/en\/elektroninis-programuojamas-termostatas-termoreguliatorius-feelspot-wth51-36-new\/","title":{"rendered":"Elektroninis programuojamas termostatas (termoreguliatorius) Feelspot WTH51.36 NEW"},"content":{"rendered":"<p>&lt;p style=&quot;text-align: justify;&quot;&gt;Elektroninis &lt;strong&gt;programuojamas termostatas&lt;\/strong&gt; (termoreguliatorius) Feelspot WTH51.36 NEW yra elektroninis &lt;strong&gt;programuojamas termostatas&lt;\/strong&gt; skirtas valdyti grindinio &amp;scaron;ildymo prietaisus. Lie\u010diamas ekranas leid\u017eia greitai ir patogiai valdyti &amp;scaron;ildymo sistem\u0105, o &amp;scaron;e&amp;scaron;i programuojami veikimo laikai u\u017etikrina maksimal\u0173 komfort\u0105 ir suma\u017eina elektros s\u0105naudas. Elektroninis &lt;strong&gt;programuojamas termostatas&lt;\/strong&gt; (termoreguliatorius) Feelspot WTH51.36 NEW tinkamas naudoti komercin\u0117se, pramonin\u0117se, civilin\u0117se ir gyvenamosiose patalpose.&amp;nbsp;&lt;\/p&gt;<br \/>\n&lt;p style=&quot;text-align: justify;&quot;&gt;&lt;strong&gt;Advantages:&lt;\/strong&gt;&lt;\/p&gt;<br \/>\n&lt;ul&gt;<br \/>\n&lt;li style=&quot;text-align: justify;&quot;&gt;Modernus dizainas;&lt;\/li&gt;<br \/>\n&lt;li style=&quot;text-align: justify;&quot;&gt;Lie\u010diamas ekranas;&lt;\/li&gt;<br \/>\n&lt;li style=&quot;text-align: justify;&quot;&gt;Paprastas sumontavimas;&lt;\/li&gt;<br \/>\n&lt;li style=&quot;text-align: justify;&quot;&gt;Vidini\u0173 ir i&amp;scaron;orini\u0173 jutikli\u0173 pagalba galima valdyti tiek oro, tiek grind\u0173 temperat\u016br\u0105;&lt;\/li&gt;<br \/>\n&lt;li style=&quot;text-align: justify;&quot;&gt;&amp;Scaron;e&amp;scaron;i programuojami laiko tarpai maksimaliam komfortui ir ekonomi&amp;scaron;kumui.&lt;\/li&gt;<br \/>\n&lt;\/ul&gt;<br \/>\n&lt;p style=&quot;text-align: justify;&quot;&gt;&lt;strong&gt;Technical information:&lt;\/strong&gt;&lt;\/p&gt;<br \/>\n&lt;ul&gt;<br \/>\n&lt;li style=&quot;text-align: justify;&quot;&gt;&lt;strong&gt;Protection class: IP20;&lt;\/strong&gt;&lt;\/li&gt;<br \/>\n&lt;li style=&quot;text-align: justify;&quot;&gt;Jutiklis: NTC;&lt;\/li&gt;<br \/>\n&lt;li style=&quot;text-align: justify;&quot;&gt;Tikslumas: &amp;plusmn;1 &amp;deg;C;&lt;\/li&gt;<br \/>\n&lt;li style=&quot;text-align: justify;&quot;&gt;Nustatomos temp. diapazonas;&lt;\/li&gt;<br \/>\n&lt;li style=&quot;text-align: justify;&quot;&gt;Energijos sunaudojimas: &amp;lt; 1.5 W;&lt;\/li&gt;<br \/>\n&lt;li style=&quot;text-align: justify;&quot;&gt;Laiko paklaida: &amp;lt;1%;&lt;\/li&gt;<br \/>\n&lt;li style=&quot;text-align: justify;&quot;&gt;Maitinimas: 95-240 V AC, 50-60 Hz;&lt;\/li&gt;<br \/>\n&lt;li style=&quot;text-align: justify;&quot;&gt;Elektros srov\u0117 (elektriniam &amp;scaron;ildymui): 16 A;&lt;\/li&gt;<br \/>\n&lt;li style=&quot;text-align: justify;&quot;&gt;Korpuso med\u017eiaga: PC + ABS;&lt;\/li&gt;<br \/>\n&lt;li style=&quot;text-align: justify;&quot;&gt;I&amp;scaron;matavimai: 86 x 86 x 13.3 mm;&lt;\/li&gt;<br \/>\n&lt;li style=&quot;text-align: justify;&quot;&gt;Aplinkos temp.\/dr\u0117gm.&amp;nbsp;ribos: 0-45&amp;deg;C \/ 5-95% RH;&lt;\/li&gt;<br \/>\n&lt;li style=&quot;text-align: justify;&quot;&gt;Skyl\u0117s sienoje gylis (montavimui): 60 mm.&lt;\/li&gt;<br \/>\n&lt;\/ul&gt;<br \/>\n&lt;p style=&quot;text-align: justify;&quot;&gt;&lt;strong&gt;\u012e komplekt\u0105 \u012feina:&lt;\/strong&gt;&lt;\/p&gt;<br \/>\n&lt;ul&gt;<br \/>\n&lt;li style=&quot;text-align: justify;&quot;&gt;Elektroninis &lt;strong&gt;programuojamas termostatas&lt;\/strong&gt; (termoreguliatorius) Feelspot WTH51.36 NEW&amp;nbsp;- 1 vnt.;&lt;\/li&gt;<br \/>\n&lt;li style=&quot;text-align: justify;&quot;&gt;Var\u017etai &#8211; 1 vnt.;&lt;\/li&gt;<br \/>\n&lt;li style=&quot;text-align: justify;&quot;&gt;Montavimo\/programavimo instrukcijos &#8211; 1 vnt.;&lt;\/li&gt;<br \/>\n&lt;li style=&quot;text-align: justify;&quot;&gt;Sienin\u0117 plok&amp;scaron;t\u0117 &#8211; 1 vnt.;&lt;\/li&gt;<br \/>\n&lt;li style=&quot;text-align: justify;&quot;&gt;2.5 m i&amp;scaron;orinis jutiklis&amp;nbsp;- 1 vnt.&lt;\/li&gt;<br \/>\n&lt;\/ul&gt;<br \/>\n&lt;p style=&quot;text-align: justify;&quot;&gt;&lt;em&gt;&lt;strong&gt;Taikome 36 m\u0117n. garantij\u0105!&amp;nbsp; &amp;nbsp;&amp;nbsp;&lt;\/strong&gt;&lt;\/em&gt;&lt;\/p&gt;<br \/>\n&lt;p style=&quot;text-align: justify;&quot;&gt;&lt;a class=&quot;catalogue&quot; href=&quot;\/en\/images\/Userfiles\/WTH_51.36NEW_WTH_51.36NEW_black_and_white_LT.pdf\/&quot; target=&quot;blank&quot;&gt;Download product manual&lt;\/a&gt;&lt;\/p&gt;<\/p>","protected":false},"excerpt":{"rendered":"<p>&lt;p style=&quot;text-align: justify;&quot;&gt;Elektroninis &lt;strong&gt;programuojamas termostatas&lt;\/strong&gt; (termoreguliatorius) Feelspot WTH51.36 NEW yra elektroninis &lt;strong&gt;programuojamas termostatas&lt;\/strong&gt; skirtas valdyti grindinio &amp;scaron;ildymo prietaisus. Lie\u010diamas ekranas<\/p>","protected":false},"featured_media":24930,"comment_status":"closed","ping_status":"open","template":"","meta":[],"product_brand":[],"product_cat":[23],"product_tag":[535],"class_list":{"0":"post-24928","1":"product","2":"type-product","3":"status-publish","4":"has-post-thumbnail","6":"product_cat-be-kategorijos","7":"product_tag-naujiena","9":"first","10":"onbackorder","11":"taxable","12":"shipping-taxable","13":"product-type-variable"},"_links":{"self":[{"href":"https:\/\/orotech.lt\/en\/wp-json\/wp\/v2\/product\/24928","targetHints":{"allow":["GET"]}}],"collection":[{"href":"https:\/\/orotech.lt\/en\/wp-json\/wp\/v2\/product"}],"about":[{"href":"https:\/\/orotech.lt\/en\/wp-json\/wp\/v2\/types\/product"}],"replies":[{"embeddable":true,"href":"https:\/\/orotech.lt\/en\/wp-json\/wp\/v2\/comments?post=24928"}],"version-history":[{"count":1,"href":"https:\/\/orotech.lt\/en\/wp-json\/wp\/v2\/product\/24928\/revisions"}],"predecessor-version":[{"id":24929,"href":"https:\/\/orotech.lt\/en\/wp-json\/wp\/v2\/product\/24928\/revisions\/24929"}],"wp:featuredmedia":[{"embeddable":true,"href":"https:\/\/orotech.lt\/en\/wp-json\/wp\/v2\/media\/24930"}],"wp:attachment":[{"href":"https:\/\/orotech.lt\/en\/wp-json\/wp\/v2\/media?parent=24928"}],"wp:term":[{"taxonomy":"product_brand","embeddable":true,"href":"https:\/\/orotech.lt\/en\/wp-json\/wp\/v2\/product_brand?post=24928"},{"taxonomy":"product_cat","embeddable":true,"href":"https:\/\/orotech.lt\/en\/wp-json\/wp\/v2\/product_cat?post=24928"},{"taxonomy":"product_tag","embeddable":true,"href":"https:\/\/orotech.lt\/en\/wp-json\/wp\/v2\/product_tag?post=24928"}],"curies":[{"name":"wp","href":"https:\/\/api.w.org\/{rel}","templated":true}]}}