{"id":24932,"date":"2025-09-09T06:20:04","date_gmt":"2025-09-09T06:20:04","guid":{"rendered":"https:\/\/orotech.lt\/elektromechaninis-neprogramuojamas-patalpos-termostatas-termoreguliatorius-feelspot-wth71-36\/"},"modified":"2025-09-10T06:01:04","modified_gmt":"2025-09-10T06:01:04","slug":"elektromechaninis-neprogramuojamas-patalpos-termostatas-termoreguliatorius-feelspot-wth71-36","status":"publish","type":"product","link":"https:\/\/orotech.lt\/en\/elektromechaninis-neprogramuojamas-patalpos-termostatas-termoreguliatorius-feelspot-wth71-36\/","title":{"rendered":"Elektromechaninis neprogramuojamas patalpos termostatas (termoreguliatorius) Feelspot WTH71.36"},"content":{"rendered":"<p>&lt;p style=&quot;text-align: justify;&quot;&gt;Elektromechaninis &lt;strong&gt;neprogramuojamas termostatas&lt;\/strong&gt; (termoreguliatorius) Feelspot WTH71.36 skirtas &amp;scaron;ildom\u0173 grind\u0173 ir patalp\u0173 temperat\u016bros reguliavimui. &lt;strong&gt;Neprogramuojamas termostatas &lt;\/strong&gt;Feelspot WTH71.36 pasi\u017eymi patogiu valdymu &amp;ndash; pageidaujam\u0105 temperat\u016br\u0105 galite nusistatyti rankiniu b\u016bdu mygtuk\u0173 pagalba. &lt;strong&gt;Neprogramuojamas termostatas&lt;\/strong&gt; Feelspot WTH71.36 pritaikytas &amp;scaron;ildymo \u012frangai (sistemoms), j\u012f galima naudoti kartu su integruotu oro temperat\u016bros jutikliu arba grindyse montuojamu jutikliu, kuris padeda pasiekti puik\u0173 komfort\u0105 sunaudojant kuo ma\u017eiau energijos. Termostat\u0105 Feelspot WTH71.36 galima montuoti ir ant sienos, ir po tinku, priklausomai nuo nam\u0173 ar biuro interjero dizaino, o nedegaus plastiko pavir&amp;scaron;ius garantuoja \u012frenginio ilgalaiki&amp;scaron;kum\u0105. &lt;strong&gt;Neprogramuojamas termostatas&lt;\/strong&gt; Feelspot WTH71.36 &amp;ndash; ie&amp;scaron;kantiems kokyb\u0117s ir paprastumo.&lt;\/p&gt;<br \/>\n&lt;p style=&quot;text-align: justify;&quot;&gt;&lt;strong&gt;Technical information:&lt;\/strong&gt;&lt;\/p&gt;<br \/>\n&lt;ul&gt;<br \/>\n&lt;li&gt;\u012etampa: 220 V \/ 230 V;&lt;\/li&gt;<br \/>\n&lt;li&gt;Energijos s\u0105naudos: 3,5 VA;&lt;\/li&gt;<br \/>\n&lt;li&gt;Nustatymo diapazonas: 10~55 &amp;deg;C;&lt;\/li&gt;<br \/>\n&lt;li&gt;Apribojim\u0173 diapazonas: 30, 40, 50 &amp;deg;C (reguliuojamas);&lt;\/li&gt;<br \/>\n&lt;li&gt;Perjungimo diferencialas: &amp;plusmn;1 &amp;deg;C;&lt;\/li&gt;<br \/>\n&lt;li&gt;Aplinkos temperat\u016bra: -5~55 &amp;deg;C;&lt;\/li&gt;<br \/>\n&lt;li&gt;Apsaugos klas\u0117: IP20;&lt;\/li&gt;<br \/>\n&lt;li&gt;Grindyse montuojamas jutiklis: NTC i&amp;scaron;orinis jutiklis;&lt;\/li&gt;<br \/>\n&lt;li&gt;Korpuso med\u017eiaga: nedegus polikarbonatas.&lt;\/li&gt;<br \/>\n&lt;\/ul&gt;<br \/>\n&lt;p&gt;&lt;a class=&quot;catalogue&quot; href=&quot;\/en\/images\/Userfiles\/www.rubisolis.lt_WTH_71.36_WTH71.36_ELEKTRONINIS_TERMOSTATAS_NAUDOJIMOSI_INSTRUKCIJA_.pdf\/&quot; target=&quot;blank&quot;&gt;Download product catalog&lt;\/a&gt;&lt;\/p&gt;<\/p>","protected":false},"excerpt":{"rendered":"<p>&lt;p style=&quot;text-align: justify;&quot;&gt;Elektromechaninis &lt;strong&gt;neprogramuojamas termostatas&lt;\/strong&gt; (termoreguliatorius) Feelspot WTH71.36 skirtas &amp;scaron;ildom\u0173 grind\u0173 ir patalp\u0173 temperat\u016bros reguliavimui. &lt;strong&gt;Neprogramuojamas termostatas &lt;\/strong&gt;Feelspot WTH71.36 pasi\u017eymi<\/p>","protected":false},"featured_media":24934,"comment_status":"closed","ping_status":"open","template":"","meta":[],"product_brand":[],"product_cat":[23],"product_tag":[535],"class_list":{"0":"post-24932","1":"product","2":"type-product","3":"status-publish","4":"has-post-thumbnail","6":"product_cat-be-kategorijos","7":"product_tag-naujiena","9":"first","10":"onbackorder","11":"taxable","12":"shipping-taxable","13":"product-type-variable"},"_links":{"self":[{"href":"https:\/\/orotech.lt\/en\/wp-json\/wp\/v2\/product\/24932","targetHints":{"allow":["GET"]}}],"collection":[{"href":"https:\/\/orotech.lt\/en\/wp-json\/wp\/v2\/product"}],"about":[{"href":"https:\/\/orotech.lt\/en\/wp-json\/wp\/v2\/types\/product"}],"replies":[{"embeddable":true,"href":"https:\/\/orotech.lt\/en\/wp-json\/wp\/v2\/comments?post=24932"}],"version-history":[{"count":1,"href":"https:\/\/orotech.lt\/en\/wp-json\/wp\/v2\/product\/24932\/revisions"}],"predecessor-version":[{"id":24933,"href":"https:\/\/orotech.lt\/en\/wp-json\/wp\/v2\/product\/24932\/revisions\/24933"}],"wp:featuredmedia":[{"embeddable":true,"href":"https:\/\/orotech.lt\/en\/wp-json\/wp\/v2\/media\/24934"}],"wp:attachment":[{"href":"https:\/\/orotech.lt\/en\/wp-json\/wp\/v2\/media?parent=24932"}],"wp:term":[{"taxonomy":"product_brand","embeddable":true,"href":"https:\/\/orotech.lt\/en\/wp-json\/wp\/v2\/product_brand?post=24932"},{"taxonomy":"product_cat","embeddable":true,"href":"https:\/\/orotech.lt\/en\/wp-json\/wp\/v2\/product_cat?post=24932"},{"taxonomy":"product_tag","embeddable":true,"href":"https:\/\/orotech.lt\/en\/wp-json\/wp\/v2\/product_tag?post=24932"}],"curies":[{"name":"wp","href":"https:\/\/api.w.org\/{rel}","templated":true}]}}