{"id":24939,"date":"2025-09-09T06:20:04","date_gmt":"2025-09-09T06:20:04","guid":{"rendered":"https:\/\/orotech.lt\/virstinkinis-neprogramuojamas-termostatas-termoreguliatorius-feelspot-wth31-16\/"},"modified":"2025-09-10T06:01:06","modified_gmt":"2025-09-10T06:01:06","slug":"virstinkinis-neprogramuojamas-termostatas-termoreguliatorius-feelspot-wth31-16","status":"publish","type":"product","link":"https:\/\/orotech.lt\/en\/virstinkinis-neprogramuojamas-termostatas-termoreguliatorius-feelspot-wth31-16\/","title":{"rendered":"Vir\u0161tinkinis neprogramuojamas termostatas (termoreguliatorius) Feelspot WTH31.16"},"content":{"rendered":"<p>&lt;p style=&quot;text-align: justify;&quot;&gt;Vir&amp;scaron;tinkinis &lt;strong&gt;neprogramuojamas termostatas&lt;\/strong&gt; (termoreguliatorius) Feelspot WTH31.16 skirtas naudoti su visais &amp;scaron;ildymo ir kondicionavimo \u012frenginiais. T&lt;strong&gt;ermostatas&lt;\/strong&gt; Feelspot WTH31.16 yra paprastai montuojamas ant sienos, tod\u0117l der\u0117s prie \u012fvairi\u0173 interjero dizaino sprendim\u0173. &lt;strong&gt;Neprogramuojamas termostatas&lt;\/strong&gt; pasi\u017eymi lengvu valdymu &amp;ndash; vos keli\u0173 mygtuk\u0173 paspaudimu nustatykite valdomos zonos temperat\u016br\u0105 ar laikin\u0105 temperat\u016bros suma\u017einimo r\u0117\u017eim\u0105 (pla\u010diau skaityti instrukcijoje). Taip pat, &amp;scaron;is Feelspot WTH31.16 &lt;strong&gt;thermostat&lt;\/strong&gt; taupo elektros energij\u0105. Vir&amp;scaron;tinkinis &lt;strong&gt;neprogramuojamas termostatas&lt;\/strong&gt; (termoreguliatorius) Feelspot WTH31.16 yra maitinamas 2 vnt. AAA tipo baterijomis. \u012emontuotas jungiklis, leid\u017eiantis lengvai ir bet kuriuo metu i&amp;scaron;jungti termostat\u0105. &lt;strong&gt;Neprogramuojamas termostatas&lt;\/strong&gt; Feelspot WTH31.16 turi LCD ekran\u0105, kuriame rodoma esama patalpos temperat\u016bra bei nustatyta temperat\u016bra.&amp;nbsp;&lt;\/p&gt;<br \/>\n&lt;p style=&quot;text-align: justify;&quot;&gt;&lt;strong&gt;Technical information&lt;\/strong&gt;&lt;\/p&gt;<br \/>\n&lt;ul&gt;<br \/>\n&lt;li style=&quot;text-align: justify;&quot;&gt;Energijos taupymas;&lt;\/li&gt;<br \/>\n&lt;li style=&quot;text-align: justify;&quot;&gt;Paprastas montavimas ir valdymas;&lt;\/li&gt;<br \/>\n&lt;li style=&quot;text-align: justify;&quot;&gt;Nedidele kaina;&lt;\/li&gt;<br \/>\n&lt;li style=&quot;text-align: justify;&quot;&gt;Matuojamos temperat\u016bros diapazonas nuo 0&amp;deg; iki 35&amp;deg;C, 0,2&amp;deg;C tikslumu;&lt;\/li&gt;<br \/>\n&lt;li style=&quot;text-align: justify;&quot;&gt;Temperat\u016bros reguliavimo diapazonas nuo 7&amp;deg; iki 35&amp;deg;C, 0,2&amp;deg;C tikslumu;&lt;\/li&gt;<br \/>\n&lt;li style=&quot;text-align: justify;&quot;&gt;Mygtukas laikinojo temperat\u016bros suma\u017einimo;&lt;\/li&gt;<br \/>\n&lt;li style=&quot;text-align: justify;&quot;&gt;Ap&amp;scaron;vie\u010diamas LCD ekranas;&lt;\/li&gt;<br \/>\n&lt;li style=&quot;text-align: justify;&quot;&gt;Prie&amp;scaron;u\u017e&amp;scaron;alimin\u0117 funkcija (\u012fsijungia prie 2&amp;deg;C;&lt;\/li&gt;<br \/>\n&lt;li style=&quot;text-align: justify;&quot;&gt;Termoreguliatoriaus i&amp;scaron;jungimo\/\u012fjungimo jungiklis.&lt;\/li&gt;<br \/>\n&lt;\/ul&gt;<br \/>\n&lt;p&gt;&lt;a class=&quot;catalogue&quot; href=&quot;\/en\/images\/Userfiles\/www.rubisolis.lt_virstinkinis_neprogramuojamas_termostatas_termoreguliatorius_feelspot_WTH31.16.pdf\/&quot; target=&quot;blank&quot;&gt;Download product manual &lt;\/a&gt;&lt;\/p&gt;<\/p>","protected":false},"excerpt":{"rendered":"<p>&lt;p style=&quot;text-align: justify;&quot;&gt;Vir&amp;scaron;tinkinis &lt;strong&gt;neprogramuojamas termostatas&lt;\/strong&gt; (termoreguliatorius) Feelspot WTH31.16 skirtas naudoti su visais &amp;scaron;ildymo ir kondicionavimo \u012frenginiais. T&lt;strong&gt;ermostatas&lt;\/strong&gt; Feelspot WTH31.16 yra<\/p>","protected":false},"featured_media":24941,"comment_status":"closed","ping_status":"open","template":"","meta":[],"product_brand":[],"product_cat":[23],"product_tag":[535],"class_list":{"0":"post-24939","1":"product","2":"type-product","3":"status-publish","4":"has-post-thumbnail","6":"product_cat-be-kategorijos","7":"product_tag-naujiena","9":"first","10":"onbackorder","11":"taxable","12":"shipping-taxable","13":"product-type-variable"},"_links":{"self":[{"href":"https:\/\/orotech.lt\/en\/wp-json\/wp\/v2\/product\/24939","targetHints":{"allow":["GET"]}}],"collection":[{"href":"https:\/\/orotech.lt\/en\/wp-json\/wp\/v2\/product"}],"about":[{"href":"https:\/\/orotech.lt\/en\/wp-json\/wp\/v2\/types\/product"}],"replies":[{"embeddable":true,"href":"https:\/\/orotech.lt\/en\/wp-json\/wp\/v2\/comments?post=24939"}],"version-history":[{"count":1,"href":"https:\/\/orotech.lt\/en\/wp-json\/wp\/v2\/product\/24939\/revisions"}],"predecessor-version":[{"id":24940,"href":"https:\/\/orotech.lt\/en\/wp-json\/wp\/v2\/product\/24939\/revisions\/24940"}],"wp:featuredmedia":[{"embeddable":true,"href":"https:\/\/orotech.lt\/en\/wp-json\/wp\/v2\/media\/24941"}],"wp:attachment":[{"href":"https:\/\/orotech.lt\/en\/wp-json\/wp\/v2\/media?parent=24939"}],"wp:term":[{"taxonomy":"product_brand","embeddable":true,"href":"https:\/\/orotech.lt\/en\/wp-json\/wp\/v2\/product_brand?post=24939"},{"taxonomy":"product_cat","embeddable":true,"href":"https:\/\/orotech.lt\/en\/wp-json\/wp\/v2\/product_cat?post=24939"},{"taxonomy":"product_tag","embeddable":true,"href":"https:\/\/orotech.lt\/en\/wp-json\/wp\/v2\/product_tag?post=24939"}],"curies":[{"name":"wp","href":"https:\/\/api.w.org\/{rel}","templated":true}]}}