{"id":24942,"date":"2025-09-09T06:20:04","date_gmt":"2025-09-09T06:20:04","guid":{"rendered":"https:\/\/orotech.lt\/belaidis-neprogramuojamas-termostatas-termoreguliatorius-feelspot-wth20-16rf-new\/"},"modified":"2025-09-10T06:01:07","modified_gmt":"2025-09-10T06:01:07","slug":"belaidis-neprogramuojamas-termostatas-termoreguliatorius-feelspot-wth20-16rf-new","status":"publish","type":"product","link":"https:\/\/orotech.lt\/en\/belaidis-neprogramuojamas-termostatas-termoreguliatorius-feelspot-wth20-16rf-new\/","title":{"rendered":"Belaidis neprogramuojamas termostatas (termoreguliatorius) Feelspot WTH20.16RF NEW"},"content":{"rendered":"<p>&lt;p style=&quot;text-align: justify;&quot;&gt;Belaidis &lt;strong&gt;neprogramuojamas termostatas&lt;\/strong&gt; (termoreguliatorius) Feelspot WTH20.16RF NEW skirtas naudoti su visais &amp;scaron;ildymo, v\u0117dinimo bei kondicionavimo \u012frenginiais. Belaidis &lt;strong&gt;neprogramuojamas termostatas&lt;\/strong&gt; Feelspot WTH20.16RF yra paprastai montuojamas ant sienos, tod\u0117l der\u0117s prie \u012fvairi\u0173 interjero dizaino sprendim\u0173. &lt;strong&gt;Thermostat&lt;\/strong&gt; Feelspot WTH20.16RF pasi\u017eymi lengvu valdymu &amp;ndash; vos keli\u0173 mygtuk\u0173 paspaudimu nustatykite valdomos zonos temperat\u016br\u0105 ar pasirinkite norimus veikimo re\u017eimus. \u012erenginyje integruota &amp;bdquo;FrostGuard&amp;rdquo; funkcija apsaugo patalp\u0105 nuo u\u017e&amp;scaron;alimo. Taip pat, &lt;strong&gt;neprogramuojamas termostatas&lt;\/strong&gt; Feelspot WTH20.16RF NEW turi galimyb\u0117 cikli&amp;scaron;kai suma\u017einti nustatyt\u0105 temperat\u016br\u0105 (laikino temperat\u016bros suma\u017einimo re\u017eimas). D\u0117l gan didelio ir ai&amp;scaron;kaus \u012frenginio LCD ekrano steb\u0117kite vis\u0105 aktuali\u0105 informacij\u0105, susijusi\u0105 su nustatyta temperat\u016bra, re\u017eimais, bevieliu ry&amp;scaron;iu ar prietaiso i&amp;scaron;sikrovimu. &lt;strong&gt;Neprogramuojamas termostatas&lt;\/strong&gt; Feelspot WTH20.16RF NEW yra maitinamas 2 vnt. AAA tipo baterijomis.&lt;\/p&gt;<br \/>\n&lt;p style=&quot;text-align: justify;&quot;&gt;&lt;strong&gt;Technical information:&lt;\/strong&gt;&lt;\/p&gt;<br \/>\n&lt;ul&gt;<br \/>\n&lt;li style=&quot;text-align: justify;&quot;&gt;Apsaugos klas\u0117: IP20;&lt;\/li&gt;<br \/>\n&lt;li style=&quot;text-align: justify;&quot;&gt;Darbin\u0117 aplinkos temperat\u016bra: 0 &amp;ndash; 45&amp;deg;C;&lt;\/li&gt;<br \/>\n&lt;li style=&quot;text-align: justify;&quot;&gt;Temperat\u016bros matavimo diapazonas: 0 &amp;ndash; 35&amp;deg;C;&lt;\/li&gt;<br \/>\n&lt;li style=&quot;text-align: justify;&quot;&gt;Valdomos temperat\u016bros ribos: 5 &amp;ndash; 30&amp;deg;C;&lt;\/li&gt;<br \/>\n&lt;li style=&quot;text-align: justify;&quot;&gt;Tikslumas: +\/-0,2&amp;deg;C; +\/-0,4&amp;deg;C PWM;&lt;\/li&gt;<br \/>\n&lt;li style=&quot;text-align: justify;&quot;&gt;Temperat\u016bros nustatymo tikslumas: 0,2&amp;deg;C;&lt;\/li&gt;<br \/>\n&lt;li style=&quot;text-align: justify;&quot;&gt;Temperat\u016bros matavimo tikslumas: 0,2&amp;deg;C;&lt;\/li&gt;<br \/>\n&lt;li style=&quot;text-align: justify;&quot;&gt;Numatytoji nustatyta temperat\u016bra: 20&amp;deg;C;&lt;\/li&gt;<br \/>\n&lt;li style=&quot;text-align: justify;&quot;&gt;Papildoma funkcija: &amp;bdquo;FrostGuard&amp;ldquo;;&lt;\/li&gt;<br \/>\n&lt;li style=&quot;text-align: justify;&quot;&gt;Darbo ciklas: kasdien;&lt;\/li&gt;<br \/>\n&lt;li style=&quot;text-align: justify;&quot;&gt;Darbo re\u017eimo kontrol\u0117: LED diodai (imtuvas RF NEW) \/ LCD (reguliatorius);&lt;\/li&gt;<br \/>\n&lt;li style=&quot;text-align: justify;&quot;&gt;Maitinimas WELLMO WTH20.16 RF NEW: 2x &amp;scaron;arminis akumuliatorius AAA 1,5V;&lt;\/li&gt;<br \/>\n&lt;li style=&quot;text-align: justify;&quot;&gt;Maitinimas RF NEW: 230V AC, 50Hz;&lt;\/li&gt;<br \/>\n&lt;li style=&quot;text-align: justify;&quot;&gt;Radijo da\u017eniai RF NEW: 868 MHz;&lt;\/li&gt;<br \/>\n&lt;li style=&quot;text-align: justify;&quot;&gt;Veikimo atstumas RF NEW: tipiniame pastate, esant standartinei sien\u0173 konstrukcijai &#8211; apie 30 metr\u0173, atviroje erdv\u0117je &#8211; iki 300 metr\u0173.&lt;\/li&gt;<br \/>\n&lt;\/ul&gt;<br \/>\n&lt;p style=&quot;text-align: justify;&quot;&gt;&lt;strong&gt;Termoreguliatoriaus funkcijos:&lt;\/strong&gt;&lt;\/p&gt;<br \/>\n&lt;ul&gt;<br \/>\n&lt;li style=&quot;text-align: justify;&quot;&gt;&amp;bdquo;FrostGuard&amp;rdquo; funkcija apsaugo patalp\u0105 nuo u\u017e&amp;scaron;alimo.&lt;\/li&gt;<br \/>\n&lt;li style=&quot;text-align: justify;&quot;&gt;Galimyb\u0117 cikli&amp;scaron;kai suma\u017einti nustatyt\u0105 temperat\u016br\u0105, t.y. 3&amp;deg;C artimiausi\u0173 6-&amp;scaron;i\u0173 valand\u0173 laikotarpiui.&lt;\/li&gt;<br \/>\n&lt;li style=&quot;text-align: justify;&quot;&gt;LCD ap&amp;scaron;vie\u010diamas ekranas. Ap&amp;scaron;vie\u010diamas ekranas leid\u017eia steb\u0117t reguliatoriaus darb\u0105 ir vykdyt nustatymus net silpnai ap&amp;scaron;vie\u010diamuose patalpose.&lt;\/li&gt;<br \/>\n&lt;li style=&quot;text-align: justify;&quot;&gt;Veikimas su maksimalia apkrova iki 16A\/10A. Imtuve WELLMO RF NEW sumontuota rel\u0117, galinti veikti su maksimalia leistina apkrova net iki 16A\/10A. Ma\u017eos kibirk&amp;scaron;ties technologija \u012ftampos perjungimo metu u\u017etikrina rel\u0117s kontakt\u0173 ilgaam\u017ei&amp;scaron;kum\u0105.&lt;\/li&gt;<br \/>\n&lt;\/ul&gt;<br \/>\n&lt;p&gt;&lt;a class=&quot;catalogue&quot; href=&quot;\/en\/images\/Userfiles\/www.rubisolis.lt_Belaidis_neprogramuojamas_termostatas_termoreguliatorius_Feelspot_WTH20.16RF_NEW.pdf\/&quot; target=&quot;blank&quot;&gt;Download product manual&lt;\/a&gt;&lt;\/p&gt;<\/p>","protected":false},"excerpt":{"rendered":"<p>&lt;p style=&quot;text-align: justify;&quot;&gt;Belaidis &lt;strong&gt;neprogramuojamas termostatas&lt;\/strong&gt; (termoreguliatorius) Feelspot WTH20.16RF NEW skirtas naudoti su visais &amp;scaron;ildymo, v\u0117dinimo bei kondicionavimo \u012frenginiais. Belaidis &lt;strong&gt;neprogramuojamas<\/p>","protected":false},"featured_media":24944,"comment_status":"closed","ping_status":"open","template":"","meta":[],"product_brand":[],"product_cat":[23],"product_tag":[535],"class_list":{"0":"post-24942","1":"product","2":"type-product","3":"status-publish","4":"has-post-thumbnail","6":"product_cat-be-kategorijos","7":"product_tag-naujiena","9":"first","10":"onbackorder","11":"taxable","12":"shipping-taxable","13":"product-type-variable"},"_links":{"self":[{"href":"https:\/\/orotech.lt\/en\/wp-json\/wp\/v2\/product\/24942","targetHints":{"allow":["GET"]}}],"collection":[{"href":"https:\/\/orotech.lt\/en\/wp-json\/wp\/v2\/product"}],"about":[{"href":"https:\/\/orotech.lt\/en\/wp-json\/wp\/v2\/types\/product"}],"replies":[{"embeddable":true,"href":"https:\/\/orotech.lt\/en\/wp-json\/wp\/v2\/comments?post=24942"}],"version-history":[{"count":1,"href":"https:\/\/orotech.lt\/en\/wp-json\/wp\/v2\/product\/24942\/revisions"}],"predecessor-version":[{"id":24943,"href":"https:\/\/orotech.lt\/en\/wp-json\/wp\/v2\/product\/24942\/revisions\/24943"}],"wp:featuredmedia":[{"embeddable":true,"href":"https:\/\/orotech.lt\/en\/wp-json\/wp\/v2\/media\/24944"}],"wp:attachment":[{"href":"https:\/\/orotech.lt\/en\/wp-json\/wp\/v2\/media?parent=24942"}],"wp:term":[{"taxonomy":"product_brand","embeddable":true,"href":"https:\/\/orotech.lt\/en\/wp-json\/wp\/v2\/product_brand?post=24942"},{"taxonomy":"product_cat","embeddable":true,"href":"https:\/\/orotech.lt\/en\/wp-json\/wp\/v2\/product_cat?post=24942"},{"taxonomy":"product_tag","embeddable":true,"href":"https:\/\/orotech.lt\/en\/wp-json\/wp\/v2\/product_tag?post=24942"}],"curies":[{"name":"wp","href":"https:\/\/api.w.org\/{rel}","templated":true}]}}