{"id":24954,"date":"2025-09-09T06:20:04","date_gmt":"2025-09-09T06:20:04","guid":{"rendered":"https:\/\/orotech.lt\/elektroninis-wi-fi-termostatas-termoreguliatorius-wellmo-wth07-36-black\/"},"modified":"2025-09-10T06:01:09","modified_gmt":"2025-09-10T06:01:09","slug":"elektroninis-wi-fi-termostatas-termoreguliatorius-wellmo-wth07-36-black","status":"publish","type":"product","link":"https:\/\/orotech.lt\/en\/elektroninis-wi-fi-termostatas-termoreguliatorius-wellmo-wth07-36-black\/","title":{"rendered":"Elektroninis WI-FI termostatas (termoreguliatorius) Wellmo WTH07.36 Black"},"content":{"rendered":"<p style=\"text-align: justify;\"><strong>Programuojamas termostatas<\/strong> (termoreguliatorius) Wellmo WTH07.36 WiFi black yra lie\u010diamu ekranu ir \u012f sien\u0105 \u012fleid\u017eiamas <strong>thermostat<\/strong>, skirtas \u0161ildom\u0173 grind\u0173 ir patalp\u0173 temperat\u016bros reguliavimui. Integruotos WI-FI funkcijos d\u0117ka savo nam\u0173 \u0161iluma gal\u0117site r\u016bpintis nuotoliniu b\u016bdu, naudojantis mobiliojo telefono i\u0161mani\u0105j\u0105 program\u0117le. Tereikia i\u0161 Apple Store ar Google Play Store atsisi\u0173sti program\u0117l\u0119 &quot;MyHouse Pro&quot; ir susik\u016brus paskyr\u0105, susieti su termoreguliatoriumi.<\/p>\n<p style=\"text-align: justify;\"><strong>Programuojamas termostatas<\/strong> (termoreguliatorius) Wellmo WTH07.36 WiFi black leid\u017eia, pagal poreik\u012f, \u012fjungti arba i\u0161jungti \u0161ildymo funkcij\u0105 j\u016bs\u0173 namuose. Jis veikia reguliuodamas temperat\u016br\u0105 pagal eil\u0119 u\u017eprogramuot\u0173 nustatym\u0173, kurie \u012fgalina prietaiso veikim\u0105 tam tikru paros metu. Patalpos <strong>thermostat<\/strong> fiksuoja esam\u0105 patalpos temperat\u016br\u0105 ir \u012fjungia \u0161ildymo funkcij\u0105, kai patalpos temperat\u016bra nukrinta \u017eemiau nustatytosios termostato temperat\u016bros. Taigi <strong>programuojamas termostatas<\/strong> (termoreguliatorius) Wellmo WTH07.36 WiFi black leid\u017eia jums pasirinkti laik\u0105, kada norite, jog \u0161ildymas b\u016bt\u0173 \u012fjungtas, ir kokia temperat\u016bra turi b\u016bti pasiekta \u0161ildymo metu. Jis leid\u017eia nustatyti skirtingas temperat\u016bros vertes skirtingam paros metui (ir savait\u0117s dienoms), kad \u0161ildymo sistemos veikimas atitikt\u0173 j\u016bs\u0173 poreikius.<\/p>\n<p style=\"text-align: justify;\">Technical information:<\/p>\n<ul>\n<li style=\"text-align: justify;\">\n\t\t<span>Maitinimas: 110 ~ 230 VAC, 50 ~ 60 Hz;<\/span><\/li>\n<li style=\"text-align: justify;\">\n\t\t<span>Srovin\u0117 apkrova: 16A;<\/span><\/li>\n<li style=\"text-align: justify;\">\n\t\t<span>Tikslumas: &plusmn;1&deg;C;<\/span><\/li>\n<li style=\"text-align: justify;\">\n\t\t<span>Nustatom\u0173 temp. diapozonas: 5 &ndash; 35 &deg;C;<\/span><\/li>\n<li style=\"text-align: justify;\">\n\t\t<span>Grind\u0173 temperat\u016bros diapozonas: 20-45\u2103;<\/span><\/li>\n<li style=\"text-align: justify;\">\n\t\t<span>Naudojama galia: 1 W;<\/span><\/li>\n<li style=\"text-align: justify;\">\n\t\t<span>LCD ekrano dydis: 3.5 coli\u0173;<\/span><\/li>\n<li style=\"text-align: justify;\">\n\t\t<span>I\u0161matavimai (PxAxI mm): 96 x 86 x&nbsp; 42.5;<\/span><\/li>\n<li style=\"text-align: justify;\">\n\t\t<span><strong>Apsaugos klas\u0117: IP40.<\/strong><\/span><\/li>\n<\/ul>\n<p style=\"text-align: justify;\"><a class=\"catalogue\" href=\"\/en\/images\/Userfiles\/Wellmo_WIFI_termostato_naujas1.pdf\/\" target=\"blank\">Download product manual<\/a><\/p>","protected":false},"excerpt":{"rendered":"<p>Programuojamas termostatas (termoreguliatorius) Wellmo WTH07.36 WiFi black yra lie\u010diamu ekranu ir \u012f sien\u0105 \u012fleid\u017eiamas termostatas, skirtas \u0161ildom\u0173 grind\u0173 ir patalp\u0173<\/p>","protected":false},"featured_media":24956,"comment_status":"closed","ping_status":"open","template":"","meta":[],"product_brand":[],"product_cat":[23],"product_tag":[535],"class_list":{"0":"post-24954","1":"product","2":"type-product","3":"status-publish","4":"has-post-thumbnail","6":"product_cat-be-kategorijos","7":"product_tag-naujiena","9":"first","10":"onbackorder","11":"taxable","12":"shipping-taxable","13":"product-type-variable"},"_links":{"self":[{"href":"https:\/\/orotech.lt\/en\/wp-json\/wp\/v2\/product\/24954","targetHints":{"allow":["GET"]}}],"collection":[{"href":"https:\/\/orotech.lt\/en\/wp-json\/wp\/v2\/product"}],"about":[{"href":"https:\/\/orotech.lt\/en\/wp-json\/wp\/v2\/types\/product"}],"replies":[{"embeddable":true,"href":"https:\/\/orotech.lt\/en\/wp-json\/wp\/v2\/comments?post=24954"}],"version-history":[{"count":1,"href":"https:\/\/orotech.lt\/en\/wp-json\/wp\/v2\/product\/24954\/revisions"}],"predecessor-version":[{"id":24955,"href":"https:\/\/orotech.lt\/en\/wp-json\/wp\/v2\/product\/24954\/revisions\/24955"}],"wp:featuredmedia":[{"embeddable":true,"href":"https:\/\/orotech.lt\/en\/wp-json\/wp\/v2\/media\/24956"}],"wp:attachment":[{"href":"https:\/\/orotech.lt\/en\/wp-json\/wp\/v2\/media?parent=24954"}],"wp:term":[{"taxonomy":"product_brand","embeddable":true,"href":"https:\/\/orotech.lt\/en\/wp-json\/wp\/v2\/product_brand?post=24954"},{"taxonomy":"product_cat","embeddable":true,"href":"https:\/\/orotech.lt\/en\/wp-json\/wp\/v2\/product_cat?post=24954"},{"taxonomy":"product_tag","embeddable":true,"href":"https:\/\/orotech.lt\/en\/wp-json\/wp\/v2\/product_tag?post=24954"}],"curies":[{"name":"wp","href":"https:\/\/api.w.org\/{rel}","templated":true}]}}