{"id":24957,"date":"2025-09-09T06:20:04","date_gmt":"2025-09-09T06:20:04","guid":{"rendered":"https:\/\/orotech.lt\/kistukinis-neprogramuojamas-termostatas-termoreguliatorius-trotec-bn30\/"},"modified":"2025-09-10T06:01:10","modified_gmt":"2025-09-10T06:01:10","slug":"kistukinis-neprogramuojamas-termostatas-termoreguliatorius-trotec-bn30","status":"publish","type":"product","link":"https:\/\/orotech.lt\/en\/kistukinis-neprogramuojamas-termostatas-termoreguliatorius-trotec-bn30\/","title":{"rendered":"Ki\u0161tukinis neprogramuojamas termostatas (termoreguliatorius) Trotec BN30"},"content":{"rendered":"<p>&lt;p style=&quot;text-align: justify;&quot;&gt;&lt;strong&gt;Ki&amp;scaron;tukinis neprogramuojamas termostatas&lt;\/strong&gt; (termoreguliatorius) Trotec BN30 valdo &amp;scaron;ildymo ir kondicionavimo prietais\u0173 temperat\u016br\u0105 nuo 5 &amp;deg;C iki 30 &amp;deg;C. Tiesiog \u012fki&amp;scaron;kite termostat\u0105 \u012f elektros lizd\u0105, o &amp;scaron;ildymo ar kondicionavimo \u012frengin\u012f prijunkite laidu prie termostato. &lt;strong&gt;Ki&amp;scaron;tukinis neprogramuojamas termostatas&lt;\/strong&gt; (termoreguliatorius) Trotec BN30 matuoja esam\u0105 kambario temperat\u016br\u0105 (naudojant integruotus jutiklius) ir pagal tai reguliuoja prie jo prijungtus &amp;scaron;ildymo\/kondicionavimo prietaisus.&amp;nbsp;&lt;strong&gt;Ki&amp;scaron;tukinis neprogramuojamas termostatas&lt;\/strong&gt; (termoreguliatorius) Trotec BN30 turi jutiklius, kurie&amp;nbsp;matuoja kambario temperat\u016br\u0105 10 sekund\u017ei\u0173 intervalais ir reguliuoja prijungt\u0105 &amp;scaron;ildymo arba oro kondicionavimo \u012frengin\u012f pagal u\u017eprogramuot\u0105 temperat\u016br\u0105. Platus termostato ekranas rodo esam\u0105 kambario temperat\u016br\u0105 bei dingus elektrai i&amp;scaron;saugo nustatytus parametrus. &lt;strong&gt;Ki&amp;scaron;tukinis neprogramuojamas termostatas&lt;\/strong&gt; (termoreguliatorius) Trotec BN30 leis m\u0117gautis universaliu naudojimu ir nuolatine &amp;scaron;vara &amp;ndash; d\u0117l ki&amp;scaron;tukinio \u012frenginio tipo, jo nereik\u0117s \u012fleidin\u0117ti ar kitaip \u012fmontuoti \u012f sien\u0105.&amp;nbsp; Taip pat, &amp;scaron;is Trotec BN30 &lt;strong&gt;thermostat&lt;\/strong&gt; d\u017eiugins paprastu naudojimu ir efektyviu veikimu!&lt;\/p&gt;<br \/>\n&lt;p style=&quot;text-align: justify;&quot;&gt;&lt;strong&gt;Technical information:&lt;\/strong&gt;&lt;\/p&gt;<br \/>\n&lt;ul&gt;<br \/>\n&lt;li style=&quot;text-align: justify;&quot;&gt;paskirtis: &amp;scaron;ildymo bei kondicionavimo prietaisams valdyti;&lt;\/li&gt;<br \/>\n&lt;li style=&quot;text-align: justify;&quot;&gt;darbin\u0117 temperat\u016bra: nuo -10 &amp;deg;C iki 70 &amp;deg;C;&lt;\/li&gt;<br \/>\n&lt;li style=&quot;text-align: justify;&quot;&gt;reguliuojama temperat\u016bra: nuo 5 &amp;deg;C iki 30 &amp;deg;C;&lt;\/li&gt;<br \/>\n&lt;li style=&quot;text-align: justify;&quot;&gt;matavimo paklaida\/intervalas: 0.5 &amp;deg;C \/ 10 s;&lt;\/li&gt;<br \/>\n&lt;li style=&quot;text-align: justify;&quot;&gt;integruota EEPROM&amp;nbsp;atmintis;&lt;\/li&gt;<br \/>\n&lt;li style=&quot;text-align: justify;&quot;&gt;indukcin\u0117\/rezistin\u0117 apkrova: 2A \/ 16A;&lt;\/li&gt;<br \/>\n&lt;li style=&quot;text-align: justify;&quot;&gt;ekranas: LCD;&lt;\/li&gt;<br \/>\n&lt;li style=&quot;text-align: justify;&quot;&gt;apsaugos klas\u0117: IP20;&lt;\/li&gt;<br \/>\n&lt;li style=&quot;text-align: justify;&quot;&gt;maitinimas: 230V \/ 50 Hz;&lt;\/li&gt;<br \/>\n&lt;li style=&quot;text-align: justify;&quot;&gt;ki&amp;scaron;tuko jungtis: CEE 7\/7.&lt;\/li&gt;<br \/>\n&lt;li style=&quot;text-align: justify;&quot;&gt;i&amp;scaron;matavimai: 140x60x75 mm.&lt;\/li&gt;<br \/>\n&lt;\/ul&gt;<br \/>\n&lt;p style=&quot;text-align: justify;&quot;&gt;&lt;a class=&quot;catalogue&quot; href=&quot;https:\/\/www.rubisolis.lt\/failai\/files\/produktu%20pdf\/Trotec\/Matavimai\/Trotec%20BN30%20naudojimo%20instrukcija.pdf&quot; target=&quot;blank&quot;&gt;Download product manual &lt;\/a&gt;&lt;\/p&gt;<\/p>","protected":false},"excerpt":{"rendered":"<p>&lt;p style=&quot;text-align: justify;&quot;&gt;&lt;strong&gt;Ki&amp;scaron;tukinis neprogramuojamas termostatas&lt;\/strong&gt; (termoreguliatorius) Trotec BN30 valdo &amp;scaron;ildymo ir kondicionavimo prietais\u0173 temperat\u016br\u0105 nuo 5 &amp;deg;C iki 30 &amp;deg;C.<\/p>","protected":false},"featured_media":24959,"comment_status":"closed","ping_status":"open","template":"","meta":[],"product_brand":[],"product_cat":[23],"product_tag":[535],"class_list":{"0":"post-24957","1":"product","2":"type-product","3":"status-publish","4":"has-post-thumbnail","6":"product_cat-be-kategorijos","7":"product_tag-naujiena","9":"first","10":"onbackorder","11":"taxable","12":"shipping-taxable","13":"product-type-variable"},"_links":{"self":[{"href":"https:\/\/orotech.lt\/en\/wp-json\/wp\/v2\/product\/24957","targetHints":{"allow":["GET"]}}],"collection":[{"href":"https:\/\/orotech.lt\/en\/wp-json\/wp\/v2\/product"}],"about":[{"href":"https:\/\/orotech.lt\/en\/wp-json\/wp\/v2\/types\/product"}],"replies":[{"embeddable":true,"href":"https:\/\/orotech.lt\/en\/wp-json\/wp\/v2\/comments?post=24957"}],"version-history":[{"count":1,"href":"https:\/\/orotech.lt\/en\/wp-json\/wp\/v2\/product\/24957\/revisions"}],"predecessor-version":[{"id":24958,"href":"https:\/\/orotech.lt\/en\/wp-json\/wp\/v2\/product\/24957\/revisions\/24958"}],"wp:featuredmedia":[{"embeddable":true,"href":"https:\/\/orotech.lt\/en\/wp-json\/wp\/v2\/media\/24959"}],"wp:attachment":[{"href":"https:\/\/orotech.lt\/en\/wp-json\/wp\/v2\/media?parent=24957"}],"wp:term":[{"taxonomy":"product_brand","embeddable":true,"href":"https:\/\/orotech.lt\/en\/wp-json\/wp\/v2\/product_brand?post=24957"},{"taxonomy":"product_cat","embeddable":true,"href":"https:\/\/orotech.lt\/en\/wp-json\/wp\/v2\/product_cat?post=24957"},{"taxonomy":"product_tag","embeddable":true,"href":"https:\/\/orotech.lt\/en\/wp-json\/wp\/v2\/product_tag?post=24957"}],"curies":[{"name":"wp","href":"https:\/\/api.w.org\/{rel}","templated":true}]}}