{"id":24970,"date":"2025-09-09T06:20:50","date_gmt":"2025-09-09T06:20:50","guid":{"rendered":"https:\/\/orotech.lt\/ismanioji-wi-fi-rozete-feelspot-sl01-16-16a-su-energijos-matavimo-funkcija\/"},"modified":"2025-09-10T06:05:04","modified_gmt":"2025-09-10T06:05:04","slug":"ismanioji-wi-fi-rozete-feelspot-sl01-16-16a-su-energijos-matavimo-funkcija","status":"publish","type":"product","link":"https:\/\/orotech.lt\/en\/ismanioji-wi-fi-rozete-feelspot-sl01-16-16a-su-energijos-matavimo-funkcija\/","title":{"rendered":"I\u0161manioji Wi-Fi rozet\u0117 Feelspot SL01.16, 16A, su energijos matavimo funkcija"},"content":{"rendered":"<p>&lt;p style=&quot;text-align: justify;&quot;&gt;&lt;strong&gt;I&amp;scaron;manioji Wi-Fi rozet\u0117&amp;nbsp;&lt;\/strong&gt;Feelspot SL01.16 yra skirtas nuotoliniu b\u016bdu valdyti elektronin\u0117s technikos prietais\u0173 ON\/OFF pad\u0117t\u012f, mobiliaisiais \u012frenginiais, naudojant i&amp;scaron;mani\u0105j\u0105 program\u0117l\u0119 &lt;a href=&quot;https:\/\/play.google.com\/store\/apps\/details?id=com.tuya.smartlife&amp;amp;hl=lt&amp;amp;gl=US&quot; target=&quot;_blank&quot; rel=&quot;noopener&quot;&gt;&amp;bdquo;Smart Life&amp;ldquo;&lt;\/a&gt; or &lt;a href=&quot;https:\/\/play.google.com\/store\/apps\/details?id=com.tuya.smart&amp;amp;hl=lt&amp;amp;gl=US&quot; target=&quot;_blank&quot; rel=&quot;noopener&quot;&gt;&amp;bdquo;Tuya&amp;ldquo;&lt;\/a&gt;. &lt;strong&gt;I&amp;scaron;manioji Wi-Fi rozet\u0117&lt;\/strong&gt; Feelspot SL01.16 &amp;nbsp;taip pat veikia kaip elektros s\u0105naud\u0173 matuoklis.&lt;\/p&gt;<br \/>\n&lt;p style=&quot;text-align: justify;&quot;&gt;I&amp;scaron;manioji Wi-Fi rozet\u0117 pasi\u017eymi paprastu naudojimu -&amp;nbsp;tiesiog parsisi\u0173skite program\u0117l\u0119 i&amp;scaron; Google Play arba Apps store parduotuvi\u0173. Tuomet \u012fki&amp;scaron;kite ki&amp;scaron;tuk\u0105 \u012f elektros lizd\u0105 bei naudodamiesi instrukcija ekrane susiekite j\u012f su i&amp;scaron;maniuoju \u012frenginiu. Dabar \u012fjunkite norim\u0105 valdyti elektros prietais\u0105 \u012f i&amp;scaron;mani\u0105j\u0105 Wi-Fi rozet\u0119 ir j\u016bs jau pasiruo&amp;scaron;\u0119! Taip pat, i&amp;scaron;mani\u0105j\u0105 rozet\u0119 Feelspot SL01.16&amp;nbsp;galite valdyti balso asistent\u0173 &amp;bdquo;Amazon Alexa&amp;ldquo; ir &amp;bdquo;Google Home&amp;ldquo; pagalba.&lt;\/p&gt;<br \/>\n&lt;p style=&quot;text-align: justify;&quot;&gt;Aplikacijoje galite \u012fjungti\/i&amp;scaron;jungti aptiktus prietaisus nuotoliniu b\u016bdu arba nustatyti tam tikr\u0105 \u012fsijungimo\/i&amp;scaron;jungimo laik\u0105, taip sutaupydami elektros. Tur\u0117dami kelet\u0105 \u012frengini\u0173, sujungt\u0173 \u012f WI-FI ki&amp;scaron;tukus, aplikacijoje galite sukurti kelet\u0105 veiksm\u0173 \u012f vien\u0105 bendr\u0105, pvz.: \u012fjungti kambario &amp;scaron;viesas ir &amp;scaron;ildytuv\u0105 prie&amp;scaron; gr\u012f\u017etant namo, arba muzik\u0105 ir &amp;scaron;vies\u0105 ryte vietoj \u017eadintuvo.&lt;\/p&gt;<br \/>\n&lt;p style=&quot;text-align: justify;&quot;&gt;Dar daugiau, &amp;bdquo;Smart Life&amp;ldquo; program\u0117l\u0117je gal\u0117site realiu laiku patikrinti suvartojamos energijos kiek\u012f arba pasi\u017ei\u016br\u0117ti suvartojimo istorij\u0105.&amp;nbsp;&lt;\/p&gt;<br \/>\n&lt;p style=&quot;text-align: justify;&quot;&gt;&lt;strong&gt;Advantages:&lt;\/strong&gt;&lt;\/p&gt;<br \/>\n&lt;ul&gt;<br \/>\n&lt;li&gt;El. prietais\u0173 \u012fjungimas ir i&amp;scaron;jungimas net neb\u016bnant namuose su &amp;bdquo;Smart Life&amp;ldquo; arba &amp;bdquo;Tuya&amp;ldquo; program\u0117l\u0117mis!&lt;\/li&gt;<br \/>\n&lt;li&gt;El. prietais\u0173 \u012fjungimas ir i&amp;scaron;jungimas rankiniu b\u016bdu &#8211; mygtuku&lt;\/li&gt;<br \/>\n&lt;li&gt;Galima sudaryti el. prietais\u0173 \u012fjungimo ir i&amp;scaron;jungimo grafik\u0105&lt;\/li&gt;<br \/>\n&lt;li&gt;&lt;strong&gt;I&amp;scaron;manioji Wi-Fi rozet\u0117&lt;\/strong&gt;&amp;nbsp;Feelspot SL01.16 turi laikma\u010dio funkcij\u0105, kurios d\u0117ka galimas el. prietais\u0173 i&amp;scaron;sijungimas nustatytu laiku&lt;\/li&gt;<br \/>\n&lt;li&gt;Valdymas balsu per Google Assistant ar Amazon Alexa&lt;\/li&gt;<br \/>\n&lt;li&gt;Galima steb\u0117ti \u012ftamp\u0105, srov\u0119, naudojam\u0105 gali\u0105, suvartot\u0105 dienos ar m\u0117nesio energij\u0105&lt;\/li&gt;<br \/>\n&lt;li&gt;Nereikia papildom\u0173 \u012frengini\u0173, u\u017etenka interneto ry&amp;scaron;io ir program\u0117l\u0117s!&lt;\/li&gt;<br \/>\n&lt;\/ul&gt;<br \/>\n&lt;p&gt;&lt;strong&gt;Technical characteristics:&lt;\/strong&gt;&lt;\/p&gt;<br \/>\n&lt;ul&gt;<br \/>\n&lt;li&gt;Maitinimas: AC 85-230V &amp;plusmn;10% ;50\/60Hz;&lt;\/li&gt;<br \/>\n&lt;li&gt;Nominali srov\u0117: 16 A;&lt;\/li&gt;<br \/>\n&lt;li&gt;Da\u017eniai: 2.412~2.484GHz;&lt;\/li&gt;<br \/>\n&lt;li&gt;WI-FI da\u017enio veikimo nuotolis: iki 45 m;&lt;\/li&gt;<br \/>\n&lt;li&gt;Darbo temperat\u016bros intervalas: nuo 0\u2103 iki 40\u2103;&lt;\/li&gt;<br \/>\n&lt;li&gt;Darbo dr\u0117gm\u0117s intervalas: nuo 20% iki 85%;&lt;\/li&gt;<br \/>\n&lt;li&gt;Korpusas: PC+ABS;&lt;\/li&gt;<br \/>\n&lt;li&gt;I&amp;scaron;matavimai (mm): 43 x 43 x 65.&lt;\/li&gt;<br \/>\n&lt;\/ul&gt;<br \/>\n&lt;p&gt;&lt;strong&gt;Features: &lt;\/strong&gt;&lt;\/p&gt;<br \/>\n&lt;ul&gt;<br \/>\n&lt;li&gt;Lengva naudoti;&lt;\/li&gt;<br \/>\n&lt;li&gt;&amp;bdquo;Smart life&amp;ldquo; program\u0117le prietais\u0105 valdysite i&amp;scaron; bet kur ir bet kada;&lt;\/li&gt;<br \/>\n&lt;li&gt;\u012e\u017eemintas lizdas u\u017etikrina saug\u0173 elektros prietais\u0173 naudojim\u0105;&lt;\/li&gt;<br \/>\n&lt;li&gt;Galima valdyti WI-FI ry&amp;scaron;iu;&lt;\/li&gt;<br \/>\n&lt;li&gt;Galimyb\u0117 kurti prietais\u0173 grupes bei valdyti vienu mygtuku.&lt;\/li&gt;<br \/>\n&lt;li&gt;I&amp;scaron;manusis ki&amp;scaron;tukas suderinamas su &amp;bdquo;Amazon Alexa Echo&amp;ldquo;, &amp;bdquo;Google&amp;ldquo; balso asistentais.&lt;\/li&gt;<br \/>\n&lt;\/ul&gt;<br \/>\n&lt;p style=&quot;text-align: center;&quot;&gt;&lt;iframe src=&quot;https:\/\/www.youtube.com\/embed\/32XiEvOw4pI?si=pvzArY-jEP2ncoRE&quot; frameborder=&quot;0&quot; width=&quot;560&quot; height=&quot;315&quot;&gt;&lt;\/iframe&gt;&lt;\/p&gt;<br \/>\n&lt;p&gt;&amp;nbsp;&lt;\/p&gt;<br \/>\n&lt;p&gt;&lt;a class=&quot;catalogue&quot; style=&quot;text-align: justify;&quot; href=&quot;\/en\/images\/Userfiles\/Feelspot_ismanus_kistukas_SL01.16_instrukcija_LT.pdf\/&quot; target=&quot;blank&quot;&gt;Download product manual&lt;\/a&gt;&lt;\/p&gt;<\/p>","protected":false},"excerpt":{"rendered":"<p>&lt;p style=&quot;text-align: justify;&quot;&gt;&lt;strong&gt;I&amp;scaron;manioji Wi-Fi rozet\u0117&amp;nbsp;&lt;\/strong&gt;Feelspot SL01.16 yra skirtas nuotoliniu b\u016bdu valdyti elektronin\u0117s technikos prietais\u0173 ON\/OFF pad\u0117t\u012f, mobiliaisiais \u012frenginiais, naudojant i&amp;scaron;mani\u0105j\u0105<\/p>","protected":false},"featured_media":24972,"comment_status":"closed","ping_status":"open","template":"","meta":[],"product_brand":[],"product_cat":[23],"product_tag":[535],"class_list":{"0":"post-24970","1":"product","2":"type-product","3":"status-publish","4":"has-post-thumbnail","6":"product_cat-be-kategorijos","7":"product_tag-naujiena","9":"first","10":"onbackorder","11":"taxable","12":"shipping-taxable","13":"product-type-variable"},"_links":{"self":[{"href":"https:\/\/orotech.lt\/en\/wp-json\/wp\/v2\/product\/24970","targetHints":{"allow":["GET"]}}],"collection":[{"href":"https:\/\/orotech.lt\/en\/wp-json\/wp\/v2\/product"}],"about":[{"href":"https:\/\/orotech.lt\/en\/wp-json\/wp\/v2\/types\/product"}],"replies":[{"embeddable":true,"href":"https:\/\/orotech.lt\/en\/wp-json\/wp\/v2\/comments?post=24970"}],"version-history":[{"count":1,"href":"https:\/\/orotech.lt\/en\/wp-json\/wp\/v2\/product\/24970\/revisions"}],"predecessor-version":[{"id":24971,"href":"https:\/\/orotech.lt\/en\/wp-json\/wp\/v2\/product\/24970\/revisions\/24971"}],"wp:featuredmedia":[{"embeddable":true,"href":"https:\/\/orotech.lt\/en\/wp-json\/wp\/v2\/media\/24972"}],"wp:attachment":[{"href":"https:\/\/orotech.lt\/en\/wp-json\/wp\/v2\/media?parent=24970"}],"wp:term":[{"taxonomy":"product_brand","embeddable":true,"href":"https:\/\/orotech.lt\/en\/wp-json\/wp\/v2\/product_brand?post=24970"},{"taxonomy":"product_cat","embeddable":true,"href":"https:\/\/orotech.lt\/en\/wp-json\/wp\/v2\/product_cat?post=24970"},{"taxonomy":"product_tag","embeddable":true,"href":"https:\/\/orotech.lt\/en\/wp-json\/wp\/v2\/product_tag?post=24970"}],"curies":[{"name":"wp","href":"https:\/\/api.w.org\/{rel}","templated":true}]}}