{"id":24977,"date":"2025-09-09T06:20:50","date_gmt":"2025-09-09T06:20:50","guid":{"rendered":"https:\/\/orotech.lt\/kistukinis-patalpos-higrostatas-trotec-bh-30\/"},"modified":"2025-09-10T06:05:05","modified_gmt":"2025-09-10T06:05:05","slug":"kistukinis-patalpos-higrostatas-trotec-bh-30","status":"publish","type":"product","link":"https:\/\/orotech.lt\/en\/kistukinis-patalpos-higrostatas-trotec-bh-30\/","title":{"rendered":"Ki\u0161tukinis patalpos higrostatas Trotec BH 30"},"content":{"rendered":"<p style=\"text-align: justify;\"><strong>Ki\u0161tukinis higrostatas<\/strong> Trotec BH 30 leid\u017eia reguliuoti dr\u0117gm\u0117s lyg\u012f 1% \u017eingsniais, intervale nuo 20% iki 90%, naudojant prijungtus dr\u0117kintuvus, oro v\u0117sintuvus arba sausintuvus. Patogus ki\u0161tuko adapteris automati\u0161kai \u012fjungia arba i\u0161jungia \u0161iuos \u012frenginius ir taip u\u017etikrina malon\u0173 klimat\u0105 bei taupo energij\u0105 &ndash; i\u0161vengiama nereikalingo \u012frangos veikimo laiko. Dr\u0117gmei ore vir\u0161ijus arba nukritus \u017eemiau nustatyt\u0173 rib\u0173, <strong>ki\u0161tukinis higrostatas<\/strong> automati\u0161kai \u012fjungia arba i\u0161jungia prijungtus dr\u0117gm\u0119 reguliuojan\u010dius \u012frenginius, pvz. dr\u0117kintuv\u0105, jei oras per sausas, ir sausintuv\u0105, jei dr\u0117gm\u0117s lygis per \u017eemas. \u0160is <strong>ki\u0161tukinis higrostatas<\/strong>&nbsp;idealus naudoti su \u012frenginiais, kurie neturi jau integruoto higrostato funkcijos.<\/p>\n<p><strong>Advantages:<\/strong><\/p>\n<ul>\n<li>\n\t\tPaprastas valdymas ir programavimas;<\/li>\n<li>\n\t\tNuolatinis dr\u0117kintuv\u0173 ir sausintuv\u0173 reguliavimas iki nustatytos dr\u0117gm\u0117s vert\u0117s;<\/li>\n<li>\n\t\tDr\u0117gm\u0117s lygio reguliavimas nuo 20 % iki 90 % RH;<\/li>\n<li>\n\t\tApsauga nuo nereikalingo veikimo laiko d\u0117l automatinio \u012frenginio \u012fjungimo\/i\u0161jungimo;<\/li>\n<li>\n\t\tVeikimo b\u016bsen\u0105 galima atpa\u017einti pagal raudon\u0105 arba \u017eali\u0105 indikatoriaus lemput\u0119;<\/li>\n<li>\n\t\tLengvai skaitomas ekranas;<\/li>\n<li>\n\t\tPasirinkt\u0173 nustatym\u0173 atstatymo funkcija;<\/li>\n<li>\n\t\tVieta atsarginei baterijai, skirta i\u0161saugoti pasirinktiems nustatymams.<\/li>\n<\/ul>\n<p><strong>Technical information:<\/strong><\/p>\n<ul>\n<li>\n\t\tValdymo diapazonas min.: 20% RH;<\/li>\n<li>\n\t\tValdymo diapazonas maks.: 90% RH;<\/li>\n<li>\n\t\tTikslumas: &plusmn; 5% RH;<\/li>\n<li>\n\t\tApsaugos klas\u0117: IP30;<\/li>\n<li>\n\t\tMatavimo intervalas: 10s;<\/li>\n<li>\n\t\tVar\u017ein\u0117 apkrova: 16 A \/ 3,680 VA;<\/li>\n<li>\n\t\tIndukcin\u0117 apkrova: 9 A \/ 2,070 VA;<\/li>\n<li>\n\t\tJungtis: CEE 7\/3;<\/li>\n<li>\n\t\tVienspalvis LCD ekranas;<\/li>\n<li>\n\t\t\u012erenginys valdomas mygtuk\u0173 pagalba;<\/li>\n<li>\n\t\tPlastikinis korpusas;<\/li>\n<li>\n\t\tIzoliacija: I apsaugos klas\u0117;<\/li>\n<li>\n\t\tMaitinimas: Baterijos tipas 1x 3V, CR2032;<\/li>\n<li>\n\t\tPower supply: 230V\/50Hz;<\/li>\n<li>\n\t\tVeikimo aplinkos s\u0105lygos &ndash; temperat\u016bra: nuo 5&deg;C iki 35&deg;C;<\/li>\n<li>\n\t\tVeikimo aplinkos s\u0105lygos &ndash; santyk. dr\u0117gm\u0117: maks. 95 % RH;<\/li>\n<li>\n\t\tLaikymo aplinkos s\u0105lygos &ndash; temperat\u016bra: -10&deg;C iki +50&deg;C;<\/li>\n<li>\n\t\tLaikymo aplinkos s\u0105lygos &ndash; dr\u0117gm\u0117: maks. 80% RH;<\/li>\n<li>\n\t\tMatmenys: 126x68x76 (mm);<\/li>\n<li>\n\t\tSvoris: 0,165 kg.<\/li>\n<\/ul>\n<p><a class=\"catalogue\" href=\"\/en\/images\/Userfiles\/www.rubisolis.lt_Kistukinis_patalpos_higrostatas_Trotec_BH_30_BH30_Socket_Hygrostat.PDF\/\" style=\"text-align: justify;\" target=\"blank\">Download product manual<\/a><\/p>","protected":false},"excerpt":{"rendered":"<p>Ki\u0161tukinis higrostatas Trotec BH 30 leid\u017eia reguliuoti dr\u0117gm\u0117s lyg\u012f 1% \u017eingsniais, intervale nuo 20% iki 90%, naudojant prijungtus dr\u0117kintuvus, oro<\/p>","protected":false},"featured_media":24979,"comment_status":"closed","ping_status":"open","template":"","meta":[],"product_brand":[],"product_cat":[23],"product_tag":[535],"class_list":{"0":"post-24977","1":"product","2":"type-product","3":"status-publish","4":"has-post-thumbnail","6":"product_cat-be-kategorijos","7":"product_tag-naujiena","9":"first","10":"onbackorder","11":"taxable","12":"shipping-taxable","13":"product-type-variable"},"_links":{"self":[{"href":"https:\/\/orotech.lt\/en\/wp-json\/wp\/v2\/product\/24977","targetHints":{"allow":["GET"]}}],"collection":[{"href":"https:\/\/orotech.lt\/en\/wp-json\/wp\/v2\/product"}],"about":[{"href":"https:\/\/orotech.lt\/en\/wp-json\/wp\/v2\/types\/product"}],"replies":[{"embeddable":true,"href":"https:\/\/orotech.lt\/en\/wp-json\/wp\/v2\/comments?post=24977"}],"version-history":[{"count":1,"href":"https:\/\/orotech.lt\/en\/wp-json\/wp\/v2\/product\/24977\/revisions"}],"predecessor-version":[{"id":24978,"href":"https:\/\/orotech.lt\/en\/wp-json\/wp\/v2\/product\/24977\/revisions\/24978"}],"wp:featuredmedia":[{"embeddable":true,"href":"https:\/\/orotech.lt\/en\/wp-json\/wp\/v2\/media\/24979"}],"wp:attachment":[{"href":"https:\/\/orotech.lt\/en\/wp-json\/wp\/v2\/media?parent=24977"}],"wp:term":[{"taxonomy":"product_brand","embeddable":true,"href":"https:\/\/orotech.lt\/en\/wp-json\/wp\/v2\/product_brand?post=24977"},{"taxonomy":"product_cat","embeddable":true,"href":"https:\/\/orotech.lt\/en\/wp-json\/wp\/v2\/product_cat?post=24977"},{"taxonomy":"product_tag","embeddable":true,"href":"https:\/\/orotech.lt\/en\/wp-json\/wp\/v2\/product_tag?post=24977"}],"curies":[{"name":"wp","href":"https:\/\/api.w.org\/{rel}","templated":true}]}}