{"id":24997,"date":"2025-09-09T06:20:50","date_gmt":"2025-09-09T06:20:50","guid":{"rendered":"https:\/\/orotech.lt\/ismanusis-scenariju-jungiklis-mygtukas-feelspot-fs-wsw01w-wi-fi-tuya\/"},"modified":"2025-09-10T06:05:07","modified_gmt":"2025-09-10T06:05:07","slug":"ismanusis-scenariju-jungiklis-mygtukas-feelspot-fs-wsw01w-wi-fi-tuya","status":"publish","type":"product","link":"https:\/\/orotech.lt\/en\/ismanusis-scenariju-jungiklis-mygtukas-feelspot-fs-wsw01w-wi-fi-tuya\/","title":{"rendered":"I\u0161manusis scenarij\u0173 jungiklis \u2013 mygtukas  Feelspot FS-WSW01W Wi-Fi, Tuya"},"content":{"rendered":"<p>&lt;p style=&quot;text-align: justify;&quot;&gt;I&amp;scaron;manusis scenarij\u0173 jungiklis &amp;ndash; mygtukas &amp;nbsp; Feelspot FS-WSW01W, tai prietaisas, kuris suteikia patog\u0173 ir efektyv\u0173 b\u016bd\u0105 valdyti \u012fvairias scenas j\u016bs\u0173 namuose, biure ar kitose patalpose.&lt;\/p&gt;<br \/>\n&lt;p style=&quot;text-align: justify;&quot;&gt;&lt;strong&gt;I&amp;scaron;maniojo scen\u0173 valdiklio Feelspot FS-WSW01W&amp;nbsp; funkcionalumas ir savyb\u0117s:&lt;\/strong&gt;&lt;\/p&gt;<br \/>\n&lt;p style=&quot;text-align: justify;&quot;&gt;&lt;strong&gt;I&amp;scaron;manusis valdymas:&lt;\/strong&gt; &amp;Scaron;is scenarij\u0173 jungiklis &amp;ndash; mygtukas &amp;nbsp; yra sujungiamas su i&amp;scaron;maniosiomis technologijomis, tod\u0117l galite valdyti \u012fvairias funkcijas per i&amp;scaron;man\u0173j\u012f telefon\u0105 arba plan&amp;scaron;etin\u012f kompiuter\u012f. Tai suteikia jums galimyb\u0119 valdyti ap&amp;scaron;vietim\u0105, &amp;scaron;ildym\u0105, au&amp;scaron;inim\u0105 ir kitus nam\u0173 funkcionalumus i&amp;scaron; bet kurios vietos.&lt;\/p&gt;<br \/>\n&lt;p style=&quot;text-align: justify;&quot;&gt;&lt;strong&gt;Scen\u0173 valdymas:&lt;\/strong&gt; Feelspot FS-WSW01W&amp;nbsp;leid\u017eia jums sukurti \u012fvairias scenas ir nustatyti jas pagal savo poreikius. Pavyzd\u017eiui, galite sukurti scen\u0105, kuri suma\u017eins &amp;scaron;vies\u0105, \u012fjungs atitinkam\u0105 muzik\u0105 ir nustatys tinkam\u0105 temperat\u016br\u0105.&lt;\/p&gt;<br \/>\n&lt;p style=&quot;text-align: justify;&quot;&gt;&lt;strong&gt;Integruotas laikmatis:&lt;\/strong&gt; &amp;Scaron;is valdiklis turi integruot\u0105 laikmat\u012f, kuris leid\u017eia jums nustatyti konkret\u0173 laik\u0105, kada tur\u0117t\u0173 b\u016bti \u012fvykdyta tam tikra scena. Tai ypa\u010d naudinga, jei norite, kad &amp;scaron;viesos b\u016bt\u0173 \u012fjungiamos arba i&amp;scaron;jungiamos automati&amp;scaron;kai tam tikru metu.&lt;\/p&gt;<br \/>\n&lt;p style=&quot;text-align: justify;&quot;&gt;&lt;strong&gt;Paprasta diegimas ir naudojimas:&lt;\/strong&gt; FS-WSW01W&amp;nbsp;yra lengva \u012fdiegti ir naudoti. Jums tereikia j\u012f prijungti prie j\u016bs\u0173 nam\u0173 tinklo ir konfig\u016bruoti norim\u0105 funkcionalum\u0105 per i&amp;scaron;mani\u0105j\u0105 program\u0117l\u0119.&lt;\/p&gt;<br \/>\n&lt;p style=&quot;text-align: justify;&quot;&gt;FS-WSW01W&amp;nbsp;yra modernus ir prakti&amp;scaron;kas \u012frenginys, kuris suteikia jums didel\u012f valdymo patogum\u0105 ir galimyb\u0119 kurti i&amp;scaron;manias scenas, pritaikytas j\u016bs\u0173 individualiems poreikiams.&amp;nbsp;&lt;\/p&gt;<br \/>\n&lt;p style=&quot;text-align: justify;&quot;&gt;&lt;em&gt;&lt;strong&gt;Atsisi\u0173skite&amp;nbsp;&amp;bdquo;Tuya&amp;ldquo;&amp;nbsp;arba &amp;bdquo;Smart Life&amp;ldquo; program\u0117l\u0119 Android operacinei sistemai:&lt;\/strong&gt;&lt;\/em&gt;&lt;\/p&gt;<br \/>\n&lt;p style=&quot;text-align: justify;&quot;&gt;&lt;a href=&quot;https:\/\/play.google.com\/store\/apps\/details?id=com.tuya.smart&amp;amp;hl=lt&amp;amp;gl=US&quot; target=&quot;_blank&quot; rel=&quot;noopener&quot;&gt;&lt;img style=&quot;width: 80px; height: 80px;&quot; src=&quot;\/images\/Userfiles\/www.rubisolis.lt_tuya_app.png&quot; alt=&quot;&quot; \/&gt;&lt;\/a&gt;&amp;nbsp; &amp;nbsp;&lt;a href=&quot;https:\/\/play.google.com\/store\/apps\/details?id=com.tuya.smartlife&amp;amp;hl=lt&amp;amp;gl=US&amp;amp;pli=1&quot; target=&quot;_blank&quot; rel=&quot;noopener&quot;&gt;&lt;img style=&quot;width: 80px; height: 80px;&quot; src=&quot;\/images\/Userfiles\/www.rubisolis.lt_smart_life_app.png&quot; alt=&quot;&quot; \/&gt;&lt;\/a&gt;&lt;\/p&gt;<br \/>\n&lt;p style=&quot;text-align: justify;&quot;&gt;&lt;em&gt;&lt;strong&gt;Atsisi\u0173skite &amp;bdquo;Tuya&amp;ldquo; arba &amp;bdquo;Smart Life&amp;ldquo; program\u0117l\u0119 iOS operacinei sistemai:&amp;nbsp;&lt;\/strong&gt;&lt;\/em&gt;&lt;\/p&gt;<br \/>\n&lt;p style=&quot;text-align: justify;&quot;&gt;&lt;a href=&quot;https:\/\/apps.apple.com\/us\/app\/tuya-smart\/id1034649547&quot; target=&quot;_blank&quot; rel=&quot;noopener&quot;&gt;&lt;img style=&quot;width: 80px; height: 80px;&quot; src=&quot;\/images\/Userfiles\/www.rubisolis.lt_tuya_app.png&quot; alt=&quot;&quot; \/&gt;&lt;\/a&gt;&amp;nbsp; &amp;nbsp;&lt;a href=&quot;https:\/\/apps.apple.com\/us\/app\/smart-life-smart-living\/id1115101477&quot; target=&quot;_blank&quot; rel=&quot;noopener&quot;&gt;&lt;img style=&quot;width: 80px; height: 80px;&quot; src=&quot;\/images\/Userfiles\/www.rubisolis.lt_smart_life_app.png&quot; alt=&quot;&quot; \/&gt;&lt;\/a&gt;&lt;\/p&gt;<\/p>","protected":false},"excerpt":{"rendered":"<p>&lt;p style=&quot;text-align: justify;&quot;&gt;I&amp;scaron;manusis scenarij\u0173 jungiklis &amp;ndash; mygtukas &amp;nbsp; Feelspot FS-WSW01W, tai prietaisas, kuris suteikia patog\u0173 ir efektyv\u0173 b\u016bd\u0105 valdyti \u012fvairias<\/p>","protected":false},"featured_media":24999,"comment_status":"closed","ping_status":"open","template":"","meta":[],"product_brand":[],"product_cat":[23],"product_tag":[535],"class_list":{"0":"post-24997","1":"product","2":"type-product","3":"status-publish","4":"has-post-thumbnail","6":"product_cat-be-kategorijos","7":"product_tag-naujiena","9":"first","10":"onbackorder","11":"taxable","12":"shipping-taxable","13":"product-type-variable"},"_links":{"self":[{"href":"https:\/\/orotech.lt\/en\/wp-json\/wp\/v2\/product\/24997","targetHints":{"allow":["GET"]}}],"collection":[{"href":"https:\/\/orotech.lt\/en\/wp-json\/wp\/v2\/product"}],"about":[{"href":"https:\/\/orotech.lt\/en\/wp-json\/wp\/v2\/types\/product"}],"replies":[{"embeddable":true,"href":"https:\/\/orotech.lt\/en\/wp-json\/wp\/v2\/comments?post=24997"}],"version-history":[{"count":1,"href":"https:\/\/orotech.lt\/en\/wp-json\/wp\/v2\/product\/24997\/revisions"}],"predecessor-version":[{"id":24998,"href":"https:\/\/orotech.lt\/en\/wp-json\/wp\/v2\/product\/24997\/revisions\/24998"}],"wp:featuredmedia":[{"embeddable":true,"href":"https:\/\/orotech.lt\/en\/wp-json\/wp\/v2\/media\/24999"}],"wp:attachment":[{"href":"https:\/\/orotech.lt\/en\/wp-json\/wp\/v2\/media?parent=24997"}],"wp:term":[{"taxonomy":"product_brand","embeddable":true,"href":"https:\/\/orotech.lt\/en\/wp-json\/wp\/v2\/product_brand?post=24997"},{"taxonomy":"product_cat","embeddable":true,"href":"https:\/\/orotech.lt\/en\/wp-json\/wp\/v2\/product_cat?post=24997"},{"taxonomy":"product_tag","embeddable":true,"href":"https:\/\/orotech.lt\/en\/wp-json\/wp\/v2\/product_tag?post=24997"}],"curies":[{"name":"wp","href":"https:\/\/api.w.org\/{rel}","templated":true}]}}