{"id":25021,"date":"2025-09-09T06:20:50","date_gmt":"2025-09-09T06:20:50","guid":{"rendered":"https:\/\/orotech.lt\/ismanusis-garazo-ir-kiemo-vartu-valdiklis-feelspot-fs-gc02w-wifi\/"},"modified":"2025-09-10T06:05:08","modified_gmt":"2025-09-10T06:05:08","slug":"ismanusis-garazo-ir-kiemo-vartu-valdiklis-feelspot-fs-gc02w-wifi","status":"publish","type":"product","link":"https:\/\/orotech.lt\/en\/ismanusis-garazo-ir-kiemo-vartu-valdiklis-feelspot-fs-gc02w-wifi\/","title":{"rendered":"I\u0161manusis gara\u017eo ir kiemo vart\u0173 valdiklis Feelspot FS-GC02W  WiFi"},"content":{"rendered":"<p>&lt;p&gt;Feelspot FS-GC02W&amp;nbsp; yra i&amp;scaron;manusis gara\u017eo ir kiemo vart\u0173&amp;nbsp; valdiklis, kuris sujungia moderni\u0105 technologij\u0105 su patogumu ir saugumu. &amp;Scaron;is valdiklis yra sukurtas tam, kad supaprastint\u0173 j\u016bs\u0173 gyvenim\u0105 ir padaryt\u0173 gara\u017eo dur\u0173 valdym\u0105 lengvesn\u012f bei efektyvesn\u012f.&lt;\/p&gt;<br \/>\n&lt;p&gt;Viena i&amp;scaron; pagrindini\u0173 Feelspot FS-GC02W&amp;nbsp; savybi\u0173 yra jo i&amp;scaron;manioji funkcionalumas. &amp;Scaron;is valdiklis gali b\u016bti integruotas su j\u016bs\u0173 i&amp;scaron;maniuoju telefonu ar plan&amp;scaron;ete, leisdamas jums valdyti gara\u017eo duris bet kur ir bet kada. Tai rei&amp;scaron;kia, kad gal\u0117site atidaryti, u\u017edaryti ar sustabdyti duris naudodamiesi specialia mobiliosios program\u0117le, net jei esate toli nuo savo gara\u017eo.&lt;\/p&gt;<br \/>\n&lt;p&gt;Be to, Feelspot FS-GC02W&amp;nbsp; valdiklis taip pat turi prakti&amp;scaron;kas funkcijas, kurios padidina j\u016bs\u0173 saugum\u0105. Valdiklis yra apr\u016bpintas nuotolinio valdymo technologija, kuri u\u017etikrina, kad tik j\u016bs arba tie, kuriems suteik\u0117te leidim\u0105, gali valdyti gara\u017eo duris. Tai apsaugo nuo nepageidaujam\u0173 asmen\u0173 prieigos prie j\u016bs\u0173 gara\u017eo ir saugo j\u016bs\u0173 turt\u0105.&lt;\/p&gt;<br \/>\n&lt;p&gt;Feelspot FS-GC02W&amp;nbsp; taip pat turi \u012fmontuot\u0105 saugos funkcij\u0105, kuri atpa\u017e\u012fsta kli\u016btis, pvz., automobilio ar kit\u0173 objekt\u0173, ir sustabdo dur\u0173 jud\u0117jim\u0105, kad i&amp;scaron;vengt\u0173 potenciali\u0173 pa\u017eeidim\u0173. Tai ypa\u010d naudinga, kai yra vaikai ar gyv\u016bnai, kurie gali b\u016bti gara\u017ee ir gal\u0117t\u0173 b\u016bti su\u017eeisti nepasteb\u0117ti dur\u0173 jud\u0117jimo.&amp;nbsp;&lt;\/p&gt;<br \/>\n&lt;p&gt;&amp;nbsp;&lt;\/p&gt;<br \/>\n&lt;p&gt;&lt;strong&gt;I&amp;scaron;maniojo&amp;nbsp;gara\u017eo ir kiemo vart\u0173&amp;nbsp;&amp;nbsp;valdiklio Feelspot FS-GC02W&amp;nbsp;&amp;nbsp;privalumai:&lt;\/strong&gt;&lt;\/p&gt;<br \/>\n&lt;ul&gt;<br \/>\n&lt;li&gt;Modelis: Feelspot FS-GC02W&amp;nbsp;&lt;\/li&gt;<br \/>\n&lt;li&gt;Valdymas: 1 kanalu&lt;\/li&gt;<br \/>\n&lt;li&gt;Laido ilgis: 5m&lt;\/li&gt;<br \/>\n&lt;li&gt;Maitinimo \u012fvestis: DC 5V&lt;\/li&gt;<br \/>\n&lt;li&gt;Matmenys: 61x 45x 22 mm&lt;\/li&gt;<br \/>\n&lt;li&gt;Belaid\u017eio ry&amp;scaron;io tipas: WI-FI 2.4GHz&lt;\/li&gt;<br \/>\n&lt;li&gt;Gali b\u016bti valdomas balso komandomis su Amazon Alexa, Google Home&amp;nbsp;&lt;\/li&gt;<br \/>\n&lt;\/ul&gt;<br \/>\n&lt;p style=&quot;text-align: justify;&quot;&gt;&lt;em&gt;&lt;strong&gt;Atsisi\u0173skite&amp;nbsp;&amp;bdquo;Tuya&amp;ldquo;&amp;nbsp;arba &amp;bdquo;Smart Life&amp;ldquo; program\u0117l\u0119 Android operacinei sistemai:&lt;\/strong&gt;&lt;\/em&gt;&lt;\/p&gt;<br \/>\n&lt;p style=&quot;text-align: justify;&quot;&gt;&lt;a href=&quot;https:\/\/play.google.com\/store\/apps\/details?id=com.tuya.smart&amp;amp;hl=lt&amp;amp;gl=US&quot; target=&quot;_blank&quot; rel=&quot;noopener&quot;&gt;&lt;img style=&quot;width: 80px; height: 80px;&quot; src=&quot;\/images\/Userfiles\/www.rubisolis.lt_tuya_app.png&quot; alt=&quot;&quot; \/&gt;&lt;\/a&gt;&amp;nbsp; &amp;nbsp;&lt;a href=&quot;https:\/\/play.google.com\/store\/apps\/details?id=com.tuya.smartlife&amp;amp;hl=lt&amp;amp;gl=US&amp;amp;pli=1&quot; target=&quot;_blank&quot; rel=&quot;noopener&quot;&gt;&lt;img style=&quot;width: 80px; height: 80px;&quot; src=&quot;\/images\/Userfiles\/www.rubisolis.lt_smart_life_app.png&quot; alt=&quot;&quot; \/&gt;&lt;\/a&gt;&lt;\/p&gt;<br \/>\n&lt;p style=&quot;text-align: justify;&quot;&gt;&lt;em&gt;&lt;strong&gt;Atsisi\u0173skite &amp;bdquo;Tuya&amp;ldquo; arba &amp;bdquo;Smart Life&amp;ldquo; program\u0117l\u0119 iOS operacinei sistemai:&amp;nbsp;&lt;\/strong&gt;&lt;\/em&gt;&lt;\/p&gt;<br \/>\n&lt;p style=&quot;text-align: justify;&quot;&gt;&lt;a href=&quot;https:\/\/apps.apple.com\/us\/app\/tuya-smart\/id1034649547&quot; target=&quot;_blank&quot; rel=&quot;noopener&quot;&gt;&lt;img style=&quot;width: 80px; height: 80px;&quot; src=&quot;\/images\/Userfiles\/www.rubisolis.lt_tuya_app.png&quot; alt=&quot;&quot; \/&gt;&lt;\/a&gt;&amp;nbsp; &amp;nbsp;&lt;a href=&quot;https:\/\/apps.apple.com\/us\/app\/smart-life-smart-living\/id1115101477&quot; target=&quot;_blank&quot; rel=&quot;noopener&quot;&gt;&lt;img style=&quot;width: 80px; height: 80px;&quot; src=&quot;\/images\/Userfiles\/www.rubisolis.lt_smart_life_app.png&quot; alt=&quot;&quot; \/&gt;&lt;\/a&gt;&lt;\/p&gt;<br \/>\n&lt;p style=&quot;text-align: justify;&quot;&gt;&lt;a class=&quot;catalogue&quot; href=&quot;\/en\/images\/Userfiles\/www.rubisolis.lt_WiFi_garazo_dur_valdiklis_feelspot_FS-GC02W_instrukcija_WiFi_Garage_Door_Controller_User_Manual.jpg\/&quot; target=&quot;blank&quot;&gt;Download product manual&lt;\/a&gt;&lt;\/p&gt;<\/p>","protected":false},"excerpt":{"rendered":"<p>&lt;p&gt;Feelspot FS-GC02W&amp;nbsp; yra i&amp;scaron;manusis gara\u017eo ir kiemo vart\u0173&amp;nbsp; valdiklis, kuris sujungia moderni\u0105 technologij\u0105 su patogumu ir saugumu. &amp;Scaron;is valdiklis yra<\/p>","protected":false},"featured_media":25023,"comment_status":"closed","ping_status":"open","template":"","meta":[],"product_brand":[],"product_cat":[23],"product_tag":[535],"class_list":{"0":"post-25021","1":"product","2":"type-product","3":"status-publish","4":"has-post-thumbnail","6":"product_cat-be-kategorijos","7":"product_tag-naujiena","9":"first","10":"onbackorder","11":"taxable","12":"shipping-taxable","13":"product-type-variable"},"_links":{"self":[{"href":"https:\/\/orotech.lt\/en\/wp-json\/wp\/v2\/product\/25021","targetHints":{"allow":["GET"]}}],"collection":[{"href":"https:\/\/orotech.lt\/en\/wp-json\/wp\/v2\/product"}],"about":[{"href":"https:\/\/orotech.lt\/en\/wp-json\/wp\/v2\/types\/product"}],"replies":[{"embeddable":true,"href":"https:\/\/orotech.lt\/en\/wp-json\/wp\/v2\/comments?post=25021"}],"version-history":[{"count":1,"href":"https:\/\/orotech.lt\/en\/wp-json\/wp\/v2\/product\/25021\/revisions"}],"predecessor-version":[{"id":25022,"href":"https:\/\/orotech.lt\/en\/wp-json\/wp\/v2\/product\/25021\/revisions\/25022"}],"wp:featuredmedia":[{"embeddable":true,"href":"https:\/\/orotech.lt\/en\/wp-json\/wp\/v2\/media\/25023"}],"wp:attachment":[{"href":"https:\/\/orotech.lt\/en\/wp-json\/wp\/v2\/media?parent=25021"}],"wp:term":[{"taxonomy":"product_brand","embeddable":true,"href":"https:\/\/orotech.lt\/en\/wp-json\/wp\/v2\/product_brand?post=25021"},{"taxonomy":"product_cat","embeddable":true,"href":"https:\/\/orotech.lt\/en\/wp-json\/wp\/v2\/product_cat?post=25021"},{"taxonomy":"product_tag","embeddable":true,"href":"https:\/\/orotech.lt\/en\/wp-json\/wp\/v2\/product_tag?post=25021"}],"curies":[{"name":"wp","href":"https:\/\/api.w.org\/{rel}","templated":true}]}}