{"id":25028,"date":"2025-09-09T06:20:50","date_gmt":"2025-09-09T06:20:50","guid":{"rendered":"https:\/\/orotech.lt\/ismanusis-elektrinis-karnizas-uzuolaidoms-4m-feelspot-fs-cm04w-wifi-tuya\/"},"modified":"2025-09-10T06:05:09","modified_gmt":"2025-09-10T06:05:09","slug":"ismanusis-elektrinis-karnizas-uzuolaidoms-4m-feelspot-fs-cm04w-wifi-tuya","status":"publish","type":"product","link":"https:\/\/orotech.lt\/en\/ismanusis-elektrinis-karnizas-uzuolaidoms-4m-feelspot-fs-cm04w-wifi-tuya\/","title":{"rendered":"I\u0161manusis elektrinis karnizas u\u017euolaidoms (4m) Feelspot FS-CM04W WiFi, Tuya"},"content":{"rendered":"<p>&lt;p style=&quot;text-align: justify;&quot;&gt;Feelspot FS-CM04W i&amp;scaron;manusis elektrinis karnizas u\u017euolaidoms, sukurtas suteikti jums paprast\u0105 ir patog\u0173 b\u016bd\u0105 valdyti savo u\u017euolaidas. &amp;Scaron;is produktas naudoja naujausi\u0105 technologij\u0105, leid\u017eian\u010di\u0105 jums valdyti u\u017euolaidas per savo i&amp;scaron;man\u0173j\u012f telefon\u0105 arba kit\u0105 \u012frengin\u012f, kuris palaiko belaid\u012f ry&amp;scaron;\u012f.&amp;nbsp;&lt;\/p&gt;<br \/>\n&lt;p style=&quot;text-align: justify;&quot;&gt;Svarbus &amp;scaron;io rinkinio bruo\u017eas yra i&amp;scaron;manioji program\u0117l\u0117 Tuya, kuri yra palaikoma Android ir iOS operacin\u0117se sistemose. \u012esidiegus &amp;scaron;i\u0105 program\u0117l\u0119 \u012f savo i&amp;scaron;man\u0173j\u012f telefon\u0105, gal\u0117site valdyti u\u017euolaidas nuotoliniu b\u016bdu. Program\u0117l\u0117je rasite patogius valdymo funkcijas, kurios leis jums atidaryti, u\u017edaryti arba sustabdyti u\u017euolaidas, taip pat nustatyti automatin\u012f valdymo re\u017eim\u0105, priklausomai nuo j\u016bs\u0173 poreiki\u0173.&amp;nbsp;&lt;\/p&gt;<br \/>\n&lt;p style=&quot;text-align: justify;&quot;&gt;Feelspot FS-CM04W i&amp;scaron;manusis elektrinis karnizas u\u017euolaidoms&amp;nbsp; yra puiki ir patogioji priemon\u0117, leid\u017eianti jums valdyti savo u\u017euolaidas i&amp;scaron; bet kurios vietos namuose, naudojant i&amp;scaron;man\u0173j\u012f telefon\u0105 arba bals\u0105. Tai suteikia jums patogum\u0105, energijos taupym\u0105 ir moderni\u0105 nam\u0173 automatizavimo funkcionalum\u0105.&amp;nbsp;&lt;\/p&gt;<br \/>\n&lt;p style=&quot;text-align: justify;&quot;&gt;&lt;strong&gt;I&amp;scaron;maniojo elektrinio karnizo u\u017euolaidoms Feelspot FS-CM04W privalumai:&lt;\/strong&gt;&lt;\/p&gt;<br \/>\n&lt;ul&gt;<br \/>\n&lt;li&gt;Modelis:&amp;nbsp;Feelspot FS-CM04W&amp;nbsp;&lt;\/li&gt;<br \/>\n&lt;li&gt;Maitinimas :AC100V-240 50\/60Hz&lt;\/li&gt;<br \/>\n&lt;li&gt;Maksimali galia: 45W&lt;\/li&gt;<br \/>\n&lt;li&gt;Maksimali apkrova: 50 kg&lt;\/li&gt;<br \/>\n&lt;li&gt;B\u0117gimo greitis: 14cm\/s&lt;\/li&gt;<br \/>\n&lt;li&gt;Veikimo triuk&amp;scaron;mas 33dB&lt;\/li&gt;<br \/>\n&lt;li&gt;Max\/Min plotis: 12\/0,9m&lt;\/li&gt;<br \/>\n&lt;li&gt;Svoris: 1,05 kg&lt;\/li&gt;<br \/>\n&lt;li&gt;Galimas valdymas balsu su alexa ir google home&amp;nbsp;&lt;\/li&gt;<br \/>\n&lt;\/ul&gt;<br \/>\n&lt;p&gt;&lt;strong&gt;The package includes:&lt;\/strong&gt;&lt;\/p&gt;<br \/>\n&lt;ol&gt;<br \/>\n&lt;li&gt;pagrindin\u0117 pavara;&lt;\/li&gt;<br \/>\n&lt;li&gt;\u012f b\u0117gelius statomi laikikliai;&lt;\/li&gt;<br \/>\n&lt;li&gt;laikikliai, tvirtinami \u012f lubas;&lt;\/li&gt;<br \/>\n&lt;li&gt;jungtys b\u0117geliams;&lt;\/li&gt;<br \/>\n&lt;li&gt;u\u017euolaid\u0173 laikikliai;&lt;\/li&gt;<br \/>\n&lt;li&gt;motoras u\u017euolaidoms u\u017etraukti;&lt;\/li&gt;<br \/>\n&lt;li&gt;nuotolinio valdymo valdiklis;&lt;\/li&gt;<br \/>\n&lt;li&gt;papildomos pavaros d\u0117\u017eut\u0117;&lt;\/li&gt;<br \/>\n&lt;li&gt;b\u0117geliai;&lt;\/li&gt;<br \/>\n&lt;li&gt;pavaros dir\u017eas.&lt;\/li&gt;<br \/>\n&lt;\/ol&gt;<br \/>\n&lt;p&gt;&lt;iframe src=&quot;https:\/\/www.youtube.com\/embed\/SHe8aVqKKeg?si=ij5PFpZ9ZbWujFZw&quot; frameborder=&quot;0&quot; width=&quot;560&quot; height=&quot;315&quot;&gt;&lt;\/iframe&gt;&lt;\/p&gt;<br \/>\n&lt;p&gt;&amp;nbsp;&lt;\/p&gt;<br \/>\n&lt;p&gt;&lt;em style=&quot;text-align: justify;&quot;&gt;&lt;strong&gt;Atsisi\u0173skite&amp;nbsp;&amp;bdquo;Tuya&amp;ldquo;&amp;nbsp;arba &amp;bdquo;Smart Life&amp;ldquo; program\u0117l\u0119 Android operacinei sistemai:&lt;\/strong&gt;&lt;\/em&gt;&lt;\/p&gt;<br \/>\n&lt;p style=&quot;text-align: justify;&quot;&gt;&lt;a href=&quot;https:\/\/play.google.com\/store\/apps\/details?id=com.tuya.smart&amp;amp;hl=lt&amp;amp;gl=US&quot; target=&quot;_blank&quot; rel=&quot;noopener&quot;&gt;&lt;img style=&quot;width: 80px; height: 80px;&quot; src=&quot;\/images\/Userfiles\/www.rubisolis.lt_tuya_app.png&quot; alt=&quot;&quot; \/&gt;&lt;\/a&gt;&amp;nbsp; &amp;nbsp;&lt;a href=&quot;https:\/\/play.google.com\/store\/apps\/details?id=com.tuya.smartlife&amp;amp;hl=lt&amp;amp;gl=US&amp;amp;pli=1&quot; target=&quot;_blank&quot; rel=&quot;noopener&quot;&gt;&lt;img style=&quot;width: 80px; height: 80px;&quot; src=&quot;\/images\/Userfiles\/www.rubisolis.lt_smart_life_app.png&quot; alt=&quot;&quot; \/&gt;&lt;\/a&gt;&lt;\/p&gt;<br \/>\n&lt;p style=&quot;text-align: justify;&quot;&gt;&lt;em&gt;&lt;strong&gt;Atsisi\u0173skite &amp;bdquo;Tuya&amp;ldquo; arba &amp;bdquo;Smart Life&amp;ldquo; program\u0117l\u0119 iOS operacinei sistemai:&amp;nbsp;&lt;\/strong&gt;&lt;\/em&gt;&lt;\/p&gt;<br \/>\n&lt;p style=&quot;text-align: justify;&quot;&gt;&lt;a href=&quot;https:\/\/apps.apple.com\/us\/app\/tuya-smart\/id1034649547&quot; target=&quot;_blank&quot; rel=&quot;noopener&quot;&gt;&lt;img style=&quot;width: 80px; height: 80px;&quot; src=&quot;\/images\/Userfiles\/www.rubisolis.lt_tuya_app.png&quot; alt=&quot;&quot; \/&gt;&lt;\/a&gt;&amp;nbsp; &amp;nbsp;&lt;a href=&quot;https:\/\/apps.apple.com\/us\/app\/smart-life-smart-living\/id1115101477&quot; target=&quot;_blank&quot; rel=&quot;noopener&quot;&gt;&lt;img style=&quot;width: 80px; height: 80px;&quot; src=&quot;\/images\/Userfiles\/www.rubisolis.lt_smart_life_app.png&quot; alt=&quot;&quot; \/&gt;&lt;\/a&gt;&lt;\/p&gt;<\/p>","protected":false},"excerpt":{"rendered":"<p>&lt;p style=&quot;text-align: justify;&quot;&gt;Feelspot FS-CM04W i&amp;scaron;manusis elektrinis karnizas u\u017euolaidoms, sukurtas suteikti jums paprast\u0105 ir patog\u0173 b\u016bd\u0105 valdyti savo u\u017euolaidas. &amp;Scaron;is produktas<\/p>","protected":false},"featured_media":25030,"comment_status":"closed","ping_status":"open","template":"","meta":[],"product_brand":[],"product_cat":[23],"product_tag":[535],"class_list":{"0":"post-25028","1":"product","2":"type-product","3":"status-publish","4":"has-post-thumbnail","6":"product_cat-be-kategorijos","7":"product_tag-naujiena","9":"first","10":"onbackorder","11":"taxable","12":"shipping-taxable","13":"product-type-variable"},"_links":{"self":[{"href":"https:\/\/orotech.lt\/en\/wp-json\/wp\/v2\/product\/25028","targetHints":{"allow":["GET"]}}],"collection":[{"href":"https:\/\/orotech.lt\/en\/wp-json\/wp\/v2\/product"}],"about":[{"href":"https:\/\/orotech.lt\/en\/wp-json\/wp\/v2\/types\/product"}],"replies":[{"embeddable":true,"href":"https:\/\/orotech.lt\/en\/wp-json\/wp\/v2\/comments?post=25028"}],"version-history":[{"count":1,"href":"https:\/\/orotech.lt\/en\/wp-json\/wp\/v2\/product\/25028\/revisions"}],"predecessor-version":[{"id":25029,"href":"https:\/\/orotech.lt\/en\/wp-json\/wp\/v2\/product\/25028\/revisions\/25029"}],"wp:featuredmedia":[{"embeddable":true,"href":"https:\/\/orotech.lt\/en\/wp-json\/wp\/v2\/media\/25030"}],"wp:attachment":[{"href":"https:\/\/orotech.lt\/en\/wp-json\/wp\/v2\/media?parent=25028"}],"wp:term":[{"taxonomy":"product_brand","embeddable":true,"href":"https:\/\/orotech.lt\/en\/wp-json\/wp\/v2\/product_brand?post=25028"},{"taxonomy":"product_cat","embeddable":true,"href":"https:\/\/orotech.lt\/en\/wp-json\/wp\/v2\/product_cat?post=25028"},{"taxonomy":"product_tag","embeddable":true,"href":"https:\/\/orotech.lt\/en\/wp-json\/wp\/v2\/product_tag?post=25028"}],"curies":[{"name":"wp","href":"https:\/\/api.w.org\/{rel}","templated":true}]}}