{"id":25055,"date":"2025-09-09T06:25:03","date_gmt":"2025-09-09T06:25:03","guid":{"rendered":"https:\/\/orotech.lt\/ismanusis-roletu-ir-zaliuziu-valdiklis-feelspot-fs-bdm01w-wifi-tuya\/"},"modified":"2025-09-10T06:05:12","modified_gmt":"2025-09-10T06:05:12","slug":"ismanusis-roletu-ir-zaliuziu-valdiklis-feelspot-fs-bdm01w-wifi-tuya","status":"publish","type":"product","link":"https:\/\/orotech.lt\/en\/ismanusis-roletu-ir-zaliuziu-valdiklis-feelspot-fs-bdm01w-wifi-tuya\/","title":{"rendered":"I\u0161manusis rolet\u0173 ir \u017ealiuzi\u0173 valdiklis Feelspot FS-BDM01W WiFi, Tuya"},"content":{"rendered":"<p>&lt;p style=&quot;text-align: justify;&quot;&gt;Feelspot FS-BDM01W&amp;nbsp; yra i&amp;scaron;manusis rolet\u0173 ar \u017ealiuzi\u0173 valdiklis, kuris suteiks jums patogum\u0105 ir valdymo galimybes tiesiogiai i&amp;scaron; savo i&amp;scaron;maniojo \u012frenginio.&lt;\/p&gt;<br \/>\n&lt;p style=&quot;text-align: justify;&quot;&gt;&amp;Scaron;is valdiklis yra sukurtas siekiant supaprastinti ir automatizuoti j\u016bs\u0173 rolet\u0173 ir \u017ealiuzi\u0173 valdym\u0105. Jums nebereik\u0117s rankiniu b\u016bdu keisti j\u0173 pad\u0117ties, nes viskas gali b\u016bti atlikta per j\u016bs\u0173 mobil\u0173j\u012f telefon\u0105 arba kit\u0105 i&amp;scaron;man\u0173j\u012f \u012frengin\u012f.&lt;\/p&gt;<br \/>\n&lt;p style=&quot;text-align: justify;&quot;&gt;&lt;strong&gt;Pagrindin\u0117s&amp;nbsp;Feelspot FS-BDM01W&lt;\/strong&gt;&amp;nbsp;&lt;strong&gt;&amp;nbsp;valdiklio savyb\u0117s:&lt;\/strong&gt;&lt;\/p&gt;<br \/>\n&lt;ul&gt;<br \/>\n&lt;li style=&quot;text-align: justify;&quot;&gt;WiFi palaikymas: Valdiklis jungiasi prie j\u016bs\u0173 belaid\u017eio ry&amp;scaron;io tinklo, leisdamas jums valdyti lang\u0173 rolet\u0173 arba \u017ealiuzi\u0173 pad\u0117t\u012f i&amp;scaron; bet kurios vietos, kurioje turite interneto ry&amp;scaron;\u012f;&lt;\/li&gt;<br \/>\n&lt;li style=&quot;text-align: justify;&quot;&gt;Intuityvus valdymas: Valdiklis turi paprast\u0105 ir lengvai naudojam\u0105 vartotojo s\u0105saj\u0105, kuri leid\u017eia jums lengvai keisti rolet\u0173 arba \u017ealiuzi\u0173 pad\u0117t\u012f. J\u016bs galite nustatyti norim\u0105 auk&amp;scaron;t\u012f arba i&amp;scaron; anksto programuoti automatin\u012f tvarkara&amp;scaron;t\u012f, kad roletai arba \u017ealiuz\u0117s atsidaryt\u0173 arba u\u017esidaryt\u0173 tam tikru laiku;&lt;\/li&gt;<br \/>\n&lt;li style=&quot;text-align: justify;&quot;&gt;Susiejimas su kitais i&amp;scaron;maniais \u012frenginiais: valdiklis veikia su&amp;nbsp; iOS ir Android operacin\u0117mis sistemomis. Tai rei&amp;scaron;kia, kad j\u016bs galite naudoti savo telefon\u0105 arba plan&amp;scaron;etin\u012f kompiuter\u012f, kad valdytum\u0117te rolet\u0173 arba \u017ealiuzi\u0173 pad\u0117t\u012f, be to, galite susieti j\u012f su kitomis nam\u0173 automatizavimo sistemomis.&lt;\/li&gt;<br \/>\n&lt;li style=&quot;text-align: justify;&quot;&gt;Patobulinta sauga: valdiklis&amp;nbsp;Feelspot FS-BDM01W&amp;nbsp;naudoja &amp;scaron;iuolaikinius saugumo protokolus ir &amp;scaron;ifravimo technologijas, kad u\u017etikrint\u0173, jog j\u016bs\u0173 valdiklio ir j\u016bs\u0173 tinklo duomenys yra apsaugoti nuo nepageidaujamos prieigos.&lt;\/li&gt;<br \/>\n&lt;li style=&quot;text-align: justify;&quot;&gt;Paprasta diegimo proced\u016bra: Feelspot FS-BDM01W&amp;nbsp; valdiklis yra lengvas ir kompakti&amp;scaron;kas, tod\u0117l j\u012f galima lengvai \u012fdiegti ir prijungti prie j\u016bs\u0173 esam\u0173 lang\u0173 rolet\u0173 arba \u017ealiuzi\u0173 mechanizmo. Jame taip pat yra \u012fmontuotas akumuliatorius, tod\u0117l valdiklis veiks net ir netekus elektros energijos.&lt;\/li&gt;<br \/>\n&lt;li style=&quot;text-align: justify;&quot;&gt;Feelspot FS-BDM01W&amp;nbsp; i&amp;scaron;manusis lang\u0173 rolet\u0173 ir \u017ealiuzi\u0173 valdiklis yra puikus pasirinkimas tiems, kurie nori pagerinti savo nam\u0173 automatizavimo sistem\u0105 ir suteikti sau patogum\u0105 bei saugum\u0105 valdant lang\u0173 rolet\u0173 arba \u017ealiuzi\u0173 pad\u0117t\u012f.&amp;nbsp;&lt;\/li&gt;<br \/>\n&lt;\/ul&gt;<br \/>\n&lt;p style=&quot;text-align: justify;&quot;&gt;&lt;em&gt;&lt;strong&gt;Atsisi\u0173skite&amp;nbsp;&amp;bdquo;Tuya&amp;ldquo;&amp;nbsp;arba &amp;bdquo;Smart Life&amp;ldquo; program\u0117l\u0119 Android operacinei sistemai:&lt;\/strong&gt;&lt;\/em&gt;&lt;\/p&gt;<br \/>\n&lt;p style=&quot;text-align: justify;&quot;&gt;&lt;a href=&quot;https:\/\/play.google.com\/store\/apps\/details?id=com.tuya.smart&amp;amp;hl=lt&amp;amp;gl=US&quot; target=&quot;_blank&quot; rel=&quot;noopener&quot;&gt;&lt;img style=&quot;width: 80px; height: 80px;&quot; src=&quot;\/images\/Userfiles\/www.rubisolis.lt_tuya_app.png&quot; alt=&quot;&quot; \/&gt;&lt;\/a&gt;&amp;nbsp; &amp;nbsp;&lt;a href=&quot;https:\/\/play.google.com\/store\/apps\/details?id=com.tuya.smartlife&amp;amp;hl=lt&amp;amp;gl=US&amp;amp;pli=1&quot; target=&quot;_blank&quot; rel=&quot;noopener&quot;&gt;&lt;img style=&quot;width: 80px; height: 80px;&quot; src=&quot;\/images\/Userfiles\/www.rubisolis.lt_smart_life_app.png&quot; alt=&quot;&quot; \/&gt;&lt;\/a&gt;&lt;\/p&gt;<br \/>\n&lt;p style=&quot;text-align: justify;&quot;&gt;&lt;em&gt;&lt;strong&gt;Atsisi\u0173skite &amp;bdquo;Tuya&amp;ldquo; arba &amp;bdquo;Smart Life&amp;ldquo; program\u0117l\u0119 iOS operacinei sistemai:&amp;nbsp;&lt;\/strong&gt;&lt;\/em&gt;&lt;\/p&gt;<br \/>\n&lt;p style=&quot;text-align: justify;&quot;&gt;&lt;a href=&quot;https:\/\/apps.apple.com\/us\/app\/tuya-smart\/id1034649547&quot; target=&quot;_blank&quot; rel=&quot;noopener&quot;&gt;&lt;img style=&quot;width: 80px; height: 80px;&quot; src=&quot;\/images\/Userfiles\/www.rubisolis.lt_tuya_app.png&quot; alt=&quot;&quot; \/&gt;&lt;\/a&gt;&amp;nbsp; &amp;nbsp;&lt;a href=&quot;https:\/\/apps.apple.com\/us\/app\/smart-life-smart-living\/id1115101477&quot; target=&quot;_blank&quot; rel=&quot;noopener&quot;&gt;&lt;img style=&quot;width: 80px; height: 80px;&quot; src=&quot;\/images\/Userfiles\/www.rubisolis.lt_smart_life_app.png&quot; alt=&quot;&quot; \/&gt;&lt;\/a&gt;&lt;\/p&gt;<br \/>\n&lt;p style=&quot;text-align: justify;&quot;&gt;&lt;a class=&quot;catalogue&quot; href=&quot;\/en\/images\/Userfiles\/www.rubisolis.lt_Lang_rolet_ir_zaliuzi_valdiklis_FEELSPOT_FS-BDM01W.pdf\/&quot; target=&quot;blank&quot;&gt;Download product manual&lt;\/a&gt;&lt;\/p&gt;<\/p>","protected":false},"excerpt":{"rendered":"<p>&lt;p style=&quot;text-align: justify;&quot;&gt;Feelspot FS-BDM01W&amp;nbsp; yra i&amp;scaron;manusis rolet\u0173 ar \u017ealiuzi\u0173 valdiklis, kuris suteiks jums patogum\u0105 ir valdymo galimybes tiesiogiai i&amp;scaron; savo<\/p>","protected":false},"featured_media":25057,"comment_status":"closed","ping_status":"open","template":"","meta":[],"product_brand":[],"product_cat":[23],"product_tag":[535],"class_list":{"0":"post-25055","1":"product","2":"type-product","3":"status-publish","4":"has-post-thumbnail","6":"product_cat-be-kategorijos","7":"product_tag-naujiena","9":"first","10":"onbackorder","11":"taxable","12":"shipping-taxable","13":"product-type-variable"},"_links":{"self":[{"href":"https:\/\/orotech.lt\/en\/wp-json\/wp\/v2\/product\/25055","targetHints":{"allow":["GET"]}}],"collection":[{"href":"https:\/\/orotech.lt\/en\/wp-json\/wp\/v2\/product"}],"about":[{"href":"https:\/\/orotech.lt\/en\/wp-json\/wp\/v2\/types\/product"}],"replies":[{"embeddable":true,"href":"https:\/\/orotech.lt\/en\/wp-json\/wp\/v2\/comments?post=25055"}],"version-history":[{"count":1,"href":"https:\/\/orotech.lt\/en\/wp-json\/wp\/v2\/product\/25055\/revisions"}],"predecessor-version":[{"id":25056,"href":"https:\/\/orotech.lt\/en\/wp-json\/wp\/v2\/product\/25055\/revisions\/25056"}],"wp:featuredmedia":[{"embeddable":true,"href":"https:\/\/orotech.lt\/en\/wp-json\/wp\/v2\/media\/25057"}],"wp:attachment":[{"href":"https:\/\/orotech.lt\/en\/wp-json\/wp\/v2\/media?parent=25055"}],"wp:term":[{"taxonomy":"product_brand","embeddable":true,"href":"https:\/\/orotech.lt\/en\/wp-json\/wp\/v2\/product_brand?post=25055"},{"taxonomy":"product_cat","embeddable":true,"href":"https:\/\/orotech.lt\/en\/wp-json\/wp\/v2\/product_cat?post=25055"},{"taxonomy":"product_tag","embeddable":true,"href":"https:\/\/orotech.lt\/en\/wp-json\/wp\/v2\/product_tag?post=25055"}],"curies":[{"name":"wp","href":"https:\/\/api.w.org\/{rel}","templated":true}]}}