{"id":25066,"date":"2025-09-09T06:25:03","date_gmt":"2025-09-09T06:25:03","guid":{"rendered":"https:\/\/orotech.lt\/ismaniuju-namu-prietaisu-valdiklis-feelspot-fs-irf02w\/"},"modified":"2025-09-10T06:05:13","modified_gmt":"2025-09-10T06:05:13","slug":"ismaniuju-namu-prietaisu-valdiklis-feelspot-fs-irf02w","status":"publish","type":"product","link":"https:\/\/orotech.lt\/en\/ismaniuju-namu-prietaisu-valdiklis-feelspot-fs-irf02w\/","title":{"rendered":"I\u0161mani\u0173j\u0173 nam\u0173 prietais\u0173 valdiklis Feelspot FS-IRF02W"},"content":{"rendered":"<p>&lt;p style=&quot;text-align: justify;&quot;&gt;I&amp;scaron;mani\u0173j\u0173 nam\u0173 prietais\u0173 valdiklis Feelspot FS-IRF02W&amp;nbsp;WiFi, Tuya &ndash; tai i&amp;scaron;manusis nuotolinio valdymo pultelis, kuris gali b\u016bti valdomas nuotoliniu b\u016bdu. &amp;Scaron;is prietaisas pasitarnauja valdant IR\/RF433\/RF315 elektros prietaisus namuose ar biure naudojant mobil\u0173j\u012f telefon\u0105 (iOS\/Android operacin\u0117s sistemos) bet kada ir bet kur. Pa\u017eangus infraraudon\u0173j\u0173 spinduli\u0173 nuotolinio valdymo pultas gali pad\u0117ti valdyti televizori\u0173, pried\u0117lius, stereo aparatus, oro kondicionierius ir kitus prietaisus, kuriuose yra infraraudon\u0173j\u0173 spinduli\u0173 nuotolinio valdymo pulto signalai, valdomi mobiliuoju telefonu kartu.&lt;\/p&gt;<br \/>\n&lt;p style=&quot;text-align: justify;&quot;&gt;&amp;nbsp;&lt;\/p&gt;<br \/>\n&lt;p style=&quot;text-align: justify;&quot;&gt;&lt;em&gt;&lt;strong&gt;Atsisi\u0173skite&amp;nbsp;&amp;bdquo;Tuya&amp;ldquo;&amp;nbsp;arba &amp;bdquo;Smart Life&amp;ldquo; program\u0117l\u0119 Android operacinei sistemai:&lt;\/strong&gt;&lt;\/em&gt;&lt;\/p&gt;<br \/>\n&lt;p style=&quot;text-align: justify;&quot;&gt;&lt;a href=&quot;https:\/\/play.google.com\/store\/apps\/details?id=com.tuya.smart&amp;amp;hl=lt&amp;amp;gl=US&quot; target=&quot;_blank&quot; rel=&quot;noopener&quot;&gt;&lt;img style=&quot;width: 80px; height: 80px;&quot; src=&quot;\/images\/Userfiles\/www.rubisolis.lt_tuya_app.png&quot; alt=&quot;&quot; \/&gt;&lt;\/a&gt;&amp;nbsp; &amp;nbsp;&lt;a href=&quot;https:\/\/play.google.com\/store\/apps\/details?id=com.tuya.smartlife&amp;amp;hl=lt&amp;amp;gl=US&amp;amp;pli=1&quot; target=&quot;_blank&quot; rel=&quot;noopener&quot;&gt;&lt;img style=&quot;width: 80px; height: 80px;&quot; src=&quot;\/images\/Userfiles\/www.rubisolis.lt_smart_life_app.png&quot; alt=&quot;&quot; \/&gt;&lt;\/a&gt;&lt;\/p&gt;<br \/>\n&lt;p style=&quot;text-align: justify;&quot;&gt;&lt;em&gt;&lt;strong&gt;Atsisi\u0173skite &amp;bdquo;Tuya&amp;ldquo; arba &amp;bdquo;Smart Life&amp;ldquo; program\u0117l\u0119 iOS operacinei sistemai:&amp;nbsp;&lt;\/strong&gt;&lt;\/em&gt;&lt;\/p&gt;<br \/>\n&lt;p style=&quot;text-align: justify;&quot;&gt;&lt;a href=&quot;https:\/\/apps.apple.com\/us\/app\/tuya-smart\/id1034649547&quot; target=&quot;_blank&quot; rel=&quot;noopener&quot;&gt;&lt;img style=&quot;width: 80px; height: 80px;&quot; src=&quot;\/images\/Userfiles\/www.rubisolis.lt_tuya_app.png&quot; alt=&quot;&quot; \/&gt;&lt;\/a&gt;&amp;nbsp; &amp;nbsp;&lt;a href=&quot;https:\/\/apps.apple.com\/us\/app\/smart-life-smart-living\/id1115101477&quot; target=&quot;_blank&quot; rel=&quot;noopener&quot;&gt;&lt;img style=&quot;width: 80px; height: 80px;&quot; src=&quot;\/images\/Userfiles\/www.rubisolis.lt_smart_life_app.png&quot; alt=&quot;&quot; \/&gt;&lt;\/a&gt;&lt;\/p&gt;<br \/>\n&lt;p style=&quot;text-align: justify;&quot;&gt;&lt;a class=&quot;catalogue&quot; href=&quot;\/en\/images\/Userfiles\/www.rubisolis.lt_Nuotolinis_pultelis_FEELSPOT_FS-IRF02W.pdf\/&quot; target=&quot;blank&quot;&gt;Download product manual&lt;\/a&gt;&lt;\/p&gt;<\/p>","protected":false},"excerpt":{"rendered":"<p>&lt;p style=&quot;text-align: justify;&quot;&gt;I&amp;scaron;mani\u0173j\u0173 nam\u0173 prietais\u0173 valdiklis Feelspot FS-IRF02W&amp;nbsp;WiFi, Tuya &ndash; tai i&amp;scaron;manusis nuotolinio valdymo pultelis, kuris gali b\u016bti valdomas nuotoliniu<\/p>","protected":false},"featured_media":25068,"comment_status":"closed","ping_status":"open","template":"","meta":[],"product_brand":[],"product_cat":[23],"product_tag":[535],"class_list":{"0":"post-25066","1":"product","2":"type-product","3":"status-publish","4":"has-post-thumbnail","6":"product_cat-be-kategorijos","7":"product_tag-naujiena","9":"first","10":"onbackorder","11":"taxable","12":"shipping-taxable","13":"product-type-variable"},"_links":{"self":[{"href":"https:\/\/orotech.lt\/en\/wp-json\/wp\/v2\/product\/25066","targetHints":{"allow":["GET"]}}],"collection":[{"href":"https:\/\/orotech.lt\/en\/wp-json\/wp\/v2\/product"}],"about":[{"href":"https:\/\/orotech.lt\/en\/wp-json\/wp\/v2\/types\/product"}],"replies":[{"embeddable":true,"href":"https:\/\/orotech.lt\/en\/wp-json\/wp\/v2\/comments?post=25066"}],"version-history":[{"count":1,"href":"https:\/\/orotech.lt\/en\/wp-json\/wp\/v2\/product\/25066\/revisions"}],"predecessor-version":[{"id":25067,"href":"https:\/\/orotech.lt\/en\/wp-json\/wp\/v2\/product\/25066\/revisions\/25067"}],"wp:featuredmedia":[{"embeddable":true,"href":"https:\/\/orotech.lt\/en\/wp-json\/wp\/v2\/media\/25068"}],"wp:attachment":[{"href":"https:\/\/orotech.lt\/en\/wp-json\/wp\/v2\/media?parent=25066"}],"wp:term":[{"taxonomy":"product_brand","embeddable":true,"href":"https:\/\/orotech.lt\/en\/wp-json\/wp\/v2\/product_brand?post=25066"},{"taxonomy":"product_cat","embeddable":true,"href":"https:\/\/orotech.lt\/en\/wp-json\/wp\/v2\/product_cat?post=25066"},{"taxonomy":"product_tag","embeddable":true,"href":"https:\/\/orotech.lt\/en\/wp-json\/wp\/v2\/product_tag?post=25066"}],"curies":[{"name":"wp","href":"https:\/\/api.w.org\/{rel}","templated":true}]}}