{"id":25074,"date":"2025-09-09T06:25:03","date_gmt":"2025-09-09T06:25:03","guid":{"rendered":"https:\/\/orotech.lt\/ismanusis-roletu-ir-zaliuziu-valdiklis-feelspot-bdm01zb-zigbee-tuya\/"},"modified":"2025-09-10T06:05:14","modified_gmt":"2025-09-10T06:05:14","slug":"ismanusis-roletu-ir-zaliuziu-valdiklis-feelspot-bdm01zb-zigbee-tuya","status":"publish","type":"product","link":"https:\/\/orotech.lt\/en\/ismanusis-roletu-ir-zaliuziu-valdiklis-feelspot-bdm01zb-zigbee-tuya\/","title":{"rendered":"I\u0161manusis rolet\u0173 ir \u017ealiuzi\u0173 valdiklis Feelspot BDM01ZB Zigbee, Tuya"},"content":{"rendered":"<p style=\"text-align: justify;\">I\u0161manusis <strong>rolet\u0173 ir \u017ealiuzi\u0173 valdiklis Feelspot BDM01ZB Zigbee<\/strong>, Tuya &ndash; moderni j\u016bs\u0173 nam\u0173 valdymo sistema. I\u0161manusis rolet\u0173 ir \u017ealiuzi\u0173 valdiklis Feelspot BDM01ZB Zigbee, Tuya &ndash; tai pa\u017eangus sprendimas, kuris pavers j\u016bs\u0173 tradicinius roletus, \u017ealiuzes ar u\u017euolaidas i\u0161maniais. \u0160is \u012frenginys u\u017etikrina patog\u0173, efektyv\u0173 ir ekonomi\u0161k\u0105 b\u016bd\u0105 automatizuoti j\u016bs\u0173 lang\u0173 dangas, pagerinant kasdien\u012f gyvenim\u0105 ir padidinant j\u016bs\u0173 nam\u0173, komercini\u0173 patalp\u0173 ar specializuot\u0173 erdvi\u0173, toki\u0173 kaip vie\u0161bu\u010di\u0173 ar apartament\u0173, komfort\u0105. Jums nebereik\u0117s rankiniu b\u016bdu keisti j\u0173 pad\u0117ties, nes viskas gali b\u016bti atlikta per j\u016bs\u0173 mobil\u0173j\u012f telefon\u0105 arba kit\u0105 i\u0161man\u0173j\u012f \u012frengin\u012f!<\/p>\n<p><strong>Paprasta automatizacija su Zigbee protokolu<br \/>\n\t<\/strong><\/p>\n<p style=\"text-align: justify;\">Valdiklis veikia Zigbee protokolo pagrindu ir yra suderinamas su <a href=\"https:\/\/www.rubisolis.lt\/ismanusis-priedelis-feelspot-zb22-zigbee\" target=\"_blank\" rel=\"nofollow noopener\">Zigbee Gateway hub&rsquo;u<\/a>. Tai leid\u017eia lengvai integruoti j\u012f \u012f j\u016bs\u0173 i\u0161mani\u0105j\u0105 nam\u0173 sistem\u0105. Be to, jis palaiko vir\u0161utini\u0173 ir apatini\u0173 rib\u0173 nustatymus, kurie i\u0161lieka i\u0161saugoti net i\u0161jungus prietais\u0105.<\/p>\n<p><strong>Balso kontrol\u0117 su Alexa ir Google Home<br \/>\n\t<\/strong><\/p>\n<p style=\"text-align: justify;\">Integruota Alexa ir Google Home palaikymo funkcija leid\u017eia valdyti roletus ar \u017ealiuzes balsu. Tiesiog i\u0161tarkite komand\u0105 ir j\u016bs\u0173 lang\u0173 dangos bus pakeltos ar nuleistos be papildom\u0173 pastang\u0173.<\/p>\n<p><strong>Nuotolinis valdymas per mobili\u0105j\u0105 program\u0117l\u0119<br \/>\n\t<\/strong><\/p>\n<p style=\"text-align: justify;\">Naudodamiesi Tuya arba Smart Life program\u0117le, gal\u0117site valdyti \u017ealiuzes i\u0161 bet kurios vietos. Tai rei\u0161kia, kad galite atidaryti ar u\u017edaryti roletus gul\u0117dami lovoje, s\u0117d\u0117dami ant sofos ar net b\u016bdami toli nuo nam\u0173.<\/p>\n<p><strong>Energijos taupymas ir ilgaam\u017eis akumuliatorius<br \/>\n\t<\/strong><\/p>\n<p style=\"text-align: justify;\">Valdiklis maitinamas \u012fkraunamu li\u010dio jon\u0173 akumuliatoriumi, kurio didel\u0117 talpa u\u017etikrina ilg\u0105 veikimo laik\u0105. Komplekte esantis adapteris leid\u017eia patogiai \u012fkrauti prietais\u0105 ir suma\u017einti energijos s\u0105naudas. Papildomai, \u012frenginys turi galimyb\u0119 b\u016bti \u012fkraunamas naudojant <strong>saul\u0117s energij\u0105<\/strong> per integruot\u0105 12 V\/0,3 W saul\u0117s baterijos modul\u012f. Tai ne tik padidina \u012frenginio autonomij\u0105, bet ir leid\u017eia naudoti j\u012f dar tvariau, suma\u017einant priklausomyb\u0119 nuo elektros tinklo.&nbsp;<\/p>\n<p style=\"text-align: justify;\"><strong>Laiko planavimo funkcija<br \/>\n\t<\/strong><\/p>\n<p style=\"text-align: justify;\">Naudodamiesi laiko nustatymo funkcija, gal\u0117site kurti individualius grafik\u0173 planus. Pavyzd\u017eiui, galite u\u017eprogramuoti, kad roletai u\u017esidaryt\u0173 vakarais arba atsidaryt\u0173 rytais pagal j\u016bs\u0173 dienos re\u017eim\u0105.&nbsp;<\/p>\n<p style=\"text-align: justify;\"><strong>Kokias problemas i\u0161sprend\u017eia \u0161is valdiklis?<\/strong><\/p>\n<ul>\n<li>\n\t\tRankinio darbo suma\u017einimas: automatizuodami rolet\u0173 ir \u017ealiuzi\u0173 valdym\u0105, sutaupysite laiko ir pastang\u0173, nes visk\u0105 valdysite nuotoliniu b\u016bdu ar balsu.<\/li>\n<li>\n\t\tEnergijos efektyvumas: naudodami laiko planavimo funkcijas, suma\u017einsite energijos s\u0105naudas, optimizuodami ap\u0161vietim\u0105 bei \u0161ilumos izoliacij\u0105.<\/li>\n<li>\n\t\tPatogumas visai \u0161eimai: valdikl\u012f galima dalintis su kitais \u0161eimos nariais, tod\u0117l kiekvienas gal\u0117s valdyti lang\u0173 dangas i\u0161 savo \u012frenginio.<\/li>\n<li>\n\t\tPrieinamumas visur ir visada: net b\u016bnant u\u017e nam\u0173 rib\u0173, galite valdyti \u017ealiuzes ir u\u017etikrinti, kad namuose viskas vykt\u0173 pagal j\u016bs\u0173 plan\u0105.&nbsp;<\/li>\n<\/ul>\n<p><strong>Advantages:<\/strong><\/p>\n<ul>\n<li>\n\t\tPaprasta automatizacija su Zigbee protokolu;<\/li>\n<li>\n\t\tBalso kontrol\u0117 su Alexa ir Google Home;<\/li>\n<li>\n\t\tNuotolinis valdymas per mobili\u0105j\u0105 program\u0117l\u0119;<\/li>\n<li>\n\t\tEnergijos taupymas ir ilgaam\u017eis akumuliatorius;<\/li>\n<li>\n\t\tSaul\u0117s \u012fkrovimo baterija;<\/li>\n<li>\n\t\tLaiko planavimo funkcija.<\/li>\n<\/ul>\n<p><strong>Technical characteristics:<\/strong><\/p>\n<ul>\n<li>\n\t\tMaitinimas:&nbsp;DC 8,4 V;<\/li>\n<li>\n\t\tAkumuliatorius: 7,4 V, 1000 mAh talpa;<\/li>\n<li>\n\t\tSaul\u0117s \u012fkrovimo baterija:&nbsp;12V\/0.3W;<\/li>\n<li>\n\t\tVeikimo greitis: 20&ndash;50 aps.\/min;<\/li>\n<li>\n\t\tSuderinamumas: veikia su Alexa, Google Home ir Tuya platformomis;<\/li>\n<li>\n\t\tPalaikomas kartu su: plastikin\u0117mis arba metalin\u0117mis grandin\u0117l\u0117mis.<\/li>\n<\/ul>\n<p><strong>The package includes:<\/strong><\/p>\n<ul>\n<li>\n\t\t1 vnt. i\u0161manusis rolet\u0173 ir \u017ealiuzi\u0173 valdiklis Feelspot BDM01ZB su Zigbee ry\u0161iu;<\/li>\n<li>\n\t\t1 vnt. adapteris;<\/li>\n<li>\n\t\t1 vnt. saul\u0117s modulis;<\/li>\n<li>\n\t\t2 vnt. var\u017etai;<\/li>\n<li>\n\t\t3 vnt. krumpliara\u010diai.<\/li>\n<\/ul>\n<p><strong><em>Attention:<\/em><\/strong> \u012f komplekt\u0105 ne\u012feina Zigbee <a href=\"https:\/\/www.rubisolis.lt\/ismanusis-priedelis-feelspot-zb22-zigbee\" rel=\"nofollow noopener\" target=\"_blank\">ry\u0161io stotel\u0117<\/a>.<\/p>\n<p style=\"text-align: justify;\">Investuokite \u012f ateit\u012f ir patirkite visus i\u0161maniosios technologijos privalumus ir paverskite savo namus moderniais vos per kelias minutes!<\/p>\n<p style=\"text-align: justify;\"><em><strong>Atsisi\u0173skite&nbsp;&bdquo;Tuya&ldquo;&nbsp;arba &bdquo;Smart Life&ldquo; program\u0117l\u0119 Android operacinei sistemai:<\/strong><\/em><\/p>\n<p style=\"text-align: justify;\"><a href=\"https:\/\/play.google.com\/store\/apps\/details?id=com.tuya.smart&amp;hl=lt&amp;gl=US\" target=\"_blank\" rel=\"nofollow noopener\"><img decoding=\"async\" alt=\"\" src=\"\/images\/Userfiles\/www.rubisolis.lt_tuya_app.png\" style=\"width: 80px; height: 80px;\" title=\"\"><\/a>&nbsp; &nbsp;<a href=\"https:\/\/play.google.com\/store\/apps\/details?id=com.tuya.smartlife&amp;hl=lt&amp;gl=US&amp;pli=1\" target=\"_blank\" rel=\"nofollow noopener\"><img decoding=\"async\" alt=\"\" src=\"\/images\/Userfiles\/www.rubisolis.lt_smart_life_app.png\" style=\"width: 80px; height: 80px;\" title=\"\"><\/a><\/p>\n<p style=\"text-align: justify;\"><em><strong>Atsisi\u0173skite &bdquo;Tuya&ldquo; arba &bdquo;Smart Life&ldquo; program\u0117l\u0119 iOS operacinei sistemai:&nbsp;<\/strong><\/em><\/p>\n<p style=\"text-align: justify;\"><a href=\"https:\/\/apps.apple.com\/us\/app\/tuya-smart\/id1034649547\" target=\"_blank\" rel=\"nofollow noopener\"><img decoding=\"async\" alt=\"\" src=\"\/images\/Userfiles\/www.rubisolis.lt_tuya_app.png\" style=\"width: 80px; height: 80px;\" title=\"\"><\/a>&nbsp; &nbsp;<a href=\"https:\/\/apps.apple.com\/us\/app\/smart-life-smart-living\/id1115101477\" target=\"_blank\" rel=\"nofollow noopener\"><img decoding=\"async\" alt=\"\" src=\"\/images\/Userfiles\/www.rubisolis.lt_smart_life_app.png\" style=\"width: 80px; height: 80px;\" title=\"\"><\/a><\/p>\n<p style=\"text-align: justify;\"><a class=\"catalogue\" href=\"\/en\/images\/Userfiles\/My_folder\/Foto\/Feelspot_BDM01ZB_Zigbee_instrukcija.pdf\/\" target=\"blank\">Download product manual<\/a><\/p>","protected":false},"excerpt":{"rendered":"<p>I\u0161manusis rolet\u0173 ir \u017ealiuzi\u0173 valdiklis Feelspot BDM01ZB Zigbee, Tuya &ndash; moderni j\u016bs\u0173 nam\u0173 valdymo sistema. I\u0161manusis rolet\u0173 ir \u017ealiuzi\u0173 valdiklis<\/p>","protected":false},"featured_media":25076,"comment_status":"closed","ping_status":"open","template":"","meta":[],"product_brand":[],"product_cat":[23],"product_tag":[535],"class_list":{"0":"post-25074","1":"product","2":"type-product","3":"status-publish","4":"has-post-thumbnail","6":"product_cat-be-kategorijos","7":"product_tag-naujiena","9":"first","10":"onbackorder","11":"taxable","12":"shipping-taxable","13":"product-type-variable"},"_links":{"self":[{"href":"https:\/\/orotech.lt\/en\/wp-json\/wp\/v2\/product\/25074","targetHints":{"allow":["GET"]}}],"collection":[{"href":"https:\/\/orotech.lt\/en\/wp-json\/wp\/v2\/product"}],"about":[{"href":"https:\/\/orotech.lt\/en\/wp-json\/wp\/v2\/types\/product"}],"replies":[{"embeddable":true,"href":"https:\/\/orotech.lt\/en\/wp-json\/wp\/v2\/comments?post=25074"}],"version-history":[{"count":1,"href":"https:\/\/orotech.lt\/en\/wp-json\/wp\/v2\/product\/25074\/revisions"}],"predecessor-version":[{"id":25075,"href":"https:\/\/orotech.lt\/en\/wp-json\/wp\/v2\/product\/25074\/revisions\/25075"}],"wp:featuredmedia":[{"embeddable":true,"href":"https:\/\/orotech.lt\/en\/wp-json\/wp\/v2\/media\/25076"}],"wp:attachment":[{"href":"https:\/\/orotech.lt\/en\/wp-json\/wp\/v2\/media?parent=25074"}],"wp:term":[{"taxonomy":"product_brand","embeddable":true,"href":"https:\/\/orotech.lt\/en\/wp-json\/wp\/v2\/product_brand?post=25074"},{"taxonomy":"product_cat","embeddable":true,"href":"https:\/\/orotech.lt\/en\/wp-json\/wp\/v2\/product_cat?post=25074"},{"taxonomy":"product_tag","embeddable":true,"href":"https:\/\/orotech.lt\/en\/wp-json\/wp\/v2\/product_tag?post=25074"}],"curies":[{"name":"wp","href":"https:\/\/api.w.org\/{rel}","templated":true}]}}