{"id":25083,"date":"2025-09-09T06:25:03","date_gmt":"2025-09-09T06:25:03","guid":{"rendered":"https:\/\/orotech.lt\/energijos-sanaudu-matuoklis-trotec-bx09\/"},"modified":"2025-09-10T06:05:15","modified_gmt":"2025-09-10T06:05:15","slug":"energijos-sanaudu-matuoklis-trotec-bx09","status":"publish","type":"product","link":"https:\/\/orotech.lt\/en\/energijos-sanaudu-matuoklis-trotec-bx09\/","title":{"rendered":"Energijos s\u0105naud\u0173 matuoklis TROTEC BX09"},"content":{"rendered":"<p style=\"text-align: justify;\"><em>Kiek elektros sunaudoja mikrobang\u0173 krosnel\u0117 ir televizorius? Kurie prietaisai naudoja elektr\u0105 net ir bud\u0117jimo re\u017eime? Tai jums parodys energijos s\u0105naud\u0173 matuoklis, pad\u0117siantis lengvai atrasti vietas, kuriose gal\u0117site aktyviai taupyti elektr\u0105.<\/em><\/p>\n<p style=\"text-align: justify;\">Energijos s\u0105naud\u0173 matuoklis yra lengvai valdomas. Papras\u010diausiai \u012fjunkite matuokl\u012f tarp rozet\u0117s ir nam\u0173 apyvokos prietaiso, ir energijos s\u0105naud\u0173 matuoklis parodys tikslias elektros s\u0105naudas.<br \/>\n\t&nbsp;<br \/>\n\t\u0160is matavimo prietaisas nustato net ir ma\u017eiausi\u0105 elektros energijos eikvojim\u0105, pvz., prietaisus, kurie naudoja elektr\u0105 net ir bud\u0117jimo re\u017eime, kadangi minimalus galimas srov\u0117s parodymas yra 0,1 W.<br \/>\n\t&nbsp;<br \/>\n\tBX09 pateikia elektros s\u0105naudos rodmenis kaip aktyviosios elektros s\u0105naudas vatais, kilovatvaland\u0117mis, kainos i\u0161rai\u0161ka arba \u012fkainiu u\u017e kilovatvaland\u0119.<br \/>\n\t&nbsp;<br \/>\n\t<em>Pasitikrinkite savo elektros prietaisus naudodamiesi BX09 energijos s\u0105naud\u0173<\/em> <em>matuokliu: televizorius, stereo aparat\u016br\u0105, LCD televizorius, stiprintuvus, DVD grotuvus, vaizdo \u012fra\u0161ymo prietaisus, kompiuterius, serverius, \u0161aldytuvus, \u0161aldiklius, skalbimo ma\u0161inas, d\u017eiovykles, oro kondicionavimo prietaisus, \u0161ildymo prietaisus, \u0161viestuvus, grindines lempas, parduotuvi\u0173 vitrin\u0173 lempas, ma\u0161inas ir \u012fvairius kitus prietaisus.<\/em><br \/>\n\t&nbsp;<br \/>\n\t<strong>Keletas prakti\u0161k\u0173 ypatybi\u0173:<\/strong><\/p>\n<ul>\n<li style=\"text-align: justify;\">\n\t\tBud\u0117jimo re\u017eime veikian\u010di\u0173 prietais\u0173 elektros s\u0105naud\u0173 pateikimas &ndash; nuo 0,1 W, t.y. kitaip nei daugelio pana\u0161i\u0173 produkt\u0173.<\/li>\n<li style=\"text-align: justify;\">\n\t\tVieno ar keleto prietais\u0173 esam\u0173 elektros s\u0105naud\u0173 pateikimas.<\/li>\n<li style=\"text-align: justify;\">\n\t\tBendr\u0173 energijos s\u0105naud\u0173 per nustatyt\u0105 laiko period\u0105 pateikimas &ndash; papras\u010diausiai nustatykite elektros kain\u0105 bei \u012fjunkite BX09 tarp rozet\u0117s ir prietaiso.<\/li>\n<li style=\"text-align: justify;\">\n\t\tElektros sunaudojimas pateikiamas kaip aktyviosios elektros s\u0105naudos vatais arba kainos i\u0161rai\u0161ka.<\/li>\n<li style=\"text-align: justify;\">\n\t\tLCD ekranas yra lengvai \u012fskaitomas ir suprantamas.<\/li>\n<li style=\"text-align: justify;\">\n\t\tApsauga nuo elektros srov\u0117s nutr\u016bkimo.<\/li>\n<li style=\"text-align: justify;\">\n\t\tVieno ar keleto prietais\u0173 esam\u0173 elektros s\u0105naud\u0173 pateikimas.<\/li>\n<li style=\"text-align: justify;\">\n\t\tOptimalus kainos ir kokyb\u0117s santykis.<\/li>\n<li style=\"text-align: justify;\">\n\t\tMinimali galima matavimo vert\u0117 &ndash; 0,1 W.<\/li>\n<li style=\"text-align: justify;\">\n\t\tSlopintuvo kondensatorius (Buffer condenser), leid\u017eiantis i\u0161saugoti pasirinktus nustatymus.<\/li>\n<\/ul>\n<p style=\"text-align: justify;\"><strong>Techniniai BX09 duomenys:<\/strong><\/p>\n<ul>\n<li>\n\t\tMatavimo intervalas: 0,1 W &#8211; 3.680 W<\/li>\n<li>\n\t\tTikslumas: &plusmn;2 W (0-100 W) \/ &plusmn;2 % (100-3680 W)<\/li>\n<li>\n\t\tVeikimo s\u0105lygos: nuo +5 &deg;C iki +40 &deg;C<\/li>\n<li>\n\t\tS\u0105naud\u0173 matavimas: 0,01 &#8211; 9999,9 kWh<\/li>\n<li>\n\t\tMaksimali eksploatacija: 3680 W \/16 A<\/li>\n<li>\n\t\t\u012era\u0161ymo talpa: 9&nbsp;999 valandos<\/li>\n<li>\n\t\tI\u0161matavimai (ilgis x plotis x auk\u0161tis): 95 x 50 x 70 mm<\/li>\n<li>\n\t\tSvoris: 0,1 kg<\/li>\n<\/ul>\n<p><a class=\"catalogue\" href=\"\/en\/images\/Userfiles\/Trotec_BX091.pdf\/\" target=\"blank\">Download product manual <\/a><\/p>","protected":false},"excerpt":{"rendered":"<p>Kiek elektros sunaudoja mikrobang\u0173 krosnel\u0117 ir televizorius? Kurie prietaisai naudoja elektr\u0105 net ir bud\u0117jimo re\u017eime? Tai jums parodys energijos s\u0105naud\u0173<\/p>","protected":false},"featured_media":25085,"comment_status":"closed","ping_status":"open","template":"","meta":[],"product_brand":[],"product_cat":[23],"product_tag":[535],"class_list":{"0":"post-25083","1":"product","2":"type-product","3":"status-publish","4":"has-post-thumbnail","6":"product_cat-be-kategorijos","7":"product_tag-naujiena","9":"first","10":"onbackorder","11":"taxable","12":"shipping-taxable","13":"product-type-variable"},"_links":{"self":[{"href":"https:\/\/orotech.lt\/en\/wp-json\/wp\/v2\/product\/25083","targetHints":{"allow":["GET"]}}],"collection":[{"href":"https:\/\/orotech.lt\/en\/wp-json\/wp\/v2\/product"}],"about":[{"href":"https:\/\/orotech.lt\/en\/wp-json\/wp\/v2\/types\/product"}],"replies":[{"embeddable":true,"href":"https:\/\/orotech.lt\/en\/wp-json\/wp\/v2\/comments?post=25083"}],"version-history":[{"count":1,"href":"https:\/\/orotech.lt\/en\/wp-json\/wp\/v2\/product\/25083\/revisions"}],"predecessor-version":[{"id":25084,"href":"https:\/\/orotech.lt\/en\/wp-json\/wp\/v2\/product\/25083\/revisions\/25084"}],"wp:featuredmedia":[{"embeddable":true,"href":"https:\/\/orotech.lt\/en\/wp-json\/wp\/v2\/media\/25085"}],"wp:attachment":[{"href":"https:\/\/orotech.lt\/en\/wp-json\/wp\/v2\/media?parent=25083"}],"wp:term":[{"taxonomy":"product_brand","embeddable":true,"href":"https:\/\/orotech.lt\/en\/wp-json\/wp\/v2\/product_brand?post=25083"},{"taxonomy":"product_cat","embeddable":true,"href":"https:\/\/orotech.lt\/en\/wp-json\/wp\/v2\/product_cat?post=25083"},{"taxonomy":"product_tag","embeddable":true,"href":"https:\/\/orotech.lt\/en\/wp-json\/wp\/v2\/product_tag?post=25083"}],"curies":[{"name":"wp","href":"https:\/\/api.w.org\/{rel}","templated":true}]}}