{"id":25093,"date":"2025-09-09T06:25:03","date_gmt":"2025-09-09T06:25:03","guid":{"rendered":"https:\/\/orotech.lt\/skaitmeninis-lazerinis-atstumu-matuoklis-trotec-bd21\/"},"modified":"2025-09-10T06:05:16","modified_gmt":"2025-09-10T06:05:16","slug":"skaitmeninis-lazerinis-atstumu-matuoklis-trotec-bd21","status":"publish","type":"product","link":"https:\/\/orotech.lt\/en\/skaitmeninis-lazerinis-atstumu-matuoklis-trotec-bd21\/","title":{"rendered":"Skaitmeninis lazerinis atstum\u0173 matuoklis TROTEC BD21"},"content":{"rendered":"<p style=\"text-align: justify;\"><strong>\u0160is patogus matavimo prietaisas leid\u017eia tiksliai ir greitai pamatuoti atstum\u0105, pavir\u0161i\u0173 ir apimt\u012f.&nbsp;<\/strong><\/p>\n<p style=\"text-align: justify;\">Naudodamiesi \u0161iuo patogiu matavimo prietaisu vieno mygtuko paspaudimu gal\u0117site greitai ir patogiai \u012fvertinti atstumus, plotus ir apimtis net ir sunkiai prieinamose vietose.<\/p>\n<p>\tPrie\u0161ingai nei nepatog\u016bs klasikiniai matavimo prietaisai, tokie kaip sulankstomos liniuot\u0117s ar matavimo rulet\u0117s, BD21 pateiks jums teisingus rezultatus, tad gal\u0117site lengvai apskai\u010diuoti savo darbui reikaling\u0173 med\u017eiag\u0173, pvz., sien\u0173 da\u017e\u0173, parketo ar plyteli\u0173, kiekius.<br \/>\n\t&nbsp;<br \/>\n\tBD21 atstumo matuoklyje montuojamas 90&deg; pokrypio sensorius su 3 ta\u0161k\u0173 Pitagoro funkcija leid\u017eia naudotojui atlikti sud\u0117tingesnius matavimus, tokius kaip auk\u0161\u010dio ir dalinio auk\u0161\u010dio matavimai, atstumo matavimai arba, jeigu yra koki\u0173 nors kli\u016b\u010di\u0173, netgi netiesioginius atstumo ir auk\u0161\u010dio matavimus vir\u0161 kli\u016b\u010di\u0173. Be to, BD21 gali b\u016bti naudojamas kaip elektroninis gul\u010d\u0161iukas.<\/p>\n<p>\tNepaisant to, kad \u0161is prietaisas turi daug nauding\u0173 ypatybi\u0173 ir funkcij\u0173, j\u012f ne\u012ftik\u0117tinai lengva naudoti, kadangi kiekvienai funkcijai yra atskiras mygtukas.<br \/>\n\t&nbsp;<br \/>\n\tBD21 galima pakankamai patogiai naudoti tamsiuose kambariuose arba dienos metu, kadangi daug eilu\u010di\u0173 rodan\u010dio ekrano ap\u0161vietim\u0105 galima \u012fjungti vienu mygtuko paspaudimu.<\/p>\n<p>\tBD21 buvo specialiai sukurtas naudoti patalpose, tad IP54 vertinimas rei\u0161kia, jog jis yra apsaugotas nuo dulki\u0173 ir apta\u0161kymo vandeniu, tod\u0117l ypatingai tinkamas naudoti \u012fvairiems rank\u0173 darbams.<br \/>\n\t&nbsp;<br \/>\n\t<strong>Keletas prakti\u0161k\u0173 ypatybi\u0173:<\/strong><\/p>\n<ul>\n<li style=\"text-align: justify;\">\n\t\tIntegruotas 90&deg; pokrypio sensorius<\/li>\n<li style=\"text-align: justify;\">\n\t\tAtstumas: nuo 0,05 m iki 70 m<\/li>\n<li style=\"text-align: justify;\">\n\t\tNetiesioginis atstumo ir auk\u0161\u010dio arba dalinio auk\u0161\u010dio apskai\u010diavimas (3 ta\u0161k\u0173 Pitagoro funkcija)<\/li>\n<li style=\"text-align: justify;\">\n\t\tAtstum\u0173, ploto ir apimties tiksl\u016bs i\u0161matavimai per kelias sekundes<\/li>\n<li style=\"text-align: justify;\">\n\t\tAp\u0161viestas daug eilu\u010di\u0173 rodantis ekranas idealiai matomas net ir menkai ap\u0161viestoje aplinkoje<\/li>\n<li style=\"text-align: justify;\">\n\t\tGali b\u016bti naudojamas kaip elektroninis gul\u0161\u010diukas<\/li>\n<li style=\"text-align: justify;\">\n\t\tTikram meistri\u0161kumui &ndash; apsauga nuo dulki\u0173 ir apta\u0161kymo vandeniu (IP54)<\/li>\n<li style=\"text-align: justify;\">\n\t\tDaugiafunkcis antgalis<\/li>\n<li style=\"text-align: justify;\">\n\t\tTimer function<\/li>\n<li style=\"text-align: justify;\">\n\t\tAutomatinio i\u0161jungimo funkcija<\/li>\n<\/ul>\n<p style=\"text-align: justify;\"><strong>Techniniai BD21 duomenys:<\/strong><\/p>\n<ul>\n<li style=\"text-align: justify;\">\n\t\tMatavimo tikslumo tipas*: &plusmn; 2 mm (&plusmn;0,08 colio)<\/li>\n<li style=\"text-align: justify;\">\n\t\tAtstumas: nuo 0,05 iki 70 m (nuo 0,16 iki 230 ft)<\/li>\n<li style=\"text-align: justify;\">\n\t\tMatavimo vienetai: m, in, ft<\/li>\n<li style=\"text-align: justify;\">\n\t\tFunkcijos: minimal\u016bs ir maksimal\u016bs matavimai, t\u0119stiniai matavimai, sud\u0117tis ir atimtis, ploto ir apimties matavimai, netiesioginiai matavimai naudojantis Pitagoro funkcija, atstumo sekimas, elektroninis gul\u0161\u010diukas, ap\u0161viestas ekranas, automatinio i\u0161jungimo funkcija<\/li>\n<li style=\"text-align: justify;\">\n\t\tAtmintis: 10 paskutini\u0173j\u0173 matavim\u0173<\/li>\n<li style=\"text-align: justify;\">\n\t\tIP vertinimas: IP54<\/li>\n<li style=\"text-align: justify;\">\n\t\tEnergijos tiekimas: 2 x 1,5 V, AAA tipo baterijos<\/li>\n<li style=\"text-align: justify;\">\n\t\tI\u0161matavimai (ilgis x plotis x auk\u0161tis): 27 x 49 x 118 mm<\/li>\n<li style=\"text-align: justify;\">\n\t\tSvoris su baterijomis: 150 g<\/li>\n<li style=\"text-align: justify;\">\n\t\tKomplekt\u0105 sudaro matuoklis, baterijos, d\u0117klas, valdymo instrukcija<\/li>\n<\/ul>","protected":false},"excerpt":{"rendered":"<p>\u0160is patogus matavimo prietaisas leid\u017eia tiksliai ir greitai pamatuoti atstum\u0105, pavir\u0161i\u0173 ir apimt\u012f.&nbsp; Naudodamiesi \u0161iuo patogiu matavimo prietaisu vieno mygtuko<\/p>","protected":false},"featured_media":25095,"comment_status":"closed","ping_status":"open","template":"","meta":[],"product_brand":[],"product_cat":[23],"product_tag":[535],"class_list":{"0":"post-25093","1":"product","2":"type-product","3":"status-publish","4":"has-post-thumbnail","6":"product_cat-be-kategorijos","7":"product_tag-naujiena","9":"first","10":"onbackorder","11":"taxable","12":"shipping-taxable","13":"product-type-variable"},"_links":{"self":[{"href":"https:\/\/orotech.lt\/en\/wp-json\/wp\/v2\/product\/25093","targetHints":{"allow":["GET"]}}],"collection":[{"href":"https:\/\/orotech.lt\/en\/wp-json\/wp\/v2\/product"}],"about":[{"href":"https:\/\/orotech.lt\/en\/wp-json\/wp\/v2\/types\/product"}],"replies":[{"embeddable":true,"href":"https:\/\/orotech.lt\/en\/wp-json\/wp\/v2\/comments?post=25093"}],"version-history":[{"count":1,"href":"https:\/\/orotech.lt\/en\/wp-json\/wp\/v2\/product\/25093\/revisions"}],"predecessor-version":[{"id":25094,"href":"https:\/\/orotech.lt\/en\/wp-json\/wp\/v2\/product\/25093\/revisions\/25094"}],"wp:featuredmedia":[{"embeddable":true,"href":"https:\/\/orotech.lt\/en\/wp-json\/wp\/v2\/media\/25095"}],"wp:attachment":[{"href":"https:\/\/orotech.lt\/en\/wp-json\/wp\/v2\/media?parent=25093"}],"wp:term":[{"taxonomy":"product_brand","embeddable":true,"href":"https:\/\/orotech.lt\/en\/wp-json\/wp\/v2\/product_brand?post=25093"},{"taxonomy":"product_cat","embeddable":true,"href":"https:\/\/orotech.lt\/en\/wp-json\/wp\/v2\/product_cat?post=25093"},{"taxonomy":"product_tag","embeddable":true,"href":"https:\/\/orotech.lt\/en\/wp-json\/wp\/v2\/product_tag?post=25093"}],"curies":[{"name":"wp","href":"https:\/\/api.w.org\/{rel}","templated":true}]}}