{"id":25105,"date":"2025-09-09T06:25:03","date_gmt":"2025-09-09T06:25:03","guid":{"rendered":"https:\/\/orotech.lt\/ismanusis-sanaudu-matuoklis-feelspot-fs-pmw-wifi-tuya\/"},"modified":"2025-09-10T06:05:17","modified_gmt":"2025-09-10T06:05:17","slug":"ismanusis-sanaudu-matuoklis-feelspot-fs-pmw-wifi-tuya","status":"publish","type":"product","link":"https:\/\/orotech.lt\/en\/ismanusis-sanaudu-matuoklis-feelspot-fs-pmw-wifi-tuya\/","title":{"rendered":"I\u0161manusis s\u0105naud\u0173 matuoklis Feelspot FS-PMW  WiFi Tuya"},"content":{"rendered":"<p>Pristatome i\u0161man\u0173j\u012f s\u0105naud\u0173 matuokl\u012f su Wifi funkcija &ndash;&nbsp;Feelspot FS-PMW Wi-fi Tuya!&nbsp;&nbsp;Tai puikus \u012frenginys, skirtas sekti ir valdyti j\u016bs\u0173 nam\u0173 ar verslo energijos s\u0105naudas. \u0160is inovatyvus \u012frenginys leid\u017eia jums steb\u0117ti ir valdyti elektros energijos naudojim\u0105 tiesiogiai per savo mobili\u0173j\u012f telefon\u0105 arba kit\u0105 i\u0161man\u0173j\u012f prietais\u0105.<\/p>\n<p><strong>Pagrindin\u0117s s\u0105naud\u0173 matuoklio Feelspot FS-PMW WiFi&nbsp;savyb\u0117s:<\/strong><\/p>\n<ul>\n<li>\n\t\tWifi ry\u0161ys: S\u0105naud\u0173 matuoklis turi integruot\u0105 Wifi modul\u012f, kuris leid\u017eia jums prisijungti prie&nbsp; tinklo ir perduoti informacij\u0105 \u012f j\u016bs\u0173 i\u0161man\u0173j\u012f telefon\u0105 arba kit\u0105 su Wifi ry\u0161iu susietu prietaisu.<\/li>\n<li>\n\t\tS\u0105naud\u0173 sekimas: Matuoklis gali tiksliai matuoti elektros energijos s\u0105naudas. Jis gali atvaizduoti dabartin\u012f ir istorin\u012f naudojim\u0105.<\/li>\n<li>\n\t\tRealaus laiko duomenys.<\/li>\n<\/ul>\n<p><strong>S\u0105naud\u0173 matuoklio Feelspot FS-PMW WiFi techniniai duomenys:&nbsp;<\/strong><\/p>\n<ul>\n<li>\n\t\tModelis:&nbsp;Feelspot FS-PMW WiFi;<\/li>\n<li>\n\t\tNuotolinio valdymo galimyb\u0117 mobiliuoju telefonu ar kitu i\u0161maniuoju \u012frenginiu;<\/li>\n<li>\n\t\tRealaus laiko energijos suvartojimo vaizdas mobiliuoju telefonu;<\/li>\n<li>\n\t\tLaikma\u010dio ar tvarkara\u0161\u010dio sudarymo galimyb\u0117;<\/li>\n<li>\n\t\tLCD ekranas, realiu laiku rodomas srov\u0117s, \u012ftampos, galios, KW.h<\/li>\n<li>\n\t\tMaksimali srov\u0117: 63A<\/li>\n<li>\n\t\tTikslumas: &plusmn; 2 %<\/li>\n<li>\n\t\tApsauga nuo elektros nuot\u0117kio&nbsp;<\/li>\n<\/ul>\n<p style=\"text-align: justify;\"><em><strong>Atsisi\u0173skite&nbsp;&bdquo;Tuya&ldquo;&nbsp;arba &bdquo;Smart Life&ldquo; program\u0117l\u0119 Android operacinei sistemai:<\/strong><\/em><\/p>\n<p style=\"text-align: justify;\"><a href=\"https:\/\/play.google.com\/store\/apps\/details?id=com.tuya.smart&amp;hl=lt&amp;gl=US\" target=\"_blank\" rel=\"nofollow noopener\"><img decoding=\"async\" alt=\"\" src=\"\/images\/Userfiles\/www.rubisolis.lt_tuya_app.png\" style=\"width: 80px; height: 80px;\" title=\"\"><\/a>&nbsp; &nbsp;<a href=\"https:\/\/play.google.com\/store\/apps\/details?id=com.tuya.smartlife&amp;hl=lt&amp;gl=US&amp;pli=1\" target=\"_blank\" rel=\"nofollow noopener\"><img decoding=\"async\" alt=\"\" src=\"\/images\/Userfiles\/www.rubisolis.lt_smart_life_app.png\" style=\"width: 80px; height: 80px;\" title=\"\"><\/a><\/p>\n<p style=\"text-align: justify;\"><em><strong>Atsisi\u0173skite &bdquo;Tuya&ldquo; arba &bdquo;Smart Life&ldquo; program\u0117l\u0119 iOS operacinei sistemai:&nbsp;<\/strong><\/em><\/p>\n<p style=\"text-align: justify;\"><a href=\"https:\/\/apps.apple.com\/us\/app\/tuya-smart\/id1034649547\" target=\"_blank\" rel=\"nofollow noopener\"><img decoding=\"async\" alt=\"\" src=\"\/images\/Userfiles\/www.rubisolis.lt_tuya_app.png\" style=\"width: 80px; height: 80px;\" title=\"\"><\/a>&nbsp; &nbsp;<a href=\"https:\/\/apps.apple.com\/us\/app\/smart-life-smart-living\/id1115101477\" target=\"_blank\" rel=\"nofollow noopener\"><img decoding=\"async\" alt=\"\" src=\"\/images\/Userfiles\/www.rubisolis.lt_smart_life_app.png\" style=\"width: 80px; height: 80px;\" title=\"\"><\/a><\/p>\n<p style=\"text-align: justify;\"><a class=\"catalogue\" href=\"\/en\/images\/Userfiles\/www.rubisolis.lt_wifi_snaud_matuoklis_feelspot_fs-pmw_WiFi_Power_Meter_feelspot_fs-pmw_User_Manual.pdf\/\" target=\"blank\">Download product manual<\/a><\/p>","protected":false},"excerpt":{"rendered":"<p>Pristatome i\u0161man\u0173j\u012f s\u0105naud\u0173 matuokl\u012f su Wifi funkcija &ndash;&nbsp;Feelspot FS-PMW Wi-fi Tuya!&nbsp;&nbsp;Tai puikus \u012frenginys, skirtas sekti ir valdyti j\u016bs\u0173 nam\u0173 ar<\/p>","protected":false},"featured_media":25107,"comment_status":"closed","ping_status":"open","template":"","meta":[],"product_brand":[],"product_cat":[23],"product_tag":[535],"class_list":{"0":"post-25105","1":"product","2":"type-product","3":"status-publish","4":"has-post-thumbnail","6":"product_cat-be-kategorijos","7":"product_tag-naujiena","9":"first","10":"onbackorder","11":"taxable","12":"shipping-taxable","13":"product-type-variable"},"_links":{"self":[{"href":"https:\/\/orotech.lt\/en\/wp-json\/wp\/v2\/product\/25105","targetHints":{"allow":["GET"]}}],"collection":[{"href":"https:\/\/orotech.lt\/en\/wp-json\/wp\/v2\/product"}],"about":[{"href":"https:\/\/orotech.lt\/en\/wp-json\/wp\/v2\/types\/product"}],"replies":[{"embeddable":true,"href":"https:\/\/orotech.lt\/en\/wp-json\/wp\/v2\/comments?post=25105"}],"version-history":[{"count":1,"href":"https:\/\/orotech.lt\/en\/wp-json\/wp\/v2\/product\/25105\/revisions"}],"predecessor-version":[{"id":25106,"href":"https:\/\/orotech.lt\/en\/wp-json\/wp\/v2\/product\/25105\/revisions\/25106"}],"wp:featuredmedia":[{"embeddable":true,"href":"https:\/\/orotech.lt\/en\/wp-json\/wp\/v2\/media\/25107"}],"wp:attachment":[{"href":"https:\/\/orotech.lt\/en\/wp-json\/wp\/v2\/media?parent=25105"}],"wp:term":[{"taxonomy":"product_brand","embeddable":true,"href":"https:\/\/orotech.lt\/en\/wp-json\/wp\/v2\/product_brand?post=25105"},{"taxonomy":"product_cat","embeddable":true,"href":"https:\/\/orotech.lt\/en\/wp-json\/wp\/v2\/product_cat?post=25105"},{"taxonomy":"product_tag","embeddable":true,"href":"https:\/\/orotech.lt\/en\/wp-json\/wp\/v2\/product_tag?post=25105"}],"curies":[{"name":"wp","href":"https:\/\/api.w.org\/{rel}","templated":true}]}}