{"id":25112,"date":"2025-09-09T06:25:03","date_gmt":"2025-09-09T06:25:03","guid":{"rendered":"https:\/\/orotech.lt\/energijos-matavimo-modulis-feelspot-fs-pmm01w-wifi-tuya\/"},"modified":"2025-09-10T06:05:18","modified_gmt":"2025-09-10T06:05:18","slug":"energijos-matavimo-modulis-feelspot-fs-pmm01w-wifi-tuya","status":"publish","type":"product","link":"https:\/\/orotech.lt\/en\/energijos-matavimo-modulis-feelspot-fs-pmm01w-wifi-tuya\/","title":{"rendered":"Energijos matavimo modulis Feelspot FS-PMM01W WiFi, Tuya"},"content":{"rendered":"<p style=\"text-align: justify;\"><strong>Energijos matavimo modulis Feelspot FS-PMM01W<\/strong> su WiFi&nbsp;&ndash; tai prietaisas, skirtas sekti j\u016bs\u0173 nam\u0173 arba biuro suvartojamos energijos kiek\u012f. Steb\u0117kite realaus laiko energijos suvartojim\u0105 savo mobiliajame telefone ar kitame i\u0161maniame prietaise &ndash; tiesiog u\u017espauskite laid\u0105 juodu spaustuku \/ jutikliu, \u012fjunkite &quot;Tuya&quot; program\u0117l\u0119 ir su\u017einokite informacij\u0105 apie realaus laiko tekan\u010di\u0105 srov\u0119, gali\u0105, \u012ftamp\u0105, galios koeficient\u0105 bei&nbsp;KWh. \u0160iuolaiki\u0161kas <strong>energijos matavimo modulis<\/strong> veikia kartu su &quot;Amazon Alexa&quot; bei &quot;Google Home&quot; virtualiais asistentais, tod\u0117l gal\u0117site kaip \u012fmanoma labiau automatizuoti u\u017eduotis savo namuose ar biure.&nbsp;<\/p>\n<p><strong>Features and benefits:<\/strong><\/p>\n<ul>\n<li style=\"text-align: justify;\">\n\t\t<strong>Tikslus matavimas.<\/strong>&nbsp;Kiekvieno kanalo \u012ftampos, srov\u0117s ir galios steb\u0117jimas realiuoju laiku.&nbsp;<\/li>\n<li style=\"text-align: justify;\">\n\t\t<strong>Mobiliojo telefono program\u0117l\u0117 &quot;Tuya&quot;.<\/strong>&nbsp;Naudojant program\u0117l\u0119, realiuoju laiku rodoma kanalo galia, srov\u0117, \u012ftampa, galios koeficientas ir da\u017enis.<\/li>\n<li style=\"text-align: justify;\">\n\t\t<b>Analiz\u0117.<\/b>&nbsp;Mobilioje program\u0117l\u0117je &quot;Tuya&quot; yra renkama duomen\u0173 istorija ne tik einamojo, bet ir pra\u0117jusio laikotarpio: dienos, m\u0117nesio ir met\u0173 sumines vert\u0117s.&nbsp;<\/li>\n<li style=\"text-align: justify;\">\n\t\t<strong>Automatizavimo funkcija. <\/strong>Mobilioje program\u0117l\u0117je &quot;Tuya&quot;&nbsp;galite nustatyti galios arba srov\u0117s vert\u0119, tik kai galia arba srov\u0117 vir\u0161ys vert\u0119, prietaisas prad\u0117s veikti.<\/li>\n<li style=\"text-align: justify;\">\n\t\t<strong>Lengvas montavimas.<\/strong>&nbsp;35 mm skersmens b\u0117geli\u0173 montavimas, nereikalauja papildom\u0173 laid\u0173, saugus sujungimas: tiesiog \u012fki\u0161kite laidus \u012f spaustuk\u0105 ir matuokite.&nbsp;<\/li>\n<\/ul>\n<p><strong>Technical data:&nbsp;<\/strong><\/p>\n<ul>\n<li>\n\t\tModelis:&nbsp;Feelspot FS-PMM01W WiFi;<\/li>\n<li>\n\t\tTipas: vieno kanalo steb\u0117jimas (vienfazis);<\/li>\n<li>\n\t\tNuotolinio valdymo galimyb\u0117 mobiliuoju telefonu ar kitu i\u0161maniuoju \u012frenginiu su &quot;Tuya&quot; program\u0117le;<\/li>\n<li>\n\t\tRealaus laiko energijos suvartojimo vaizdas mobiliuoju telefonu;<\/li>\n<li>\n\t\tRealiu laiku rodoma srov\u0117s, \u012ftampa, galia, KW.h informacija;<\/li>\n<li>\n\t\tMaksimali srov\u0117: 80A;<\/li>\n<li>\n\t\tDarbin\u0117 temp.: nuo -10 \u2103 iki 40 \u2103;<\/li>\n<li>\n\t\tBelaid\u017eio ry\u0161io tipas: 2,4 GHz;<\/li>\n<li>\n\t\tProtokolas:&nbsp;WiFi IEEE 802.11b\/g\/n;<\/li>\n<li>\n\t\tVeikimo diapazonas &lt;100 m;<\/li>\n<li>\n\t\tTikslumas: &plusmn; 2 %;<\/li>\n<li>\n\t\tMaitinimas:&nbsp;100-240V 50\/60Hz;<\/li>\n<li>\n\t\tMatmenys: 39.2 x 39.2 x 18 mm;<\/li>\n<li>\n\t\tApsaugos klas\u0117: IP20.<br \/>\n\t\t&nbsp;<\/li>\n<\/ul>\n<p style=\"text-align: justify;\"><em><strong>Atsisi\u0173skite&nbsp;&bdquo;Tuya&ldquo;&nbsp;arba &bdquo;Smart Life&ldquo; program\u0117l\u0119 Android operacinei sistemai:<\/strong><\/em><\/p>\n<p style=\"text-align: justify;\"><a href=\"https:\/\/play.google.com\/store\/apps\/details?id=com.tuya.smart&amp;hl=lt&amp;gl=US\" target=\"_blank\" rel=\"nofollow noopener\"><img decoding=\"async\" alt=\"\" src=\"\/images\/Userfiles\/www.rubisolis.lt_tuya_app.png\" style=\"width: 80px; height: 80px;\" title=\"\"><\/a>&nbsp; &nbsp;<a href=\"https:\/\/play.google.com\/store\/apps\/details?id=com.tuya.smartlife&amp;hl=lt&amp;gl=US&amp;pli=1\" target=\"_blank\" rel=\"nofollow noopener\"><img decoding=\"async\" alt=\"\" src=\"\/images\/Userfiles\/www.rubisolis.lt_smart_life_app.png\" style=\"width: 80px; height: 80px;\" title=\"\"><\/a><\/p>\n<p style=\"text-align: justify;\"><em><strong>Atsisi\u0173skite &bdquo;Tuya&ldquo; arba &bdquo;Smart Life&ldquo; program\u0117l\u0119 iOS operacinei sistemai:&nbsp;<\/strong><\/em><\/p>\n<p style=\"text-align: justify;\"><a href=\"https:\/\/apps.apple.com\/us\/app\/tuya-smart\/id1034649547\" target=\"_blank\" rel=\"nofollow noopener\"><img decoding=\"async\" alt=\"\" src=\"\/images\/Userfiles\/www.rubisolis.lt_tuya_app.png\" style=\"width: 80px; height: 80px;\" title=\"\"><\/a>&nbsp; &nbsp;<a href=\"https:\/\/apps.apple.com\/us\/app\/smart-life-smart-living\/id1115101477\" target=\"_blank\" rel=\"nofollow noopener\"><img decoding=\"async\" alt=\"\" src=\"\/images\/Userfiles\/www.rubisolis.lt_smart_life_app.png\" style=\"width: 80px; height: 80px;\" title=\"\"><\/a><\/p>\n<p style=\"text-align: justify;\"><a class=\"catalogue\" href=\"https:\/\/www.rubisolis.lt\/images\/Userfiles\/A_Feelspot_instrukcijos\/FS-PMM01W.pdf\" target=\"blank\" rel=\"nofollow noopener\">Download product manual<\/a><\/p>","protected":false},"excerpt":{"rendered":"<p>Energijos matavimo modulis Feelspot FS-PMM01W su WiFi&nbsp;&ndash; tai prietaisas, skirtas sekti j\u016bs\u0173 nam\u0173 arba biuro suvartojamos energijos kiek\u012f. Steb\u0117kite realaus<\/p>","protected":false},"featured_media":25114,"comment_status":"closed","ping_status":"open","template":"","meta":[],"product_brand":[],"product_cat":[23],"product_tag":[535],"class_list":{"0":"post-25112","1":"product","2":"type-product","3":"status-publish","4":"has-post-thumbnail","6":"product_cat-be-kategorijos","7":"product_tag-naujiena","9":"first","10":"onbackorder","11":"taxable","12":"shipping-taxable","13":"product-type-variable"},"_links":{"self":[{"href":"https:\/\/orotech.lt\/en\/wp-json\/wp\/v2\/product\/25112","targetHints":{"allow":["GET"]}}],"collection":[{"href":"https:\/\/orotech.lt\/en\/wp-json\/wp\/v2\/product"}],"about":[{"href":"https:\/\/orotech.lt\/en\/wp-json\/wp\/v2\/types\/product"}],"replies":[{"embeddable":true,"href":"https:\/\/orotech.lt\/en\/wp-json\/wp\/v2\/comments?post=25112"}],"version-history":[{"count":1,"href":"https:\/\/orotech.lt\/en\/wp-json\/wp\/v2\/product\/25112\/revisions"}],"predecessor-version":[{"id":25113,"href":"https:\/\/orotech.lt\/en\/wp-json\/wp\/v2\/product\/25112\/revisions\/25113"}],"wp:featuredmedia":[{"embeddable":true,"href":"https:\/\/orotech.lt\/en\/wp-json\/wp\/v2\/media\/25114"}],"wp:attachment":[{"href":"https:\/\/orotech.lt\/en\/wp-json\/wp\/v2\/media?parent=25112"}],"wp:term":[{"taxonomy":"product_brand","embeddable":true,"href":"https:\/\/orotech.lt\/en\/wp-json\/wp\/v2\/product_brand?post=25112"},{"taxonomy":"product_cat","embeddable":true,"href":"https:\/\/orotech.lt\/en\/wp-json\/wp\/v2\/product_cat?post=25112"},{"taxonomy":"product_tag","embeddable":true,"href":"https:\/\/orotech.lt\/en\/wp-json\/wp\/v2\/product_tag?post=25112"}],"curies":[{"name":"wp","href":"https:\/\/api.w.org\/{rel}","templated":true}]}}