{"id":25128,"date":"2025-09-09T06:25:03","date_gmt":"2025-09-09T06:25:03","guid":{"rendered":"https:\/\/orotech.lt\/grindinio-sildymo-termostatine-pavara-feelspot-ep22-09\/"},"modified":"2025-09-10T06:05:20","modified_gmt":"2025-09-10T06:05:20","slug":"grindinio-sildymo-termostatine-pavara-feelspot-ep22-09","status":"publish","type":"product","link":"https:\/\/orotech.lt\/en\/grindinio-sildymo-termostatine-pavara-feelspot-ep22-09\/","title":{"rendered":"Grindinio \u0161ildymo termostatin\u0117 pavara Feelspot EP22.09"},"content":{"rendered":"<p style=\"text-align: justify;\">Grindinio \u0161ildymo termostatin\u0117 pavara Feelspot EP22.09&nbsp;skirta naudoti grind\u0173 \u0161ildymo kolektoriuose.&nbsp;Feelspot pavaras galima naudoti su visais elektromechaniniais arba elektroniniais kambario termostatais nepriklausom\u0173 kont\u016br\u0173 arba zon\u0173 reguliavimui.&nbsp;<\/p>\n<p><strong>Technical information:<\/strong><\/p>\n<ul>\n<li>\n\t\tTipas: NC (normaliai u\u017edara);<\/li>\n<li>\n\t\tMaitinimas: 230 V AC;<\/li>\n<li>\n\t\tGalia: 2 W;<\/li>\n<li>\n\t\tPradin\u0117 srov\u0117: 50 mA;<\/li>\n<li>\n\t\tNuolatin\u0117 srov\u0117: 6.5 mA;<\/li>\n<li>\n\t\tSriegio tipas: M30 x 1.5 mm<\/li>\n<li>\n\t\t\u0160toko eiga: 4.5 mm;<\/li>\n<li>\n\t\tReguliavimo j\u0117ga: 110N;<\/li>\n<li>\n\t\tVeikimo temperat\u016bra: -20 &#8211; 50&deg;C;<\/li>\n<li>\n\t\tApsaugos klas\u0117: IP54;<\/li>\n<li>\n\t\tKabelio laido ilgis: 1 m;<\/li>\n<li>\n\t\tI\u0161matavimai: 62 x 30 x 39 mm;<\/li>\n<li>\n\t\tAtsidaro per 180 s.<\/li>\n<\/ul>\n<p><a class=\"catalogue\" href=\"\/en\/images\/Userfiles\/www.rubisolis.lt_Feelspot_EP22.09_termostatin_pavara1.pdf\/\" target=\"blank\">Download product manual <\/a><\/p>","protected":false},"excerpt":{"rendered":"<p>Grindinio \u0161ildymo termostatin\u0117 pavara Feelspot EP22.09&nbsp;skirta naudoti grind\u0173 \u0161ildymo kolektoriuose.&nbsp;Feelspot pavaras galima naudoti su visais elektromechaniniais arba elektroniniais kambario termostatais<\/p>","protected":false},"featured_media":25130,"comment_status":"closed","ping_status":"open","template":"","meta":[],"product_brand":[],"product_cat":[23],"product_tag":[535],"class_list":{"0":"post-25128","1":"product","2":"type-product","3":"status-publish","4":"has-post-thumbnail","6":"product_cat-be-kategorijos","7":"product_tag-naujiena","9":"first","10":"onbackorder","11":"taxable","12":"shipping-taxable","13":"product-type-variable"},"_links":{"self":[{"href":"https:\/\/orotech.lt\/en\/wp-json\/wp\/v2\/product\/25128","targetHints":{"allow":["GET"]}}],"collection":[{"href":"https:\/\/orotech.lt\/en\/wp-json\/wp\/v2\/product"}],"about":[{"href":"https:\/\/orotech.lt\/en\/wp-json\/wp\/v2\/types\/product"}],"replies":[{"embeddable":true,"href":"https:\/\/orotech.lt\/en\/wp-json\/wp\/v2\/comments?post=25128"}],"version-history":[{"count":1,"href":"https:\/\/orotech.lt\/en\/wp-json\/wp\/v2\/product\/25128\/revisions"}],"predecessor-version":[{"id":25129,"href":"https:\/\/orotech.lt\/en\/wp-json\/wp\/v2\/product\/25128\/revisions\/25129"}],"wp:featuredmedia":[{"embeddable":true,"href":"https:\/\/orotech.lt\/en\/wp-json\/wp\/v2\/media\/25130"}],"wp:attachment":[{"href":"https:\/\/orotech.lt\/en\/wp-json\/wp\/v2\/media?parent=25128"}],"wp:term":[{"taxonomy":"product_brand","embeddable":true,"href":"https:\/\/orotech.lt\/en\/wp-json\/wp\/v2\/product_brand?post=25128"},{"taxonomy":"product_cat","embeddable":true,"href":"https:\/\/orotech.lt\/en\/wp-json\/wp\/v2\/product_cat?post=25128"},{"taxonomy":"product_tag","embeddable":true,"href":"https:\/\/orotech.lt\/en\/wp-json\/wp\/v2\/product_tag?post=25128"}],"curies":[{"name":"wp","href":"https:\/\/api.w.org\/{rel}","templated":true}]}}