{"id":25131,"date":"2025-09-09T06:30:03","date_gmt":"2025-09-09T06:30:03","guid":{"rendered":"https:\/\/orotech.lt\/elektroninis-programuojamas-termostatas-termoreguliatorius-feelspot-wth25-08\/"},"modified":"2025-09-10T06:05:21","modified_gmt":"2025-09-10T06:05:21","slug":"elektroninis-programuojamas-termostatas-termoreguliatorius-feelspot-wth25-08","status":"publish","type":"product","link":"https:\/\/orotech.lt\/en\/elektroninis-programuojamas-termostatas-termoreguliatorius-feelspot-wth25-08\/","title":{"rendered":"Elektroninis programuojamas termostatas (termoreguliatorius) Feelspot WTH25.08"},"content":{"rendered":"<p style=\"text-align: justify;\">Elektroninis <strong>programuojamas termostatas<\/strong> (termoreguliatorius) Feelspot WTH25.08 leis valdyti \u0161ildymo, v\u0117dinimo ir kondicionavimo \u012frenginius. <strong>Programuojamas termostatas<\/strong> Feelspot WTH25.08 leis nustatyti savaitin\u012f veikimo grafik\u0105 (darbo dienos, savaitgalis ir t.t.), kuriame pagal tikslias dienas ir valandas gal\u0117site nustatyti \u0161ildymo ar kitos \u012frangos veikim\u0105 ir norim\u0105 temperat\u016br\u0105. D\u0117l savo veikimo principo, \u0161is <strong>programuojamas termostatas<\/strong>&nbsp;Feelspot WTH25.08 yra itin ekonomi\u0161kas, kas leid\u017eia suma\u017einti elektros s\u0105naudas.<\/p>\n<p style=\"text-align: justify;\"><strong><span><span>Techniniai duomenys<\/span><\/span><\/strong><\/p>\n<ul>\n<li style=\"text-align: justify;\">\n\t\t<span><span>Darbin\u0117 aplinkos temperat\u016bra:&nbsp;0 &ndash; 45&deg;C;<\/span><\/span><\/li>\n<li style=\"text-align: justify;\">\n\t\t<span><span>Prie\u0161u\u017e\u0161alimin\u0117 temperat\u016bra:&nbsp;4 &ndash; 10&deg;C;<\/span><\/span><\/li>\n<li style=\"text-align: justify;\">\n\t\t<span><span>Maksimali leistina apkrova:&nbsp;~ 8A 250VAC;<\/span><\/span><\/li>\n<li style=\"text-align: justify;\">\n\t\t<span><span>Maitinimas:&nbsp;2x baterijos tipo AA;<\/span><\/span><\/li>\n<li style=\"text-align: justify;\">\n\t\tVeikimo atstumas atviroje erdv\u0117je: iki 300m;<\/li>\n<li style=\"text-align: justify;\">\n\t\tDarbo ciklas:&nbsp;savaitinis, programuojamas.<\/li>\n<\/ul>\n<p style=\"text-align: justify;\"><strong>Advantages<\/strong><\/p>\n<ul>\n<li style=\"text-align: justify;\">\n\t\tElektroninis <strong>programuojamas termostatas<\/strong> (termoreguliatorius) Feelspot WTH25.08 turi 4 nepriklausomus temperat\u016bros nustatymus: dienin\u0117, naktin\u0117, prie\u0161u\u017e\u0161alimin\u0117 bei atostog\u0173;<\/li>\n<li style=\"text-align: justify;\">\n\t\tVeikimas su maksimalia apkrova iki 8 A.&nbsp;Ma\u017eakibirk\u0161tin\u0117 technologija \u012ftampos perjungimo u\u017etikrina rel\u0117s kontakt\u0173 ilgaam\u017ei\u0161kum\u0105;<\/li>\n<li style=\"text-align: justify;\">\n\t\tKomunikacija tarp \u012frengini\u0173 apsaugota nuo trikd\u017ei\u0173.&nbsp;<\/li>\n<li style=\"text-align: justify;\">\n\t\tPa\u0161vie\u010diamas LCD ekranas.&nbsp;\u0160vie\u010dian\u010dio LCD ekrano d\u0117ka galima steb\u0117ti \u012frenginio darbo r\u0117\u017eim\u0105 net ir silpnai ap\u0161viestoje patalpoje &#8211; 3 pa\u0161vietimo spalvos pasirinkimui.<\/li>\n<li style=\"text-align: justify;\">\n\t\tAp\u0161vietimo jutiklis.&nbsp;Tam, kad prailginti baterij\u0173 ilgaam\u017ei\u0161kum\u0105 reguliatoriuje \u012fdiegta unikali funkcija &#8211; ap\u0161vietimo jutiklis. Tamsioje patalpoje ekranas yra i\u0161jungiamas. Bet kurio mygtuko paspaudimas v\u0117l suaktyvina ekran\u0105.<\/li>\n<\/ul>\n<p><em><strong>Taikome 36 m\u0117n. garantij\u0105!&nbsp; &nbsp;<\/strong><\/em><\/p>\n<p><a class=\"catalogue\" href=\"\/en\/images\/Userfiles\/www.rubisolis.lt_Elektroninis_programuojamas_termostatas_termoreguliatorius_Feelspot_WTH25.08_instrukcija.pdf\/\" target=\"blank\">Download product manual <\/a><\/p>","protected":false},"excerpt":{"rendered":"<p>Elektroninis programuojamas termostatas (termoreguliatorius) Feelspot WTH25.08 leis valdyti \u0161ildymo, v\u0117dinimo ir kondicionavimo \u012frenginius. Programuojamas termostatas Feelspot WTH25.08 leis nustatyti savaitin\u012f<\/p>","protected":false},"featured_media":25133,"comment_status":"closed","ping_status":"open","template":"","meta":[],"product_brand":[],"product_cat":[23],"product_tag":[535],"class_list":{"0":"post-25131","1":"product","2":"type-product","3":"status-publish","4":"has-post-thumbnail","6":"product_cat-be-kategorijos","7":"product_tag-naujiena","9":"first","10":"onbackorder","11":"taxable","12":"shipping-taxable","13":"product-type-variable"},"_links":{"self":[{"href":"https:\/\/orotech.lt\/en\/wp-json\/wp\/v2\/product\/25131","targetHints":{"allow":["GET"]}}],"collection":[{"href":"https:\/\/orotech.lt\/en\/wp-json\/wp\/v2\/product"}],"about":[{"href":"https:\/\/orotech.lt\/en\/wp-json\/wp\/v2\/types\/product"}],"replies":[{"embeddable":true,"href":"https:\/\/orotech.lt\/en\/wp-json\/wp\/v2\/comments?post=25131"}],"version-history":[{"count":1,"href":"https:\/\/orotech.lt\/en\/wp-json\/wp\/v2\/product\/25131\/revisions"}],"predecessor-version":[{"id":25132,"href":"https:\/\/orotech.lt\/en\/wp-json\/wp\/v2\/product\/25131\/revisions\/25132"}],"wp:featuredmedia":[{"embeddable":true,"href":"https:\/\/orotech.lt\/en\/wp-json\/wp\/v2\/media\/25133"}],"wp:attachment":[{"href":"https:\/\/orotech.lt\/en\/wp-json\/wp\/v2\/media?parent=25131"}],"wp:term":[{"taxonomy":"product_brand","embeddable":true,"href":"https:\/\/orotech.lt\/en\/wp-json\/wp\/v2\/product_brand?post=25131"},{"taxonomy":"product_cat","embeddable":true,"href":"https:\/\/orotech.lt\/en\/wp-json\/wp\/v2\/product_cat?post=25131"},{"taxonomy":"product_tag","embeddable":true,"href":"https:\/\/orotech.lt\/en\/wp-json\/wp\/v2\/product_tag?post=25131"}],"curies":[{"name":"wp","href":"https:\/\/api.w.org\/{rel}","templated":true}]}}