{"id":25140,"date":"2025-09-09T06:30:03","date_gmt":"2025-09-09T06:30:03","guid":{"rendered":"https:\/\/orotech.lt\/elektroninis-wi-fi-termostatas-termoreguliatorius-feelspot-wth07-36-black-tuya\/"},"modified":"2025-09-10T06:05:23","modified_gmt":"2025-09-10T06:05:23","slug":"elektroninis-wi-fi-termostatas-termoreguliatorius-feelspot-wth07-36-black-tuya","status":"publish","type":"product","link":"https:\/\/orotech.lt\/en\/elektroninis-wi-fi-termostatas-termoreguliatorius-feelspot-wth07-36-black-tuya\/","title":{"rendered":"Elektroninis WI-FI termostatas (termoreguliatorius) Feelspot WTH07.36 black, Tuya"},"content":{"rendered":"<p>&lt;p style=&quot;text-align: justify;&quot;&gt;&lt;strong&gt;Programuojamas termostatas&lt;\/strong&gt; (termoreguliatorius) Feelspot WTH07.36 WiFi black Tuya yra lie\u010diamu ekranu ir \u012f sien\u0105 \u012fleid\u017eiamas &lt;strong&gt;thermostat&lt;\/strong&gt;, skirtas &amp;scaron;ildom\u0173 grind\u0173 ir patalp\u0173 temperat\u016bros reguliavimui. Integruotos WI-FI funkcijos d\u0117ka savo nam\u0173 &amp;scaron;iluma gal\u0117site r\u016bpintis nuotoliniu b\u016bdu, naudojantis mobiliojo telefono i&amp;scaron;mani\u0105j\u0105 program\u0117le. Tereikia i&amp;scaron; Apple Store ar Google Play Store atsisi\u0173sti program\u0117l\u0119 &quot;Tuya&quot; arba &amp;bdquo;Smart life &amp;ldquo; ir susik\u016brus paskyr\u0105, susieti su termoreguliatoriumi.&lt;\/p&gt;<br \/>\n&lt;p style=&quot;text-align: justify;&quot;&gt;&lt;em&gt;&lt;strong&gt;Atsisi\u0173skite &amp;bdquo;Tuya&amp;ldquo; arba &amp;bdquo;Smart Life&amp;ldquo; program\u0117l\u0119 Android operacinei sistemai:&amp;nbsp;&lt;br \/&gt;&lt;\/strong&gt;&lt;\/em&gt;&lt;a href=&quot;http:\/\/play.google.com\/store\/apps\/details?id=com.tuya.smart&quot;&gt;&lt;em&gt;&lt;strong&gt;&lt;img style=&quot;width: 80px; height: 80px;&quot; src=&quot;\/images\/Userfiles\/www.rubisolis.lt_tuya_app.png&quot; alt=&quot;&quot; \/&gt;&lt;\/strong&gt;&lt;\/em&gt;&lt;\/a&gt;&amp;nbsp; &amp;nbsp;&lt;em&gt;&lt;strong&gt;&lt;a href=&quot;http:\/\/play.google.com\/store\/apps\/details?id=com.tuya.smartlife&amp;amp;hl=lt&amp;amp;gl=US&amp;amp;pli=1&quot;&gt;&lt;img style=&quot;width: 80px; height: 80px;&quot; src=&quot;\/images\/Userfiles\/www.rubisolis.lt_smart_life_app.png&quot; alt=&quot;&quot; \/&gt;&lt;\/a&gt;&lt;\/strong&gt;&lt;\/em&gt;&lt;\/p&gt;<br \/>\n&lt;p style=&quot;text-align: justify;&quot;&gt;&lt;em&gt;&lt;strong&gt;&lt;br \/&gt;Atsisi\u0173skite &amp;bdquo;Tuya&amp;ldquo; arba &amp;bdquo;Smart Life&amp;ldquo; program\u0117l\u0119 iOS operacinei sistemai:&amp;nbsp;&lt;br \/&gt;&lt;a href=&quot;http:\/\/apps.apple.com\/us\/app\/tuya-smart\/id1034649547&quot;&gt;&lt;img style=&quot;width: 80px; height: 80px;&quot; src=&quot;\/images\/Userfiles\/www.rubisolis.lt_tuya_app.png&quot; alt=&quot;&quot; \/&gt;&lt;\/a&gt;&amp;nbsp; &amp;nbsp;&lt;a href=&quot;http:\/\/apps.apple.com\/us\/app\/smart-life-smart-living\/id1115101477&quot;&gt;&lt;img style=&quot;width: 80px; height: 80px;&quot; src=&quot;\/images\/Userfiles\/www.rubisolis.lt_smart_life_app.png&quot; alt=&quot;&quot; \/&gt;&lt;\/a&gt;&lt;br \/&gt;&lt;br \/&gt;&lt;\/strong&gt;&lt;\/em&gt;Pastaba: Termostato versijai, \u012fsigytai iki 2023-11, naudokite program\u0117l\u0119 &amp;bdquo;My House PRO&amp;ldquo;.&lt;\/p&gt;<br \/>\n&lt;p style=&quot;text-align: justify;&quot;&gt;&lt;strong&gt;&lt;br \/&gt;Programuojamas termostatas&lt;\/strong&gt; (termoreguliatorius) Feelspot WTH07.36 WiFi black Tuya leid\u017eia, pagal poreik\u012f, \u012fjungti arba i&amp;scaron;jungti &amp;scaron;ildymo funkcij\u0105 j\u016bs\u0173 namuose. Jis veikia reguliuodamas temperat\u016br\u0105 pagal eil\u0119 u\u017eprogramuot\u0173 nustatym\u0173, kurie \u012fgalina prietaiso veikim\u0105 tam tikru paros metu. Patalpos &lt;strong&gt;thermostat&lt;\/strong&gt; fiksuoja esam\u0105 patalpos temperat\u016br\u0105 ir \u012fjungia &amp;scaron;ildymo funkcij\u0105, kai patalpos temperat\u016bra nukrinta \u017eemiau nustatytosios termostato temperat\u016bros. Taigi &lt;strong&gt;programuojamas termostatas&lt;\/strong&gt; (termoreguliatorius) Feelspot WTH07.36 WiFi black Tuya leid\u017eia jums pasirinkti laik\u0105, kada norite, jog &amp;scaron;ildymas b\u016bt\u0173 \u012fjungtas, ir kokia temperat\u016bra turi b\u016bti pasiekta &amp;scaron;ildymo metu. Jis leid\u017eia nustatyti skirtingas temperat\u016bros vertes skirtingam paros metui (ir savait\u0117s dienoms), kad &amp;scaron;ildymo sistemos veikimas atitikt\u0173 j\u016bs\u0173 poreikius.&lt;\/p&gt;<br \/>\n&lt;p style=&quot;text-align: justify;&quot;&gt;Specifications:&lt;\/p&gt;<br \/>\n&lt;ul&gt;<br \/>\n&lt;li style=&quot;text-align: justify;&quot;&gt;&lt;span&gt;Maitinimas: 110 ~ 230 VAC, 50 ~ 60 Hz;&lt;\/span&gt;&lt;\/li&gt;<br \/>\n&lt;li style=&quot;text-align: justify;&quot;&gt;&lt;span&gt;Srovin\u0117 apkrova: 16A;&lt;\/span&gt;&lt;\/li&gt;<br \/>\n&lt;li style=&quot;text-align: justify;&quot;&gt;&lt;span&gt;Tikslumas: &amp;plusmn;1&amp;deg;C;&lt;\/span&gt;&lt;\/li&gt;<br \/>\n&lt;li style=&quot;text-align: justify;&quot;&gt;&lt;span&gt;Nustatom\u0173 temp. diapozonas: 5 &amp;ndash; 35 &amp;deg;C;&lt;\/span&gt;&lt;\/li&gt;<br \/>\n&lt;li style=&quot;text-align: justify;&quot;&gt;&lt;span&gt;Grind\u0173 temperat\u016bros diapozonas: 20-45\u2103;&lt;\/span&gt;&lt;\/li&gt;<br \/>\n&lt;li style=&quot;text-align: justify;&quot;&gt;&lt;span&gt;Naudojama galia: 1 W;&lt;\/span&gt;&lt;\/li&gt;<br \/>\n&lt;li style=&quot;text-align: justify;&quot;&gt;&lt;span&gt;LCD ekrano dydis: 3.5 coli\u0173;&lt;\/span&gt;&lt;\/li&gt;<br \/>\n&lt;li style=&quot;text-align: justify;&quot;&gt;&lt;span&gt;I&amp;scaron;matavimai (PxAxI mm): 96 x 86 x&amp;nbsp; 42.5;&lt;\/span&gt;&lt;\/li&gt;<br \/>\n&lt;li style=&quot;text-align: justify;&quot;&gt;&lt;span&gt;Apsaugos klas\u0117: IP40.&lt;\/span&gt;&lt;\/li&gt;<br \/>\n&lt;\/ul&gt;<br \/>\n&lt;p style=&quot;text-align: justify;&quot;&gt;&lt;em&gt;&lt;strong&gt;Taikome 36 m\u0117n. garantij\u0105!&amp;nbsp;&lt;\/strong&gt;&lt;\/em&gt;&lt;\/p&gt;<br \/>\n&lt;p style=&quot;text-align: justify;&quot;&gt;&lt;a href=&quot;\/en\/images\/Userfiles\/My_folder\/00164_instrukcija.pdf\/&quot;&gt;Download product manual&lt;\/a&gt;&lt;\/p&gt;<\/p>","protected":false},"excerpt":{"rendered":"<p>&lt;p style=&quot;text-align: justify;&quot;&gt;&lt;strong&gt;Programuojamas termostatas&lt;\/strong&gt; (termoreguliatorius) Feelspot WTH07.36 WiFi black Tuya yra lie\u010diamu ekranu ir \u012f sien\u0105 \u012fleid\u017eiamas &lt;strong&gt;thermostat&lt;\/strong&gt;, skirtas &amp;scaron;ildom\u0173<\/p>","protected":false},"featured_media":25142,"comment_status":"closed","ping_status":"open","template":"","meta":[],"product_brand":[],"product_cat":[23],"product_tag":[535],"class_list":{"0":"post-25140","1":"product","2":"type-product","3":"status-publish","4":"has-post-thumbnail","6":"product_cat-be-kategorijos","7":"product_tag-naujiena","9":"first","10":"onbackorder","11":"taxable","12":"shipping-taxable","13":"product-type-variable"},"_links":{"self":[{"href":"https:\/\/orotech.lt\/en\/wp-json\/wp\/v2\/product\/25140","targetHints":{"allow":["GET"]}}],"collection":[{"href":"https:\/\/orotech.lt\/en\/wp-json\/wp\/v2\/product"}],"about":[{"href":"https:\/\/orotech.lt\/en\/wp-json\/wp\/v2\/types\/product"}],"replies":[{"embeddable":true,"href":"https:\/\/orotech.lt\/en\/wp-json\/wp\/v2\/comments?post=25140"}],"version-history":[{"count":1,"href":"https:\/\/orotech.lt\/en\/wp-json\/wp\/v2\/product\/25140\/revisions"}],"predecessor-version":[{"id":25141,"href":"https:\/\/orotech.lt\/en\/wp-json\/wp\/v2\/product\/25140\/revisions\/25141"}],"wp:featuredmedia":[{"embeddable":true,"href":"https:\/\/orotech.lt\/en\/wp-json\/wp\/v2\/media\/25142"}],"wp:attachment":[{"href":"https:\/\/orotech.lt\/en\/wp-json\/wp\/v2\/media?parent=25140"}],"wp:term":[{"taxonomy":"product_brand","embeddable":true,"href":"https:\/\/orotech.lt\/en\/wp-json\/wp\/v2\/product_brand?post=25140"},{"taxonomy":"product_cat","embeddable":true,"href":"https:\/\/orotech.lt\/en\/wp-json\/wp\/v2\/product_cat?post=25140"},{"taxonomy":"product_tag","embeddable":true,"href":"https:\/\/orotech.lt\/en\/wp-json\/wp\/v2\/product_tag?post=25140"}],"curies":[{"name":"wp","href":"https:\/\/api.w.org\/{rel}","templated":true}]}}