{"id":25153,"date":"2025-09-09T06:30:03","date_gmt":"2025-09-09T06:30:03","guid":{"rendered":"https:\/\/orotech.lt\/elektroninis-programuojamas-termostatas-termoreguliatorius-heatmiser-touch-v2\/"},"modified":"2025-09-10T06:05:26","modified_gmt":"2025-09-10T06:05:26","slug":"elektroninis-programuojamas-termostatas-termoreguliatorius-heatmiser-touch-v2","status":"publish","type":"product","link":"https:\/\/orotech.lt\/en\/elektroninis-programuojamas-termostatas-termoreguliatorius-heatmiser-touch-v2\/","title":{"rendered":"Elektroninis programuojamas termostatas (termoreguliatorius) Heatmiser Touch V2"},"content":{"rendered":"<p>&lt;p style=&quot;text-align: justify;&quot;&gt;Elektroninis &lt;strong&gt;programuojamas termostatas &lt;\/strong&gt;(termoreguliatorius) Heatmiser Touch V2 &amp;ndash; modernus, programuojamas lie\u010diamo ekrano termostatas, suderinamas su daugeliu &amp;scaron;ildymo sistem\u0173. Pasirinkus norim\u0105 programavimo re\u017eim\u0105, &lt;strong&gt;programuojamas termostatas&lt;\/strong&gt; \u012fjungs &amp;scaron;ildym\u0105, kai oro temperat\u016bra nukrenta \u017eemiau nustatytos temperat\u016bros, ir i&amp;scaron;jungia, kai pasiekiama nustatyta temperat\u016bra.&lt;\/p&gt;<br \/>\n&lt;p style=&quot;text-align: justify;&quot;&gt;&lt;strong&gt;Programuojamas termostatas&lt;\/strong&gt; (termoreguliatorius) Heatmiser Touch V2 gali b\u016bti susietas su vienu arba keliais belaid\u017eiais oro jutikliais. Kai naudojami keli jutikliai, apskai\u010diuojama vidutin\u0117 temperat\u016bra, tod\u0117l puikiai tinka didesni\u0173 patalp\u0173 &amp;scaron;ilumos kontrolei.&lt;\/p&gt;<br \/>\n&lt;p style=&quot;text-align: justify;&quot;&gt;&amp;Scaron;is &lt;strong&gt;programuojamas termostatas &lt;\/strong&gt;(termoreguliatorius) Heatmiser leid\u017eia susieti belaid\u012f lang\u0173 ar dur\u0173 jungikl\u012f, kuris automati&amp;scaron;kai perjungia &amp;scaron;ildym\u0105 \u012f bud\u0117jimo re\u017eim\u0105, kai langas ar durys yra atidarytos, ir gr\u012f\u017eta \u012f \u012fprast\u0105 re\u017eim\u0105, kai langas ar durys yra u\u017edarytos. Su vienu Touch V2 termostatu daugiausia galima susieti 16 belaid\u017ei\u0173 oro jutikli\u0173 ir lang\u0173 ar dur\u0173 jungikli\u0173.&lt;br \/&gt;&amp;nbsp;&lt;\/p&gt;<br \/>\n&lt;p style=&quot;text-align: justify;&quot;&gt;&lt;strong&gt;Technical characteristics:&lt;\/strong&gt;&lt;\/p&gt;<br \/>\n&lt;ul&gt;<br \/>\n&lt;li&gt;Temperat\u016bros ribos: 5-35 &amp;deg;C;&lt;\/li&gt;<br \/>\n&lt;li&gt;Paklaida: 1 &amp;deg;C;&lt;\/li&gt;<br \/>\n&lt;li&gt;Reguliuojamas perjungimo re\u017eimas: 0,5&amp;deg;C &#8211; 3&amp;deg;C;&lt;\/li&gt;<br \/>\n&lt;li&gt;Maksimali apkrova: 3A;&lt;\/li&gt;<br \/>\n&lt;li&gt;\u012etampa: 230V (AC);&lt;\/li&gt;<br \/>\n&lt;li&gt;I&amp;scaron;matavimai: 107 x 86 x 15 mm;&lt;\/li&gt;<br \/>\n&lt;li&gt;Svoris: 199 g.&lt;\/li&gt;<br \/>\n&lt;\/ul&gt;<br \/>\n&lt;p style=&quot;text-align: justify;&quot;&gt;&lt;strong&gt;Termostato &amp;bdquo;Heatmiser Touch V2&amp;ldquo; privalumai:&lt;\/strong&gt;&lt;\/p&gt;<br \/>\n&lt;ul&gt;<br \/>\n&lt;li&gt;Modernus dizainas;&lt;\/li&gt;<br \/>\n&lt;li&gt;Didelis ekranas;&lt;\/li&gt;<br \/>\n&lt;li&gt;Automati&amp;scaron;kai pritemdomas ekranas (pagal artum\u0105);&lt;\/li&gt;<br \/>\n&lt;li&gt;Automatinio energijos taupymo funkcija &quot;Optimum start&quot;;&lt;\/li&gt;<br \/>\n&lt;li&gt;Galimi 4 arba 6 &amp;scaron;ildymo lygiai;&lt;\/li&gt;<br \/>\n&lt;li&gt;Atostog\u0173 re\u017eimas;&lt;\/li&gt;<br \/>\n&lt;li&gt;Potinkinis montavimas (35 mm d\u0117\u017eut\u0117);&lt;\/li&gt;<br \/>\n&lt;li&gt;Galimyb\u0117 pasirinkti &amp;deg;C arba &amp;deg;F temperat\u016bros matavimo vienetus;&lt;\/li&gt;<br \/>\n&lt;li&gt;U\u017erakto galimyb\u0117;&lt;\/li&gt;<br \/>\n&lt;li&gt;&amp;Scaron;ildymo arba laikma\u010dio funkcija;&lt;\/li&gt;<br \/>\n&lt;li&gt;Temperat\u016bros palaikymo funkcija;&lt;\/li&gt;<br \/>\n&lt;li&gt;Belaid\u017eio oro jutiklio funkcija;&lt;\/li&gt;<br \/>\n&lt;li&gt;Belaid\u017eio lango\/dur\u0173 jungiklio funkcija;&lt;\/li&gt;<br \/>\n&lt;li&gt;Apsauga nuo u\u017e&amp;scaron;alimo;&lt;\/li&gt;<br \/>\n&lt;li&gt;Modbus ry&amp;scaron;ys;&lt;\/li&gt;<br \/>\n&lt;li&gt;2 met\u0173 garantija.&lt;\/li&gt;<br \/>\n&lt;\/ul&gt;<br \/>\n&lt;p&gt;&lt;strong&gt;Programavimo re\u017eimai:&lt;\/strong&gt;&lt;\/p&gt;<br \/>\n&lt;ul&gt;<br \/>\n&lt;li&gt;Neprogramuojamas re\u017eimas;&lt;\/li&gt;<br \/>\n&lt;li&gt;5\/2 dien\u0173 programavimo re\u017eimas;&lt;\/li&gt;<br \/>\n&lt;li&gt;7 dien\u0173 programavimo re\u017eimas;&lt;\/li&gt;<br \/>\n&lt;li&gt;24 valand\u0173 programavimo re\u017eimas.&lt;\/li&gt;<br \/>\n&lt;\/ul&gt;<br \/>\n&lt;p&gt;&lt;strong&gt;Temperat\u016bros matavimo re\u017eimai:&lt;\/strong&gt;&lt;\/p&gt;<br \/>\n&lt;ul&gt;<br \/>\n&lt;li&gt;Grind\u0173 temperat\u016bros matavimo re\u017eimas;&lt;\/li&gt;<br \/>\n&lt;li&gt;Kambario temperat\u016bros matavimo re\u017eimas (matuojama ir oro, ir grind\u0173 temperat\u016bra).&lt;\/li&gt;<br \/>\n&lt;\/ul&gt;<br \/>\n&lt;p&gt;&lt;a class=&quot;catalogue&quot; href=&quot;\/en\/images\/Userfiles\/www.rubisolis.lt_programuojamas_elektroninis_termostatas_heatmiser_touch_V2_1.pdf\/&quot; target=&quot;blank&quot;&gt;Download product manual &lt;\/a&gt;&lt;\/p&gt;<\/p>","protected":false},"excerpt":{"rendered":"<p>&lt;p style=&quot;text-align: justify;&quot;&gt;Elektroninis &lt;strong&gt;programuojamas termostatas &lt;\/strong&gt;(termoreguliatorius) Heatmiser Touch V2 &amp;ndash; modernus, programuojamas lie\u010diamo ekrano termostatas, suderinamas su daugeliu &amp;scaron;ildymo sistem\u0173.<\/p>","protected":false},"featured_media":25155,"comment_status":"closed","ping_status":"open","template":"","meta":[],"product_brand":[],"product_cat":[23],"product_tag":[535],"class_list":{"0":"post-25153","1":"product","2":"type-product","3":"status-publish","4":"has-post-thumbnail","6":"product_cat-be-kategorijos","7":"product_tag-naujiena","9":"first","10":"onbackorder","11":"taxable","12":"shipping-taxable","13":"product-type-variable"},"_links":{"self":[{"href":"https:\/\/orotech.lt\/en\/wp-json\/wp\/v2\/product\/25153","targetHints":{"allow":["GET"]}}],"collection":[{"href":"https:\/\/orotech.lt\/en\/wp-json\/wp\/v2\/product"}],"about":[{"href":"https:\/\/orotech.lt\/en\/wp-json\/wp\/v2\/types\/product"}],"replies":[{"embeddable":true,"href":"https:\/\/orotech.lt\/en\/wp-json\/wp\/v2\/comments?post=25153"}],"version-history":[{"count":1,"href":"https:\/\/orotech.lt\/en\/wp-json\/wp\/v2\/product\/25153\/revisions"}],"predecessor-version":[{"id":25154,"href":"https:\/\/orotech.lt\/en\/wp-json\/wp\/v2\/product\/25153\/revisions\/25154"}],"wp:featuredmedia":[{"embeddable":true,"href":"https:\/\/orotech.lt\/en\/wp-json\/wp\/v2\/media\/25155"}],"wp:attachment":[{"href":"https:\/\/orotech.lt\/en\/wp-json\/wp\/v2\/media?parent=25153"}],"wp:term":[{"taxonomy":"product_brand","embeddable":true,"href":"https:\/\/orotech.lt\/en\/wp-json\/wp\/v2\/product_brand?post=25153"},{"taxonomy":"product_cat","embeddable":true,"href":"https:\/\/orotech.lt\/en\/wp-json\/wp\/v2\/product_cat?post=25153"},{"taxonomy":"product_tag","embeddable":true,"href":"https:\/\/orotech.lt\/en\/wp-json\/wp\/v2\/product_tag?post=25153"}],"curies":[{"name":"wp","href":"https:\/\/api.w.org\/{rel}","templated":true}]}}