{"id":25160,"date":"2025-09-09T06:30:03","date_gmt":"2025-09-09T06:30:03","guid":{"rendered":"https:\/\/orotech.lt\/elektroninis-programuojamas-termostatas-termoreguliatorius-heatmiser-touch-e-carbon\/"},"modified":"2025-09-10T06:05:27","modified_gmt":"2025-09-10T06:05:27","slug":"elektroninis-programuojamas-termostatas-termoreguliatorius-heatmiser-touch-e-carbon","status":"publish","type":"product","link":"https:\/\/orotech.lt\/en\/elektroninis-programuojamas-termostatas-termoreguliatorius-heatmiser-touch-e-carbon\/","title":{"rendered":"Elektroninis programuojamas termostatas &#8211; termoreguliatorius Heatmiser Touch-e Carbon"},"content":{"rendered":"<p style=\"text-align: justify;\">Elektroninis<strong> programuojamas termostatas<\/strong> &#8211; termoreguliatorius Heatmiser Touch-e&nbsp;Carbon &ndash; modernus, lie\u010diamo ekrano <strong>programuojamas termostatas<\/strong>, suderinamas su daugeliu \u0161ildymo sistem\u0173. Pasirinkus norim\u0105 programavimo re\u017eim\u0105, termostatas \u012fjungs \u0161ildym\u0105, kai oro temperat\u016bra nukrenta \u017eemiau nustatytos temperat\u016bros, ir i\u0161jungia, kai pasiekiama nustatyta temperat\u016bra.<\/p>\n<p style=\"text-align: justify;\"><strong>Programuojamas termostatas <\/strong>(termoreguliatorius) Heatmiser Touch-e&nbsp;Carbon b\u016bti susietas su vienu arba keliais belaid\u017eiais oro jutikliais. Kai naudojami keli jutikliai, apskai\u010diuojama vidutin\u0117 temperat\u016bra, tod\u0117l puikiai tinka didesni\u0173 patalp\u0173 \u0161ilumos kontrolei.<\/p>\n<p style=\"text-align: justify;\">This <strong>programuojamas termostatas<\/strong> (termoreguliatorius) Heatmiser leid\u017eia susieti belaid\u012f lang\u0173 ar dur\u0173 jungikl\u012f, kuris automati\u0161kai perjungia \u0161ildym\u0105 \u012f bud\u0117jimo re\u017eim\u0105, kai langas ar durys yra atidarytos, ir gr\u012f\u017eta \u012f \u012fprast\u0105 re\u017eim\u0105, kai langas ar durys yra u\u017edarytos. Su vienu Heatmiser Touch-e&nbsp;Carbon termostatu daugiausia galima susieti 16 belaid\u017ei\u0173 oro jutikli\u0173 ir lang\u0173 ar dur\u0173 jungikli\u0173.<\/p>\n<p><strong>Technical characteristics:<\/strong><\/p>\n<ul>\n<li>\n\t\tTemperat\u016bros ribos: 5-35 &deg;C;<\/li>\n<li>\n\t\tPaklaida: 1 &deg;C;<\/li>\n<li>\n\t\tReguliuojamas perjungimo re\u017eimas: 0,5&deg;C &#8211; 3&deg;C;<\/li>\n<li>\n\t\tMaksimali apkrova: 16A;<\/li>\n<li>\n\t\t\u012etampa: 230V (AC);<\/li>\n<li>\n\t\tI\u0161matavimai: 100 x 110 x 16,5 mm;<\/li>\n<li>\n\t\tSvoris: 188 g.<\/li>\n<\/ul>\n<p><strong>Termostato &bdquo;Heatmiser Touch Carbon&ldquo; privalumai:<\/strong><\/p>\n<ul>\n<li>\n\t\tModernus dizainas;<\/li>\n<li>\n\t\tDidelis ekranas;<\/li>\n<li>\n\t\tAutomati\u0161kai pritemdomas ekranas (pagal artum\u0105);<\/li>\n<li>\n\t\tAutomatinio energijos taupymo funkcija &quot;Optimum start&quot;;<\/li>\n<li>\n\t\tGalimi 4 arba 6 \u0161ildymo lygiai;<\/li>\n<li>\n\t\tAtostog\u0173 re\u017eimas;<\/li>\n<li>\n\t\tPotinkinis montavimas (35 mm d\u0117\u017eut\u0117);<\/li>\n<li>\n\t\tGalimyb\u0117 pasirinkti &deg;C arba &deg;F temperat\u016bros matavimo vienetus;<\/li>\n<li>\n\t\tU\u017erakto galimyb\u0117;<\/li>\n<li>\n\t\t\u0160ildymo arba laikma\u010dio funkcija;<\/li>\n<li>\n\t\tTemperat\u016bros palaikymo funkcija;<\/li>\n<li>\n\t\tBelaid\u017eio oro jutiklio funkcija;<\/li>\n<li>\n\t\tBelaid\u017eio lango\/dur\u0173 jungiklio funkcija;<\/li>\n<li>\n\t\tApsauga nuo u\u017e\u0161alimo;<\/li>\n<li>\n\t\tModbus ry\u0161ys;<\/li>\n<li>\n\t\t2 met\u0173 garantija.<\/li>\n<\/ul>\n<p><strong>Programavimo re\u017eimai:<\/strong><\/p>\n<ul>\n<li>\n\t\tNeprogramuojamas re\u017eimas;<\/li>\n<li>\n\t\t5\/2 dien\u0173 programavimo re\u017eimas;<\/li>\n<li>\n\t\t7 dien\u0173 programavimo re\u017eimas.<\/li>\n<\/ul>\n<p><strong>Temperat\u016bros matavimo re\u017eimai:<\/strong><\/p>\n<ul>\n<li>\n\t\tGrind\u0173 temperat\u016bros matavimo re\u017eimas (3m ilgio jutiklis pridedamas);<\/li>\n<li>\n\t\tKambario temperat\u016bros matavimo re\u017eimas (matuojama ir oro, ir grind\u0173 temperat\u016bra);<\/li>\n<\/ul>","protected":false},"excerpt":{"rendered":"<p>Elektroninis programuojamas termostatas &#8211; termoreguliatorius Heatmiser Touch-e&nbsp;Carbon &ndash; modernus, lie\u010diamo ekrano programuojamas termostatas, suderinamas su daugeliu \u0161ildymo sistem\u0173. Pasirinkus norim\u0105<\/p>","protected":false},"featured_media":25162,"comment_status":"closed","ping_status":"open","template":"","meta":[],"product_brand":[],"product_cat":[23],"product_tag":[535],"class_list":{"0":"post-25160","1":"product","2":"type-product","3":"status-publish","4":"has-post-thumbnail","6":"product_cat-be-kategorijos","7":"product_tag-naujiena","9":"first","10":"onbackorder","11":"taxable","12":"shipping-taxable","13":"product-type-variable"},"_links":{"self":[{"href":"https:\/\/orotech.lt\/en\/wp-json\/wp\/v2\/product\/25160","targetHints":{"allow":["GET"]}}],"collection":[{"href":"https:\/\/orotech.lt\/en\/wp-json\/wp\/v2\/product"}],"about":[{"href":"https:\/\/orotech.lt\/en\/wp-json\/wp\/v2\/types\/product"}],"replies":[{"embeddable":true,"href":"https:\/\/orotech.lt\/en\/wp-json\/wp\/v2\/comments?post=25160"}],"version-history":[{"count":1,"href":"https:\/\/orotech.lt\/en\/wp-json\/wp\/v2\/product\/25160\/revisions"}],"predecessor-version":[{"id":25161,"href":"https:\/\/orotech.lt\/en\/wp-json\/wp\/v2\/product\/25160\/revisions\/25161"}],"wp:featuredmedia":[{"embeddable":true,"href":"https:\/\/orotech.lt\/en\/wp-json\/wp\/v2\/media\/25162"}],"wp:attachment":[{"href":"https:\/\/orotech.lt\/en\/wp-json\/wp\/v2\/media?parent=25160"}],"wp:term":[{"taxonomy":"product_brand","embeddable":true,"href":"https:\/\/orotech.lt\/en\/wp-json\/wp\/v2\/product_brand?post=25160"},{"taxonomy":"product_cat","embeddable":true,"href":"https:\/\/orotech.lt\/en\/wp-json\/wp\/v2\/product_cat?post=25160"},{"taxonomy":"product_tag","embeddable":true,"href":"https:\/\/orotech.lt\/en\/wp-json\/wp\/v2\/product_tag?post=25160"}],"curies":[{"name":"wp","href":"https:\/\/api.w.org\/{rel}","templated":true}]}}