{"id":25170,"date":"2025-09-09T06:30:03","date_gmt":"2025-09-09T06:30:03","guid":{"rendered":"https:\/\/orotech.lt\/elektroninis-programuojamas-termostatas-termoreguliatorius-feelspot-wth93-36\/"},"modified":"2025-09-10T06:05:29","modified_gmt":"2025-09-10T06:05:29","slug":"elektroninis-programuojamas-termostatas-termoreguliatorius-feelspot-wth93-36","status":"publish","type":"product","link":"https:\/\/orotech.lt\/en\/elektroninis-programuojamas-termostatas-termoreguliatorius-feelspot-wth93-36\/","title":{"rendered":"Elektroninis programuojamas termostatas (termoreguliatorius) Feelspot WTH93.36"},"content":{"rendered":"<p style=\"text-align: justify;\">Elektroninis <strong>programuojamas termostatas<\/strong> (termoreguliatorius) Feelspot WTH93.36 yra elektroninis <strong>programuojamas termostatas<\/strong>, skirtas elektriniam patalp\u0173 ar grindinio \u0161ildymo prietaisus valdyti. IP20 apsaugos klas\u0117s elektroninis <strong>programuojamas termostatas<\/strong> (termoreguliatorius) Feelspot WTH93.36 tinkamas naudoti komercin\u0117se, pramonin\u0117se, vie\u0161ose ir gyvenamosiose patalpose. <strong>Programuojamas termostatas<\/strong> Feelspot WTH93.36 leid\u017eia nustatyti vien\u0105 i\u0161 6 veikimo grafik\u0173, kas leid\u017eia sukurti maksimal\u0173 komfort\u0105 ir suma\u017einti elektros s\u0105naudas. Baltos spalvos termostato korpusas, lie\u010diami mygtukai, sidabrinis r\u0117melis tiks bet kuriame patalp\u0173 interjere.&nbsp;<\/p>\n<p style=\"text-align: justify;\"><strong>Funkcionalumas:<\/strong><\/p>\n<ul>\n<li style=\"text-align: justify;\">\n\t\t0,5 &deg;C tikslumas palaiko j\u016bs\u0173 nustatyt\u0105 temperat\u016bros lyg\u012f.<\/li>\n<li style=\"text-align: justify;\">\n\t\tGalima keisti tarp &deg;C ir &deg;F (suasmeninta funkcija).<\/li>\n<li style=\"text-align: justify;\">\n\t\tI\u0161jungus, duomenys i\u0161lieka atmintyje.<\/li>\n<li style=\"text-align: justify;\">\n\t\t5+2 \u0161e\u0161i programuojami laiko tarpai maksimaliam komfortui ir ekonomijai.<\/li>\n<\/ul>\n<p><em><strong>Taikome 36 m\u0117n. garantij\u0105!&nbsp; &nbsp;<\/strong><\/em><\/p>\n<p><a class=\"catalogue\" href=\"https:\/\/rubisolis.lt\/images\/Userfiles\/My_folder\/Feelspot_WTH93.36_instrukcija.pdf\" target=\"blank\" rel=\"nofollow noopener\">Download product manual<\/a><\/p>","protected":false},"excerpt":{"rendered":"<p>Elektroninis programuojamas termostatas (termoreguliatorius) Feelspot WTH93.36 yra elektroninis programuojamas termostatas, skirtas elektriniam patalp\u0173 ar grindinio \u0161ildymo prietaisus valdyti. IP20 apsaugos<\/p>","protected":false},"featured_media":25172,"comment_status":"closed","ping_status":"open","template":"","meta":[],"product_brand":[],"product_cat":[23],"product_tag":[535],"class_list":{"0":"post-25170","1":"product","2":"type-product","3":"status-publish","4":"has-post-thumbnail","6":"product_cat-be-kategorijos","7":"product_tag-naujiena","9":"first","10":"onbackorder","11":"taxable","12":"shipping-taxable","13":"product-type-variable"},"_links":{"self":[{"href":"https:\/\/orotech.lt\/en\/wp-json\/wp\/v2\/product\/25170","targetHints":{"allow":["GET"]}}],"collection":[{"href":"https:\/\/orotech.lt\/en\/wp-json\/wp\/v2\/product"}],"about":[{"href":"https:\/\/orotech.lt\/en\/wp-json\/wp\/v2\/types\/product"}],"replies":[{"embeddable":true,"href":"https:\/\/orotech.lt\/en\/wp-json\/wp\/v2\/comments?post=25170"}],"version-history":[{"count":1,"href":"https:\/\/orotech.lt\/en\/wp-json\/wp\/v2\/product\/25170\/revisions"}],"predecessor-version":[{"id":25171,"href":"https:\/\/orotech.lt\/en\/wp-json\/wp\/v2\/product\/25170\/revisions\/25171"}],"wp:featuredmedia":[{"embeddable":true,"href":"https:\/\/orotech.lt\/en\/wp-json\/wp\/v2\/media\/25172"}],"wp:attachment":[{"href":"https:\/\/orotech.lt\/en\/wp-json\/wp\/v2\/media?parent=25170"}],"wp:term":[{"taxonomy":"product_brand","embeddable":true,"href":"https:\/\/orotech.lt\/en\/wp-json\/wp\/v2\/product_brand?post=25170"},{"taxonomy":"product_cat","embeddable":true,"href":"https:\/\/orotech.lt\/en\/wp-json\/wp\/v2\/product_cat?post=25170"},{"taxonomy":"product_tag","embeddable":true,"href":"https:\/\/orotech.lt\/en\/wp-json\/wp\/v2\/product_tag?post=25170"}],"curies":[{"name":"wp","href":"https:\/\/api.w.org\/{rel}","templated":true}]}}