{"id":25175,"date":"2025-09-09T06:30:03","date_gmt":"2025-09-09T06:30:03","guid":{"rendered":"https:\/\/orotech.lt\/ismani-termostatine-galva-radiatoriams-feelspot-tg22-09-zigbee-tuya\/"},"modified":"2025-09-10T06:05:30","modified_gmt":"2025-09-10T06:05:30","slug":"ismani-termostatine-galva-radiatoriams-feelspot-tg22-09-zigbee-tuya","status":"publish","type":"product","link":"https:\/\/orotech.lt\/en\/ismani-termostatine-galva-radiatoriams-feelspot-tg22-09-zigbee-tuya\/","title":{"rendered":"I\u0161mani termostatin\u0117 galva radiatoriams Feelspot TG22.09 Zigbee Tuya"},"content":{"rendered":"<p>&lt;p style=&quot;text-align: justify;&quot;&gt;&lt;strong&gt;Termostatin\u0117 galva&lt;\/strong&gt; Feelspot TG22.09 su Zigbee ry&amp;scaron;iu. Prietaisas skirtas montuoti ant vandeniu &amp;scaron;ildom\u0173 radiatori\u0173. &lt;strong&gt;Termostatin\u0117 galva &lt;\/strong&gt;padeda automati&amp;scaron;kai valdyti patalpos temperat\u016br\u0105 ir sutaupyti iki 30% &amp;scaron;ilumos energijos. Programuojama &lt;strong&gt;termostatin\u0117 galva&lt;\/strong&gt; Feelspot TG22.09 palaiko rankin\u012f, 5+2,6+1 ir 7 dien\u0173 savaitinius tvarkara&amp;scaron;\u010dius su 6 laiko pasirinkimais kasdien.&amp;nbsp;I&amp;scaron;maniam valdymui internetu reikalinga papildomai tur\u0117ti Zigbee pried\u0117l\u012f. Jei tokio pried\u0117lio dar neturite, j\u012f galite \u012fsigyti \u010dia. ZigBee &lt;a href=&quot;https:\/\/www.rubisolis.lt\/ismanusis-priedelis-feelspot-zb22-zigbee&quot; target=&quot;_blank&quot; rel=&quot;noopener&quot;&gt;pried\u0117lis&lt;\/a&gt; yra b\u016btinas, jungiantis prie termostato bei daugelio kit\u0173 ZigBee i&amp;scaron;mani\u0173j\u0173 produkt\u0173.&amp;nbsp;&lt;strong&gt;Termostatin\u0117 galva&lt;\/strong&gt; Feelspot TG22.09 gali b\u016bti valdoma balsu su Amazon Alexa and Google assistant \u012frenginiais.&lt;\/p&gt;<br \/>\n&lt;p style=&quot;text-align: justify;&quot;&gt;Programuoja&amp;nbsp;&lt;strong&gt;termostatin\u0117 galva&amp;nbsp;&lt;\/strong&gt;Feelspot TG22.09&amp;nbsp;valdomas su program\u0117le&amp;nbsp;&lt;strong&gt;&amp;bdquo;Smart Life&amp;ldquo;&lt;\/strong&gt;, kuri\u0105 atsisi\u0173sti galite naudojantis operacin\u0119 sistem\u0105 &amp;bdquo;Android&quot; per&amp;nbsp;&lt;a href=&quot;https:\/\/play.google.com\/store\/apps\/details?id=com.tuya.smartlife&amp;amp;hl=lt&amp;amp;gl=US&amp;amp;pli=1&quot;&gt;&lt;strong&gt;&amp;bdquo;Google Play&amp;ldquo;&lt;\/strong&gt;&lt;\/a&gt;&amp;nbsp;parduotuv\u0119 arba naudojantis iOS operacin\u0119 sistem\u0105 per&amp;nbsp;&lt;strong&gt;&lt;a href=&quot;https:\/\/apps.apple.com\/us\/app\/smart-life-smart-living\/id1115101477&quot;&gt;&amp;bdquo;App Store&amp;ldquo;&lt;\/a&gt;&lt;\/strong&gt;&amp;nbsp;parduotuv\u0119.&lt;br \/&gt;&amp;nbsp;&lt;\/p&gt;<br \/>\n&lt;table style=&quot;width: 200px;&quot; border=&quot;1&quot; cellspacing=&quot;1&quot; cellpadding=&quot;1&quot;&gt;<br \/>\n&lt;tbody&gt;<br \/>\n&lt;tr&gt;<br \/>\n&lt;td style=&quot;border-color: #ffffff;&quot; bgcolor=&quot;#ffffff&quot;&gt;&lt;a href=&quot;https:\/\/apps.apple.com\/us\/app\/tuya-smart\/id1034649547&quot; target=&quot;_blank&quot; rel=&quot;noopener&quot;&gt;&lt;img style=&quot;width: 250px; height: 75px;&quot; src=&quot;\/images\/Userfiles\/app_store.jpg&quot; alt=&quot;&quot; \/&gt;&lt;br \/&gt;&lt;\/a&gt;&lt;\/td&gt;<br \/>\n&lt;td style=&quot;border-color: #ffffff;&quot; bgcolor=&quot;#ffffff&quot;&gt;&lt;a href=&quot;https:\/\/play.google.com\/store\/apps\/details?id=com.tuya.smart&amp;amp;hl=en_US&amp;amp;gl=US&quot; target=&quot;_blank&quot; rel=&quot;noopener&quot;&gt;&lt;img style=&quot;width: 250px; height: 75px;&quot; src=&quot;\/images\/Userfiles\/google_play1.jpg&quot; alt=&quot;&quot; \/&gt;&lt;br \/&gt;&lt;\/a&gt;&lt;\/td&gt;<br \/>\n&lt;\/tr&gt;<br \/>\n&lt;\/tbody&gt;<br \/>\n&lt;\/table&gt;<br \/>\n&lt;p style=&quot;text-align: justify;&quot;&gt;&lt;strong&gt;Zigbee ry&amp;scaron;ys&lt;\/strong&gt;&lt;\/p&gt;<br \/>\n&lt;p style=&quot;text-align: justify;&quot;&gt;Greitas veikimas, stabilus ir saugus ry&amp;scaron;ys, ma\u017eas energijos suvartojimas &amp;ndash;&amp;nbsp;pagrindiniai naujos kartos Zigbee ry&amp;scaron;io privalumai.&amp;nbsp;Proces\u0173 automatizavimas tarp sistemos element\u0173 vykdomas i&amp;scaron;maniajame pried\u0117lyje, o ne debesyje, ko d\u0117ka individual\u016bs veiksmai atliekami daug grei\u010diau. Tinklo (mesh) technologija u\u017etikrina stabil\u0173 ry&amp;scaron;\u012f tarp pried\u0117lio ir atskir\u0173 sistemos prietais\u0173, nes kiekvienas prietaisas yra ir imtuvas, ir si\u0173stuvas. Vieno \u012frenginio gedimas nesustabdo viso tinklo veikimo. Ma\u017eos energijos s\u0105naudos, reikalingos sistemos prietaisams valdyti, tod\u0117l ZigBee \u012frenginiai maitinami baterijomis paprastai gali veikti daug ilgiau nei Wifi. Greita, saugu ir efektyvu!&lt;\/p&gt;<br \/>\n&lt;p style=&quot;text-align: justify;&quot;&gt;&lt;strong&gt;Features:&lt;\/strong&gt;&lt;\/p&gt;<br \/>\n&lt;ul&gt;<br \/>\n&lt;li&gt;Su LCD skaitmeniniu ekranu.&lt;\/li&gt;<br \/>\n&lt;li&gt;Montuojamas ant vandeniu &amp;scaron;ildom\u0173 radiatori\u0173.&lt;\/li&gt;<br \/>\n&lt;li&gt;Padeda automati&amp;scaron;kai valdyti patalpos temperat\u016br\u0105 ir sutaupyti iki 30% &amp;scaron;ilumos energijos.&lt;\/li&gt;<br \/>\n&lt;li&gt;&lt;strong&gt;Termostatin\u0117 galva&lt;\/strong&gt; gali b\u016bti programuojama. Palaiko rankin\u012f, 5+2,6+1 ir 7 dien\u0173 savaitinius tvarkara&amp;scaron;\u010dius su 6 laiko pasirinkimais kasdien.&lt;\/li&gt;<br \/>\n&lt;li&gt;Galima valdyti balsu su Amazon Alexa and Google assistant.&lt;\/li&gt;<br \/>\n&lt;li&gt;Atviro lango aptikimas.&lt;\/li&gt;<br \/>\n&lt;li&gt;I&amp;scaron;maniam valdymui internetu reikalinga papildomai tur\u0117ti Zigbee pried\u0117l\u012f. Jei tokio pried\u0117lio dar neturite, j\u012f galite \u012fsigyti \u010dia. ZigBee pried\u0117lis yra b\u016btinas, jungiantis prie termostato bei daugelio kit\u0173 ZigBee i&amp;scaron;mani\u0173j\u0173 produkt\u0173.&lt;\/li&gt;<br \/>\n&lt;\/ul&gt;<br \/>\n&lt;p style=&quot;text-align: justify;&quot;&gt;&lt;strong&gt;Technical information:&lt;\/strong&gt;&lt;\/p&gt;<br \/>\n&lt;ul&gt;<br \/>\n&lt;li&gt;Maitinimas: 2 x AA baterijos&lt;\/li&gt;<br \/>\n&lt;li&gt;Maksimali srov\u0117: 90mA&lt;\/li&gt;<br \/>\n&lt;li&gt;Darbo aplinkos temperat\u016bra: -10-60&amp;deg;C&lt;\/li&gt;<br \/>\n&lt;li&gt;Ekrano tikslumas: 0,5&amp;deg;C?&lt;\/li&gt;<br \/>\n&lt;li&gt;Temperat\u016bros reguliavimo diapazonas: 5-35&amp;deg;C&lt;\/li&gt;<br \/>\n&lt;li&gt;Jutiklis: NTC (10k) 1%&lt;\/li&gt;<br \/>\n&lt;li&gt;Temperat\u016bros rodymo diapazonas: 1&amp;ndash;70&amp;deg;C&lt;\/li&gt;<br \/>\n&lt;li&gt;Sriegio dydis: M30*1,5&lt;\/li&gt;<br \/>\n&lt;li&gt;Dydis: 53 x 89,5 mm&lt;\/li&gt;<br \/>\n&lt;\/ul&gt;<br \/>\n&lt;p&gt;&lt;em&gt;&lt;strong&gt;Taikome 36 m\u0117n. garantij\u0105!&amp;nbsp;&amp;nbsp;&lt;\/strong&gt;&lt;\/em&gt;&lt;\/p&gt;<br \/>\n&lt;p&gt;&lt;a class=&quot;catalogue&quot; href=&quot;\/en\/images\/Userfiles\/www.rubisolis.lt_Feelspot_TG22.09_termostatin_galva_instrukcija.pdf\/&quot; target=&quot;blank&quot;&gt;Download product manual &lt;\/a&gt;&lt;\/p&gt;<\/p>","protected":false},"excerpt":{"rendered":"<p>&lt;p style=&quot;text-align: justify;&quot;&gt;&lt;strong&gt;Termostatin\u0117 galva&lt;\/strong&gt; Feelspot TG22.09 su Zigbee ry&amp;scaron;iu. Prietaisas skirtas montuoti ant vandeniu &amp;scaron;ildom\u0173 radiatori\u0173. &lt;strong&gt;Termostatin\u0117 galva &lt;\/strong&gt;padeda automati&amp;scaron;kai<\/p>","protected":false},"featured_media":25177,"comment_status":"closed","ping_status":"open","template":"","meta":[],"product_brand":[],"product_cat":[23],"product_tag":[535],"class_list":{"0":"post-25175","1":"product","2":"type-product","3":"status-publish","4":"has-post-thumbnail","6":"product_cat-be-kategorijos","7":"product_tag-naujiena","9":"first","10":"onbackorder","11":"taxable","12":"shipping-taxable","13":"product-type-variable"},"_links":{"self":[{"href":"https:\/\/orotech.lt\/en\/wp-json\/wp\/v2\/product\/25175","targetHints":{"allow":["GET"]}}],"collection":[{"href":"https:\/\/orotech.lt\/en\/wp-json\/wp\/v2\/product"}],"about":[{"href":"https:\/\/orotech.lt\/en\/wp-json\/wp\/v2\/types\/product"}],"replies":[{"embeddable":true,"href":"https:\/\/orotech.lt\/en\/wp-json\/wp\/v2\/comments?post=25175"}],"version-history":[{"count":1,"href":"https:\/\/orotech.lt\/en\/wp-json\/wp\/v2\/product\/25175\/revisions"}],"predecessor-version":[{"id":25176,"href":"https:\/\/orotech.lt\/en\/wp-json\/wp\/v2\/product\/25175\/revisions\/25176"}],"wp:featuredmedia":[{"embeddable":true,"href":"https:\/\/orotech.lt\/en\/wp-json\/wp\/v2\/media\/25177"}],"wp:attachment":[{"href":"https:\/\/orotech.lt\/en\/wp-json\/wp\/v2\/media?parent=25175"}],"wp:term":[{"taxonomy":"product_brand","embeddable":true,"href":"https:\/\/orotech.lt\/en\/wp-json\/wp\/v2\/product_brand?post=25175"},{"taxonomy":"product_cat","embeddable":true,"href":"https:\/\/orotech.lt\/en\/wp-json\/wp\/v2\/product_cat?post=25175"},{"taxonomy":"product_tag","embeddable":true,"href":"https:\/\/orotech.lt\/en\/wp-json\/wp\/v2\/product_tag?post=25175"}],"curies":[{"name":"wp","href":"https:\/\/api.w.org\/{rel}","templated":true}]}}