{"id":25181,"date":"2025-09-09T06:30:03","date_gmt":"2025-09-09T06:30:03","guid":{"rendered":"https:\/\/orotech.lt\/elektroninis-programuojamas-termostatas-be-remelio-feelspot-fsswt16-tuya\/"},"modified":"2025-09-10T06:05:31","modified_gmt":"2025-09-10T06:05:31","slug":"elektroninis-programuojamas-termostatas-be-remelio-feelspot-fsswt16-tuya","status":"publish","type":"product","link":"https:\/\/orotech.lt\/en\/elektroninis-programuojamas-termostatas-be-remelio-feelspot-fsswt16-tuya\/","title":{"rendered":"Elektroninis programuojamas termostatas be r\u0117melio Feelspot FSSWT16, Tuya"},"content":{"rendered":"<p>&lt;p style=&quot;text-align: justify;&quot;&gt;Elektroninis &lt;strong&gt;programuojamas termostatas&lt;\/strong&gt; (termoreguliatorius) be r\u0117melio Feelspot FSSWT16 su Tuya yra elektroninis &lt;strong&gt;programuojamas termostatas,&lt;\/strong&gt; skirtas valdyti elektriniam &amp;scaron;ildymui, vandens &amp;scaron;ildymui, pakabinamiems katilams ir katilo temperat\u016bros valdymo sistemoms. Lie\u010diamas ekranas leid\u017eia greitai ir patogiai valdyti &amp;scaron;ildymo sistem\u0105. Elektroninis &lt;strong&gt;programuojamas termostatas&lt;\/strong&gt;&amp;nbsp;Feelspot FSSWT16&amp;nbsp;tinkamas naudoti komercin\u0117se, pramonin\u0117se, civilin\u0117se ir gyvenamosiose patalpose.&amp;nbsp;&lt;\/p&gt;<br \/>\n&lt;p style=&quot;text-align: justify;&quot;&gt;&lt;strong&gt;&amp;Scaron;is termostatas dedasi \u012f r\u0117mel\u012f &lt;\/strong&gt;jungtuk\u0173, roze\u010di\u0173 eil\u0117je arba atskirai. Norim\u0105 r\u0117melio spalv\u0105 galite \u012fsigyti &amp;scaron;ioje skiltyje:&amp;nbsp;&lt;a href=&quot;https:\/\/www.rubisolis.lt\/valdymas\/jungikliai-ir-rozetes\/moduline-linija\/remeliai-be-kistukinio-lizdo&quot;&gt;https:\/\/www.rubisolis.lt\/valdymas\/jungikliai-ir-rozetes\/moduline-linija\/remeliai-be-kistukinio-lizdo&lt;\/a&gt;.&lt;\/p&gt;<br \/>\n&lt;p style=&quot;text-align: justify;&quot;&gt;&lt;strong&gt;Advantages:&lt;\/strong&gt;&lt;\/p&gt;<br \/>\n&lt;ul&gt;<br \/>\n&lt;li style=&quot;text-align: justify;&quot;&gt;Modernus dizainas;&lt;\/li&gt;<br \/>\n&lt;li style=&quot;text-align: justify;&quot;&gt;Lie\u010diamas LCD ekranas;&lt;\/li&gt;<br \/>\n&lt;li style=&quot;text-align: justify;&quot;&gt;Paprastas sumontavimas;&lt;\/li&gt;<br \/>\n&lt;li style=&quot;text-align: justify;&quot;&gt;Vidini\u0173 ir i&amp;scaron;orini\u0173 jutikli\u0173 pagalba galima valdyti tiek oro, tiek grind\u0173 temperat\u016br\u0105;&lt;\/li&gt;<br \/>\n&lt;li style=&quot;text-align: justify;&quot;&gt;Jungiasi \u012f Tuya program\u0117l\u0119;&amp;nbsp;&lt;\/li&gt;<br \/>\n&lt;li style=&quot;text-align: justify;&quot;&gt;Valdymas balsu:&amp;nbsp; &amp;bdquo;Amazon Alexa&amp;ldquo;, &amp;bdquo;Google Assistant&amp;ldquo; ir IFTTT.&lt;\/li&gt;<br \/>\n&lt;\/ul&gt;<br \/>\n&lt;p style=&quot;text-align: justify;&quot;&gt;&lt;strong&gt;Technical information:&lt;\/strong&gt;&lt;\/p&gt;<br \/>\n&lt;ul&gt;<br \/>\n&lt;li&gt;&lt;strong&gt;Protection class: IP20;&lt;\/strong&gt;&lt;\/li&gt;<br \/>\n&lt;li&gt;Jutiklis: NTC;&lt;\/li&gt;<br \/>\n&lt;li&gt;LCD lie\u010diamas ekranas;&lt;\/li&gt;<br \/>\n&lt;li&gt;Nustatomos temp. diapazonas: 5-35&amp;deg;C&amp;nbsp;;&lt;\/li&gt;<br \/>\n&lt;li&gt;Maitinimas: 95-240 V AC, 50-60 Hz;&lt;\/li&gt;<br \/>\n&lt;li&gt;Elektros srov\u0117 (elektriniam &amp;scaron;ildymui): 16 A;&lt;\/li&gt;<br \/>\n&lt;li&gt;Korpuso med\u017eiaga: 4 mm gr\u016bdinto stiklo plok&amp;scaron;t\u0117 ir 1,35 mm metalinis r\u0117mas;&lt;\/li&gt;<br \/>\n&lt;li&gt;I&amp;scaron;matavimai: 47x 47 x 35 mm.&lt;\/li&gt;<br \/>\n&lt;\/ul&gt;<br \/>\n&lt;p&gt;&lt;em&gt;&lt;strong&gt;Taikome 36 m\u0117n. garantij\u0105!&amp;nbsp;&amp;nbsp;&lt;\/strong&gt;&lt;\/em&gt;&lt;\/p&gt;<br \/>\n&lt;p&gt;&lt;a class=&quot;catalogue&quot; href=&quot;https:\/\/rubisolis.lt\/images\/Userfiles\/My_folder\/naujas_Wifi_termostato_dry_contact_instrukcija.pdf&quot; target=&quot;blank&quot;&gt;Atsisi\u0173sti produkto instrukcij\u0105.&lt;\/a&gt;&lt;\/p&gt;<\/p>","protected":false},"excerpt":{"rendered":"<p>&lt;p style=&quot;text-align: justify;&quot;&gt;Elektroninis &lt;strong&gt;programuojamas termostatas&lt;\/strong&gt; (termoreguliatorius) be r\u0117melio Feelspot FSSWT16 su Tuya yra elektroninis &lt;strong&gt;programuojamas termostatas,&lt;\/strong&gt; skirtas valdyti elektriniam &amp;scaron;ildymui,<\/p>","protected":false},"featured_media":25183,"comment_status":"closed","ping_status":"open","template":"","meta":[],"product_brand":[],"product_cat":[23],"product_tag":[535],"class_list":{"0":"post-25181","1":"product","2":"type-product","3":"status-publish","4":"has-post-thumbnail","6":"product_cat-be-kategorijos","7":"product_tag-naujiena","9":"first","10":"onbackorder","11":"taxable","12":"shipping-taxable","13":"product-type-variable"},"_links":{"self":[{"href":"https:\/\/orotech.lt\/en\/wp-json\/wp\/v2\/product\/25181","targetHints":{"allow":["GET"]}}],"collection":[{"href":"https:\/\/orotech.lt\/en\/wp-json\/wp\/v2\/product"}],"about":[{"href":"https:\/\/orotech.lt\/en\/wp-json\/wp\/v2\/types\/product"}],"replies":[{"embeddable":true,"href":"https:\/\/orotech.lt\/en\/wp-json\/wp\/v2\/comments?post=25181"}],"version-history":[{"count":1,"href":"https:\/\/orotech.lt\/en\/wp-json\/wp\/v2\/product\/25181\/revisions"}],"predecessor-version":[{"id":25182,"href":"https:\/\/orotech.lt\/en\/wp-json\/wp\/v2\/product\/25181\/revisions\/25182"}],"wp:featuredmedia":[{"embeddable":true,"href":"https:\/\/orotech.lt\/en\/wp-json\/wp\/v2\/media\/25183"}],"wp:attachment":[{"href":"https:\/\/orotech.lt\/en\/wp-json\/wp\/v2\/media?parent=25181"}],"wp:term":[{"taxonomy":"product_brand","embeddable":true,"href":"https:\/\/orotech.lt\/en\/wp-json\/wp\/v2\/product_brand?post=25181"},{"taxonomy":"product_cat","embeddable":true,"href":"https:\/\/orotech.lt\/en\/wp-json\/wp\/v2\/product_cat?post=25181"},{"taxonomy":"product_tag","embeddable":true,"href":"https:\/\/orotech.lt\/en\/wp-json\/wp\/v2\/product_tag?post=25181"}],"curies":[{"name":"wp","href":"https:\/\/api.w.org\/{rel}","templated":true}]}}