{"id":25196,"date":"2025-09-09T06:35:02","date_gmt":"2025-09-09T06:35:02","guid":{"rendered":"https:\/\/orotech.lt\/programuojamas-termostatas-feelspot-wth08-16w-wifi-baltas-tuya-smart-life\/"},"modified":"2025-09-10T06:05:33","modified_gmt":"2025-09-10T06:05:33","slug":"programuojamas-termostatas-feelspot-wth08-16w-wifi-baltas-tuya-smart-life","status":"publish","type":"product","link":"https:\/\/orotech.lt\/en\/programuojamas-termostatas-feelspot-wth08-16w-wifi-baltas-tuya-smart-life\/","title":{"rendered":"Programuojamas termostatas Feelspot WTH08.16W WiFi, baltas, Tuya, Smart Life"},"content":{"rendered":"<p style=\"text-align: justify;\">Stilingas i\u0161manusis programuojamas <strong>thermostat<\/strong> &ndash; termoreguliatorius Feelspot WTH08.16W su WiFi leid\u017eia patogiai valdyti elektros, vandens bei dujinio \u0161ildymo sistem\u0173 veikim\u0105, palaikant optimaliausi\u0105 temperat\u016br\u0105 patalpose. Ratuku valdomas <strong>thermostat<\/strong> su maloniai sklindan\u010diu AMB light tipo ap\u0161vietimu&nbsp;atvaizduoja informacij\u0105 apie oro, lauko dr\u0117gm\u0119, temperat\u016br\u0105, laik\u0105, savait\u0119 ir kt. Taip pat, ratuko sukimo principu (360&deg;) galima valdyti laiko, ap\u0161vietimo ir jo ry\u0161kumo, sensori\u0173, programavimo re\u017eim\u0173, WiFi ar kalibravimo funkcijas.&nbsp;IP20 apsaugos klas\u0117s elektroninis programuojamas <strong>thermostat<\/strong> (termoreguliatorius) Feelspot WTH08.16W WiFi tinkamas naudoti komercin\u0117se, pramonin\u0117se, vie\u0161ose, gyvenamosiose patalpose ir net vie\u0161bu\u010diuose.<\/p>\n<p style=\"text-align: justify;\"><strong>Voice control<\/strong><\/p>\n<p style=\"text-align: justify;\">Naudodami \u0161\u012f i\u0161man\u0173j\u012f termostat\u0105 galite nustatyti norim\u0105 temperat\u016br\u0105 savo namuose, duodami balso komand\u0105 i\u0161maniojo namo sistemai, kuri labai padeda, kai j\u016bs\u0173 rankos u\u017eimtos. \u012erenginys suderinamas kartu su Alexa ir Google Assistant balso valdymo programomis.<\/p>\n<p style=\"text-align: justify;\"><strong>Valdymas program\u0117le<\/strong><\/p>\n<p style=\"text-align: justify;\"><strong>Programuojamas termostatas<\/strong>&nbsp;Feelspot&nbsp;WTH08.16W gali b\u016bti&nbsp;valdomas nuotoliniu b\u016bdu su program\u0117le &bdquo;Smart Life&ldquo; arba &bdquo;Tuya&ldquo;, kurias atsisi\u0173sti greitai ir lengvai galite naudojantis operacin\u0119 sistem\u0105 &bdquo;Android&quot; per&nbsp;&bdquo;Google Play&ldquo;&nbsp;parduotuv\u0119 arba naudojantis iOS operacin\u0119 sistem\u0105 per&nbsp;Apple Store&nbsp;parduotuv\u0119.<\/p>\n<p style=\"text-align: justify;\"><em><strong>Atsisi\u0173skite &bdquo;Tuya&ldquo; arba &bdquo;Smart Life&ldquo; program\u0117l\u0119 Android operacinei sistemai:<\/strong><br \/>\n\t<\/em><\/p>\n<p style=\"text-align: justify;\"><strong><a href=\"https:\/\/play.google.com\/store\/apps\/details?id=com.tuya.smart&amp;hl=lt&amp;gl=US\" rel=\"nofollow noopener\" target=\"_blank\"><img decoding=\"async\" alt=\"\" src=\"\/images\/Userfiles\/www.rubisolis.lt_tuya_app.png\" style=\"width: 80px; height: 80px;\" title=\"\"><\/a>&nbsp; &nbsp;&nbsp;<a href=\"https:\/\/play.google.com\/store\/apps\/details?id=com.tuya.smartlife&amp;hl=lt&amp;gl=US&amp;pli=1\" rel=\"nofollow noopener\" target=\"_blank\"><img decoding=\"async\" alt=\"\" src=\"\/images\/Userfiles\/www.rubisolis.lt_smart_life_app.png\" style=\"width: 80px; height: 80px;\" title=\"\"><\/a><\/strong><\/p>\n<p style=\"text-align: justify;\"><em><strong>Atsisi\u0173skite &bdquo;Tuya&ldquo; arba &bdquo;Smart Life&ldquo; program\u0117l\u0119 iOS operacinei sistemai:&nbsp;<\/strong><\/em><\/p>\n<p style=\"text-align: justify;\"><em><strong><a href=\"https:\/\/apps.apple.com\/us\/app\/tuya-smart\/id1034649547\" rel=\"nofollow noopener\" target=\"_blank\"><img decoding=\"async\" alt=\"\" src=\"\/images\/Userfiles\/www.rubisolis.lt_tuya_app.png\" style=\"width: 80px; height: 80px;\" title=\"\"><\/a>&nbsp; &nbsp;<a href=\"https:\/\/apps.apple.com\/us\/app\/smart-life-smart-living\/id1115101477\" rel=\"nofollow noopener\" target=\"_blank\"><img decoding=\"async\" alt=\"\" src=\"\/images\/Userfiles\/www.rubisolis.lt_smart_life_app.png\" style=\"width: 80px; height: 80px;\" title=\"\"><\/a><\/strong><\/em><\/p>\n<p><strong>Advantages:<\/strong><\/p>\n<ul>\n<li>\n\t\tModernus aliuminis korpusas;<\/li>\n<li>\n\t\tRatu sukamas ekranas su AMB light tipo ap\u0161vietimu;<\/li>\n<li>\n\t\tNustatyta temperat\u016bra palaikoma 1&deg;C tikslumu;&nbsp;<\/li>\n<li>\n\t\tWiFi ry\u0161io palaikymas;<\/li>\n<li>\n\t\tGalimyb\u0117 termostat\u0105 susieti bei valdyti i\u0161maniuoju \u012frenginiu, suderinamas su Android ir iOS operacin\u0117mis sistemomis;&nbsp;&nbsp;<\/li>\n<li>\n\t\tSkirtas&nbsp;valdyti elektros, vandens bei dujinio \u0161ildymo sistem\u0173 veikim\u0105;<\/li>\n<li>\n\t\tLaiko, dr\u0117gm\u0117s, temperat\u016bros, or\u0173 atvaizdavimas;<\/li>\n<li>\n\t\tLaiko, prietaiso ap\u0161vietimo ir jo ry\u0161kumo, sensori\u0173, veikimo re\u017eim\u0173, WiFi ar kalibravimo funkcij\u0173 valdymas;<\/li>\n<li>\n\t\tGalimyb\u0117 valdyti balsu (Alexa);<\/li>\n<li>\n\t\t6H gr\u016bdintas stiklas apsaugo ekran\u0105 nuo subrai\u017eym\u0173;<\/li>\n<li>\n\t\tProgramuojamas arba rankinis veikimo re\u017eimas.<\/li>\n<\/ul>\n<p><strong>Technical characteristics:<\/strong><\/p>\n<ul>\n<li>\n\t\t\u012etampa: 95-240 V AC;<\/li>\n<li>\n\t\tNustatytos temperat\u016bros paklaida: +-1&deg;C;<\/li>\n<li>\n\t\tGrind\u0173 jutiklis:&nbsp;NTC3950, 10K;<\/li>\n<li>\n\t\tMaksimali apkrova: 5A vandens \u0161ildymas, dujinis katilas, 16A \u0161ildymas elektra;<\/li>\n<li>\n\t\tRibin\u0117s temperat\u016bros diapazonas: 5 &#8211; 70&deg;C;<\/li>\n<li>\n\t\tTemperat\u016bros reguliavimo diapazonas: 5 &#8211; 35&deg;C;<\/li>\n<li>\n\t\tEnergijos s\u0105naudos: &lt;1.5W;<\/li>\n<li>\n\t\tKorpuso med\u017eiaga: PC + ABS (atsparus ugniai);<\/li>\n<li>\n\t\tMatmenys (mm): 86 x 86 x 60;<\/li>\n<li>\n\t\tProgramuojamas;<\/li>\n<li>\n\t\tMontavimas: sieninis;<\/li>\n<li>\n\t\tProtection class: IP20;<\/li>\n<li>\n\t\tRy\u0161ys: WiFi 2.4 GHz.<\/li>\n<\/ul>\n<p><strong>Programavimo re\u017eimai:<\/strong><\/p>\n<ul>\n<li>\n\t\tRankinis re\u017eimas;<\/li>\n<li>\n\t\tProgramavimo re\u017eimas (grafikas pagal savait\u0117s dienas).<\/li>\n<\/ul>\n<p><strong>Komplekt\u0105 sudaro:<\/strong><\/p>\n<ul>\n<li>\n\t\t<strong>Thermostat<\/strong> Feelspot WTH08.16W WiFi, baltas;<\/li>\n<li>\n\t\tNaudotojo gidas;<\/li>\n<li>\n\t\tKokyb\u0119 patvirtinantis dokumentas;<\/li>\n<li>\n\t\tVar\u017etai &#8211; 2 vnt.;<\/li>\n<li>\n\t\tSienin\u0117 plok\u0161tel\u0117.<\/li>\n<\/ul>\n<p style=\"text-align: justify;\"><em><strong>Taikome 36 m\u0117n. garantij\u0105!&nbsp;<\/strong><\/em><\/p>\n<p style=\"text-align: justify;\"><a class=\"catalogue\" href=\"https:\/\/rubisolis.lt\/images\/Userfiles\/My_folder\/Feelspot_termostat_instrukcija\/Feelspot_termostato_instrukcija.pdf\" target=\"blank\" rel=\"nofollow noopener\">Download product manual<img decoding=\"async\" alt=\"\" src=\"\/images\/Userfiles\/My_folder\/BHT-7000wifi_instrukcija_LT_07.30.pdf\" title=\"\"><\/a><\/p>","protected":false},"excerpt":{"rendered":"<p>Stilingas i\u0161manusis programuojamas termostatas &ndash; termoreguliatorius Feelspot WTH08.16W su WiFi leid\u017eia patogiai valdyti elektros, vandens bei dujinio \u0161ildymo sistem\u0173 veikim\u0105,<\/p>","protected":false},"featured_media":25198,"comment_status":"closed","ping_status":"open","template":"","meta":[],"product_brand":[],"product_cat":[23],"product_tag":[535],"class_list":{"0":"post-25196","1":"product","2":"type-product","3":"status-publish","4":"has-post-thumbnail","6":"product_cat-be-kategorijos","7":"product_tag-naujiena","9":"first","10":"onbackorder","11":"taxable","12":"shipping-taxable","13":"product-type-variable"},"_links":{"self":[{"href":"https:\/\/orotech.lt\/en\/wp-json\/wp\/v2\/product\/25196","targetHints":{"allow":["GET"]}}],"collection":[{"href":"https:\/\/orotech.lt\/en\/wp-json\/wp\/v2\/product"}],"about":[{"href":"https:\/\/orotech.lt\/en\/wp-json\/wp\/v2\/types\/product"}],"replies":[{"embeddable":true,"href":"https:\/\/orotech.lt\/en\/wp-json\/wp\/v2\/comments?post=25196"}],"version-history":[{"count":1,"href":"https:\/\/orotech.lt\/en\/wp-json\/wp\/v2\/product\/25196\/revisions"}],"predecessor-version":[{"id":25197,"href":"https:\/\/orotech.lt\/en\/wp-json\/wp\/v2\/product\/25196\/revisions\/25197"}],"wp:featuredmedia":[{"embeddable":true,"href":"https:\/\/orotech.lt\/en\/wp-json\/wp\/v2\/media\/25198"}],"wp:attachment":[{"href":"https:\/\/orotech.lt\/en\/wp-json\/wp\/v2\/media?parent=25196"}],"wp:term":[{"taxonomy":"product_brand","embeddable":true,"href":"https:\/\/orotech.lt\/en\/wp-json\/wp\/v2\/product_brand?post=25196"},{"taxonomy":"product_cat","embeddable":true,"href":"https:\/\/orotech.lt\/en\/wp-json\/wp\/v2\/product_cat?post=25196"},{"taxonomy":"product_tag","embeddable":true,"href":"https:\/\/orotech.lt\/en\/wp-json\/wp\/v2\/product_tag?post=25196"}],"curies":[{"name":"wp","href":"https:\/\/api.w.org\/{rel}","templated":true}]}}