{"id":25207,"date":"2025-09-09T06:35:02","date_gmt":"2025-09-09T06:35:02","guid":{"rendered":"https:\/\/orotech.lt\/belaidis-programuojamas-termostatas-feelspot-wth24-12-rf-wifi-tuya\/"},"modified":"2025-09-10T06:05:34","modified_gmt":"2025-09-10T06:05:34","slug":"belaidis-programuojamas-termostatas-feelspot-wth24-12-rf-wifi-tuya","status":"publish","type":"product","link":"https:\/\/orotech.lt\/en\/belaidis-programuojamas-termostatas-feelspot-wth24-12-rf-wifi-tuya\/","title":{"rendered":"Belaidis programuojamas termostatas Feelspot WTH24.12 RF, WiFi, Tuya"},"content":{"rendered":"<p>&lt;p&gt;&lt;img style=&quot;width: 1000px; height: 200px;&quot; src=&quot;\/images\/Userfiles\/programuojamas-termostatas-feelspot-wth2412-rf-wifi-4-1.png&quot; alt=&quot;&quot; \/&gt;&lt;\/p&gt;<br \/>\n&lt;p&gt;&lt;strong&gt;Belaidis programuojamas termostatas Feelspot WTH24.12 RF, WiFi &amp;ndash; inovatyvus ir patogus sprendimas j\u016bs\u0173 namams&amp;nbsp;&lt;\/strong&gt;&lt;\/p&gt;<br \/>\n&lt;p style=&quot;text-align: justify;&quot;&gt;&lt;strong&gt;Termostatas Feelspot WTH24.12 RF, WiFi&lt;\/strong&gt; &amp;ndash; tai modernus, WiFi valdomas belaidis programuojamas termostatas, sukurtas u\u017etikrinti maksimal\u0173 komfort\u0105 ir energijos efektyvum\u0105. Su &amp;scaron;iuo termostatu galite nuotoliniu b\u016bdu valdyti savo &amp;scaron;ildymo sistem\u0105 ir optimizuoti energijos naudojim\u0105, taip suma\u017eindami &amp;scaron;ildymo i&amp;scaron;laidas. Su &amp;scaron;iuo termostatu galite nuotoliniu b\u016bdu valdyti dujin\u012f katil\u0105 ar elektrin\u012f grindin\u012f &amp;scaron;ildym\u0105, u\u017etikrindami, kad j\u016bs\u0173 namuose visada b\u016bt\u0173 optimali temperat\u016bra. Termostatas jungiasi su si\u0173stuvu (\u012feina \u012f komplekt\u0105), kuris perduoda signal\u0105 ir valdo katilo veikim\u0105, taip leid\u017eiant tiksliai reguliuoti &amp;scaron;ildymo proces\u0105 pagal j\u016bs\u0173 poreikius.&lt;\/p&gt;<br \/>\n&lt;p style=&quot;text-align: justify;&quot;&gt;Apvalus ir lengvai valdomas \u012frenginys gali b\u016bti montuojamas tiek ant sienos, tiek naudoti kaip stalin\u012f \u012frengin\u012f. Taip pat, jis palaiko &amp;bdquo;Google Home&amp;ldquo;, &amp;bdquo;Amazon Alexa&amp;ldquo; ir &amp;bdquo;Siri&amp;ldquo; balso asistentus, tod\u0117l temperat\u016bros reguliavimas tampa dar paprastesnis.&lt;strong&gt;&amp;nbsp;Termostatas Feelspot WTH24.12 RF, WiFi&lt;\/strong&gt; yra idealus pasirinkimas tiems, kurie ie&amp;scaron;ko efektyvaus, &amp;scaron;iuolaiki&amp;scaron;ko ir patogaus sprendimo &amp;scaron;ildymo sistemai valdyti.&amp;nbsp;&lt;\/p&gt;<br \/>\n&lt;p style=&quot;text-align: justify;&quot;&gt;&lt;strong&gt;Kod\u0117l verta rinktis programuojam\u0105 termostat\u0105?&lt;\/strong&gt;&lt;\/p&gt;<br \/>\n&lt;p style=&quot;text-align: justify;&quot;&gt;Programuojami termostatai suteikia galimyb\u0119 tiksliai nustatyti &amp;scaron;ildymo re\u017eimus pagal j\u016bs\u0173 gyvenimo b\u016bd\u0105. Jie ne tik palaiko optimali\u0105 temperat\u016br\u0105 namuose, bet ir padeda suma\u017einti energijos s\u0105naudas, nes &amp;scaron;ildo patalpas tik tada, kai to reikia. Toks sprendimas ne tik prisideda prie patogumo, bet ir yra draugi&amp;scaron;kas aplinkai.&amp;nbsp;&lt;\/p&gt;<br \/>\n&lt;p style=&quot;text-align: justify;&quot;&gt;&lt;strong&gt;Advantages:&lt;\/strong&gt;&lt;\/p&gt;<br \/>\n&lt;ul&gt;<br \/>\n&lt;li&gt;Modernus dizainas: temperat\u016br\u0105 lengvai reguliuosite tiesiog sukdami termostato r\u0117mel\u012f, o apvalus ekranas u\u017etikrina patog\u0173 skaitym\u0105 ir valdym\u0105;&lt;\/li&gt;<br \/>\n&lt;li&gt;Lanksti montavimo sistema: termostat\u0105 galima kabinti ant sienos arba naudoti kaip stalin\u012f \u012frengin\u012f &amp;ndash; tai leid\u017eia prisitaikyti prie bet kokio interjero sprendimo;&lt;\/li&gt;<br \/>\n&lt;li&gt;Patogus maitinimo pasirinkimas: &lt;strong&gt;belaidis&lt;\/strong&gt;&amp;nbsp;&lt;strong&gt;programuojamas termostatas Feelspot WTH24.12 RF, WiFi&lt;\/strong&gt; gali b\u016bti maitinamas USB laidu arba baterijomis, tad lengva pritaikyti pagal montavimo b\u016bd\u0105 ir vartotojo poreikius;&lt;\/li&gt;<br \/>\n&lt;li&gt;Nuotolinis valdymas: palaiko &amp;bdquo;Tuya&amp;ldquo; ir &amp;bdquo;Smart Life&amp;ldquo; program\u0117les, kurios leid\u017eia valdyti &amp;scaron;ildymo sistem\u0105 per i&amp;scaron;man\u0173j\u012f telefon\u0105;&lt;\/li&gt;<br \/>\n&lt;li&gt;Auk&amp;scaron;tas efektyvumas: 433 Hz RF signalas u\u017etikrina stipr\u0173 ry&amp;scaron;\u012f tarp termostato ir imtuvo net iki 30 metr\u0173 atstumu, tod\u0117l jis puikiai veikia \u012fvairi\u0173 dyd\u017ei\u0173 patalpose;&lt;\/li&gt;<br \/>\n&lt;li&gt;Energetinis efektyvumas: padeda optimizuoti energijos s\u0105naudas, u\u017etikrinant &amp;scaron;ilum\u0105 tik tada, kai jos reikia;&lt;\/li&gt;<br \/>\n&lt;li&gt;Patogus naudojimas: intuityvus valdymas ir lengva montavimo sistema &amp;ndash; tai sprendimas tiek naujiems, tiek renovuojamiems b\u016bstams;&lt;\/li&gt;<br \/>\n&lt;li&gt;Valdymas balsu: suderinamumas su &amp;bdquo;Google Home&amp;ldquo; ir &amp;bdquo;Amazon Alexa&amp;ldquo; balso asistentais, leid\u017eiantis patogiai reguliuoti &amp;scaron;ildymo nustatymus.&amp;nbsp;&lt;\/li&gt;<br \/>\n&lt;\/ul&gt;<br \/>\n&lt;p style=&quot;text-align: justify;&quot;&gt;&lt;em&gt;&lt;strong&gt;Atsisi\u0173skite &amp;bdquo;Tuya&amp;ldquo; arba &amp;bdquo;Smart Life&amp;ldquo; program\u0117l\u0119 Android operacinei sistemai:&amp;nbsp;&lt;br \/&gt;&lt;\/strong&gt;&lt;\/em&gt;&lt;a href=&quot;http:\/\/play.google.com\/store\/apps\/details?id=com.tuya.smart&quot;&gt;&lt;em&gt;&lt;strong&gt;&lt;img style=&quot;width: 80px; height: 80px;&quot; src=&quot;\/images\/Userfiles\/www.rubisolis.lt_tuya_app.png&quot; alt=&quot;&quot; \/&gt;&lt;\/strong&gt;&lt;\/em&gt;&lt;\/a&gt;&amp;nbsp; &amp;nbsp;&lt;em&gt;&lt;strong&gt;&lt;a href=&quot;http:\/\/play.google.com\/store\/apps\/details?id=com.tuya.smartlife&amp;amp;hl=lt&amp;amp;gl=US&amp;amp;pli=1&quot;&gt;&lt;img style=&quot;width: 80px; height: 80px;&quot; src=&quot;\/images\/Userfiles\/www.rubisolis.lt_smart_life_app.png&quot; alt=&quot;&quot; \/&gt;&lt;\/a&gt;&lt;\/strong&gt;&lt;\/em&gt;&lt;\/p&gt;<br \/>\n&lt;p style=&quot;text-align: justify;&quot;&gt;&lt;em&gt;&lt;strong&gt;Atsisi\u0173skite &amp;bdquo;Tuya&amp;ldquo; arba &amp;bdquo;Smart Life&amp;ldquo; program\u0117l\u0119 iOS operacinei sistemai:&amp;nbsp;&lt;br \/&gt;&lt;a href=&quot;http:\/\/apps.apple.com\/us\/app\/tuya-smart\/id1034649547&quot;&gt;&lt;img style=&quot;width: 80px; height: 80px;&quot; src=&quot;\/images\/Userfiles\/www.rubisolis.lt_tuya_app.png&quot; alt=&quot;&quot; \/&gt;&lt;\/a&gt;&amp;nbsp; &amp;nbsp;&lt;a href=&quot;http:\/\/apps.apple.com\/us\/app\/smart-life-smart-living\/id1115101477&quot;&gt;&lt;img style=&quot;width: 80px; height: 80px;&quot; src=&quot;\/images\/Userfiles\/www.rubisolis.lt_smart_life_app.png&quot; alt=&quot;&quot; \/&gt;&lt;\/a&gt;&lt;\/strong&gt;&lt;\/em&gt;&lt;\/p&gt;<br \/>\n&lt;p&gt;&lt;strong&gt;&lt;strong&gt;Technical characteristics:&lt;\/strong&gt;&lt;\/strong&gt;&lt;\/p&gt;<br \/>\n&lt;ul&gt;<br \/>\n&lt;li&gt;Maitinimas: USB laidas \/ 3 vnt.&amp;nbsp;1,5V baterijos;&lt;\/li&gt;<br \/>\n&lt;li&gt;Imtuvo maitinimas: 100&amp;ndash;240 V AC;&lt;\/li&gt;<br \/>\n&lt;li&gt;Srov\u0117: 16 A;&lt;\/li&gt;<br \/>\n&lt;li&gt;Temperat\u016bros diapazonas: 5&amp;ndash;95 &amp;deg;C;&lt;\/li&gt;<br \/>\n&lt;li&gt;Temperat\u016bros tikslumas: &amp;plusmn;0.5 &amp;deg;C;&lt;\/li&gt;<br \/>\n&lt;li&gt;Temperat\u016bros jutiklis: NTC;&amp;nbsp;&lt;\/li&gt;<br \/>\n&lt;li&gt;Suvartojama galia: &amp;lt; 170uW;&lt;\/li&gt;<br \/>\n&lt;li&gt;Apsaugos klas\u0117: IP20;&lt;\/li&gt;<br \/>\n&lt;li&gt;Da\u017enis:&amp;nbsp;433 MHz;&lt;\/li&gt;<br \/>\n&lt;li&gt;Maksimali apkrova: 16 A;&lt;\/li&gt;<br \/>\n&lt;li&gt;Matmenys:&amp;nbsp;86 x 86 x 28 mm;&lt;\/li&gt;<br \/>\n&lt;li&gt;Spalva: juoda;&lt;\/li&gt;<br \/>\n&lt;li&gt;Baterijos \u012f komplekt\u0105 ne\u012feina.&lt;\/li&gt;<br \/>\n&lt;\/ul&gt;<br \/>\n&lt;p&gt;&lt;em&gt;&lt;strong&gt;Taikome 36 m\u0117n. garantij\u0105!&lt;\/strong&gt;&lt;\/em&gt;&lt;\/p&gt;<br \/>\n&lt;p&gt;&lt;a class=&quot;catalogue&quot; href=&quot;\/en\/images\/Userfiles\/Belaidzio_termostato_Feelspot_WTH24.12_RF_instrukcija_LT.pdf\/&quot; target=&quot;blank&quot;&gt;Download product manual &lt;\/a&gt;&lt;\/p&gt;<\/p>","protected":false},"excerpt":{"rendered":"<p>&lt;p&gt;&lt;img style=&quot;width: 1000px; height: 200px;&quot; src=&quot;\/images\/Userfiles\/programuojamas-termostatas-feelspot-wth2412-rf-wifi-4-1.png&quot; alt=&quot;&quot; \/&gt;&lt;\/p&gt; &lt;p&gt;&lt;strong&gt;Belaidis programuojamas termostatas Feelspot WTH24.12 RF, WiFi &amp;ndash; inovatyvus ir patogus sprendimas<\/p>","protected":false},"featured_media":25209,"comment_status":"closed","ping_status":"open","template":"","meta":[],"product_brand":[],"product_cat":[23],"product_tag":[535],"class_list":{"0":"post-25207","1":"product","2":"type-product","3":"status-publish","4":"has-post-thumbnail","6":"product_cat-be-kategorijos","7":"product_tag-naujiena","9":"first","10":"onbackorder","11":"taxable","12":"shipping-taxable","13":"product-type-variable"},"_links":{"self":[{"href":"https:\/\/orotech.lt\/en\/wp-json\/wp\/v2\/product\/25207","targetHints":{"allow":["GET"]}}],"collection":[{"href":"https:\/\/orotech.lt\/en\/wp-json\/wp\/v2\/product"}],"about":[{"href":"https:\/\/orotech.lt\/en\/wp-json\/wp\/v2\/types\/product"}],"replies":[{"embeddable":true,"href":"https:\/\/orotech.lt\/en\/wp-json\/wp\/v2\/comments?post=25207"}],"version-history":[{"count":1,"href":"https:\/\/orotech.lt\/en\/wp-json\/wp\/v2\/product\/25207\/revisions"}],"predecessor-version":[{"id":25208,"href":"https:\/\/orotech.lt\/en\/wp-json\/wp\/v2\/product\/25207\/revisions\/25208"}],"wp:featuredmedia":[{"embeddable":true,"href":"https:\/\/orotech.lt\/en\/wp-json\/wp\/v2\/media\/25209"}],"wp:attachment":[{"href":"https:\/\/orotech.lt\/en\/wp-json\/wp\/v2\/media?parent=25207"}],"wp:term":[{"taxonomy":"product_brand","embeddable":true,"href":"https:\/\/orotech.lt\/en\/wp-json\/wp\/v2\/product_brand?post=25207"},{"taxonomy":"product_cat","embeddable":true,"href":"https:\/\/orotech.lt\/en\/wp-json\/wp\/v2\/product_cat?post=25207"},{"taxonomy":"product_tag","embeddable":true,"href":"https:\/\/orotech.lt\/en\/wp-json\/wp\/v2\/product_tag?post=25207"}],"curies":[{"name":"wp","href":"https:\/\/api.w.org\/{rel}","templated":true}]}}