{"id":25219,"date":"2025-09-09T06:35:02","date_gmt":"2025-09-09T06:35:02","guid":{"rendered":"https:\/\/orotech.lt\/kistukinis-neprogramuojamas-termostatas-termoreguliatorius-ts05\/"},"modified":"2025-09-10T06:05:36","modified_gmt":"2025-09-10T06:05:36","slug":"kistukinis-neprogramuojamas-termostatas-termoreguliatorius-ts05","status":"publish","type":"product","link":"https:\/\/orotech.lt\/en\/kistukinis-neprogramuojamas-termostatas-termoreguliatorius-ts05\/","title":{"rendered":"Ki\u0161tukinis neprogramuojamas termostatas (termoreguliatorius) TS05"},"content":{"rendered":"<p>&lt;p style=&quot;text-align: justify;&quot;&gt;&lt;strong&gt;Ki&amp;scaron;tukinis neprogramuojamas termostatas &lt;\/strong&gt;(termoreguliatorius) TS05 yra &lt;strong&gt;ki&amp;scaron;tukinis termostatas&lt;\/strong&gt;, kuriuo lengva valdyti elektrini\u0173 &amp;scaron;ildymo sistem\u0173 (infraraudon\u0173j\u0173 spinduli\u0173, tiesioginio &amp;scaron;ildymo prietais\u0173, rank&amp;scaron;luos\u010di\u0173 d\u017eiovykli\u0173) nustatymus J\u016bs\u0173 namuose arba biure. &lt;strong&gt;Ki&amp;scaron;tukinis neprogramuojamas termostatas&lt;\/strong&gt; TS05&amp;nbsp;pasi\u017eymi patogiu naudojimu, kadangi prietais\u0105 gal\u0117site naudoti ten, kur labiausiai to reikia: vonioje, virtuv\u0117je, miegamajame ar net koridoriuje. &lt;strong&gt;Ki&amp;scaron;tukinis neprogramuojamas termostatas&lt;\/strong&gt; (termoreguliatorius) TS05 leis m\u0117gautis universaliu naudojimu ir nuolatine &amp;scaron;vara &amp;ndash; d\u0117l ki&amp;scaron;tukinio \u012frenginio tipo, jo nereik\u0117s \u012fleidin\u0117ti ar kitaip \u012fmontuoti \u012f sien\u0105. Tad &amp;scaron;\u012f termostat\u0105 gal\u0117site naudoti su neribotu skai\u010diumi &amp;scaron;ildymo \u012frengini\u0173! &lt;strong&gt;Ki&amp;scaron;tukinis neprogramuojamas termostatas&lt;\/strong&gt; (termoreguliatorius) TS05 turi mygtukus, kuri\u0173 d\u0117ka gal\u0117site valdyti nuolatin\u012f &amp;scaron;ildymo tiekim\u0105 ir valdyti temperat\u016br\u0105.&lt;\/p&gt;<br \/>\n&lt;p style=&quot;text-align: justify;&quot;&gt;&lt;strong&gt;Ki&amp;scaron;tukinis neprogramuojamas termostatas&lt;\/strong&gt; (termoreguliatorius) TS05 pasi\u017eymi paprastu naudojimu:&lt;\/p&gt;<br \/>\n&lt;ul&gt;<br \/>\n&lt;li&gt;1. Tiesiog \u012fjunkite termostat\u0105 TS05 \u012f ki&amp;scaron;tukin\u012f lizd\u0105 (230V\/50Hz);&lt;\/li&gt;<br \/>\n&lt;li&gt;2. Termostato TS05 ekrane bus rodoma patalpoje esanti temperat\u016bra;&lt;\/li&gt;<br \/>\n&lt;li&gt;3. Gamyklinis temperat\u016bros nustatymas yra 18 oC. Savo norim\u0105 temperat\u016br\u0105 galite nustatyti +\/- mygtukais.&lt;\/li&gt;<br \/>\n&lt;li&gt;4. Prie termostato TS05 prijunkite &amp;scaron;ildymo prietais\u0105. Did\u017eiausia leistina srov\u0117 yra 16 A.&lt;\/li&gt;<br \/>\n&lt;\/ul&gt;<br \/>\n&lt;p style=&quot;text-align: justify;&quot;&gt;! Nutr\u016bkus elektros srov\u0117s tiekimui, TS05 i&amp;scaron;saugo temperat\u016bros nustatymus.&lt;\/p&gt;<br \/>\n&lt;p style=&quot;text-align: justify;&quot;&gt;&lt;a class=&quot;catalogue&quot; href=&quot;https:\/\/www.rubisolis.lt\/failai\/files\/produktu%20pdf\/TS05%20termoreguliatorius.pdf&quot; target=&quot;blank&quot;&gt;Download product manual&lt;\/a&gt;&lt;\/p&gt;<\/p>","protected":false},"excerpt":{"rendered":"<p>&lt;p style=&quot;text-align: justify;&quot;&gt;&lt;strong&gt;Ki&amp;scaron;tukinis neprogramuojamas termostatas &lt;\/strong&gt;(termoreguliatorius) TS05 yra &lt;strong&gt;ki&amp;scaron;tukinis termostatas&lt;\/strong&gt;, kuriuo lengva valdyti elektrini\u0173 &amp;scaron;ildymo sistem\u0173 (infraraudon\u0173j\u0173 spinduli\u0173, tiesioginio &amp;scaron;ildymo<\/p>","protected":false},"featured_media":25221,"comment_status":"closed","ping_status":"open","template":"","meta":[],"product_brand":[],"product_cat":[23],"product_tag":[535],"class_list":{"0":"post-25219","1":"product","2":"type-product","3":"status-publish","4":"has-post-thumbnail","6":"product_cat-be-kategorijos","7":"product_tag-naujiena","9":"first","10":"onbackorder","11":"taxable","12":"shipping-taxable","13":"product-type-variable"},"_links":{"self":[{"href":"https:\/\/orotech.lt\/en\/wp-json\/wp\/v2\/product\/25219","targetHints":{"allow":["GET"]}}],"collection":[{"href":"https:\/\/orotech.lt\/en\/wp-json\/wp\/v2\/product"}],"about":[{"href":"https:\/\/orotech.lt\/en\/wp-json\/wp\/v2\/types\/product"}],"replies":[{"embeddable":true,"href":"https:\/\/orotech.lt\/en\/wp-json\/wp\/v2\/comments?post=25219"}],"version-history":[{"count":1,"href":"https:\/\/orotech.lt\/en\/wp-json\/wp\/v2\/product\/25219\/revisions"}],"predecessor-version":[{"id":25220,"href":"https:\/\/orotech.lt\/en\/wp-json\/wp\/v2\/product\/25219\/revisions\/25220"}],"wp:featuredmedia":[{"embeddable":true,"href":"https:\/\/orotech.lt\/en\/wp-json\/wp\/v2\/media\/25221"}],"wp:attachment":[{"href":"https:\/\/orotech.lt\/en\/wp-json\/wp\/v2\/media?parent=25219"}],"wp:term":[{"taxonomy":"product_brand","embeddable":true,"href":"https:\/\/orotech.lt\/en\/wp-json\/wp\/v2\/product_brand?post=25219"},{"taxonomy":"product_cat","embeddable":true,"href":"https:\/\/orotech.lt\/en\/wp-json\/wp\/v2\/product_cat?post=25219"},{"taxonomy":"product_tag","embeddable":true,"href":"https:\/\/orotech.lt\/en\/wp-json\/wp\/v2\/product_tag?post=25219"}],"curies":[{"name":"wp","href":"https:\/\/api.w.org\/{rel}","templated":true}]}}