{"id":25223,"date":"2025-09-09T06:35:02","date_gmt":"2025-09-09T06:35:02","guid":{"rendered":"https:\/\/orotech.lt\/kistukinis-wi-fi-termostatas-feelspot-wh22-09-tuya\/"},"modified":"2025-09-10T06:05:37","modified_gmt":"2025-09-10T06:05:37","slug":"kistukinis-wi-fi-termostatas-feelspot-wh22-09-tuya","status":"publish","type":"product","link":"https:\/\/orotech.lt\/en\/kistukinis-wi-fi-termostatas-feelspot-wh22-09-tuya\/","title":{"rendered":"Ki\u0161tukinis Wi-Fi termostatas Feelspot WH22.09 Tuya"},"content":{"rendered":"<p>&lt;p style=&quot;text-align: justify;&quot;&gt;Ki&amp;scaron;tukinis WIFI &lt;strong&gt;thermostat&lt;\/strong&gt; Feelspot WH22.09 i&amp;scaron;siskiria savo dizainu, funkcionalumu ir programavimo paprastumu. &lt;strong&gt;Thermostat&lt;\/strong&gt; Feelspot WH22.09&amp;nbsp;matuoja aplinkos temperat\u016br\u0105 ir atsi\u017evelgdamas \u012f j\u0105 \u012fjungia arba i&amp;scaron;jungia &amp;scaron;ildymo arba v\u0117sinimo \u012frengin\u012f. Feelspot i&amp;scaron;manusis ki&amp;scaron;tukinis &lt;strong&gt;thermostat&lt;\/strong&gt; gali b\u016bti naudojamas nam\u0173 &amp;scaron;ildymui, v\u0117sinimui valdyti pasinaudojant i&amp;scaron;maniuoju telefonu. Galite reguliuoti patalp\u0173 temperat\u016br\u0105 i&amp;scaron; bet kurios pasaulio vietos. Galima pasirinkti rankin\u012f, programavimo, laikinai rankin\u012f ar atostog\u0173 re\u017eimus. Toks temperat\u016bros valdymas pagerina komfort\u0105 bei padeda sutaupyti elektros energijos iki 30%.&amp;nbsp;Prietaisas suderinamas su &lt;strong&gt;Google Assistant&lt;\/strong&gt; and &lt;strong&gt;Amazon Alexa&lt;\/strong&gt;.&lt;\/p&gt;<br \/>\n&lt;p style=&quot;text-align: justify;&quot;&gt;Programuojamas &lt;strong&gt;thermostat &lt;\/strong&gt;Feelspot WH22.09 valdomas su program\u0117le &lt;strong&gt;&amp;bdquo;Smart Life&amp;ldquo;&lt;\/strong&gt;, kuri\u0105 atsisi\u0173sti galite naudojantis operacin\u0119 sistem\u0105 &amp;bdquo;Android&quot; per &lt;a href=&quot;https:\/\/play.google.com\/store\/apps\/details?id=com.tuya.smartlife&amp;amp;hl=lt&amp;amp;gl=US&amp;amp;pli=1&quot;&gt;&lt;strong&gt;&amp;bdquo;Google Play&amp;ldquo;&lt;\/strong&gt;&lt;\/a&gt; parduotuv\u0119 arba naudojantis iOS operacin\u0119 sistem\u0105 per &lt;strong&gt;&lt;a href=&quot;https:\/\/apps.apple.com\/us\/app\/smart-life-smart-living\/id1115101477&quot;&gt;&amp;bdquo;App Store&amp;ldquo;&lt;\/a&gt;&lt;\/strong&gt; parduotuv\u0119.&lt;\/p&gt;<br \/>\n&lt;p style=&quot;text-align: justify;&quot;&gt;B\u016btina pamin\u0117ti, kad termostat\u0105 galima nustatyti ir rankiniu b\u016bdu, o taip pat yra \u012fvairi\u0173 i&amp;scaron;pl\u0117stini\u0173 parink\u010di\u0173 nustatym\u0173. Modernus spalvotas LED ekranas su sensoriniais mygtukais sukurtas ilgam tarnavimui, o u\u017erakto nuo vaik\u0173 funkcija u\u017etikrina teising\u0105 prietaiso naudojim\u0105.&lt;\/p&gt;<br \/>\n&lt;p&gt;&lt;strong&gt;Technical characteristics:&lt;\/strong&gt;&lt;\/p&gt;<br \/>\n&lt;ul&gt;<br \/>\n&lt;li&gt;\u012etampa: 95-220 V AC;&lt;\/li&gt;<br \/>\n&lt;li&gt;Nustatytos temperat\u016bros paklaida: 0,5&amp;deg;C;&lt;\/li&gt;<br \/>\n&lt;li&gt;Maksimali apkrova: 16A (3600W);&lt;\/li&gt;<br \/>\n&lt;li&gt;Darbin\u0117s temperat\u016bros diapazonas: 0 &#8211; 45&amp;deg;C;&lt;\/li&gt;<br \/>\n&lt;li&gt;Temperat\u016bros reguliavimo diapazonas: 5 &#8211; 90&amp;deg;C (galima nustatyti);&lt;\/li&gt;<br \/>\n&lt;li&gt;Matmenys (mm): 62 x 120 x 35;&lt;\/li&gt;<br \/>\n&lt;li&gt;Programuojamas;&lt;\/li&gt;<br \/>\n&lt;li&gt;Montavimas: ki&amp;scaron;amas \u012f lizd\u0105;&lt;\/li&gt;<br \/>\n&lt;li&gt;Korpusas pagamintas i&amp;scaron; nedegaus plastiko;&lt;\/li&gt;<br \/>\n&lt;li&gt;Apsaugos klas\u0117: IP20;&lt;\/li&gt;<br \/>\n&lt;\/ul&gt;<br \/>\n&lt;p&gt;&lt;em&gt;&lt;strong&gt;Taikome 36 m\u0117n. garantij\u0105!&amp;nbsp;&lt;\/strong&gt;&lt;\/em&gt;&lt;\/p&gt;<br \/>\n&lt;p&gt;&lt;a class=&quot;catalogue&quot; href=&quot;\/en\/images\/Userfiles\/www.rubisolis.lt_ismanus_termostatas_WH22.09_LED.pdf\/&quot; target=&quot;blank&quot;&gt;Download product manual &lt;\/a&gt;&lt;\/p&gt;<\/p>","protected":false},"excerpt":{"rendered":"<p>&lt;p style=&quot;text-align: justify;&quot;&gt;Ki&amp;scaron;tukinis WIFI &lt;strong&gt;thermostat&lt;\/strong&gt; Feelspot WH22.09 i&amp;scaron;siskiria savo dizainu, funkcionalumu ir programavimo paprastumu. &lt;strong&gt;Thermostat&lt;\/strong&gt; Feelspot WH22.09&amp;nbsp;matuoja aplinkos temperat\u016br\u0105 ir<\/p>","protected":false},"featured_media":25225,"comment_status":"closed","ping_status":"open","template":"","meta":[],"product_brand":[],"product_cat":[23],"product_tag":[535],"class_list":{"0":"post-25223","1":"product","2":"type-product","3":"status-publish","4":"has-post-thumbnail","6":"product_cat-be-kategorijos","7":"product_tag-naujiena","9":"first","10":"onbackorder","11":"taxable","12":"shipping-taxable","13":"product-type-variable"},"_links":{"self":[{"href":"https:\/\/orotech.lt\/en\/wp-json\/wp\/v2\/product\/25223","targetHints":{"allow":["GET"]}}],"collection":[{"href":"https:\/\/orotech.lt\/en\/wp-json\/wp\/v2\/product"}],"about":[{"href":"https:\/\/orotech.lt\/en\/wp-json\/wp\/v2\/types\/product"}],"replies":[{"embeddable":true,"href":"https:\/\/orotech.lt\/en\/wp-json\/wp\/v2\/comments?post=25223"}],"version-history":[{"count":1,"href":"https:\/\/orotech.lt\/en\/wp-json\/wp\/v2\/product\/25223\/revisions"}],"predecessor-version":[{"id":25224,"href":"https:\/\/orotech.lt\/en\/wp-json\/wp\/v2\/product\/25223\/revisions\/25224"}],"wp:featuredmedia":[{"embeddable":true,"href":"https:\/\/orotech.lt\/en\/wp-json\/wp\/v2\/media\/25225"}],"wp:attachment":[{"href":"https:\/\/orotech.lt\/en\/wp-json\/wp\/v2\/media?parent=25223"}],"wp:term":[{"taxonomy":"product_brand","embeddable":true,"href":"https:\/\/orotech.lt\/en\/wp-json\/wp\/v2\/product_brand?post=25223"},{"taxonomy":"product_cat","embeddable":true,"href":"https:\/\/orotech.lt\/en\/wp-json\/wp\/v2\/product_cat?post=25223"},{"taxonomy":"product_tag","embeddable":true,"href":"https:\/\/orotech.lt\/en\/wp-json\/wp\/v2\/product_tag?post=25223"}],"curies":[{"name":"wp","href":"https:\/\/api.w.org\/{rel}","templated":true}]}}