{"id":25227,"date":"2025-09-09T06:35:02","date_gmt":"2025-09-09T06:35:02","guid":{"rendered":"https:\/\/orotech.lt\/ismanusis-kistukinis-lizdas-feelspot-fs-st02we-2in1-wifi-tuya\/"},"modified":"2025-09-10T06:05:38","modified_gmt":"2025-09-10T06:05:38","slug":"ismanusis-kistukinis-lizdas-feelspot-fs-st02we-2in1-wifi-tuya","status":"publish","type":"product","link":"https:\/\/orotech.lt\/en\/ismanusis-kistukinis-lizdas-feelspot-fs-st02we-2in1-wifi-tuya\/","title":{"rendered":"I\u0161manusis ki\u0161tukinis lizdas Feelspot FS-ST02WE  2in1 WiFi, Tuya"},"content":{"rendered":"<p style=\"text-align: justify;\">I\u0161manusis ki\u0161tukinis lizdas 2 in 1 WiFi&nbsp;yra funkcionalus \u012frenginys, kuris kombinuoja \u012fprast\u0105 ki\u0161tukin\u012f lizd\u0105 su i\u0161mani\u0105ja technologija. Tai \u012frenginys, kuris padeda valdyti ir kontroliuoti \u012fvairius elektros prietaisus per WiFi ry\u0161\u012f.<\/p>\n<p style=\"text-align: justify;\"><strong>\u0160is i\u0161manusis ki\u0161tukinis lizdas pasi\u017eymi \u0161iomis funkcijomis:<\/strong><\/p>\n<ul>\n<li>\n\t\t<strong>Ki\u0161tukinio lizdo funkcija:<\/strong> Jis turi du ki\u0161tukinius lizdus, kurie leid\u017eia prijungti \u012fprastus elektros prietaisus. Tai rei\u0161kia, kad galite naudoti \u0161\u012f lizd\u0105 kaip \u012fprast\u0105 elektros lizd\u0105 ir prijungti jame \u012fvairius prietaisus, tokius kaip \u0161aldytuv\u0105, televizori\u0173, lemputes ir pan.<\/li>\n<li>\n\t\t<strong>WiFi valdymas:<\/strong> D\u0117ka integruotos WiFi technologijos, galite valdyti ir kontroliuoti prijungtus prietaisus per i\u0161mani\u0105j\u0105 program\u0117l\u0119, kuri\u0105 galite \u012fdiegti \u012f savo i\u0161man\u0173j\u012f telefon\u0105 arba plan\u0161etin\u012f kompiuter\u012f. Tai leid\u017eia jums valdyti elektros prietaisus nuotoliniu b\u016bdu, net jei esate toli nuo nam\u0173.<\/li>\n<li>\n\t\t<strong>Nuotolinis valdymas:<\/strong> Su i\u0161maniuoju ki\u0161tukiniu lizdu galite \u012fjungti arba i\u0161jungti prietaisus, nustatyti laiko tvarkara\u0161t\u012f, nustatyti energijos taupymo re\u017eimus ir net gauti prane\u0161imus apie energijos suvartojim\u0105. Tai suteikia jums didel\u012f valdymo patogum\u0105 ir galimyb\u0119 efektyviai naudoti energij\u0105.<\/li>\n<li>\n\t\t<strong>I\u0161manumas:<\/strong>&nbsp;i\u0161manusis ki\u0161tukinis lizdas 2 in 1 WiFi&nbsp; yra suderinami su populiariomis i\u0161maniosiomis nam\u0173 automatizavimo sistemomis, tokiomis kaip &quot;Google Home&quot; arba &quot;Amazon Alexa&quot;, suteikdami jums galimyb\u0119 valdyti prietaisus balso komand\u0173 pagalba.<\/li>\n<\/ul>\n<p style=\"text-align: justify;\">I\u0161manusis ki\u0161tukinis lizdas WiFi 2 in 1 yra puikus sprendimas, norint modernizuoti ir automatizuoti savo namus, biur\u0105 ar kitas patalpas!<\/p>\n<p style=\"text-align: justify;\"><em><strong>Atsisi\u0173skite&nbsp;&bdquo;Tuya&ldquo;&nbsp;arba &bdquo;Smart Life&ldquo; program\u0117l\u0119 Android operacinei sistemai:<\/strong><\/em><\/p>\n<p style=\"text-align: justify;\"><a href=\"https:\/\/play.google.com\/store\/apps\/details?id=com.tuya.smart&amp;hl=lt&amp;gl=US\" target=\"_blank\" rel=\"nofollow noopener\"><img decoding=\"async\" alt=\"\" src=\"\/images\/Userfiles\/www.rubisolis.lt_tuya_app.png\" style=\"width: 80px; height: 80px;\" title=\"\"><\/a>&nbsp; &nbsp;<a href=\"https:\/\/play.google.com\/store\/apps\/details?id=com.tuya.smartlife&amp;hl=lt&amp;gl=US&amp;pli=1\" target=\"_blank\" rel=\"nofollow noopener\"><img decoding=\"async\" alt=\"\" src=\"\/images\/Userfiles\/www.rubisolis.lt_smart_life_app.png\" style=\"width: 80px; height: 80px;\" title=\"\"><\/a><\/p>\n<p style=\"text-align: justify;\"><em><strong>Atsisi\u0173skite &bdquo;Tuya&ldquo; arba &bdquo;Smart Life&ldquo; program\u0117l\u0119 iOS operacinei sistemai:&nbsp;<\/strong><\/em><\/p>\n<p style=\"text-align: justify;\"><a href=\"https:\/\/apps.apple.com\/us\/app\/tuya-smart\/id1034649547\" target=\"_blank\" rel=\"nofollow noopener\"><img decoding=\"async\" alt=\"\" src=\"\/images\/Userfiles\/www.rubisolis.lt_tuya_app.png\" style=\"width: 80px; height: 80px;\" title=\"\"><\/a>&nbsp; &nbsp;<a href=\"https:\/\/apps.apple.com\/us\/app\/smart-life-smart-living\/id1115101477\" target=\"_blank\" rel=\"nofollow noopener\"><img decoding=\"async\" alt=\"\" src=\"\/images\/Userfiles\/www.rubisolis.lt_smart_life_app.png\" style=\"width: 80px; height: 80px;\" title=\"\"><\/a><\/p>\n<p style=\"text-align: justify;\"><a class=\"catalogue\" href=\"\/en\/images\/Userfiles\/www.rubisolis.lt_Rozet_FELLSPOT_FS-ST02WE_instrukcija_WiFi_2_in_1_Smart_Socket_User_Manual.pdf\/\" target=\"blank\">Download product manual<\/a><\/p>","protected":false},"excerpt":{"rendered":"<p>I\u0161manusis ki\u0161tukinis lizdas 2 in 1 WiFi&nbsp;yra funkcionalus \u012frenginys, kuris kombinuoja \u012fprast\u0105 ki\u0161tukin\u012f lizd\u0105 su i\u0161mani\u0105ja technologija. Tai \u012frenginys, kuris<\/p>","protected":false},"featured_media":25229,"comment_status":"closed","ping_status":"open","template":"","meta":[],"product_brand":[],"product_cat":[23],"product_tag":[535],"class_list":{"0":"post-25227","1":"product","2":"type-product","3":"status-publish","4":"has-post-thumbnail","6":"product_cat-be-kategorijos","7":"product_tag-naujiena","9":"first","10":"onbackorder","11":"taxable","12":"shipping-taxable","13":"product-type-variable"},"_links":{"self":[{"href":"https:\/\/orotech.lt\/en\/wp-json\/wp\/v2\/product\/25227","targetHints":{"allow":["GET"]}}],"collection":[{"href":"https:\/\/orotech.lt\/en\/wp-json\/wp\/v2\/product"}],"about":[{"href":"https:\/\/orotech.lt\/en\/wp-json\/wp\/v2\/types\/product"}],"replies":[{"embeddable":true,"href":"https:\/\/orotech.lt\/en\/wp-json\/wp\/v2\/comments?post=25227"}],"version-history":[{"count":1,"href":"https:\/\/orotech.lt\/en\/wp-json\/wp\/v2\/product\/25227\/revisions"}],"predecessor-version":[{"id":25228,"href":"https:\/\/orotech.lt\/en\/wp-json\/wp\/v2\/product\/25227\/revisions\/25228"}],"wp:featuredmedia":[{"embeddable":true,"href":"https:\/\/orotech.lt\/en\/wp-json\/wp\/v2\/media\/25229"}],"wp:attachment":[{"href":"https:\/\/orotech.lt\/en\/wp-json\/wp\/v2\/media?parent=25227"}],"wp:term":[{"taxonomy":"product_brand","embeddable":true,"href":"https:\/\/orotech.lt\/en\/wp-json\/wp\/v2\/product_brand?post=25227"},{"taxonomy":"product_cat","embeddable":true,"href":"https:\/\/orotech.lt\/en\/wp-json\/wp\/v2\/product_cat?post=25227"},{"taxonomy":"product_tag","embeddable":true,"href":"https:\/\/orotech.lt\/en\/wp-json\/wp\/v2\/product_tag?post=25227"}],"curies":[{"name":"wp","href":"https:\/\/api.w.org\/{rel}","templated":true}]}}