{"id":25235,"date":"2025-09-09T06:35:02","date_gmt":"2025-09-09T06:35:02","guid":{"rendered":"https:\/\/orotech.lt\/elektroninis-programuojamas-termostatas-termoreguliatorius-heatmiser-neostat-e-v2\/"},"modified":"2025-09-10T06:05:38","modified_gmt":"2025-09-10T06:05:38","slug":"elektroninis-programuojamas-termostatas-termoreguliatorius-heatmiser-neostat-e-v2","status":"publish","type":"product","link":"https:\/\/orotech.lt\/en\/elektroninis-programuojamas-termostatas-termoreguliatorius-heatmiser-neostat-e-v2\/","title":{"rendered":"Elektroninis programuojamas termostatas (termoreguliatorius) Heatmiser neoStat-e V2"},"content":{"rendered":"<p>&lt;p style=&quot;text-align: justify;&quot;&gt;Elektrinio grindinio &amp;scaron;ildymo &lt;strong&gt;programuojamas termostatas&lt;\/strong&gt; Heatmiser neoStat-e V2 suteikia Jums i&amp;scaron;manesn\u012f b\u016bd\u0105 valdyti elektrinio grindinio &amp;scaron;ildymo sistem\u0105. Sujungus &amp;scaron;\u012f termostat\u0105 su i&amp;scaron;mani\u0105ja d\u0117\u017eute Heatmiser neoHub (parduodama atskirai), J\u016bs gal\u0117site nuotoliniu b\u016bdu valdyti elektrinio grindinio &amp;scaron;ildymo sistem\u0105. &lt;strong&gt;Programuojamas termostatas&lt;\/strong&gt; Heatmiser NeoStat-e V2 yra tiekiamas kartu su 3 metr\u0173 ilgio nuotoliniu grind\u0173 jutikliu ir gali persijungti iki 16A bei susisieti su i&amp;scaron;mani\u0105ja d\u0117\u017eute bei kitais &amp;bdquo;neoStats&amp;ldquo; tipo prietaisais j\u016bs\u0173 namuose. Tokiu b\u016bdu galima sukurti visi&amp;scaron;kai valdom\u0105 nam\u0173 &amp;scaron;ildymo tinklo sistem\u0105.&amp;nbsp;&lt;\/p&gt;<br \/>\n&lt;p style=&quot;text-align: justify;&quot;&gt;&lt;strong&gt;Thermostat&lt;\/strong&gt; Heatmiser NeoStat-e V2 turi 4 skiritngus veikimo re\u017eimus: neprogramuojamas,darbo dien\u0173, visos savait\u0117s ar individualus 24 valand\u0173 re\u017eimas. &lt;strong&gt;Programuojamas termostatas&lt;\/strong&gt; u\u017etikrins efektyv\u0173 sistemos veikim\u0105 tada, kada reikia bei leis suma\u017einti elektros s\u0105naudas.&amp;nbsp;&lt;\/p&gt;<br \/>\n&lt;p style=&quot;text-align: justify;&quot;&gt;&lt;strong&gt;Programuojamas termostatas&lt;\/strong&gt; Heatmiser NeoStat-e V2 gali b\u016bti sukonfig\u016bruotas veikti kaip termostatas arba laikmatis! Taigi, jei norite valdyti rank&amp;scaron;luos\u010di\u0173 d\u017eiovintuvus ar ap&amp;scaron;vietim\u0105, Neo si\u016blo tai ir dar daugiau!&amp;nbsp;&lt;\/p&gt;<br \/>\n&lt;p&gt;&lt;strong&gt;Termostato&amp;nbsp;&amp;bdquo;Heatmiser NeoStat-e V2&amp;ldquo; privalumai:&lt;\/strong&gt;&lt;\/p&gt;<br \/>\n&lt;ul&gt;<br \/>\n&lt;li&gt;Modernus dizainas;&lt;\/li&gt;<br \/>\n&lt;li&gt;Ap&amp;scaron;viesti mink&amp;scaron;tieji klavi&amp;scaron;ai su artumo jutikliu;&lt;\/li&gt;<br \/>\n&lt;li&gt;3 metr\u0173 ilgio i&amp;scaron;orinis grind\u0173 temperat\u016bros jutiklis;&lt;\/li&gt;<br \/>\n&lt;li&gt;5 min. programos intervalai;&lt;\/li&gt;<br \/>\n&lt;li&gt;Automatinio energijos taupymo&amp;nbsp;funkcija&amp;nbsp;&quot;Optimum start&quot;;&lt;\/li&gt;<br \/>\n&lt;li&gt;4 komforto lygiai\/kartai per dien\u0105 (galimi 6 lygiai, kuomet termostatas susietas su i&amp;scaron;mani\u0105ja d\u0117\u017eute &quot;neoHub&quot;);&lt;\/li&gt;<br \/>\n&lt;li&gt;Atostog\u0173 re\u017eimas;&lt;\/li&gt;<br \/>\n&lt;li&gt;Potinkinis montavimas (35 mm d\u0117\u017eut\u0117);&lt;\/li&gt;<br \/>\n&lt;li&gt;Galimyb\u0117 pasirinkti &amp;deg;C arba &amp;deg;F temperat\u016bros matavimo vienetus;&lt;\/li&gt;<br \/>\n&lt;li&gt;U\u017erakto galimyb\u0117;&lt;\/li&gt;<br \/>\n&lt;li&gt;Apsauga nuo u\u017e&amp;scaron;alimo;&lt;\/li&gt;<br \/>\n&lt;li&gt;2 met\u0173 garantija.&lt;\/li&gt;<br \/>\n&lt;\/ul&gt;<br \/>\n&lt;p&gt;&lt;strong&gt;Programavimo re\u017eimai:&lt;\/strong&gt;&lt;\/p&gt;<br \/>\n&lt;ul&gt;<br \/>\n&lt;li&gt;Neprogramuojamas re\u017eimas;&lt;\/li&gt;<br \/>\n&lt;li&gt;5\/2 dien\u0173 programavimo re\u017eimas;&lt;\/li&gt;<br \/>\n&lt;li&gt;7 dien\u0173 programavimo re\u017eimas;&lt;\/li&gt;<br \/>\n&lt;li&gt;24 valand\u0173 programavimo re\u017eimas;&lt;\/li&gt;<br \/>\n&lt;\/ul&gt;<br \/>\n&lt;p&gt;&lt;strong&gt;Temperat\u016bros matavimo re\u017eimai:&lt;\/strong&gt;&lt;\/p&gt;<br \/>\n&lt;ul&gt;<br \/>\n&lt;li&gt;Grind\u0173 temperat\u016bros matavimo re\u017eimas;&lt;\/li&gt;<br \/>\n&lt;li&gt;Kambario temperat\u016bros matavimo re\u017eimas&amp;nbsp;(matuojama ir oro, ir grind\u0173 temperat\u016bra);&lt;\/li&gt;<br \/>\n&lt;\/ul&gt;<br \/>\n&lt;p&gt;&lt;strong&gt;Technical information:&lt;\/strong&gt;&lt;\/p&gt;<br \/>\n&lt;ul&gt;<br \/>\n&lt;li&gt;&lt;strong&gt;Protection class: IP20;&lt;\/strong&gt;&lt;\/li&gt;<br \/>\n&lt;li&gt;Temperat\u016bros ribos: 5-35 &amp;deg;C;&lt;\/li&gt;<br \/>\n&lt;li&gt;Paklaida: 1 &amp;deg;C;&lt;\/li&gt;<br \/>\n&lt;li&gt;Reguliuojamas perjungimo re\u017eimas: 1&amp;deg;C &#8211; 3&amp;deg;C;&lt;\/li&gt;<br \/>\n&lt;li&gt;Maksimali apkrova: 16A;&lt;\/li&gt;<br \/>\n&lt;li&gt;\u012etampa: 230V (AC);&lt;\/li&gt;<br \/>\n&lt;li&gt;I&amp;scaron;matavimai (PxAxG): 85 x 85 x 13 mm;&lt;\/li&gt;<br \/>\n&lt;li&gt;Svoris: 153 g.&lt;\/li&gt;<br \/>\n&lt;\/ul&gt;<br \/>\n&lt;p&gt;&lt;a class=&quot;catalogue&quot; href=&quot;https:\/\/www.rubisolis.lt\/failai\/files\/produktu%20pdf\/Heatmiser\/neoStat-e%20v2%20techniniai%20duomenys.pdf&quot; target=&quot;blank&quot;&gt;Download product catalog&lt;\/a&gt;&lt;br \/&gt;&lt;a class=&quot;catalogue&quot; href=&quot;https:\/\/www.rubisolis.lt\/failai\/files\/produktu%20pdf\/Heatmiser\/Neo%20Stat-e%20V2%20instrukcija%20LT.pdf&quot; target=&quot;blank&quot;&gt;Download product manual &lt;\/a&gt;&lt;\/p&gt;<\/p>","protected":false},"excerpt":{"rendered":"<p>&lt;p style=&quot;text-align: justify;&quot;&gt;Elektrinio grindinio &amp;scaron;ildymo &lt;strong&gt;programuojamas termostatas&lt;\/strong&gt; Heatmiser neoStat-e V2 suteikia Jums i&amp;scaron;manesn\u012f b\u016bd\u0105 valdyti elektrinio grindinio &amp;scaron;ildymo sistem\u0105. Sujungus<\/p>","protected":false},"featured_media":25237,"comment_status":"closed","ping_status":"open","template":"","meta":[],"product_brand":[],"product_cat":[23],"product_tag":[535],"class_list":{"0":"post-25235","1":"product","2":"type-product","3":"status-publish","4":"has-post-thumbnail","6":"product_cat-be-kategorijos","7":"product_tag-naujiena","9":"first","10":"onbackorder","11":"taxable","12":"shipping-taxable","13":"product-type-variable"},"_links":{"self":[{"href":"https:\/\/orotech.lt\/en\/wp-json\/wp\/v2\/product\/25235","targetHints":{"allow":["GET"]}}],"collection":[{"href":"https:\/\/orotech.lt\/en\/wp-json\/wp\/v2\/product"}],"about":[{"href":"https:\/\/orotech.lt\/en\/wp-json\/wp\/v2\/types\/product"}],"replies":[{"embeddable":true,"href":"https:\/\/orotech.lt\/en\/wp-json\/wp\/v2\/comments?post=25235"}],"version-history":[{"count":1,"href":"https:\/\/orotech.lt\/en\/wp-json\/wp\/v2\/product\/25235\/revisions"}],"predecessor-version":[{"id":25236,"href":"https:\/\/orotech.lt\/en\/wp-json\/wp\/v2\/product\/25235\/revisions\/25236"}],"wp:featuredmedia":[{"embeddable":true,"href":"https:\/\/orotech.lt\/en\/wp-json\/wp\/v2\/media\/25237"}],"wp:attachment":[{"href":"https:\/\/orotech.lt\/en\/wp-json\/wp\/v2\/media?parent=25235"}],"wp:term":[{"taxonomy":"product_brand","embeddable":true,"href":"https:\/\/orotech.lt\/en\/wp-json\/wp\/v2\/product_brand?post=25235"},{"taxonomy":"product_cat","embeddable":true,"href":"https:\/\/orotech.lt\/en\/wp-json\/wp\/v2\/product_cat?post=25235"},{"taxonomy":"product_tag","embeddable":true,"href":"https:\/\/orotech.lt\/en\/wp-json\/wp\/v2\/product_tag?post=25235"}],"curies":[{"name":"wp","href":"https:\/\/api.w.org\/{rel}","templated":true}]}}