{"id":25240,"date":"2025-09-09T06:35:02","date_gmt":"2025-09-09T06:35:02","guid":{"rendered":"https:\/\/orotech.lt\/elektroninis-programuojamas-termostatas-termoreguliatorius-heatmiser-neostat-v2\/"},"modified":"2025-09-10T06:05:39","modified_gmt":"2025-09-10T06:05:39","slug":"elektroninis-programuojamas-termostatas-termoreguliatorius-heatmiser-neostat-v2","status":"publish","type":"product","link":"https:\/\/orotech.lt\/en\/elektroninis-programuojamas-termostatas-termoreguliatorius-heatmiser-neostat-v2\/","title":{"rendered":"Elektroninis programuojamas termostatas (termoreguliatorius) Heatmiser neoStat V2"},"content":{"rendered":"<p>&lt;p style=&quot;text-align: justify;&quot;&gt;Elektroninis &lt;strong&gt;programuojamas termostatas&lt;\/strong&gt; (termoreguliatorius) Heatmiser neoStat V2 yra elektroninis &lt;strong&gt;programuojamas termostatas&lt;\/strong&gt; su \u012ftampos jungikliu. Sujungus &amp;scaron;\u012f termostat\u0105 su i&amp;scaron;mani\u0105ja d\u0117\u017eute &quot;neoHub&quot; (parduodama atskirai), J\u016bs galite valdyti savo &amp;scaron;ildymo sistem\u0105 i&amp;scaron; bet kur.&lt;\/p&gt;<br \/>\n&lt;p style=&quot;text-align: justify;&quot;&gt;&lt;strong&gt;Programuojamas termostatas &lt;\/strong&gt;Heatmiser NeoStat-e V2 turi 4 skirtingus veikimo re\u017eimus: neprogramuojamas, darbo dien\u0173, visos savait\u0117s ar individualus 24 valand\u0173 re\u017eimas. &lt;strong&gt;Programuojamas termostatas&lt;\/strong&gt; u\u017etikrins efektyv\u0173 sistemos veikim\u0105 tada, kada reikia bei leis suma\u017einti elektros s\u0105naudas.&lt;\/p&gt;<br \/>\n&lt;p style=&quot;text-align: justify;&quot;&gt;Elektroninis &lt;strong&gt;programuojamas termostatas&lt;\/strong&gt; (termoreguliatorius) Heatmiser neoStat V2 gali b\u016bti sukonfig\u016bruotas veikti kaip termostatas arba laikmatis. Taigi, jei norite valdyti rank&amp;scaron;luos\u010di\u0173 d\u017eiovintuvus ar ap&amp;scaron;vietim\u0105 &ndash; Neo si\u016blo tai ir dar daugiau!&lt;\/p&gt;<br \/>\n&lt;p&gt;&lt;strong&gt;Termostato &lt;\/strong&gt;&amp;bdquo;&lt;strong&gt;Heatmiser neoStat V2&lt;\/strong&gt;&amp;ldquo;&lt;strong&gt; privalumai:&lt;\/strong&gt;&lt;\/p&gt;<br \/>\n&lt;ul&gt;<br \/>\n&lt;li&gt;Modernus dizainas;&lt;\/li&gt;<br \/>\n&lt;li&gt;Ap&amp;scaron;viesti mink&amp;scaron;tieji klavi&amp;scaron;ai su artumo jutikliu;&lt;\/li&gt;<br \/>\n&lt;li&gt;5 min. programos intervalai;&lt;\/li&gt;<br \/>\n&lt;li&gt;Automatinio energijos taupymo funkcija&amp;nbsp;&amp;bdquo;Optimum start&amp;ldquo;;&lt;\/li&gt;<br \/>\n&lt;li&gt;4 komforto lygiai\/kartai per dien\u0105 (galimi 6 lygiai, kuomet termostatas susietas su i&amp;scaron;mani\u0105ja d\u0117\u017eute &quot;neoHub&quot;);&lt;\/li&gt;<br \/>\n&lt;li&gt;Atostog\u0173 re\u017eimas;&lt;\/li&gt;<br \/>\n&lt;li&gt;Automatinis baltas foninis ap&amp;scaron;vietimas (i&amp;scaron;sijungia po 30 sekund\u017ei\u0173);&lt;\/li&gt;<br \/>\n&lt;li&gt;Potinkinis montavimas (35 mm d\u0117\u017eut\u0117);&lt;\/li&gt;<br \/>\n&lt;li&gt;Galimyb\u0117 pasirinkti &amp;deg;C arba &amp;deg;F temperat\u016bros matavimo vienetus;&lt;\/li&gt;<br \/>\n&lt;li&gt;U\u017erakto galimyb\u0117;&lt;\/li&gt;<br \/>\n&lt;li&gt;Apsauga nuo u\u017e&amp;scaron;alimo;&lt;\/li&gt;<br \/>\n&lt;li&gt;2 met\u0173 garantija.&lt;\/li&gt;<br \/>\n&lt;\/ul&gt;<br \/>\n&lt;p&gt;&lt;strong&gt;Programavimo re\u017eimai:&lt;\/strong&gt;&lt;\/p&gt;<br \/>\n&lt;ul&gt;<br \/>\n&lt;li&gt;Neprogramuojamas re\u017eimas;&lt;\/li&gt;<br \/>\n&lt;li&gt;5\/2 dien\u0173 programavimo re\u017eimas;&lt;\/li&gt;<br \/>\n&lt;li&gt;7 dien\u0173 programavimo re\u017eimas;&lt;\/li&gt;<br \/>\n&lt;li&gt;24 valand\u0173 programavimo re\u017eimas.&lt;\/li&gt;<br \/>\n&lt;\/ul&gt;<br \/>\n&lt;p&gt;&lt;strong&gt;Technical information:&lt;\/strong&gt;&lt;\/p&gt;<br \/>\n&lt;ul&gt;<br \/>\n&lt;li&gt;&lt;strong&gt;Protection class: IP20;&lt;\/strong&gt;&lt;\/li&gt;<br \/>\n&lt;li&gt;Temperat\u016bros ribos: 5-35 &amp;deg;C;&lt;\/li&gt;<br \/>\n&lt;li&gt;Paklaida: 1 &amp;deg;C;&lt;\/li&gt;<br \/>\n&lt;li&gt;Reguliuojamas perjungimo re\u017eimas: 1&amp;deg;C &#8211; 3&amp;deg;C;&lt;\/li&gt;<br \/>\n&lt;li&gt;Maksimali apkrova: 3A;&lt;\/li&gt;<br \/>\n&lt;li&gt;\u012etampa: 230V (AC);&lt;\/li&gt;<br \/>\n&lt;li&gt;I&amp;scaron;matavimai (PxAxG): 85 x 85 x 13 mm;&lt;\/li&gt;<br \/>\n&lt;li&gt;Svoris: 137 g.&lt;\/li&gt;<br \/>\n&lt;\/ul&gt;<br \/>\n&lt;p&gt;&lt;a class=&quot;catalogue&quot; href=&quot;https:\/\/www.rubisolis.lt\/failai\/files\/produktu%20pdf\/Heatmiser\/neoStat%20v2%20techniniai%20duomenys.pdf&quot; target=&quot;blank&quot;&gt;Download product catalog&lt;\/a&gt;&lt;br \/&gt;&lt;a class=&quot;catalogue&quot; href=&quot;https:\/\/www.rubisolis.lt\/failai\/files\/produktu%20pdf\/Heatmiser\/Neo%20Stat%20V2%20instrukcija%20LT.pdf&quot; target=&quot;blank&quot;&gt;Download product manual &lt;\/a&gt;&lt;\/p&gt;<\/p>","protected":false},"excerpt":{"rendered":"<p>&lt;p style=&quot;text-align: justify;&quot;&gt;Elektroninis &lt;strong&gt;programuojamas termostatas&lt;\/strong&gt; (termoreguliatorius) Heatmiser neoStat V2 yra elektroninis &lt;strong&gt;programuojamas termostatas&lt;\/strong&gt; su \u012ftampos jungikliu. Sujungus &amp;scaron;\u012f termostat\u0105 su<\/p>","protected":false},"featured_media":25242,"comment_status":"closed","ping_status":"open","template":"","meta":[],"product_brand":[],"product_cat":[23],"product_tag":[535],"class_list":{"0":"post-25240","1":"product","2":"type-product","3":"status-publish","4":"has-post-thumbnail","6":"product_cat-be-kategorijos","7":"product_tag-naujiena","9":"first","10":"onbackorder","11":"taxable","12":"shipping-taxable","13":"product-type-variable"},"_links":{"self":[{"href":"https:\/\/orotech.lt\/en\/wp-json\/wp\/v2\/product\/25240","targetHints":{"allow":["GET"]}}],"collection":[{"href":"https:\/\/orotech.lt\/en\/wp-json\/wp\/v2\/product"}],"about":[{"href":"https:\/\/orotech.lt\/en\/wp-json\/wp\/v2\/types\/product"}],"replies":[{"embeddable":true,"href":"https:\/\/orotech.lt\/en\/wp-json\/wp\/v2\/comments?post=25240"}],"version-history":[{"count":1,"href":"https:\/\/orotech.lt\/en\/wp-json\/wp\/v2\/product\/25240\/revisions"}],"predecessor-version":[{"id":25241,"href":"https:\/\/orotech.lt\/en\/wp-json\/wp\/v2\/product\/25240\/revisions\/25241"}],"wp:featuredmedia":[{"embeddable":true,"href":"https:\/\/orotech.lt\/en\/wp-json\/wp\/v2\/media\/25242"}],"wp:attachment":[{"href":"https:\/\/orotech.lt\/en\/wp-json\/wp\/v2\/media?parent=25240"}],"wp:term":[{"taxonomy":"product_brand","embeddable":true,"href":"https:\/\/orotech.lt\/en\/wp-json\/wp\/v2\/product_brand?post=25240"},{"taxonomy":"product_cat","embeddable":true,"href":"https:\/\/orotech.lt\/en\/wp-json\/wp\/v2\/product_cat?post=25240"},{"taxonomy":"product_tag","embeddable":true,"href":"https:\/\/orotech.lt\/en\/wp-json\/wp\/v2\/product_tag?post=25240"}],"curies":[{"name":"wp","href":"https:\/\/api.w.org\/{rel}","templated":true}]}}