{"id":25245,"date":"2025-09-09T06:40:03","date_gmt":"2025-09-09T06:40:03","guid":{"rendered":"https:\/\/orotech.lt\/belaidis-programuojamas-termostatas-termoreguliatorius-heatmiser-neoair\/"},"modified":"2025-09-10T06:05:40","modified_gmt":"2025-09-10T06:05:40","slug":"belaidis-programuojamas-termostatas-termoreguliatorius-heatmiser-neoair","status":"publish","type":"product","link":"https:\/\/orotech.lt\/en\/belaidis-programuojamas-termostatas-termoreguliatorius-heatmiser-neoair\/","title":{"rendered":"Belaidis programuojamas termostatas (termoreguliatorius) Heatmiser neoAir"},"content":{"rendered":"<p style=\"text-align: justify;\">Belaidis programuojamas termostatas &bdquo;Heatmiser neoAir&ldquo; yra maitinamas baterijomis&nbsp;bei suderinamas su belaid\u017eiais &bdquo;RF Switch \/ UH8-RF&ldquo; imtuvais. Sujungus \u0161\u012f \u012frengin\u012f su i\u0161mani\u0105ja stotele&nbsp;&bdquo;Heatmiser neoHub&ldquo; (parduodama atskirai), J\u016bs galite valdyti patalp\u0173 \u0161ildymo sistem\u0105 ir vandens pa\u0161ildym\u0105 i\u0161 bet kurios vietos.&nbsp;<\/p>\n<p style=\"text-align: justify;\">&bdquo;Heatmiser neoAir&ldquo; gali b\u016bti sukonfig\u016bruotas veikti kaip termostatas, laikmatis arba \u0161i\u0173 funkcij\u0173 kombinuota versija. Taip pat \u0161is prietaisas puikiai&nbsp;tinka patalp\u0173 temperat\u016brai ir vandens pa\u0161ildymui valdyti.<\/p>\n<p style=\"text-align: justify;\"><strong>Termostato &bdquo;Heatmiser neoAir&ldquo; privalumai:<\/strong><\/p>\n<ul>\n<li style=\"text-align: justify;\">\n\t\tBelaidis, maitinamas baterijomis (4 x AAA);<\/li>\n<li style=\"text-align: justify;\">\n\t\tModernaus dizaino su integruotais lie\u010diamais mygtukais;<\/li>\n<li style=\"text-align: justify;\">\n\t\tNuotolinio steb\u0117jimo parinktis;<\/li>\n<li style=\"text-align: justify;\">\n\t\t5 min. programos intervalai;<\/li>\n<li style=\"text-align: justify;\">\n\t\tAutomatinio energijos taupymo funkcija&nbsp;&bdquo;Optimum start&ldquo;;<\/li>\n<li style=\"text-align: justify;\">\n\t\t4 komforto lygiai\/kartai per dien\u0105;<\/li>\n<li style=\"text-align: justify;\">\n\t\tTemperat\u016bros palaikymo funkcija;<\/li>\n<li style=\"text-align: justify;\">\n\t\tAtostog\u0173 re\u017eimas;<\/li>\n<li style=\"text-align: justify;\">\n\t\tAutomatinis m\u0117lynas foninis ap\u0161vietimas (i\u0161sijungia po 30 sekund\u017ei\u0173);<\/li>\n<li style=\"text-align: justify;\">\n\t\tVir\u0161tinkinis montavimas<\/li>\n<li style=\"text-align: justify;\">\n\t\tGalimyb\u0117 pasirinkti &deg;C arba &deg;F temperat\u016bros matavimo vienetus;<\/li>\n<li style=\"text-align: justify;\">\n\t\tU\u017erakto galimyb\u0117;<\/li>\n<li style=\"text-align: justify;\">\n\t\tApsauga nuo u\u017e\u0161alimo;<\/li>\n<li style=\"text-align: justify;\">\n\t\t2 met\u0173 garantija.<\/li>\n<\/ul>\n<p style=\"text-align: justify;\">Automatinio energijos taupymo funkcija&nbsp;&bdquo;Optimum Start&ldquo; skai\u010diuoja \u0161ilumos pak\u0117limo laik\u0105, reikaling\u0105 namams su\u0161ildyti prie\u0161 Jums pabundant ar gri\u017etant \u012f namus. \u0160i funkcija automati\u0161kai optimizuojasi met\u0173 b\u0117gyje &#8211; taip taupydama j\u016bs\u0173 pinigus.<\/p>\n<ul style=\"text-align: justify;\">\n<\/ul>\n<ul style=\"text-align: justify;\">\n<\/ul>\n<p style=\"text-align: justify;\">Termostatai &bdquo;Heatmiser neoStat&ldquo; ir &bdquo;Heatmiser neoAir&ldquo; palaiko beviel\u012f ry\u0161\u012f su&nbsp; i\u0161mani\u0105ja stotele &bdquo;Heatmiser neoHub&ldquo; (parduodama&nbsp;atskirai). Tai sukuria patikim\u0105 tinklo sistem\u0105, kuri\u0105 galite valdyti ir i\u0161 savo i\u0161maniojo telefono, parsisiunt\u0119 mobili\u0105j\u0105 aplikacij\u0105 &bdquo;Heatmiser Neo&ldquo; i\u0161&nbsp; <a href=\"https:\/\/play.google.com\/store\/apps\/details?id=com.stickmanmobile.engineroom.heatmiserneo&amp;hl=en_GB\" target=\"_blank\" rel=\"nofollow noopener\"><strong>&bdquo;Google Play&ldquo;<\/strong><\/a>&nbsp;or&nbsp;<strong><a href=\"https:\/\/itunes.apple.com\/lt\/app\/heatmiser-neo\/id780465515?mt=8\" target=\"_blank\" rel=\"nofollow noopener\">&bdquo;App Store&ldquo;<\/a><\/strong> . Termostato &bdquo;Heatmiser neoStat&ldquo; maitinimo \u0161altinis automati\u0161kai pakartoja kito neoStat \/ neoAir duomen\u0173 signal\u0105 namuose. Jei n\u0117ra \u012fdiegt\u0173 &bdquo;Heatmiser neoStat&ldquo;&nbsp;termostat\u0173, &bdquo;Heatmiser neoAir&ldquo; tiesiogiai palaiko ry\u0161\u012f su &bdquo;Heatmiser neoHub&ldquo; i\u0161maniuoj\u0173 si\u0173stuvu. Tokiu atveju ry\u0161io atstumo i\u0161pl\u0117timui galima naudoti &bdquo;Heatmiser neoPlug&ldquo; arba &bdquo;Heatmiser Boost&ldquo; prietaisus.<\/p>\n<p><strong>Specifications:<\/strong><\/p>\n<ul>\n<li>\n\t\tTemperat\u016bros ribos: 5-35 &deg;C;<\/li>\n<li>\n\t\tPaklaida: 1 &deg;C;<\/li>\n<li>\n\t\tReguliuojamas perjungimo re\u017eimas: 0.5 &#8211; 3&nbsp;&deg;C;<\/li>\n<li>\n\t\tI\u0161matavimai montavimui (PxAxG): 86 x 86 x 26 mm;<\/li>\n<li>\n\t\tSvoris: 0.136 kg;<\/li>\n<li>\n\t\tRF da\u017enis: 868 Mhz.<\/li>\n<\/ul>\n<p><strong>\u0160ildymo re\u017eimai: <\/strong><\/p>\n<ul>\n<li>\n\t\t&quot;Kar\u0161tas vanduo&quot; &#8211; vandens pa\u0161ildymas;<\/li>\n<li>\n\t\t&quot;\u0160ildymas&quot; &#8211; patalp\u0173 pa\u0161ildymas;<\/li>\n<li>\n\t\t&quot;\u0160ildymas ir kar\u0161tas vanduo&quot; &#8211; patalp\u0173 ir vandens pa\u0161ildymas.<\/li>\n<\/ul>\n<p><strong>Programavimo re\u017eimai:<\/strong><\/p>\n<ul>\n<li>\n\t\tNeprogramuojamas re\u017eimas;<\/li>\n<li>\n\t\t5\/2 dien\u0173 programavimo re\u017eimas;<\/li>\n<li>\n\t\t7 dien\u0173 programavimo re\u017eimas;<\/li>\n<li>\n\t\t24 valand\u0173 programavimo re\u017eimas.<\/li>\n<\/ul>\n<p>\n\t<a class=\"catalogue\" href=\"https:\/\/www.rubisolis.lt\/\/failai\/files\/produktu%20pdf\/Heatmiser\/neoAir%20technin%C4%97%20informacija.pdf\" target=\"blank\" rel=\"nofollow noopener\">Download product catalog<\/a><br \/>\n\t<a class=\"catalogue\" href=\"https:\/\/www.rubisolis.lt\/\/failai\/files\/produktu%20pdf\/Heatmiser\/Neo%20Air%20instrukcija%20LT.pdf\" target=\"blank\" rel=\"nofollow noopener\">Download product manual <\/a><\/p>","protected":false},"excerpt":{"rendered":"<p>Belaidis programuojamas termostatas &bdquo;Heatmiser neoAir&ldquo; yra maitinamas baterijomis&nbsp;bei suderinamas su belaid\u017eiais &bdquo;RF Switch \/ UH8-RF&ldquo; imtuvais. Sujungus \u0161\u012f \u012frengin\u012f su<\/p>","protected":false},"featured_media":25247,"comment_status":"closed","ping_status":"open","template":"","meta":[],"product_brand":[],"product_cat":[23],"product_tag":[535],"class_list":{"0":"post-25245","1":"product","2":"type-product","3":"status-publish","4":"has-post-thumbnail","6":"product_cat-be-kategorijos","7":"product_tag-naujiena","9":"first","10":"onbackorder","11":"taxable","12":"shipping-taxable","13":"product-type-variable"},"_links":{"self":[{"href":"https:\/\/orotech.lt\/en\/wp-json\/wp\/v2\/product\/25245","targetHints":{"allow":["GET"]}}],"collection":[{"href":"https:\/\/orotech.lt\/en\/wp-json\/wp\/v2\/product"}],"about":[{"href":"https:\/\/orotech.lt\/en\/wp-json\/wp\/v2\/types\/product"}],"replies":[{"embeddable":true,"href":"https:\/\/orotech.lt\/en\/wp-json\/wp\/v2\/comments?post=25245"}],"version-history":[{"count":1,"href":"https:\/\/orotech.lt\/en\/wp-json\/wp\/v2\/product\/25245\/revisions"}],"predecessor-version":[{"id":25246,"href":"https:\/\/orotech.lt\/en\/wp-json\/wp\/v2\/product\/25245\/revisions\/25246"}],"wp:featuredmedia":[{"embeddable":true,"href":"https:\/\/orotech.lt\/en\/wp-json\/wp\/v2\/media\/25247"}],"wp:attachment":[{"href":"https:\/\/orotech.lt\/en\/wp-json\/wp\/v2\/media?parent=25245"}],"wp:term":[{"taxonomy":"product_brand","embeddable":true,"href":"https:\/\/orotech.lt\/en\/wp-json\/wp\/v2\/product_brand?post=25245"},{"taxonomy":"product_cat","embeddable":true,"href":"https:\/\/orotech.lt\/en\/wp-json\/wp\/v2\/product_cat?post=25245"},{"taxonomy":"product_tag","embeddable":true,"href":"https:\/\/orotech.lt\/en\/wp-json\/wp\/v2\/product_tag?post=25245"}],"curies":[{"name":"wp","href":"https:\/\/api.w.org\/{rel}","templated":true}]}}