{"id":25260,"date":"2025-09-09T06:40:03","date_gmt":"2025-09-09T06:40:03","guid":{"rendered":"https:\/\/orotech.lt\/8-zonu-centrale-heatmiser-uh8\/"},"modified":"2025-09-10T06:05:42","modified_gmt":"2025-09-10T06:05:42","slug":"8-zonu-centrale-heatmiser-uh8","status":"publish","type":"product","link":"https:\/\/orotech.lt\/en\/8-zonu-centrale-heatmiser-uh8\/","title":{"rendered":"8 zon\u0173 central\u0117 Heatmiser UH8"},"content":{"rendered":"<p style=\"text-align: justify;\">&bdquo;Heatmiser UH8&ldquo; central\u0119 galima naudoti su bet kuriuo kambario termostatu, kuriam reikalinga 230 V \u012ftampa. \u0160iuo prietaisu galima valdyti iki 8 zon\u0173. UH8 korpuse \u012fmontuoti du \u0161ildymo laiko kanalai &#8211; kiekvienai zonai leis nurodyti, kur\u012f laiko kanal\u0105 ji turi laikytis. Kar\u0161to vandens valdymui ar kitiems pagalbiniams \u012frenginiams yra numatyti 2 papildomi laiko kanalai. Central\u0117je yra \u012fmontuota 230 V i\u0161vestis, skirta atitinkamoms zon\u0173 pavaroms, grind\u0173 \u0161ildymo siurbliui ir vo\u017etuvui perjungti atskrose zonose. Katilui tiekiama speciali \u012ftampos jungtis, tod\u0117l ji yra suderinama su beveik vis\u0173 tip\u0173 katilais.<\/p>\n<p style=\"text-align: justify;\">Paprastosios slinkties jungiklis 8 zon\u0105 paver\u010dia tinkama valdyti radiatorius. Taikant \u0161\u012f valdym\u0105, 8 zona ne\u012fjungia grind\u0173 \u0161ildymo siurblio, vo\u017etuvo ir katilo. Prie kiekvienos zonos galima prijungti iki 4 pavar\u0173.<\/p>\n<p><strong>Technical information:<\/strong><\/p>\n<ul>\n<li>\n\t\t<strong>Protection class: IP20;<\/strong><\/li>\n<li>\n\t\tMaksimalus \u0161ildom\u0173 zon\u0173 skai\u010dius: 8;<\/li>\n<li>\n\t\tNeonin\u0117 indikacija;<\/li>\n<li>\n\t\tMaitinimas: 230V AC, 50 Hz, vienfazis;<\/li>\n<li>\n\t\tMaksimali rel\u0117s apkrova: 3A;<\/li>\n<li>\n\t\tMaksimali bendra apkrova: 5A;<\/li>\n<li>\n\t\tMontavimas ant DIN b\u0117geli\u0173;<\/li>\n<li>\n\t\tMontavimo i\u0161matavimai (IxAxG): 384 x 148 x 60 mm;<\/li>\n<li>\n\t\tSvoris: 0.850 kg.<\/li>\n<\/ul>\n<p><a class=\"catalogue\" href=\"https:\/\/www.rubisolis.lt\/\/failai\/files\/produktu%20pdf\/UH8-Datasheet.pdf\" target=\"blank\" rel=\"nofollow noopener\">Download product catalog<\/a><br \/>\n\t<a class=\"catalogue\" href=\"https:\/\/www.rubisolis.lt\/\/failai\/files\/produktu%20pdf\/UH8-Manual.pdf\" target=\"blank\" rel=\"nofollow noopener\">Download product manual<\/a><\/p>","protected":false},"excerpt":{"rendered":"<p>&bdquo;Heatmiser UH8&ldquo; central\u0119 galima naudoti su bet kuriuo kambario termostatu, kuriam reikalinga 230 V \u012ftampa. \u0160iuo prietaisu galima valdyti iki<\/p>","protected":false},"featured_media":25262,"comment_status":"closed","ping_status":"open","template":"","meta":[],"product_brand":[],"product_cat":[23],"product_tag":[535],"class_list":{"0":"post-25260","1":"product","2":"type-product","3":"status-publish","4":"has-post-thumbnail","6":"product_cat-be-kategorijos","7":"product_tag-naujiena","9":"first","10":"onbackorder","11":"taxable","12":"shipping-taxable","13":"product-type-variable"},"_links":{"self":[{"href":"https:\/\/orotech.lt\/en\/wp-json\/wp\/v2\/product\/25260","targetHints":{"allow":["GET"]}}],"collection":[{"href":"https:\/\/orotech.lt\/en\/wp-json\/wp\/v2\/product"}],"about":[{"href":"https:\/\/orotech.lt\/en\/wp-json\/wp\/v2\/types\/product"}],"replies":[{"embeddable":true,"href":"https:\/\/orotech.lt\/en\/wp-json\/wp\/v2\/comments?post=25260"}],"version-history":[{"count":1,"href":"https:\/\/orotech.lt\/en\/wp-json\/wp\/v2\/product\/25260\/revisions"}],"predecessor-version":[{"id":25261,"href":"https:\/\/orotech.lt\/en\/wp-json\/wp\/v2\/product\/25260\/revisions\/25261"}],"wp:featuredmedia":[{"embeddable":true,"href":"https:\/\/orotech.lt\/en\/wp-json\/wp\/v2\/media\/25262"}],"wp:attachment":[{"href":"https:\/\/orotech.lt\/en\/wp-json\/wp\/v2\/media?parent=25260"}],"wp:term":[{"taxonomy":"product_brand","embeddable":true,"href":"https:\/\/orotech.lt\/en\/wp-json\/wp\/v2\/product_brand?post=25260"},{"taxonomy":"product_cat","embeddable":true,"href":"https:\/\/orotech.lt\/en\/wp-json\/wp\/v2\/product_cat?post=25260"},{"taxonomy":"product_tag","embeddable":true,"href":"https:\/\/orotech.lt\/en\/wp-json\/wp\/v2\/product_tag?post=25260"}],"curies":[{"name":"wp","href":"https:\/\/api.w.org\/{rel}","templated":true}]}}