{"id":25269,"date":"2025-09-09T06:40:03","date_gmt":"2025-09-09T06:40:03","guid":{"rendered":"https:\/\/orotech.lt\/grindinio-sildymo-pavara-aktuatorius-heatmiser-ta230\/"},"modified":"2025-09-10T06:05:43","modified_gmt":"2025-09-10T06:05:43","slug":"grindinio-sildymo-pavara-aktuatorius-heatmiser-ta230","status":"publish","type":"product","link":"https:\/\/orotech.lt\/en\/grindinio-sildymo-pavara-aktuatorius-heatmiser-ta230\/","title":{"rendered":"Grindinio \u0161ildymo pavara-aktuatorius Heatmiser TA230"},"content":{"rendered":"<p>Grindinio \u0161ildymo pavara-aktuatorius Heatmiser TA230 yra sudaryta i\u0161 dviej\u0173 izoliuot\u0173 laid\u0173.&nbsp;<\/p>\n<p><strong>Technical information:<\/strong><\/p>\n<ul>\n<li>\n\t\tVoltage: 230V;<\/li>\n<li>\n\t\tVo\u017etuvo jungtis: M30 x 1.5 sriegis ;<\/li>\n<li>\n\t\tGalia: 2 W;<\/li>\n<li>\n\t\tSvoris: 0.127 kg<\/li>\n<li>\n\t\tI\u0161matavimai: 58 x 49 x 45 mm;<\/li>\n<li>\n\t\tApsaugos klas\u0117: IP54;<\/li>\n<\/ul>\n<p><a class=\"catalogue\" href=\"https:\/\/www.rubisolis.lt\/\/failai\/files\/produktu%20pdf\/Heatmiser\/TA230%20Pavaros%20technin%C4%97%20informacija.pdf\" target=\"blank\" rel=\"nofollow noopener\">Download product catalog<\/a><\/p>","protected":false},"excerpt":{"rendered":"<p>Grindinio \u0161ildymo pavara-aktuatorius Heatmiser TA230 yra sudaryta i\u0161 dviej\u0173 izoliuot\u0173 laid\u0173.&nbsp; Technin\u0117 informacija: \u012etampa: 230 V; Vo\u017etuvo jungtis: M30 x<\/p>","protected":false},"featured_media":25271,"comment_status":"closed","ping_status":"open","template":"","meta":[],"product_brand":[],"product_cat":[23],"product_tag":[535],"class_list":{"0":"post-25269","1":"product","2":"type-product","3":"status-publish","4":"has-post-thumbnail","6":"product_cat-be-kategorijos","7":"product_tag-naujiena","9":"first","10":"onbackorder","11":"taxable","12":"shipping-taxable","13":"product-type-variable"},"_links":{"self":[{"href":"https:\/\/orotech.lt\/en\/wp-json\/wp\/v2\/product\/25269","targetHints":{"allow":["GET"]}}],"collection":[{"href":"https:\/\/orotech.lt\/en\/wp-json\/wp\/v2\/product"}],"about":[{"href":"https:\/\/orotech.lt\/en\/wp-json\/wp\/v2\/types\/product"}],"replies":[{"embeddable":true,"href":"https:\/\/orotech.lt\/en\/wp-json\/wp\/v2\/comments?post=25269"}],"version-history":[{"count":1,"href":"https:\/\/orotech.lt\/en\/wp-json\/wp\/v2\/product\/25269\/revisions"}],"predecessor-version":[{"id":25270,"href":"https:\/\/orotech.lt\/en\/wp-json\/wp\/v2\/product\/25269\/revisions\/25270"}],"wp:featuredmedia":[{"embeddable":true,"href":"https:\/\/orotech.lt\/en\/wp-json\/wp\/v2\/media\/25271"}],"wp:attachment":[{"href":"https:\/\/orotech.lt\/en\/wp-json\/wp\/v2\/media?parent=25269"}],"wp:term":[{"taxonomy":"product_brand","embeddable":true,"href":"https:\/\/orotech.lt\/en\/wp-json\/wp\/v2\/product_brand?post=25269"},{"taxonomy":"product_cat","embeddable":true,"href":"https:\/\/orotech.lt\/en\/wp-json\/wp\/v2\/product_cat?post=25269"},{"taxonomy":"product_tag","embeddable":true,"href":"https:\/\/orotech.lt\/en\/wp-json\/wp\/v2\/product_tag?post=25269"}],"curies":[{"name":"wp","href":"https:\/\/api.w.org\/{rel}","templated":true}]}}