{"id":25272,"date":"2025-09-09T06:40:03","date_gmt":"2025-09-09T06:40:03","guid":{"rendered":"https:\/\/orotech.lt\/tinklo-modulio-temperaturos-dregmes-jutiklio-rinkinys-technoline-ma-10032\/"},"modified":"2025-09-10T06:05:43","modified_gmt":"2025-09-10T06:05:43","slug":"tinklo-modulio-temperaturos-dregmes-jutiklio-rinkinys-technoline-ma-10032","status":"publish","type":"product","link":"https:\/\/orotech.lt\/en\/tinklo-modulio-temperaturos-dregmes-jutiklio-rinkinys-technoline-ma-10032\/","title":{"rendered":"Tinklo modulio, temperat\u016bros \/ dr\u0117gm\u0117s jutiklio rinkinys Technoline MA 10032"},"content":{"rendered":"<p>&lt;p style=&quot;text-align: justify;&quot;&gt;Tinklo modulio ir temperat\u016bros \/ dr\u0117gm\u0117s jutiklio&amp;nbsp;rinkinys &amp;bdquo;Technoline&amp;ldquo; yra&amp;nbsp;skirtas temperat\u016bros ir dr\u0117gm\u0117s lygio steb\u0117jimui namuose, biuruose ir kitose patalpose. Komplekte yra i&amp;scaron;orinis PRO serijos&amp;nbsp;jutiklis,&amp;nbsp;kur\u012f galima i&amp;scaron;vesti \u012f pirtis ar kitas vietas, norint steb\u0117ti temperat\u016br\u0105 u\u017e sienos.&lt;\/p&gt;<br \/>\n&lt;p style=&quot;text-align: justify;&quot;&gt;&lt;strong&gt;Rinkin\u012f sudaro: &lt;\/strong&gt;&lt;\/p&gt;<br \/>\n&lt;ul&gt;<br \/>\n&lt;li style=&quot;text-align: justify;&quot;&gt;Tinklo modulis;&lt;\/li&gt;<br \/>\n&lt;li style=&quot;text-align: justify;&quot;&gt;&lt;strong&gt;PRO serijos temperat\u016bros jutiklis&amp;nbsp;MA 10320, kur\u012f \u012fsigijus galima atlikti temperat\u016bros ir dr\u0117gm\u0117s monitoring\u0105;&lt;\/strong&gt;&lt;\/li&gt;<br \/>\n&lt;li style=&quot;text-align: justify;&quot;&gt;Nemokama program\u0117l\u0117, skirta i&amp;scaron;maniajam telefonui (Apple nuo iOS 7.0 \/ Android nuo 3.2).&lt;\/li&gt;<br \/>\n&lt;\/ul&gt;<br \/>\n&lt;p style=&quot;text-align: justify;&quot;&gt;Nor\u0117dami \u012frengti rinkin\u012f, tiesiog prijunkite tinklo modulio&amp;nbsp;kabel\u012f prie J\u016bs\u0173 nam\u0173 ar biuro mar&amp;scaron;rutizatoriaus. Ir pasirinkite sau patogesn\u012f naudojimosi b\u016bd\u0105:&lt;\/p&gt;<br \/>\n&lt;p style=&quot;text-align: justify;&quot;&gt;&lt;strong&gt;1. Monitoringas &quot;MOBILE ALERTS&quot;&lt;\/strong&gt;&lt;\/p&gt;<br \/>\n&lt;p style=&quot;text-align: justify;&quot;&gt;Susikuriate paskyr\u0105 interneto svetain\u0117je&amp;nbsp;&lt;strong&gt;&lt;a href=&quot;https:\/\/monitor.mobile-alerts.eu&quot; target=&quot;_blank&quot; rel=&quot;noopener&quot;&gt;&lt;span&gt;monitor.mobile-alerts.eu&lt;\/span&gt;&lt;\/a&gt;&lt;\/strong&gt; \u010cia rasite savo temperat\u016bros ir dr\u0117gm\u0117s&amp;nbsp;matavim\u0173 istorij\u0105, diagramas. Taip pat gal\u0117site eksportuoti duomenis bei gauti \u012fsp\u0117jimus elektroniniu pa&amp;scaron;tu. Svetain\u0117 veikia atidarytos paskyros principu &amp;ndash; susikuriate nauj\u0105 vartotojo paskyr\u0105&amp;nbsp;ir pradedate ja naudotis.&amp;nbsp;&lt;strong&gt;Monitoringas galimas tik su PRO&amp;nbsp;serijos MA 10120&lt;\/strong&gt;&amp;nbsp;&lt;strong&gt;and&lt;\/strong&gt;&amp;nbsp;&lt;strong&gt;MA 10320 jutikliais. &lt;\/strong&gt;Sistemos funkcionalum\u0105 galite \u012fvertinti susik\u016br\u0119 testin\u0119 paskyr\u0105, \u010dia pat &lt;span&gt;rasite demonstracinius stotel\u0117s\/jutiklio MA 10320 parodymus ir gal\u0117site visk\u0105 i&amp;scaron;bandyti.&amp;nbsp;&lt;\/span&gt;\u012esigijus &amp;scaron;\u012f rinkin\u012f galima &lt;strong&gt;pl\u0117sti monitoringo sistem\u0105&lt;\/strong&gt; naujais PRO serijos temperat\u016bros \/ dr\u0117gm\u0117s jutikliais.&amp;nbsp;&lt;\/p&gt;<br \/>\n&lt;p style=&quot;text-align: justify;&quot;&gt;&lt;strong&gt;2. I&amp;scaron;manioji program\u0117l\u0117 &amp;bdquo;MOBILE-ALERTS&amp;ldquo;&lt;\/strong&gt;&lt;\/p&gt;<br \/>\n&lt;p style=&quot;text-align: justify;&quot;&gt;Atsisi\u0173skite i&amp;scaron;mani\u0105j\u0105 program\u0117l\u0119 &amp;bdquo;MOBILE-ALERTS&amp;ldquo; i&amp;scaron;&amp;nbsp;&lt;strong&gt;&lt;a href=&quot;https:\/\/itunes.apple.com\/us\/app\/mobile-alerts\/id873113145?mt=8&quot; target=&quot;_blank&quot; rel=&quot;noopener&quot;&gt;&lt;span&gt;iOS App Store&lt;\/span&gt;&lt;\/a&gt;&lt;\/strong&gt;&amp;nbsp;whether &lt;strong&gt;&lt;a href=&quot;https:\/\/play.google.com\/store\/apps\/details?id=eu.mobile_alerts.mobilealerts&amp;amp;hl=en_US&quot; target=&quot;_blank&quot; rel=&quot;noopener&quot;&gt;&lt;span&gt;Android Google Play&lt;\/span&gt;&lt;\/a&gt;&lt;\/strong&gt; arba&amp;nbsp;nuskanuokite QR kod\u0105, esant\u012f ant prek\u0117s pakuot\u0117s. Tai atlikus, netrukus per&amp;nbsp;i&amp;scaron;mani\u0105j\u0105 program\u0117l\u0119 \u012f savo telefon\u0105 gausite duomenis apie temperat\u016br\u0105 ir dr\u0117gm\u0117s lyg\u012f. Informacijos istorija rodoma 180 dien\u0173. Galimyb\u0117 eksportuoti duomenis bei grafin\u0117s informacijos pateikimas programoje. \u012esp\u0117jimai&amp;nbsp;apie temperat\u016bros ir dr\u0117gm\u0117s poky\u010dius&amp;nbsp;atsiun\u010diami \u012f J\u016bs\u0173 i&amp;scaron;man\u0173j\u012f telefon\u0105.&lt;\/p&gt;<br \/>\n&lt;p style=&quot;text-align: justify;&quot;&gt;Tinklo modulis MA 1000, tiesiogiai sujungtas su J\u016bs\u0173 nam\u0173 ar biuro mar&amp;scaron;rutizatoriumi, leid\u017eia i&amp;scaron;maniajame telefone steb\u0117ti aktuali\u0105 informacij\u0105, siun\u010diam\u0105 i&amp;scaron; oro kokyb\u0117s stotel\u0117s ir temperat\u016bros jutiklio. Jis sujungia J\u016bs\u0173 jutiklius ir debes\u012f internete ir patikimai perduoda matavimo duomenis i&amp;scaron; jutikli\u0173 \u012f j\u012f. Tokiu b\u016bdu, J\u016bs galite steb\u0117ti matavim\u0173 duomenis, siun\u010diamus i&amp;scaron; jutikli\u0173 savo i&amp;scaron;maniajame telefone. Be to, siun\u010diami duomenys gali b\u016bti talpinami tinklo modulyje, jei nutr\u016bksta interneto ry&amp;scaron;ys. Veikiantis interneto ry&amp;scaron;ys yra b\u016btinas, kad tinklo modulis tinkamai veikt\u0173.&lt;\/p&gt;<br \/>\n&lt;p style=&quot;text-align: justify;&quot;&gt;&lt;strong&gt;Turint tinklo modul\u012f Technoline MA 10000, i&amp;scaron;maniojoje aplikacijoje MOBILE-ALERTS&amp;nbsp;galima \u012fterpti papildom\u0173 MA serijos prietais\u0173.&lt;\/strong&gt;&lt;\/p&gt;<br \/>\n&lt;p style=&quot;text-align: justify;&quot;&gt;&lt;strong&gt;Technical information:&lt;\/strong&gt;&lt;\/p&gt;<br \/>\n&lt;ul&gt;<br \/>\n&lt;li style=&quot;text-align: justify;&quot;&gt;I&amp;scaron;matavimai: 38 x 21 x 128 mm;&lt;\/li&gt;<br \/>\n&lt;li style=&quot;text-align: justify;&quot;&gt;Baterijos: 2x AAA Micro LR03 (Alkaline);&lt;\/li&gt;<br \/>\n&lt;li style=&quot;text-align: justify;&quot;&gt;Vidinio jutiklio temperat\u016bros matavimo diapazonas: -39,9 iki +69,9 &amp;deg;C;&lt;\/li&gt;<br \/>\n&lt;li style=&quot;text-align: justify;&quot;&gt;I&amp;scaron;orinio jutiklio temperat\u016bros matavimo diapazonas: -50 iki +110&amp;nbsp;&amp;deg;C;&lt;\/li&gt;<br \/>\n&lt;li style=&quot;text-align: justify;&quot;&gt;Dr\u0117gm\u0117s lygis: 20 &#8211; 99%;&lt;\/li&gt;<br \/>\n&lt;li style=&quot;text-align: justify;&quot;&gt;Tikslumas: &amp;plusmn; 0.5 &amp;deg;C.&lt;\/li&gt;<br \/>\n&lt;\/ul&gt;<\/p>","protected":false},"excerpt":{"rendered":"<p>&lt;p style=&quot;text-align: justify;&quot;&gt;Tinklo modulio ir temperat\u016bros \/ dr\u0117gm\u0117s jutiklio&amp;nbsp;rinkinys &amp;bdquo;Technoline&amp;ldquo; yra&amp;nbsp;skirtas temperat\u016bros ir dr\u0117gm\u0117s lygio steb\u0117jimui namuose, biuruose ir kitose<\/p>","protected":false},"featured_media":25274,"comment_status":"closed","ping_status":"open","template":"","meta":[],"product_brand":[],"product_cat":[23],"product_tag":[535],"class_list":{"0":"post-25272","1":"product","2":"type-product","3":"status-publish","4":"has-post-thumbnail","6":"product_cat-be-kategorijos","7":"product_tag-naujiena","9":"first","10":"onbackorder","11":"taxable","12":"shipping-taxable","13":"product-type-variable"},"_links":{"self":[{"href":"https:\/\/orotech.lt\/en\/wp-json\/wp\/v2\/product\/25272","targetHints":{"allow":["GET"]}}],"collection":[{"href":"https:\/\/orotech.lt\/en\/wp-json\/wp\/v2\/product"}],"about":[{"href":"https:\/\/orotech.lt\/en\/wp-json\/wp\/v2\/types\/product"}],"replies":[{"embeddable":true,"href":"https:\/\/orotech.lt\/en\/wp-json\/wp\/v2\/comments?post=25272"}],"version-history":[{"count":1,"href":"https:\/\/orotech.lt\/en\/wp-json\/wp\/v2\/product\/25272\/revisions"}],"predecessor-version":[{"id":25273,"href":"https:\/\/orotech.lt\/en\/wp-json\/wp\/v2\/product\/25272\/revisions\/25273"}],"wp:featuredmedia":[{"embeddable":true,"href":"https:\/\/orotech.lt\/en\/wp-json\/wp\/v2\/media\/25274"}],"wp:attachment":[{"href":"https:\/\/orotech.lt\/en\/wp-json\/wp\/v2\/media?parent=25272"}],"wp:term":[{"taxonomy":"product_brand","embeddable":true,"href":"https:\/\/orotech.lt\/en\/wp-json\/wp\/v2\/product_brand?post=25272"},{"taxonomy":"product_cat","embeddable":true,"href":"https:\/\/orotech.lt\/en\/wp-json\/wp\/v2\/product_cat?post=25272"},{"taxonomy":"product_tag","embeddable":true,"href":"https:\/\/orotech.lt\/en\/wp-json\/wp\/v2\/product_tag?post=25272"}],"curies":[{"name":"wp","href":"https:\/\/api.w.org\/{rel}","templated":true}]}}