{"id":25275,"date":"2025-09-09T06:40:03","date_gmt":"2025-09-09T06:40:03","guid":{"rendered":"https:\/\/orotech.lt\/temperaturos-ir-dregmes-jutiklis-technoline-ma-10320-pro\/"},"modified":"2025-09-10T06:05:44","modified_gmt":"2025-09-10T06:05:44","slug":"temperaturos-ir-dregmes-jutiklis-technoline-ma-10320-pro","status":"publish","type":"product","link":"https:\/\/orotech.lt\/en\/temperaturos-ir-dregmes-jutiklis-technoline-ma-10320-pro\/","title":{"rendered":"Temperat\u016bros ir dr\u0117gm\u0117s jutiklis Technoline MA 10320 PRO"},"content":{"rendered":"<p>&lt;p style=&quot;text-align: justify;&quot;&gt;PRO serijos temperat\u016bros ir dr\u0117gm\u0117s jutiklis Technoline MA 10320 yra&amp;nbsp;skirtas steb\u0117ti vidaus ir lauko temperat\u016br\u0105 bei dr\u0117gm\u0119. \u012esigijus &amp;scaron;\u012f jutikl\u012f ir turint tinklo modul\u012f&amp;nbsp;MA10000&amp;nbsp;galima atlikti temperat\u016bros ir dr\u0117gm\u0117s monitoring\u0105.&amp;nbsp;Jutikl\u012f reikia apsaugoti nuo tiesioginio lietaus ir saul\u0117s.&lt;\/p&gt;<br \/>\n&lt;p style=&quot;text-align: justify;&quot;&gt;&lt;strong&gt;Attention!&lt;\/strong&gt; Norint jutiklio informacij\u0105 steb\u0117ti i&amp;scaron;maniajame telefone, komplektacijoje reikalingas &lt;a href=&quot;https:\/\/www.rubisolis.lt\/tinklo-modulio-temperaturos-dregmes-jutiklio-rinkinys-technoline-ma-10032&quot;&gt;&lt;strong&gt;Technoline tinklo modulis&lt;\/strong&gt;&lt;\/a&gt;.&amp;nbsp;&lt;\/p&gt;<br \/>\n&lt;p&gt;&lt;strong&gt;Technical information:&lt;\/strong&gt;&lt;\/p&gt;<br \/>\n&lt;ul&gt;<br \/>\n&lt;li&gt;Integruoti du jutikliai: vidinis ir i&amp;scaron;orinis;&lt;\/li&gt;<br \/>\n&lt;li&gt;Maitinimas:&amp;nbsp;2 x Micro (LR03, AAA) Alkaline baterijos;&lt;\/li&gt;<br \/>\n&lt;li&gt;Baterij\u0173 veikimo trukm\u0117:&amp;nbsp;apytiksl. 2 metai;&lt;\/li&gt;<br \/>\n&lt;li&gt;Temperat\u016bra vidiniu jutikliu matuojama nuo -39.9&amp;deg;C iki + 59.9&amp;deg;C;&lt;\/li&gt;<br \/>\n&lt;li&gt;Temperat\u016bra&amp;nbsp;i&amp;scaron;oriniu&amp;nbsp;jutikliu matuojama nuo -50 &amp;deg;C iki +110 &amp;deg;C;&lt;\/li&gt;<br \/>\n&lt;li&gt;Temperat\u016bros tikslumas:&amp;nbsp;+\/- 0.5&amp;nbsp;&amp;deg;C;&lt;\/li&gt;<br \/>\n&lt;li&gt;Temperat\u016bra matuojama kas 3.5&amp;nbsp;min.;&lt;\/li&gt;<br \/>\n&lt;li&gt;Maksimalus&amp;nbsp;atstumas: 100 m (atviroje erdv\u0117je);&lt;\/li&gt;<br \/>\n&lt;li&gt;Galimyb\u0117 susieti \u012frengin\u012f virtualioje monitoringo platformoje arba i&amp;scaron;maniojo telefono program\u0117l\u0117je.&lt;\/li&gt;<br \/>\n&lt;\/ul&gt;<br \/>\n&lt;p&gt;&lt;strong&gt;Monitoringas &quot;MOBILE ALERTS&quot;&lt;\/strong&gt;&lt;\/p&gt;<br \/>\n&lt;p style=&quot;text-align: justify;&quot;&gt;Susikuriate paskyr\u0105 interneto svetain\u0117je&amp;nbsp;&lt;strong&gt;&lt;a href=&quot;https:\/\/monitor.mobile-alerts.eu\/&quot; target=&quot;_blank&quot; rel=&quot;noopener&quot;&gt;monitor.mobile-alerts.eu&lt;\/a&gt;&lt;\/strong&gt;&amp;nbsp;\u010cia rasite savo temperat\u016bros ir dr\u0117gm\u0117s&amp;nbsp;matavim\u0173 istorij\u0105, diagramas. Taip pat gal\u0117site eksportuoti duomenis bei gauti \u012fsp\u0117jimus elektroniniu pa&amp;scaron;tu. Svetain\u0117 veikia atidarytos paskyros principu &amp;ndash; susikuriate nauj\u0105 vartotojo paskyr\u0105&amp;nbsp;ir pradedate ja naudotis.&amp;nbsp;&lt;strong&gt;Monitoringui reikalingas tinklo modulis MA 1000, o monitoringas&amp;nbsp;galimas tik su PRO&amp;nbsp;serijos MA 10120&lt;\/strong&gt;&amp;nbsp;&lt;strong&gt;and&lt;\/strong&gt;&amp;nbsp;&lt;strong&gt;MA 10320 jutikliais.&amp;nbsp;&lt;\/strong&gt;Sistemos funkcionalum\u0105 galite \u012fvertinti susik\u016br\u0119 testin\u0119 paskyr\u0105, \u010dia pat&amp;nbsp;rasite demonstracinius stotel\u0117s\/jutiklio MA 10320 parodymus ir gal\u0117site visk\u0105 i&amp;scaron;bandyti.&lt;br \/&gt;&lt;br \/&gt;&lt;strong&gt;I&amp;scaron;manioji program\u0117l\u0117 &amp;bdquo;MOBILE-ALERTS&amp;ldquo;&lt;\/strong&gt;&lt;\/p&gt;<br \/>\n&lt;p style=&quot;text-align: justify;&quot;&gt;Atsisi\u0173skite i&amp;scaron;mani\u0105j\u0105 program\u0117l\u0119 &amp;bdquo;MOBILE-ALERTS&amp;ldquo; i&amp;scaron;&amp;nbsp;&lt;strong&gt;&lt;a href=&quot;https:\/\/itunes.apple.com\/us\/app\/mobile-alerts\/id873113145?mt=8&quot; target=&quot;_blank&quot; rel=&quot;noopener&quot;&gt;iOS App Store&lt;\/a&gt;&lt;\/strong&gt;&amp;nbsp;whether&amp;nbsp;&lt;strong&gt;&lt;a href=&quot;https:\/\/play.google.com\/store\/apps\/details?id=eu.mobile_alerts.mobilealerts&amp;amp;hl=en_US&quot; target=&quot;_blank&quot; rel=&quot;noopener&quot;&gt;Android Google Play&lt;\/a&gt;&lt;\/strong&gt;&amp;nbsp;arba&amp;nbsp;nuskanuokite QR kod\u0105, esant\u012f ant prek\u0117s pakuot\u0117s. Tai atlikus, netrukus per&amp;nbsp;i&amp;scaron;mani\u0105j\u0105 program\u0117l\u0119 \u012f savo telefon\u0105 gausite duomenis apie temperat\u016br\u0105 ir dr\u0117gm\u0117s lyg\u012f. Informacijos istorija rodoma 180 dien\u0173. Galimyb\u0117 eksportuoti duomenis bei grafin\u0117s informacijos pateikimas programoje. \u012esp\u0117jimai&amp;nbsp;apie temperat\u016bros ir dr\u0117gm\u0117s poky\u010dius&amp;nbsp;atsiun\u010diami \u012f J\u016bs\u0173 i&amp;scaron;man\u0173j\u012f telefon\u0105. Tam reikalinga \u012fsigyti tinklo modul\u012f MA 10000.&lt;\/p&gt;<br \/>\n&lt;p style=&quot;text-align: justify;&quot;&gt;Tinklo modulis MA 1000, tiesiogiai sujungtas su J\u016bs\u0173 nam\u0173 ar biuro mar&amp;scaron;rutizatoriumi, leid\u017eia i&amp;scaron;maniajame telefone steb\u0117ti aktuali\u0105 informacij\u0105, siun\u010diam\u0105 i&amp;scaron; oro kokyb\u0117s stotel\u0117s ir temperat\u016bros jutiklio. Jis sujungia J\u016bs\u0173 jutiklius ir debes\u012f internete ir patikimai perduoda matavimo duomenis i&amp;scaron; jutikli\u0173 \u012f j\u012f. Tokiu b\u016bdu, J\u016bs galite steb\u0117ti matavim\u0173 duomenis, siun\u010diamus i&amp;scaron; jutikli\u0173 savo i&amp;scaron;maniajame telefone. Be to, siun\u010diami duomenys gali b\u016bti talpinami tinklo modulyje, jei nutr\u016bksta interneto ry&amp;scaron;ys. Veikiantis interneto ry&amp;scaron;ys yra b\u016btinas, kad tinklo modulis tinkamai veikt\u0173.&lt;\/p&gt;<br \/>\n&lt;p style=&quot;text-align: justify;&quot;&gt;&lt;strong&gt;Turint tinklo modul\u012f Technoline MA 10000&lt;\/strong&gt;, i&amp;scaron;maniojoje aplikacijoje MOBILE-ALERTS&amp;nbsp;galima \u012fterpti &amp;scaron;\u012f bei papildom\u0173 MA serijos prietais\u0173.&lt;\/p&gt;<\/p>","protected":false},"excerpt":{"rendered":"<p>&lt;p style=&quot;text-align: justify;&quot;&gt;PRO serijos temperat\u016bros ir dr\u0117gm\u0117s jutiklis Technoline MA 10320 yra&amp;nbsp;skirtas steb\u0117ti vidaus ir lauko temperat\u016br\u0105 bei dr\u0117gm\u0119. \u012esigijus<\/p>","protected":false},"featured_media":25277,"comment_status":"closed","ping_status":"open","template":"","meta":[],"product_brand":[],"product_cat":[23],"product_tag":[535],"class_list":{"0":"post-25275","1":"product","2":"type-product","3":"status-publish","4":"has-post-thumbnail","6":"product_cat-be-kategorijos","7":"product_tag-naujiena","9":"first","10":"onbackorder","11":"taxable","12":"shipping-taxable","13":"product-type-variable"},"_links":{"self":[{"href":"https:\/\/orotech.lt\/en\/wp-json\/wp\/v2\/product\/25275","targetHints":{"allow":["GET"]}}],"collection":[{"href":"https:\/\/orotech.lt\/en\/wp-json\/wp\/v2\/product"}],"about":[{"href":"https:\/\/orotech.lt\/en\/wp-json\/wp\/v2\/types\/product"}],"replies":[{"embeddable":true,"href":"https:\/\/orotech.lt\/en\/wp-json\/wp\/v2\/comments?post=25275"}],"version-history":[{"count":1,"href":"https:\/\/orotech.lt\/en\/wp-json\/wp\/v2\/product\/25275\/revisions"}],"predecessor-version":[{"id":25276,"href":"https:\/\/orotech.lt\/en\/wp-json\/wp\/v2\/product\/25275\/revisions\/25276"}],"wp:featuredmedia":[{"embeddable":true,"href":"https:\/\/orotech.lt\/en\/wp-json\/wp\/v2\/media\/25277"}],"wp:attachment":[{"href":"https:\/\/orotech.lt\/en\/wp-json\/wp\/v2\/media?parent=25275"}],"wp:term":[{"taxonomy":"product_brand","embeddable":true,"href":"https:\/\/orotech.lt\/en\/wp-json\/wp\/v2\/product_brand?post=25275"},{"taxonomy":"product_cat","embeddable":true,"href":"https:\/\/orotech.lt\/en\/wp-json\/wp\/v2\/product_cat?post=25275"},{"taxonomy":"product_tag","embeddable":true,"href":"https:\/\/orotech.lt\/en\/wp-json\/wp\/v2\/product_tag?post=25275"}],"curies":[{"name":"wp","href":"https:\/\/api.w.org\/{rel}","templated":true}]}}