{"id":25285,"date":"2025-09-09T06:40:03","date_gmt":"2025-09-09T06:40:03","guid":{"rendered":"https:\/\/orotech.lt\/ismanusis-buvio-daviklis-feelspot-fs-hp01w-wifi-tuya\/"},"modified":"2025-09-10T06:05:46","modified_gmt":"2025-09-10T06:05:46","slug":"ismanusis-buvio-daviklis-feelspot-fs-hp01w-wifi-tuya","status":"publish","type":"product","link":"https:\/\/orotech.lt\/en\/ismanusis-buvio-daviklis-feelspot-fs-hp01w-wifi-tuya\/","title":{"rendered":"I\u0161manusis b\u016bvio daviklis Feelspot FS-HP01W WiFi, Tuya"},"content":{"rendered":"<p style=\"text-align: justify;\"><strong>I\u0161manusis&nbsp;b\u016bvio<\/strong>&nbsp;<strong>daviklis Feelspot FS-HP01W sujungia naujausi\u0105 technologij\u0105 su patogumu ir patikimumu&nbsp;<\/strong><\/p>\n<p style=\"text-align: justify;\">B\u016bkite informuoti apie realiu laiku aptikt\u0105 judes\u012f ir gaukite prane\u0161imus apie stebimos zonos pad\u0117t\u012f savo mobiliajame telefone kartu su i\u0161maniuoju b\u016bvio&nbsp;davikliu&nbsp;Feelspot FS-HP01W. D\u0117ka integruotos WiFi funkcijos, b\u016bvio&nbsp;davikl\u012f Feelspot galima steb\u0117ti mobilioje program\u0117l\u0117je &bdquo;Tuya&quot;, kurios \u012fdiegimas greitas ir paprastas &ndash; tereikia mobiliojo telefono ir belaid\u017eio WiFi tinklo. <strong>B\u016bvio&nbsp;daviklis<\/strong> Feelspot FS-HP01W&nbsp;puikiai pasitarnaus siekiant u\u017etikrinti saugum\u0105 namuose, ofise, parduotuv\u0117je ir t.t.&nbsp;<\/p>\n<p style=\"text-align: justify;\"><strong>Saugum\u0105 u\u017etikrinantis i\u0161manus sprendimas<\/strong><\/p>\n<p style=\"text-align: justify;\">Skirtingai nei \u012fprasti PIR tipo jutikliai, <strong>i\u0161manusis&nbsp;b\u016bvio&nbsp;daviklis Feelspot FS-HP01W<\/strong>&nbsp;judesius ir \u017emogaus buvim\u0105 patalpoje fiksuoja&nbsp;naudodamas auk\u0161to da\u017enio radijo bangas, kurios pasi\u017eymi fiksuodamos didesniu atstumu. Judes\u012f ar ramiai s\u0117din\u010dius \u017emon\u0117s aptikti gali net per sienas, tod\u0117l daviklis Feelspot FS-HP01W idealiai tiks ie\u0161kantiems maksimalaus saugumo.&nbsp;&nbsp;<\/p>\n<p style=\"text-align: justify;\">Naujos kartos b\u016bvio&nbsp;daviklyje galima nustatyti veikimo jautrum\u0105 (nuo 1 iki 9) pagal savo poreikius kartu su aptikimo diapazonu iki 9.5 metr\u0173. D\u0117ka minimalistinio dizaino, i\u0161man\u0173j\u012f davikl\u012f Feelspot FS-HP01W lengvai priderinsite bet kuriame nam\u0173 interjere, o jo montavimas paprastas ir greitas &ndash; jis gali b\u016bti tvirtinamas ant sien\u0173, lub\u0173 ar kit\u0173 pavir\u0161i\u0173.&nbsp;<\/p>\n<p style=\"text-align: justify;\"><span style=\"color:#000;\"><strong>Advantages:<\/strong><\/span><\/p>\n<ul>\n<li>\n\t\t<span style=\"color:#000;\">Tiksliai aptinka \u017emoni\u0173 ir gyv\u016bn\u0173 jud\u0117jim\u0105;<br \/>\n\t\t<\/span><\/li>\n<li>\n\t\t<span style=\"color:#000;\">Siun\u010diami \u012fsp\u0117jimai apie jud\u0117jim\u0105 pasirinktame kambaryje;<br \/>\n\t\t<\/span><\/li>\n<li>\n\t\tScen\u0173 nustatymas mobilioje program\u0117l\u0117je;<\/li>\n<li>\n\t\tSkirtingos judesio aptikimo funkcijos.<\/li>\n<\/ul>\n<p><strong>Technical characteristics:<\/strong><\/p>\n<ul>\n<li>\n\t\tMaitinimas: USB 5V;&nbsp;<\/li>\n<li>\n\t\tWiFi: 2.4 GHz;<\/li>\n<li>\n\t\tDarbin\u0117 temperat\u016bra (&deg;C): -20\u2103~+70\u2103;<\/li>\n<li>\n\t\tMatmenys (mm): 58 x 58 x 11 mm;&nbsp;<\/li>\n<li>\n\t\tJudesio jutimo atstumas: 0.3-9 m;<\/li>\n<li>\n\t\tAptikto judesio patvirtinimo laikas: 0&ndash;10 s;<\/li>\n<li>\n\t\tVeikimo kampas: horizontalus 100&deg;, vertikalus 30&deg;.<\/li>\n<\/ul>\n<p style=\"text-align: justify;\"><a class=\"catalogue\" href=\"\/en\/images\/Userfiles\/www.rubisolis.lt_FEELSPOT_FS-HPS01W_ir_FS-HPS02W_judesio_davikliai.pdf\/\" target=\"blank\">Download product manual <\/a><\/p>","protected":false},"excerpt":{"rendered":"<p>I\u0161manusis&nbsp;b\u016bvio&nbsp;daviklis Feelspot FS-HP01W sujungia naujausi\u0105 technologij\u0105 su patogumu ir patikimumu&nbsp; B\u016bkite informuoti apie realiu laiku aptikt\u0105 judes\u012f ir gaukite prane\u0161imus<\/p>","protected":false},"featured_media":25287,"comment_status":"closed","ping_status":"open","template":"","meta":[],"product_brand":[],"product_cat":[23],"product_tag":[535],"class_list":{"0":"post-25285","1":"product","2":"type-product","3":"status-publish","4":"has-post-thumbnail","6":"product_cat-be-kategorijos","7":"product_tag-naujiena","9":"first","10":"onbackorder","11":"taxable","12":"shipping-taxable","13":"product-type-variable"},"_links":{"self":[{"href":"https:\/\/orotech.lt\/en\/wp-json\/wp\/v2\/product\/25285","targetHints":{"allow":["GET"]}}],"collection":[{"href":"https:\/\/orotech.lt\/en\/wp-json\/wp\/v2\/product"}],"about":[{"href":"https:\/\/orotech.lt\/en\/wp-json\/wp\/v2\/types\/product"}],"replies":[{"embeddable":true,"href":"https:\/\/orotech.lt\/en\/wp-json\/wp\/v2\/comments?post=25285"}],"version-history":[{"count":1,"href":"https:\/\/orotech.lt\/en\/wp-json\/wp\/v2\/product\/25285\/revisions"}],"predecessor-version":[{"id":25286,"href":"https:\/\/orotech.lt\/en\/wp-json\/wp\/v2\/product\/25285\/revisions\/25286"}],"wp:featuredmedia":[{"embeddable":true,"href":"https:\/\/orotech.lt\/en\/wp-json\/wp\/v2\/media\/25287"}],"wp:attachment":[{"href":"https:\/\/orotech.lt\/en\/wp-json\/wp\/v2\/media?parent=25285"}],"wp:term":[{"taxonomy":"product_brand","embeddable":true,"href":"https:\/\/orotech.lt\/en\/wp-json\/wp\/v2\/product_brand?post=25285"},{"taxonomy":"product_cat","embeddable":true,"href":"https:\/\/orotech.lt\/en\/wp-json\/wp\/v2\/product_cat?post=25285"},{"taxonomy":"product_tag","embeddable":true,"href":"https:\/\/orotech.lt\/en\/wp-json\/wp\/v2\/product_tag?post=25285"}],"curies":[{"name":"wp","href":"https:\/\/api.w.org\/{rel}","templated":true}]}}