{"id":25302,"date":"2025-09-09T06:40:49","date_gmt":"2025-09-09T06:40:49","guid":{"rendered":"https:\/\/orotech.lt\/ikraunamas-led-galvos-prozektorius-velamp-ih523\/"},"modified":"2025-09-10T06:05:48","modified_gmt":"2025-09-10T06:05:48","slug":"ikraunamas-led-galvos-prozektorius-velamp-ih523","status":"publish","type":"product","link":"https:\/\/orotech.lt\/en\/ikraunamas-led-galvos-prozektorius-velamp-ih523\/","title":{"rendered":"\u012ekraunamas LED galvos pro\u017eektorius Velamp IH523"},"content":{"rendered":"<p style=\"text-align: justify;\">IH523 galvos pro\u017eektorius Velamp yra \u012fkraunamas, patogus bei paprastas naudoti. &ldquo;Laisv\u0173 rank\u0173&rdquo; funkcija leis pro\u017eektori\u0173 \u012fjungti\/i\u0161jungti vienu rankos mostu. \u0160i funkcija bei atsparumas vandeniui leid\u017eia laisvai m\u0117gautis savo darbu ar veikla. D\u0117ka esan\u010dio kabliuko pro\u017eektori\u0173 galima pakabinti ar prisegti (pvz. prie kepur\u0117s su snapeliu), taip pat j\u012f galima pastatyti ant lygaus pavir\u0161iaus ir naudoti kaip stalin\u0119 lemp\u0105.<\/p>\n<p style=\"text-align: justify;\"><strong>Privalumai ir savyb\u0117s:<\/strong><\/p>\n<ul>\n<li>\n\t\tGalingas, bet lengvas ir patogus: \u012fmontuota naujausios kartos 2W COB lempa (6000k 150lm);d\u0117l lempos dizaino \u0161viesa tolygiai i\u0161skaidoma bei neakina; svoris tik 130g; elastin\u0117 juosta lengvai reguliuojasi; lemp\u0105 galima sukioti 3600; galima naudoti kaip stalin\u0119 lemp\u0105; apsaugotas nuo vandens pursl\u0173 (IPX4 apsaugos klas\u0117) tod\u0117l pro\u017eektoriumi galima naudotis lyjant;<\/li>\n<li>\n\t\tIdealiai tinka lauko veikloms tokioms kaip b\u0117gimas, stovyklavimas, va\u017eiavimas dvira\u010diu, \u017evejyba, automobilio remontavimas ir t.t.;<\/li>\n<li>\n\t\tPro\u017eektorius \u012fkraunamas USB laidu (50cm, prid\u0117ta);<\/li>\n<li>\n\t\tIntegruota 500mAh li\u010dio baterija; krovimo metu jungiklis \u0161vies raudonai, pilnai \u012fkrovus baterij\u0105 \u0161vies m\u0117lynai;<\/li>\n<li>\n\t\tVeikimo laikas: iki 6valand\u0173 (naudojant 50% galingum\u0105), iki 3valand\u0173 (naudojant 100% galingum\u0105).<\/li>\n<\/ul>\n<p style=\"text-align: justify;\">Jungiklio valdymas &ndash; trumpi paspaudimai: 100% \u0161viesos\/ 50% \u0161viesos\/ nuolatin\u0117 raudona \u0161vesa\/ mirksinti raudona \u0161viesa &ndash; ilgi paspaudimai: jungiklio spalva pasikei\u010dia \u012f raudon\u0105 ir aktyvuojasi &ldquo;laisv\u0173 rank\u0173 funkcija&rdquo;; tiesiog pajudinkite rank\u0105 prie\u0161ais pro\u017eektori\u0173 ir lempa \u012fsijungs\/i\u0161sijungs.<\/p>\n<p style=\"text-align: justify;\"><strong>Technical characteristics:<\/strong><\/p>\n<ul>\n<li>\n\t\tMaitinimo \u0161altinis &ndash; li\u010dio polimer\u0173 baterija;<\/li>\n<li>\n\t\tBaterijos talpa (mAh) &ndash; 5000;<\/li>\n<li>\n\t\tGalia (W) &ndash; 2;<\/li>\n<li>\n\t\tLiumenai &ndash; 150;<\/li>\n<li>\n\t\t\u0160viesos spalva (K) &ndash; 6000;<\/li>\n<li>\n\t\tI\u0161matavimai (mm) &ndash; 270 x 30 x 41;<\/li>\n<li>\n\t\tSvoris (g) &ndash; 130;<\/li>\n<li>\n\t\tVandens atsparumo klas\u0117 &ndash; IPX4.<\/li>\n<\/ul>\n<p style=\"text-align: justify;\">Suteikiama 2 met\u0173 garantija<\/p>","protected":false},"excerpt":{"rendered":"<p>IH523 galvos pro\u017eektorius Velamp yra \u012fkraunamas, patogus bei paprastas naudoti. &ldquo;Laisv\u0173 rank\u0173&rdquo; funkcija leis pro\u017eektori\u0173 \u012fjungti\/i\u0161jungti vienu rankos mostu. \u0160i<\/p>","protected":false},"featured_media":25304,"comment_status":"closed","ping_status":"open","template":"","meta":[],"product_brand":[],"product_cat":[23],"product_tag":[535],"class_list":{"0":"post-25302","1":"product","2":"type-product","3":"status-publish","4":"has-post-thumbnail","6":"product_cat-be-kategorijos","7":"product_tag-naujiena","9":"first","10":"onbackorder","11":"taxable","12":"shipping-taxable","13":"product-type-variable"},"_links":{"self":[{"href":"https:\/\/orotech.lt\/en\/wp-json\/wp\/v2\/product\/25302","targetHints":{"allow":["GET"]}}],"collection":[{"href":"https:\/\/orotech.lt\/en\/wp-json\/wp\/v2\/product"}],"about":[{"href":"https:\/\/orotech.lt\/en\/wp-json\/wp\/v2\/types\/product"}],"replies":[{"embeddable":true,"href":"https:\/\/orotech.lt\/en\/wp-json\/wp\/v2\/comments?post=25302"}],"version-history":[{"count":1,"href":"https:\/\/orotech.lt\/en\/wp-json\/wp\/v2\/product\/25302\/revisions"}],"predecessor-version":[{"id":25303,"href":"https:\/\/orotech.lt\/en\/wp-json\/wp\/v2\/product\/25302\/revisions\/25303"}],"wp:featuredmedia":[{"embeddable":true,"href":"https:\/\/orotech.lt\/en\/wp-json\/wp\/v2\/media\/25304"}],"wp:attachment":[{"href":"https:\/\/orotech.lt\/en\/wp-json\/wp\/v2\/media?parent=25302"}],"wp:term":[{"taxonomy":"product_brand","embeddable":true,"href":"https:\/\/orotech.lt\/en\/wp-json\/wp\/v2\/product_brand?post=25302"},{"taxonomy":"product_cat","embeddable":true,"href":"https:\/\/orotech.lt\/en\/wp-json\/wp\/v2\/product_cat?post=25302"},{"taxonomy":"product_tag","embeddable":true,"href":"https:\/\/orotech.lt\/en\/wp-json\/wp\/v2\/product_tag?post=25302"}],"curies":[{"name":"wp","href":"https:\/\/api.w.org\/{rel}","templated":true}]}}