{"id":25310,"date":"2025-09-09T06:40:49","date_gmt":"2025-09-09T06:40:49","guid":{"rendered":"https:\/\/orotech.lt\/belaidis-dulkiu-siurblys-sluota-trotec-vc-150-e\/"},"modified":"2025-09-10T06:05:49","modified_gmt":"2025-09-10T06:05:49","slug":"belaidis-dulkiu-siurblys-sluota-trotec-vc-150-e","status":"publish","type":"product","link":"https:\/\/orotech.lt\/en\/belaidis-dulkiu-siurblys-sluota-trotec-vc-150-e\/","title":{"rendered":"Belaidis dulki\u0173 siurblys &#8211; \u0161luota Trotec VC 150 E"},"content":{"rendered":"<p style=\"text-align: justify;\"><em>Belaidis TROTEC dulki\u0173 siurblys -\u0161luota &bdquo;2-in-1&ldquo;: belaidis vertikalus dulki\u0173 siurblys ir kompakti\u0161kas rankinis dulki\u0173 siurblys su galinga ciklono technologija, HEPA filtru ir LED ap\u0161vietimu.<\/em><\/p>\n<p style=\"text-align: justify;\">\u0160is prakti\u0161kas pagalbininkas, dulki\u0173 siurblys, pasiruo\u0161\u0119s kasdien valyti pavir\u0161ius, \u012fvairaus tipo grindis ar intensyviai valyti kilimus. Itin lengvai nuimamas rankinis siurblys puikiai tiks nusiurbti dulkes nuo bald\u0173 ir \u012fvairi\u0173 pavir\u0161i\u0173, palaikyti \u0161var\u0105 automobilyje. Kai dulki\u0173 siurblys nenaudojamas, tiesiog pad\u0117kite j\u012f vertikaliai \u012f viet\u0105 taupant\u012f laikikl\u012f kartu su visais priedais.<\/p>\n<p style=\"text-align: justify;\"><strong>Advantages: <\/strong><\/p>\n<ul>\n<li style=\"text-align: justify;\">\n\t\t<span>Daugiafunkcinis naudojimas: belaidis vertikalus dulki\u0173 siurblys arba belaidis rankinis dulki\u0173 siurblys;<\/span><\/li>\n<li style=\"text-align: justify;\">\n\t\t<span>25,2 V li\u010dio jon\u0173 baterija (2 Ah) &#8211; be atminties efekto, be savaiminio i\u0161sikrovimo;<\/span><\/li>\n<li style=\"text-align: justify;\">\n\t\t<span>Stipri siurbimo galia ant vis\u0173 saus\u0173 pavir\u0161i\u0173 dviem siurbimo lygiais;<\/span><\/li>\n<li style=\"text-align: justify;\">\n\t\t<span>Efektyvi filtr\u0173 sistema su ciklono technologija;<\/span><\/li>\n<li style=\"text-align: justify;\">\n\t\t<span>Didelio na\u0161umo filtras (HEPA) sulaiko iki 99% vis\u0173 smulki\u0173j\u0173 daleli\u0173;<\/span><\/li>\n<li style=\"text-align: justify;\">\n\t\t<span>Didelio t\u016brio saus\u0173 ne\u0161varum\u0173 surinkimo talpa;<\/span><\/li>\n<li style=\"text-align: justify;\">\n\t\t<span>Greitas ir lengvas dulki\u0173 talpos i\u0161tu\u0161tinimas;<\/span><\/li>\n<li style=\"text-align: justify;\">\n\t\t<span>Plaunama dulki\u0173 surinkimo talpa;<\/span><\/li>\n<li style=\"text-align: justify;\">\n\t\t<span>Didelis dulki\u0173 sulaikymo paj\u0117gumas;<\/span><\/li>\n<li style=\"text-align: justify;\">\n\t\t<span>Elektrinis grind\u0173 antgalis su priekine LED lempute tamsioms vietoms ap\u0161viesti;<\/span><\/li>\n<li style=\"text-align: justify;\">\n\t\t<span>Veikimo laikas iki 40 minu\u010di\u0173 nuolat siurbiant maksimaliu re\u017eimu;<\/span><\/li>\n<li style=\"text-align: justify;\">\n\t\t<span>Lankstus ir judrus valdymas;<\/span><\/li>\n<li style=\"text-align: justify;\">\n\t\t<span>Valdymo lemput\u0117, akumuliatoriaus lygio indikacija ir \u012fsiurbimo galios indikacija;<\/span><\/li>\n<li style=\"text-align: justify;\">\n\t\t<span>Kompakti\u0161kas dizainas, skirtas taupyti viet\u0105.<\/span><\/li>\n<\/ul>\n<p style=\"text-align: justify;\"><strong>Technical characteristics:<\/strong><\/p>\n<ul>\n<li style=\"text-align: justify;\">\n\t\t<span>Elektros sunaudojimas: 150 W;<\/span><\/li>\n<li style=\"text-align: justify;\">\n\t\t<span>Akumuliatoriaus \u012ftampa \/ talpa: 25,2 V \/ 2 Ah;<\/span><\/li>\n<li style=\"text-align: justify;\">\n\t\t<span>Akumuliatoriaus \u012fkrovimo laikas: 4-6 h;<\/span><\/li>\n<li style=\"text-align: justify;\">\n\t\t<span>Akumuliatoriaus maitinimas: 100-240V \/ 50-60 Hz;<\/span><\/li>\n<li style=\"text-align: justify;\">\n\t\t<span>Maks. veikimo laikas: 40 min;<\/span><\/li>\n<li style=\"text-align: justify;\">\n\t\t<span>Dulki\u0173 konteinerio talpa kietoms dulk\u0117ms: 650 ml;<\/span><\/li>\n<li style=\"text-align: justify;\">\n\t\t<span>I\u0161matavimai: 230 x 250 x 1110 mm;<\/span><\/li>\n<li style=\"text-align: justify;\">\n\t\t<span>Weight: 1.5 kg.<\/span><\/li>\n<\/ul>\n<p style=\"text-align: justify;\"><strong><span>Warranty 24 months<\/span><\/strong><\/p>\n<p style=\"text-align: justify;\"><a class=\"catalogue\" href=\"https:\/\/www.rubisolis.lt\/\/failai\/files\/produktu%20pdf\/Trotec\/%C4%AErankiai\/TRT-BA-VC150E-155E-TC-002-LT.pdf\" target=\"blank\" rel=\"nofollow noopener\">Download product manual<\/a><\/p>","protected":false},"excerpt":{"rendered":"<p>Belaidis TROTEC dulki\u0173 siurblys -\u0161luota &bdquo;2-in-1&ldquo;: belaidis vertikalus dulki\u0173 siurblys ir kompakti\u0161kas rankinis dulki\u0173 siurblys su galinga ciklono technologija, HEPA<\/p>","protected":false},"featured_media":25312,"comment_status":"closed","ping_status":"open","template":"","meta":[],"product_brand":[],"product_cat":[23],"product_tag":[535],"class_list":{"0":"post-25310","1":"product","2":"type-product","3":"status-publish","4":"has-post-thumbnail","6":"product_cat-be-kategorijos","7":"product_tag-naujiena","9":"first","10":"onbackorder","11":"taxable","12":"shipping-taxable","13":"product-type-variable"},"_links":{"self":[{"href":"https:\/\/orotech.lt\/en\/wp-json\/wp\/v2\/product\/25310","targetHints":{"allow":["GET"]}}],"collection":[{"href":"https:\/\/orotech.lt\/en\/wp-json\/wp\/v2\/product"}],"about":[{"href":"https:\/\/orotech.lt\/en\/wp-json\/wp\/v2\/types\/product"}],"replies":[{"embeddable":true,"href":"https:\/\/orotech.lt\/en\/wp-json\/wp\/v2\/comments?post=25310"}],"version-history":[{"count":1,"href":"https:\/\/orotech.lt\/en\/wp-json\/wp\/v2\/product\/25310\/revisions"}],"predecessor-version":[{"id":25311,"href":"https:\/\/orotech.lt\/en\/wp-json\/wp\/v2\/product\/25310\/revisions\/25311"}],"wp:featuredmedia":[{"embeddable":true,"href":"https:\/\/orotech.lt\/en\/wp-json\/wp\/v2\/media\/25312"}],"wp:attachment":[{"href":"https:\/\/orotech.lt\/en\/wp-json\/wp\/v2\/media?parent=25310"}],"wp:term":[{"taxonomy":"product_brand","embeddable":true,"href":"https:\/\/orotech.lt\/en\/wp-json\/wp\/v2\/product_brand?post=25310"},{"taxonomy":"product_cat","embeddable":true,"href":"https:\/\/orotech.lt\/en\/wp-json\/wp\/v2\/product_cat?post=25310"},{"taxonomy":"product_tag","embeddable":true,"href":"https:\/\/orotech.lt\/en\/wp-json\/wp\/v2\/product_tag?post=25310"}],"curies":[{"name":"wp","href":"https:\/\/api.w.org\/{rel}","templated":true}]}}